{"id":1456,"date":"2025-12-10T15:35:39","date_gmt":"2025-12-10T14:35:39","guid":{"rendered":"https:\/\/shop.hirslanden.ch\/shop\/produkt\/lanyard\/"},"modified":"2026-03-02T14:40:25","modified_gmt":"2026-03-02T13:40:25","slug":"lanyard","status":"publish","type":"product","link":"https:\/\/shop.hirslanden.ch\/shop\/produkt\/lanyard\/?lang=fr","title":{"rendered":"Lanyard"},"content":{"rendered":"<p>Lani\u00e8re bleu fonc\u00e9 100 % polyester d&#8217;une largeur de 20 mm, fermeture de s\u00e9curit\u00e9 au niveau de la nuque, boucle m\u00e9tallique et mousqueton.<\/p>\n<ul>\n<li>Mat\u00e9riau 100 % polyester<\/li>\n<li>Largeur de bande 20 mm<\/li>\n<li>avec fermeture de s\u00e9curit\u00e9 au niveau de la nuque<\/li>\n<li>Fermoir \u00e0 clip et mousqueton en m\u00e9tal<\/li>\n<\/ul>\n","protected":false},"excerpt":{"rendered":"<p>Lani\u00e8re bleu fonc\u00e9 100 % polyester d&#8217;une largeur de 20 mm, fermeture de s\u00e9curit\u00e9 au niveau de la nuque, boucle m\u00e9tallique et mousqueton. Mat\u00e9riau 100 % polyester Largeur de bande 20 mm avec fermeture de s\u00e9curit\u00e9 au niveau de la nuque Fermoir \u00e0 clip et mousqueton en m\u00e9tal<\/p>\n","protected":false},"featured_media":1386,"comment_status":"open","ping_status":"closed","template":"","meta":{"_acf_changed":false},"product_brand":[],"product_cat":[80],"product_tag":[],"class_list":{"0":"post-1456","1":"product","2":"type-product","3":"status-publish","4":"has-post-thumbnail","6":"product_cat-accessoires-fr","8":"first","9":"instock","10":"taxable","11":"shipping-taxable","12":"purchasable","13":"product-type-simple"},"acf":[],"yoast_head":"<!-- This site is optimized with the Yoast SEO plugin v27.2 - https:\/\/yoast.com\/product\/yoast-seo-wordpress\/ -->\n<title>Lanyard - Hirslanden Online-Shop<\/title>\n<meta name=\"description\" content=\"Lani\u00e8re bleu fonc\u00e9 100 % polyester d&#039;une largeur de 20 mm, fermeture de s\u00e9curit\u00e9 au niveau de la nuque, boucle m\u00e9tallique et mousqueton.\" \/>\n<meta name=\"robots\" content=\"index, follow, max-snippet:-1, max-image-preview:large, max-video-preview:-1\" \/>\n<link rel=\"canonical\" href=\"https:\/\/shop.hirslanden.ch\/shop\/produkt\/lanyard\/?lang=fr\" \/>\n<meta property=\"og:locale\" content=\"de_DE\" \/>\n<meta property=\"og:type\" content=\"article\" \/>\n<meta property=\"og:title\" content=\"Lanyard - Hirslanden Online-Shop\" \/>\n<meta property=\"og:description\" content=\"Lani\u00e8re bleu fonc\u00e9 100 % polyester d&#039;une largeur de 20 mm, fermeture de s\u00e9curit\u00e9 au niveau de la nuque, boucle m\u00e9tallique et mousqueton.\" \/>\n<meta property=\"og:url\" content=\"https:\/\/shop.hirslanden.ch\/shop\/produkt\/lanyard\/?lang=fr\" \/>\n<meta property=\"og:site_name\" content=\"Hirslanden Online-Shop\" \/>\n<meta property=\"article:modified_time\" content=\"2026-03-02T13:40:25+00:00\" \/>\n<meta property=\"og:image\" content=\"https:\/\/shop.hirslanden.ch\/shop\/wp-content\/uploads\/sites\/8\/2025\/12\/Lanyard.jpg\" \/>\n\t<meta property=\"og:image:width\" content=\"1500\" \/>\n\t<meta property=\"og:image:height\" content=\"2000\" \/>\n\t<meta property=\"og:image:type\" content=\"image\/jpeg\" \/>\n<meta name=\"twitter:card\" content=\"summary_large_image\" \/>\n<script type=\"application\/ld+json\" class=\"yoast-schema-graph\">{\"@context\":\"https:\/\/schema.org\",\"@graph\":[{\"@type\":\"WebPage\",\"@id\":\"https:\/\/shop.hirslanden.ch\/shop\/produkt\/lanyard\/?lang=fr\",\"url\":\"https:\/\/shop.hirslanden.ch\/shop\/produkt\/lanyard\/?lang=fr\",\"name\":\"Lanyard - Hirslanden Online-Shop\",\"isPartOf\":{\"@id\":\"https:\/\/shop.hirslanden.ch\/shop\/#website\"},\"primaryImageOfPage\":{\"@id\":\"https:\/\/shop.hirslanden.ch\/shop\/produkt\/lanyard\/?lang=fr#primaryimage\"},\"image\":{\"@id\":\"https:\/\/shop.hirslanden.ch\/shop\/produkt\/lanyard\/?lang=fr#primaryimage\"},\"thumbnailUrl\":\"https:\/\/shop.hirslanden.ch\/shop\/wp-content\/uploads\/sites\/8\/2025\/12\/Lanyard.jpg\",\"datePublished\":\"2025-12-10T14:35:39+00:00\",\"dateModified\":\"2026-03-02T13:40:25+00:00\",\"description\":\"Lani\u00e8re bleu fonc\u00e9 100 % polyester d'une largeur de 20 mm, fermeture de s\u00e9curit\u00e9 au niveau de la nuque, boucle m\u00e9tallique et mousqueton.\",\"breadcrumb\":{\"@id\":\"https:\/\/shop.hirslanden.ch\/shop\/produkt\/lanyard\/?lang=fr#breadcrumb\"},\"inLanguage\":\"de\",\"potentialAction\":[{\"@type\":\"ReadAction\",\"target\":[\"https:\/\/shop.hirslanden.ch\/shop\/produkt\/lanyard\/?lang=fr\"]}]},{\"@type\":\"ImageObject\",\"inLanguage\":\"de\",\"@id\":\"https:\/\/shop.hirslanden.ch\/shop\/produkt\/lanyard\/?lang=fr#primaryimage\",\"url\":\"https:\/\/shop.hirslanden.ch\/shop\/wp-content\/uploads\/sites\/8\/2025\/12\/Lanyard.jpg\",\"contentUrl\":\"https:\/\/shop.hirslanden.ch\/shop\/wp-content\/uploads\/sites\/8\/2025\/12\/Lanyard.jpg\",\"width\":1500,\"height\":2000,\"caption\":\"Lanyard avec logo Hirslanden\"},{\"@type\":\"BreadcrumbList\",\"@id\":\"https:\/\/shop.hirslanden.ch\/shop\/produkt\/lanyard\/?lang=fr#breadcrumb\",\"itemListElement\":[{\"@type\":\"ListItem\",\"position\":1,\"name\":\"Startseite\",\"item\":\"https:\/\/shop.hirslanden.ch\/shop\/\"},{\"@type\":\"ListItem\",\"position\":2,\"name\":\"Shop\",\"item\":\"https:\/\/shop.hirslanden.ch\/shop\/\"},{\"@type\":\"ListItem\",\"position\":3,\"name\":\"Lanyard\"}]},{\"@type\":\"WebSite\",\"@id\":\"https:\/\/shop.hirslanden.ch\/shop\/#website\",\"url\":\"https:\/\/shop.hirslanden.ch\/shop\/\",\"name\":\"Hirslanden Online-Shop\",\"description\":\"Hirslanden Private Hospital Group\",\"publisher\":{\"@id\":\"https:\/\/shop.hirslanden.ch\/shop\/#organization\"},\"potentialAction\":[{\"@type\":\"SearchAction\",\"target\":{\"@type\":\"EntryPoint\",\"urlTemplate\":\"https:\/\/shop.hirslanden.ch\/shop\/?s={search_term_string}\"},\"query-input\":{\"@type\":\"PropertyValueSpecification\",\"valueRequired\":true,\"valueName\":\"search_term_string\"}}],\"inLanguage\":\"de\"},{\"@type\":\"Organization\",\"@id\":\"https:\/\/shop.hirslanden.ch\/shop\/#organization\",\"name\":\"Hirslanden Klinik Aarau\",\"url\":\"https:\/\/shop.hirslanden.ch\/shop\/\",\"logo\":{\"@type\":\"ImageObject\",\"inLanguage\":\"de\",\"@id\":\"https:\/\/shop.hirslanden.ch\/shop\/#\/schema\/logo\/image\/\",\"url\":\"https:\/\/shop.hirslanden.ch\/shop\/wp-content\/uploads\/sites\/8\/2024\/02\/cropped-shop.jpg\",\"contentUrl\":\"https:\/\/shop.hirslanden.ch\/shop\/wp-content\/uploads\/sites\/8\/2024\/02\/cropped-shop.jpg\",\"width\":512,\"height\":512,\"caption\":\"Hirslanden Klinik Aarau\"},\"image\":{\"@id\":\"https:\/\/shop.hirslanden.ch\/shop\/#\/schema\/logo\/image\/\"}}]}<\/script>\n<!-- \/ Yoast SEO plugin. -->","yoast_head_json":{"title":"Lanyard - Hirslanden Online-Shop","description":"Lani\u00e8re bleu fonc\u00e9 100 % polyester d'une largeur de 20 mm, fermeture de s\u00e9curit\u00e9 au niveau de la nuque, boucle m\u00e9tallique et mousqueton.","robots":{"index":"index","follow":"follow","max-snippet":"max-snippet:-1","max-image-preview":"max-image-preview:large","max-video-preview":"max-video-preview:-1"},"canonical":"https:\/\/shop.hirslanden.ch\/shop\/produkt\/lanyard\/?lang=fr","og_locale":"de_DE","og_type":"article","og_title":"Lanyard - Hirslanden Online-Shop","og_description":"Lani\u00e8re bleu fonc\u00e9 100 % polyester d'une largeur de 20 mm, fermeture de s\u00e9curit\u00e9 au niveau de la nuque, boucle m\u00e9tallique et mousqueton.","og_url":"https:\/\/shop.hirslanden.ch\/shop\/produkt\/lanyard\/?lang=fr","og_site_name":"Hirslanden Online-Shop","article_modified_time":"2026-03-02T13:40:25+00:00","og_image":[{"width":1500,"height":2000,"url":"https:\/\/shop.hirslanden.ch\/shop\/wp-content\/uploads\/sites\/8\/2025\/12\/Lanyard.jpg","type":"image\/jpeg"}],"twitter_card":"summary_large_image","schema":{"@context":"https:\/\/schema.org","@graph":[{"@type":"WebPage","@id":"https:\/\/shop.hirslanden.ch\/shop\/produkt\/lanyard\/?lang=fr","url":"https:\/\/shop.hirslanden.ch\/shop\/produkt\/lanyard\/?lang=fr","name":"Lanyard - Hirslanden Online-Shop","isPartOf":{"@id":"https:\/\/shop.hirslanden.ch\/shop\/#website"},"primaryImageOfPage":{"@id":"https:\/\/shop.hirslanden.ch\/shop\/produkt\/lanyard\/?lang=fr#primaryimage"},"image":{"@id":"https:\/\/shop.hirslanden.ch\/shop\/produkt\/lanyard\/?lang=fr#primaryimage"},"thumbnailUrl":"https:\/\/shop.hirslanden.ch\/shop\/wp-content\/uploads\/sites\/8\/2025\/12\/Lanyard.jpg","datePublished":"2025-12-10T14:35:39+00:00","dateModified":"2026-03-02T13:40:25+00:00","description":"Lani\u00e8re bleu fonc\u00e9 100 % polyester d'une largeur de 20 mm, fermeture de s\u00e9curit\u00e9 au niveau de la nuque, boucle m\u00e9tallique et mousqueton.","breadcrumb":{"@id":"https:\/\/shop.hirslanden.ch\/shop\/produkt\/lanyard\/?lang=fr#breadcrumb"},"inLanguage":"de","potentialAction":[{"@type":"ReadAction","target":["https:\/\/shop.hirslanden.ch\/shop\/produkt\/lanyard\/?lang=fr"]}]},{"@type":"ImageObject","inLanguage":"de","@id":"https:\/\/shop.hirslanden.ch\/shop\/produkt\/lanyard\/?lang=fr#primaryimage","url":"https:\/\/shop.hirslanden.ch\/shop\/wp-content\/uploads\/sites\/8\/2025\/12\/Lanyard.jpg","contentUrl":"https:\/\/shop.hirslanden.ch\/shop\/wp-content\/uploads\/sites\/8\/2025\/12\/Lanyard.jpg","width":1500,"height":2000,"caption":"Lanyard avec logo Hirslanden"},{"@type":"BreadcrumbList","@id":"https:\/\/shop.hirslanden.ch\/shop\/produkt\/lanyard\/?lang=fr#breadcrumb","itemListElement":[{"@type":"ListItem","position":1,"name":"Startseite","item":"https:\/\/shop.hirslanden.ch\/shop\/"},{"@type":"ListItem","position":2,"name":"Shop","item":"https:\/\/shop.hirslanden.ch\/shop\/"},{"@type":"ListItem","position":3,"name":"Lanyard"}]},{"@type":"WebSite","@id":"https:\/\/shop.hirslanden.ch\/shop\/#website","url":"https:\/\/shop.hirslanden.ch\/shop\/","name":"Hirslanden Online-Shop","description":"Hirslanden Private Hospital Group","publisher":{"@id":"https:\/\/shop.hirslanden.ch\/shop\/#organization"},"potentialAction":[{"@type":"SearchAction","target":{"@type":"EntryPoint","urlTemplate":"https:\/\/shop.hirslanden.ch\/shop\/?s={search_term_string}"},"query-input":{"@type":"PropertyValueSpecification","valueRequired":true,"valueName":"search_term_string"}}],"inLanguage":"de"},{"@type":"Organization","@id":"https:\/\/shop.hirslanden.ch\/shop\/#organization","name":"Hirslanden Klinik Aarau","url":"https:\/\/shop.hirslanden.ch\/shop\/","logo":{"@type":"ImageObject","inLanguage":"de","@id":"https:\/\/shop.hirslanden.ch\/shop\/#\/schema\/logo\/image\/","url":"https:\/\/shop.hirslanden.ch\/shop\/wp-content\/uploads\/sites\/8\/2024\/02\/cropped-shop.jpg","contentUrl":"https:\/\/shop.hirslanden.ch\/shop\/wp-content\/uploads\/sites\/8\/2024\/02\/cropped-shop.jpg","width":512,"height":512,"caption":"Hirslanden Klinik Aarau"},"image":{"@id":"https:\/\/shop.hirslanden.ch\/shop\/#\/schema\/logo\/image\/"}}]}},"_links":{"self":[{"href":"https:\/\/shop.hirslanden.ch\/shop\/wp-json\/wp\/v2\/product\/1456","targetHints":{"allow":["GET"]}}],"collection":[{"href":"https:\/\/shop.hirslanden.ch\/shop\/wp-json\/wp\/v2\/product"}],"about":[{"href":"https:\/\/shop.hirslanden.ch\/shop\/wp-json\/wp\/v2\/types\/product"}],"replies":[{"embeddable":true,"href":"https:\/\/shop.hirslanden.ch\/shop\/wp-json\/wp\/v2\/comments?post=1456"}],"wp:featuredmedia":[{"embeddable":true,"href":"https:\/\/shop.hirslanden.ch\/shop\/wp-json\/wp\/v2\/media\/1386"}],"wp:attachment":[{"href":"https:\/\/shop.hirslanden.ch\/shop\/wp-json\/wp\/v2\/media?parent=1456"}],"wp:term":[{"taxonomy":"product_brand","embeddable":true,"href":"https:\/\/shop.hirslanden.ch\/shop\/wp-json\/wp\/v2\/product_brand?post=1456"},{"taxonomy":"product_cat","embeddable":true,"href":"https:\/\/shop.hirslanden.ch\/shop\/wp-json\/wp\/v2\/product_cat?post=1456"},{"taxonomy":"product_tag","embeddable":true,"href":"https:\/\/shop.hirslanden.ch\/shop\/wp-json\/wp\/v2\/product_tag?post=1456"}],"curies":[{"name":"wp","href":"https:\/\/api.w.org\/{rel}","templated":true}]}}