{"id":1407,"date":"2025-12-10T15:36:53","date_gmt":"2025-12-10T14:36:53","guid":{"rendered":"https:\/\/shop.hirslanden.ch\/shop\/?post_type=product&#038;p=1407"},"modified":"2026-03-02T17:21:34","modified_gmt":"2026-03-02T16:21:34","slug":"wireless-charger","status":"publish","type":"product","link":"https:\/\/shop.hirslanden.ch\/shop\/produkt\/wireless-charger\/","title":{"rendered":"Wireless Charger"},"content":{"rendered":"<p>Der Wireless Charger REEVES DIMAS II verbindet minimalistisches Design mit zuverl\u00e4ssiger Funktionalit\u00e4t. Das Geh\u00e4use aus hellbraunem Bambus sorgt f\u00fcr eine nat\u00fcrliche Optik und f\u00fcgt sich dezent in jede Arbeits oder Wohnumgebung ein.<\/p>\n<p>Dank kabellosem Laden mit bis zu 10 Watt l\u00e4dt der Charger kompatible Ger\u00e4te komfortabel und effizient. Integrierte Schutzmechanismen gegen \u00dcberspannung, Kurzschluss und \u00dcberhitzung sorgen f\u00fcr einen sicheren Betrieb im Alltag. Der USB C Anschluss sowie das mitgelieferte USB A auf USB C Kabel erm\u00f6glichen eine flexible Nutzung.<\/p>\n<p><strong>Produktdetails<\/strong><\/p>\n<ul>\n<li>Kabelloses Laden mit bis zu 10 Watt<\/li>\n<li>Geh\u00e4use aus Bambus in Hellbraun<\/li>\n<li>USB C Anschluss<\/li>\n<li>1 Ladespule<\/li>\n<li>Integrierter \u00dcberspannungs, Kurzschluss und \u00dcberhitzungsschutz<\/li>\n<li>USB A auf USB C Kabel inklusive<\/li>\n<\/ul>\n<p>Ideal f\u00fcr den Schreibtisch, das Homeoffice oder als hochwertiger Alltagsbegleiter.<\/p>\n","protected":false},"excerpt":{"rendered":"<p>Der Wireless Charger REEVES DIMAS II verbindet minimalistisches Design mit zuverl\u00e4ssiger Funktionalit\u00e4t. Das Geh\u00e4use aus hellbraunem Bambus sorgt f\u00fcr eine nat\u00fcrliche Optik und f\u00fcgt sich dezent in jede Arbeits oder Wohnumgebung ein. Dank kabellosem Laden mit bis zu 10 Watt l\u00e4dt der Charger kompatible Ger\u00e4te komfortabel und effizient. Integrierte Schutzmechanismen gegen \u00dcberspannung, Kurzschluss und \u00dcberhitzung [&hellip;]<\/p>\n","protected":false},"featured_media":1408,"comment_status":"open","ping_status":"closed","template":"","meta":{"_acf_changed":false},"product_brand":[],"product_cat":[79],"product_tag":[],"class_list":{"0":"post-1407","1":"product","2":"type-product","3":"status-publish","4":"has-post-thumbnail","6":"product_cat-accessoires","8":"first","9":"instock","10":"taxable","11":"shipping-taxable","12":"purchasable","13":"product-type-simple"},"acf":[],"yoast_head":"<!-- This site is optimized with the Yoast SEO plugin v27.2 - https:\/\/yoast.com\/product\/yoast-seo-wordpress\/ -->\n<title>Wireless Charger - Hirslanden Online-Shop<\/title>\n<meta name=\"description\" content=\"Wireless Charger REEVES DIMAS II 10 Watt aus Bambus mit \u00dcberspannungs, Kurzschluss und \u00dcberhitzungsschutz, USB C Anschluss, Kabel inklusive.\" \/>\n<meta name=\"robots\" content=\"index, follow, max-snippet:-1, max-image-preview:large, max-video-preview:-1\" \/>\n<link rel=\"canonical\" href=\"https:\/\/shop.hirslanden.ch\/shop\/produkt\/wireless-charger\/\" \/>\n<meta property=\"og:locale\" content=\"de_DE\" \/>\n<meta property=\"og:type\" content=\"article\" \/>\n<meta property=\"og:title\" content=\"Wireless Charger - Hirslanden Online-Shop\" \/>\n<meta property=\"og:description\" content=\"Wireless Charger REEVES DIMAS II 10 Watt aus Bambus mit \u00dcberspannungs, Kurzschluss und \u00dcberhitzungsschutz, USB C Anschluss, Kabel inklusive.\" \/>\n<meta property=\"og:url\" content=\"https:\/\/shop.hirslanden.ch\/shop\/produkt\/wireless-charger\/\" \/>\n<meta property=\"og:site_name\" content=\"Hirslanden Online-Shop\" \/>\n<meta property=\"article:modified_time\" content=\"2026-03-02T16:21:34+00:00\" \/>\n<meta property=\"og:image\" content=\"https:\/\/shop.hirslanden.ch\/shop\/wp-content\/uploads\/sites\/8\/2025\/12\/WirelessCharger.jpg\" \/>\n\t<meta property=\"og:image:width\" content=\"1500\" \/>\n\t<meta property=\"og:image:height\" content=\"2000\" \/>\n\t<meta property=\"og:image:type\" content=\"image\/jpeg\" \/>\n<meta name=\"twitter:card\" content=\"summary_large_image\" \/>\n<meta name=\"twitter:label1\" content=\"Gesch\u00e4tzte Lesezeit\" \/>\n\t<meta name=\"twitter:data1\" content=\"1\u00a0Minute\" \/>\n<script type=\"application\/ld+json\" class=\"yoast-schema-graph\">{\"@context\":\"https:\/\/schema.org\",\"@graph\":[{\"@type\":\"WebPage\",\"@id\":\"https:\/\/shop.hirslanden.ch\/shop\/produkt\/wireless-charger\/\",\"url\":\"https:\/\/shop.hirslanden.ch\/shop\/produkt\/wireless-charger\/\",\"name\":\"Wireless Charger - Hirslanden Online-Shop\",\"isPartOf\":{\"@id\":\"https:\/\/shop.hirslanden.ch\/shop\/#website\"},\"primaryImageOfPage\":{\"@id\":\"https:\/\/shop.hirslanden.ch\/shop\/produkt\/wireless-charger\/#primaryimage\"},\"image\":{\"@id\":\"https:\/\/shop.hirslanden.ch\/shop\/produkt\/wireless-charger\/#primaryimage\"},\"thumbnailUrl\":\"https:\/\/shop.hirslanden.ch\/shop\/wp-content\/uploads\/sites\/8\/2025\/12\/WirelessCharger.jpg\",\"datePublished\":\"2025-12-10T14:36:53+00:00\",\"dateModified\":\"2026-03-02T16:21:34+00:00\",\"description\":\"Wireless Charger REEVES DIMAS II 10 Watt aus Bambus mit \u00dcberspannungs, Kurzschluss und \u00dcberhitzungsschutz, USB C Anschluss, Kabel inklusive.\",\"breadcrumb\":{\"@id\":\"https:\/\/shop.hirslanden.ch\/shop\/produkt\/wireless-charger\/#breadcrumb\"},\"inLanguage\":\"de\",\"potentialAction\":[{\"@type\":\"ReadAction\",\"target\":[\"https:\/\/shop.hirslanden.ch\/shop\/produkt\/wireless-charger\/\"]}]},{\"@type\":\"ImageObject\",\"inLanguage\":\"de\",\"@id\":\"https:\/\/shop.hirslanden.ch\/shop\/produkt\/wireless-charger\/#primaryimage\",\"url\":\"https:\/\/shop.hirslanden.ch\/shop\/wp-content\/uploads\/sites\/8\/2025\/12\/WirelessCharger.jpg\",\"contentUrl\":\"https:\/\/shop.hirslanden.ch\/shop\/wp-content\/uploads\/sites\/8\/2025\/12\/WirelessCharger.jpg\",\"width\":1500,\"height\":2000},{\"@type\":\"BreadcrumbList\",\"@id\":\"https:\/\/shop.hirslanden.ch\/shop\/produkt\/wireless-charger\/#breadcrumb\",\"itemListElement\":[{\"@type\":\"ListItem\",\"position\":1,\"name\":\"Startseite\",\"item\":\"https:\/\/shop.hirslanden.ch\/shop\/\"},{\"@type\":\"ListItem\",\"position\":2,\"name\":\"Shop\",\"item\":\"https:\/\/shop.hirslanden.ch\/shop\/\"},{\"@type\":\"ListItem\",\"position\":3,\"name\":\"Wireless Charger\"}]},{\"@type\":\"WebSite\",\"@id\":\"https:\/\/shop.hirslanden.ch\/shop\/#website\",\"url\":\"https:\/\/shop.hirslanden.ch\/shop\/\",\"name\":\"Hirslanden Online-Shop\",\"description\":\"Hirslanden Private Hospital Group\",\"publisher\":{\"@id\":\"https:\/\/shop.hirslanden.ch\/shop\/#organization\"},\"potentialAction\":[{\"@type\":\"SearchAction\",\"target\":{\"@type\":\"EntryPoint\",\"urlTemplate\":\"https:\/\/shop.hirslanden.ch\/shop\/?s={search_term_string}\"},\"query-input\":{\"@type\":\"PropertyValueSpecification\",\"valueRequired\":true,\"valueName\":\"search_term_string\"}}],\"inLanguage\":\"de\"},{\"@type\":\"Organization\",\"@id\":\"https:\/\/shop.hirslanden.ch\/shop\/#organization\",\"name\":\"Hirslanden Klinik Aarau\",\"url\":\"https:\/\/shop.hirslanden.ch\/shop\/\",\"logo\":{\"@type\":\"ImageObject\",\"inLanguage\":\"de\",\"@id\":\"https:\/\/shop.hirslanden.ch\/shop\/#\/schema\/logo\/image\/\",\"url\":\"https:\/\/shop.hirslanden.ch\/shop\/wp-content\/uploads\/sites\/8\/2024\/02\/cropped-shop.jpg\",\"contentUrl\":\"https:\/\/shop.hirslanden.ch\/shop\/wp-content\/uploads\/sites\/8\/2024\/02\/cropped-shop.jpg\",\"width\":512,\"height\":512,\"caption\":\"Hirslanden Klinik Aarau\"},\"image\":{\"@id\":\"https:\/\/shop.hirslanden.ch\/shop\/#\/schema\/logo\/image\/\"}}]}<\/script>\n<!-- \/ Yoast SEO plugin. -->","yoast_head_json":{"title":"Wireless Charger - Hirslanden Online-Shop","description":"Wireless Charger REEVES DIMAS II 10 Watt aus Bambus mit \u00dcberspannungs, Kurzschluss und \u00dcberhitzungsschutz, USB C Anschluss, Kabel inklusive.","robots":{"index":"index","follow":"follow","max-snippet":"max-snippet:-1","max-image-preview":"max-image-preview:large","max-video-preview":"max-video-preview:-1"},"canonical":"https:\/\/shop.hirslanden.ch\/shop\/produkt\/wireless-charger\/","og_locale":"de_DE","og_type":"article","og_title":"Wireless Charger - Hirslanden Online-Shop","og_description":"Wireless Charger REEVES DIMAS II 10 Watt aus Bambus mit \u00dcberspannungs, Kurzschluss und \u00dcberhitzungsschutz, USB C Anschluss, Kabel inklusive.","og_url":"https:\/\/shop.hirslanden.ch\/shop\/produkt\/wireless-charger\/","og_site_name":"Hirslanden Online-Shop","article_modified_time":"2026-03-02T16:21:34+00:00","og_image":[{"width":1500,"height":2000,"url":"https:\/\/shop.hirslanden.ch\/shop\/wp-content\/uploads\/sites\/8\/2025\/12\/WirelessCharger.jpg","type":"image\/jpeg"}],"twitter_card":"summary_large_image","twitter_misc":{"Gesch\u00e4tzte Lesezeit":"1\u00a0Minute"},"schema":{"@context":"https:\/\/schema.org","@graph":[{"@type":"WebPage","@id":"https:\/\/shop.hirslanden.ch\/shop\/produkt\/wireless-charger\/","url":"https:\/\/shop.hirslanden.ch\/shop\/produkt\/wireless-charger\/","name":"Wireless Charger - Hirslanden Online-Shop","isPartOf":{"@id":"https:\/\/shop.hirslanden.ch\/shop\/#website"},"primaryImageOfPage":{"@id":"https:\/\/shop.hirslanden.ch\/shop\/produkt\/wireless-charger\/#primaryimage"},"image":{"@id":"https:\/\/shop.hirslanden.ch\/shop\/produkt\/wireless-charger\/#primaryimage"},"thumbnailUrl":"https:\/\/shop.hirslanden.ch\/shop\/wp-content\/uploads\/sites\/8\/2025\/12\/WirelessCharger.jpg","datePublished":"2025-12-10T14:36:53+00:00","dateModified":"2026-03-02T16:21:34+00:00","description":"Wireless Charger REEVES DIMAS II 10 Watt aus Bambus mit \u00dcberspannungs, Kurzschluss und \u00dcberhitzungsschutz, USB C Anschluss, Kabel inklusive.","breadcrumb":{"@id":"https:\/\/shop.hirslanden.ch\/shop\/produkt\/wireless-charger\/#breadcrumb"},"inLanguage":"de","potentialAction":[{"@type":"ReadAction","target":["https:\/\/shop.hirslanden.ch\/shop\/produkt\/wireless-charger\/"]}]},{"@type":"ImageObject","inLanguage":"de","@id":"https:\/\/shop.hirslanden.ch\/shop\/produkt\/wireless-charger\/#primaryimage","url":"https:\/\/shop.hirslanden.ch\/shop\/wp-content\/uploads\/sites\/8\/2025\/12\/WirelessCharger.jpg","contentUrl":"https:\/\/shop.hirslanden.ch\/shop\/wp-content\/uploads\/sites\/8\/2025\/12\/WirelessCharger.jpg","width":1500,"height":2000},{"@type":"BreadcrumbList","@id":"https:\/\/shop.hirslanden.ch\/shop\/produkt\/wireless-charger\/#breadcrumb","itemListElement":[{"@type":"ListItem","position":1,"name":"Startseite","item":"https:\/\/shop.hirslanden.ch\/shop\/"},{"@type":"ListItem","position":2,"name":"Shop","item":"https:\/\/shop.hirslanden.ch\/shop\/"},{"@type":"ListItem","position":3,"name":"Wireless Charger"}]},{"@type":"WebSite","@id":"https:\/\/shop.hirslanden.ch\/shop\/#website","url":"https:\/\/shop.hirslanden.ch\/shop\/","name":"Hirslanden Online-Shop","description":"Hirslanden Private Hospital Group","publisher":{"@id":"https:\/\/shop.hirslanden.ch\/shop\/#organization"},"potentialAction":[{"@type":"SearchAction","target":{"@type":"EntryPoint","urlTemplate":"https:\/\/shop.hirslanden.ch\/shop\/?s={search_term_string}"},"query-input":{"@type":"PropertyValueSpecification","valueRequired":true,"valueName":"search_term_string"}}],"inLanguage":"de"},{"@type":"Organization","@id":"https:\/\/shop.hirslanden.ch\/shop\/#organization","name":"Hirslanden Klinik Aarau","url":"https:\/\/shop.hirslanden.ch\/shop\/","logo":{"@type":"ImageObject","inLanguage":"de","@id":"https:\/\/shop.hirslanden.ch\/shop\/#\/schema\/logo\/image\/","url":"https:\/\/shop.hirslanden.ch\/shop\/wp-content\/uploads\/sites\/8\/2024\/02\/cropped-shop.jpg","contentUrl":"https:\/\/shop.hirslanden.ch\/shop\/wp-content\/uploads\/sites\/8\/2024\/02\/cropped-shop.jpg","width":512,"height":512,"caption":"Hirslanden Klinik Aarau"},"image":{"@id":"https:\/\/shop.hirslanden.ch\/shop\/#\/schema\/logo\/image\/"}}]}},"_links":{"self":[{"href":"https:\/\/shop.hirslanden.ch\/shop\/wp-json\/wp\/v2\/product\/1407","targetHints":{"allow":["GET"]}}],"collection":[{"href":"https:\/\/shop.hirslanden.ch\/shop\/wp-json\/wp\/v2\/product"}],"about":[{"href":"https:\/\/shop.hirslanden.ch\/shop\/wp-json\/wp\/v2\/types\/product"}],"replies":[{"embeddable":true,"href":"https:\/\/shop.hirslanden.ch\/shop\/wp-json\/wp\/v2\/comments?post=1407"}],"wp:featuredmedia":[{"embeddable":true,"href":"https:\/\/shop.hirslanden.ch\/shop\/wp-json\/wp\/v2\/media\/1408"}],"wp:attachment":[{"href":"https:\/\/shop.hirslanden.ch\/shop\/wp-json\/wp\/v2\/media?parent=1407"}],"wp:term":[{"taxonomy":"product_brand","embeddable":true,"href":"https:\/\/shop.hirslanden.ch\/shop\/wp-json\/wp\/v2\/product_brand?post=1407"},{"taxonomy":"product_cat","embeddable":true,"href":"https:\/\/shop.hirslanden.ch\/shop\/wp-json\/wp\/v2\/product_cat?post=1407"},{"taxonomy":"product_tag","embeddable":true,"href":"https:\/\/shop.hirslanden.ch\/shop\/wp-json\/wp\/v2\/product_tag?post=1407"}],"curies":[{"name":"wp","href":"https:\/\/api.w.org\/{rel}","templated":true}]}}