{"id":1310,"date":"2025-03-13T15:04:04","date_gmt":"2025-03-13T14:04:04","guid":{"rendered":"https:\/\/shop.hirslanden.ch\/shop\/produkt\/couteau-de-poche-victorinox\/"},"modified":"2025-03-13T15:07:50","modified_gmt":"2025-03-13T14:07:50","slug":"couteau-de-poche-victorinox","status":"publish","type":"product","link":"https:\/\/shop.hirslanden.ch\/shop\/produkt\/couteau-de-poche-victorinox\/?lang=fr","title":{"rendered":"Couteau de poche Victorinox"},"content":{"rendered":"<p>Le couteau de poche Victorinox Classic \u00e0 7 fonctions est un compagnon pratique au quotidien. Il allie taille compacte et haute fonctionnalit\u00e9 et offre entre autres une lame, des ciseaux, une lime \u00e0 ongles et un tournevis. Le couteau de poche se pr\u00e9sente dans le look exclusif Hirslanden et s\u00e9duit par la qualit\u00e9 \u00e9prouv\u00e9e de Victorinox &#8211; id\u00e9al pour les d\u00e9placements ou comme cadeau \u00e9l\u00e9gant.<\/p>\n<ul>\n<li>Hauteur : 9 mm<\/li>\n<li>Longueur : 58 mm<\/li>\n<li>Largeur : 18 mm<\/li>\n<li>Poids : 21 g<\/li>\n<\/ul>\n","protected":false},"excerpt":{"rendered":"<p>Le couteau de poche Victorinox Classic \u00e0 7 fonctions est un compagnon pratique au quotidien. Il allie taille compacte et haute fonctionnalit\u00e9 et offre entre autres une lame, des ciseaux, une lime \u00e0 ongles et un tournevis. Le couteau de poche se pr\u00e9sente dans le look exclusif Hirslanden et s\u00e9duit par la qualit\u00e9 \u00e9prouv\u00e9e de [&hellip;]<\/p>\n","protected":false},"featured_media":1423,"comment_status":"open","ping_status":"closed","template":"","meta":{"_acf_changed":false},"product_brand":[],"product_cat":[80],"product_tag":[],"class_list":{"0":"post-1310","1":"product","2":"type-product","3":"status-publish","4":"has-post-thumbnail","6":"product_cat-accessoires-fr","8":"first","9":"instock","10":"taxable","11":"shipping-taxable","12":"purchasable","13":"product-type-simple"},"acf":[],"yoast_head":"<!-- This site is optimized with the Yoast SEO plugin v27.2 - https:\/\/yoast.com\/product\/yoast-seo-wordpress\/ -->\n<title>Couteau de poche Victorinox - Hirslanden Online-Shop<\/title>\n<meta name=\"description\" content=\"Le couteau de poche Victorinox Classic \u00e0 7 fonctions est un compagnon pratique au quotidien. Le couteau de poche se pr\u00e9sente dans le look exclusif Hirslanden.\" \/>\n<meta name=\"robots\" content=\"index, follow, max-snippet:-1, max-image-preview:large, max-video-preview:-1\" \/>\n<link rel=\"canonical\" href=\"https:\/\/shop.hirslanden.ch\/shop\/produkt\/couteau-de-poche-victorinox\/?lang=fr\" \/>\n<meta property=\"og:locale\" content=\"de_DE\" \/>\n<meta property=\"og:type\" content=\"article\" \/>\n<meta property=\"og:title\" content=\"Couteau de poche Victorinox - Hirslanden Online-Shop\" \/>\n<meta property=\"og:description\" content=\"Le couteau de poche Victorinox Classic \u00e0 7 fonctions est un compagnon pratique au quotidien. Le couteau de poche se pr\u00e9sente dans le look exclusif Hirslanden.\" \/>\n<meta property=\"og:url\" content=\"https:\/\/shop.hirslanden.ch\/shop\/produkt\/couteau-de-poche-victorinox\/?lang=fr\" \/>\n<meta property=\"og:site_name\" content=\"Hirslanden Online-Shop\" \/>\n<meta property=\"article:modified_time\" content=\"2025-03-13T14:07:50+00:00\" \/>\n<meta property=\"og:image\" content=\"https:\/\/shop.hirslanden.ch\/shop\/wp-content\/uploads\/sites\/8\/2025\/03\/Taschenmesser.jpg\" \/>\n\t<meta property=\"og:image:width\" content=\"2188\" \/>\n\t<meta property=\"og:image:height\" content=\"1457\" \/>\n\t<meta property=\"og:image:type\" content=\"image\/jpeg\" \/>\n<meta name=\"twitter:card\" content=\"summary_large_image\" \/>\n<script type=\"application\/ld+json\" class=\"yoast-schema-graph\">{\"@context\":\"https:\/\/schema.org\",\"@graph\":[{\"@type\":\"WebPage\",\"@id\":\"https:\/\/shop.hirslanden.ch\/shop\/produkt\/couteau-de-poche-victorinox\/?lang=fr\",\"url\":\"https:\/\/shop.hirslanden.ch\/shop\/produkt\/couteau-de-poche-victorinox\/?lang=fr\",\"name\":\"Couteau de poche Victorinox - Hirslanden Online-Shop\",\"isPartOf\":{\"@id\":\"https:\/\/shop.hirslanden.ch\/shop\/#website\"},\"primaryImageOfPage\":{\"@id\":\"https:\/\/shop.hirslanden.ch\/shop\/produkt\/couteau-de-poche-victorinox\/?lang=fr#primaryimage\"},\"image\":{\"@id\":\"https:\/\/shop.hirslanden.ch\/shop\/produkt\/couteau-de-poche-victorinox\/?lang=fr#primaryimage\"},\"thumbnailUrl\":\"https:\/\/shop.hirslanden.ch\/shop\/wp-content\/uploads\/sites\/8\/2025\/03\/Victorinox.jpg\",\"datePublished\":\"2025-03-13T14:04:04+00:00\",\"dateModified\":\"2025-03-13T14:07:50+00:00\",\"description\":\"Le couteau de poche Victorinox Classic \u00e0 7 fonctions est un compagnon pratique au quotidien. Le couteau de poche se pr\u00e9sente dans le look exclusif Hirslanden.\",\"breadcrumb\":{\"@id\":\"https:\/\/shop.hirslanden.ch\/shop\/produkt\/couteau-de-poche-victorinox\/?lang=fr#breadcrumb\"},\"inLanguage\":\"de\",\"potentialAction\":[{\"@type\":\"ReadAction\",\"target\":[\"https:\/\/shop.hirslanden.ch\/shop\/produkt\/couteau-de-poche-victorinox\/?lang=fr\"]}]},{\"@type\":\"ImageObject\",\"inLanguage\":\"de\",\"@id\":\"https:\/\/shop.hirslanden.ch\/shop\/produkt\/couteau-de-poche-victorinox\/?lang=fr#primaryimage\",\"url\":\"https:\/\/shop.hirslanden.ch\/shop\/wp-content\/uploads\/sites\/8\/2025\/03\/Victorinox.jpg\",\"contentUrl\":\"https:\/\/shop.hirslanden.ch\/shop\/wp-content\/uploads\/sites\/8\/2025\/03\/Victorinox.jpg\",\"width\":1500,\"height\":2000},{\"@type\":\"BreadcrumbList\",\"@id\":\"https:\/\/shop.hirslanden.ch\/shop\/produkt\/couteau-de-poche-victorinox\/?lang=fr#breadcrumb\",\"itemListElement\":[{\"@type\":\"ListItem\",\"position\":1,\"name\":\"Startseite\",\"item\":\"https:\/\/shop.hirslanden.ch\/shop\/\"},{\"@type\":\"ListItem\",\"position\":2,\"name\":\"Shop\",\"item\":\"https:\/\/shop.hirslanden.ch\/shop\/\"},{\"@type\":\"ListItem\",\"position\":3,\"name\":\"Couteau de poche Victorinox\"}]},{\"@type\":\"WebSite\",\"@id\":\"https:\/\/shop.hirslanden.ch\/shop\/#website\",\"url\":\"https:\/\/shop.hirslanden.ch\/shop\/\",\"name\":\"Hirslanden Online-Shop\",\"description\":\"Hirslanden Private Hospital Group\",\"publisher\":{\"@id\":\"https:\/\/shop.hirslanden.ch\/shop\/#organization\"},\"potentialAction\":[{\"@type\":\"SearchAction\",\"target\":{\"@type\":\"EntryPoint\",\"urlTemplate\":\"https:\/\/shop.hirslanden.ch\/shop\/?s={search_term_string}\"},\"query-input\":{\"@type\":\"PropertyValueSpecification\",\"valueRequired\":true,\"valueName\":\"search_term_string\"}}],\"inLanguage\":\"de\"},{\"@type\":\"Organization\",\"@id\":\"https:\/\/shop.hirslanden.ch\/shop\/#organization\",\"name\":\"Hirslanden Klinik Aarau\",\"url\":\"https:\/\/shop.hirslanden.ch\/shop\/\",\"logo\":{\"@type\":\"ImageObject\",\"inLanguage\":\"de\",\"@id\":\"https:\/\/shop.hirslanden.ch\/shop\/#\/schema\/logo\/image\/\",\"url\":\"https:\/\/shop.hirslanden.ch\/shop\/wp-content\/uploads\/sites\/8\/2024\/02\/cropped-shop.jpg\",\"contentUrl\":\"https:\/\/shop.hirslanden.ch\/shop\/wp-content\/uploads\/sites\/8\/2024\/02\/cropped-shop.jpg\",\"width\":512,\"height\":512,\"caption\":\"Hirslanden Klinik Aarau\"},\"image\":{\"@id\":\"https:\/\/shop.hirslanden.ch\/shop\/#\/schema\/logo\/image\/\"}}]}<\/script>\n<!-- \/ Yoast SEO plugin. -->","yoast_head_json":{"title":"Couteau de poche Victorinox - Hirslanden Online-Shop","description":"Le couteau de poche Victorinox Classic \u00e0 7 fonctions est un compagnon pratique au quotidien. Le couteau de poche se pr\u00e9sente dans le look exclusif Hirslanden.","robots":{"index":"index","follow":"follow","max-snippet":"max-snippet:-1","max-image-preview":"max-image-preview:large","max-video-preview":"max-video-preview:-1"},"canonical":"https:\/\/shop.hirslanden.ch\/shop\/produkt\/couteau-de-poche-victorinox\/?lang=fr","og_locale":"de_DE","og_type":"article","og_title":"Couteau de poche Victorinox - Hirslanden Online-Shop","og_description":"Le couteau de poche Victorinox Classic \u00e0 7 fonctions est un compagnon pratique au quotidien. Le couteau de poche se pr\u00e9sente dans le look exclusif Hirslanden.","og_url":"https:\/\/shop.hirslanden.ch\/shop\/produkt\/couteau-de-poche-victorinox\/?lang=fr","og_site_name":"Hirslanden Online-Shop","article_modified_time":"2025-03-13T14:07:50+00:00","og_image":[{"width":2188,"height":1457,"url":"https:\/\/shop.hirslanden.ch\/shop\/wp-content\/uploads\/sites\/8\/2025\/03\/Taschenmesser.jpg","type":"image\/jpeg"}],"twitter_card":"summary_large_image","schema":{"@context":"https:\/\/schema.org","@graph":[{"@type":"WebPage","@id":"https:\/\/shop.hirslanden.ch\/shop\/produkt\/couteau-de-poche-victorinox\/?lang=fr","url":"https:\/\/shop.hirslanden.ch\/shop\/produkt\/couteau-de-poche-victorinox\/?lang=fr","name":"Couteau de poche Victorinox - Hirslanden Online-Shop","isPartOf":{"@id":"https:\/\/shop.hirslanden.ch\/shop\/#website"},"primaryImageOfPage":{"@id":"https:\/\/shop.hirslanden.ch\/shop\/produkt\/couteau-de-poche-victorinox\/?lang=fr#primaryimage"},"image":{"@id":"https:\/\/shop.hirslanden.ch\/shop\/produkt\/couteau-de-poche-victorinox\/?lang=fr#primaryimage"},"thumbnailUrl":"https:\/\/shop.hirslanden.ch\/shop\/wp-content\/uploads\/sites\/8\/2025\/03\/Victorinox.jpg","datePublished":"2025-03-13T14:04:04+00:00","dateModified":"2025-03-13T14:07:50+00:00","description":"Le couteau de poche Victorinox Classic \u00e0 7 fonctions est un compagnon pratique au quotidien. Le couteau de poche se pr\u00e9sente dans le look exclusif Hirslanden.","breadcrumb":{"@id":"https:\/\/shop.hirslanden.ch\/shop\/produkt\/couteau-de-poche-victorinox\/?lang=fr#breadcrumb"},"inLanguage":"de","potentialAction":[{"@type":"ReadAction","target":["https:\/\/shop.hirslanden.ch\/shop\/produkt\/couteau-de-poche-victorinox\/?lang=fr"]}]},{"@type":"ImageObject","inLanguage":"de","@id":"https:\/\/shop.hirslanden.ch\/shop\/produkt\/couteau-de-poche-victorinox\/?lang=fr#primaryimage","url":"https:\/\/shop.hirslanden.ch\/shop\/wp-content\/uploads\/sites\/8\/2025\/03\/Victorinox.jpg","contentUrl":"https:\/\/shop.hirslanden.ch\/shop\/wp-content\/uploads\/sites\/8\/2025\/03\/Victorinox.jpg","width":1500,"height":2000},{"@type":"BreadcrumbList","@id":"https:\/\/shop.hirslanden.ch\/shop\/produkt\/couteau-de-poche-victorinox\/?lang=fr#breadcrumb","itemListElement":[{"@type":"ListItem","position":1,"name":"Startseite","item":"https:\/\/shop.hirslanden.ch\/shop\/"},{"@type":"ListItem","position":2,"name":"Shop","item":"https:\/\/shop.hirslanden.ch\/shop\/"},{"@type":"ListItem","position":3,"name":"Couteau de poche Victorinox"}]},{"@type":"WebSite","@id":"https:\/\/shop.hirslanden.ch\/shop\/#website","url":"https:\/\/shop.hirslanden.ch\/shop\/","name":"Hirslanden Online-Shop","description":"Hirslanden Private Hospital Group","publisher":{"@id":"https:\/\/shop.hirslanden.ch\/shop\/#organization"},"potentialAction":[{"@type":"SearchAction","target":{"@type":"EntryPoint","urlTemplate":"https:\/\/shop.hirslanden.ch\/shop\/?s={search_term_string}"},"query-input":{"@type":"PropertyValueSpecification","valueRequired":true,"valueName":"search_term_string"}}],"inLanguage":"de"},{"@type":"Organization","@id":"https:\/\/shop.hirslanden.ch\/shop\/#organization","name":"Hirslanden Klinik Aarau","url":"https:\/\/shop.hirslanden.ch\/shop\/","logo":{"@type":"ImageObject","inLanguage":"de","@id":"https:\/\/shop.hirslanden.ch\/shop\/#\/schema\/logo\/image\/","url":"https:\/\/shop.hirslanden.ch\/shop\/wp-content\/uploads\/sites\/8\/2024\/02\/cropped-shop.jpg","contentUrl":"https:\/\/shop.hirslanden.ch\/shop\/wp-content\/uploads\/sites\/8\/2024\/02\/cropped-shop.jpg","width":512,"height":512,"caption":"Hirslanden Klinik Aarau"},"image":{"@id":"https:\/\/shop.hirslanden.ch\/shop\/#\/schema\/logo\/image\/"}}]}},"_links":{"self":[{"href":"https:\/\/shop.hirslanden.ch\/shop\/wp-json\/wp\/v2\/product\/1310","targetHints":{"allow":["GET"]}}],"collection":[{"href":"https:\/\/shop.hirslanden.ch\/shop\/wp-json\/wp\/v2\/product"}],"about":[{"href":"https:\/\/shop.hirslanden.ch\/shop\/wp-json\/wp\/v2\/types\/product"}],"replies":[{"embeddable":true,"href":"https:\/\/shop.hirslanden.ch\/shop\/wp-json\/wp\/v2\/comments?post=1310"}],"wp:featuredmedia":[{"embeddable":true,"href":"https:\/\/shop.hirslanden.ch\/shop\/wp-json\/wp\/v2\/media\/1423"}],"wp:attachment":[{"href":"https:\/\/shop.hirslanden.ch\/shop\/wp-json\/wp\/v2\/media?parent=1310"}],"wp:term":[{"taxonomy":"product_brand","embeddable":true,"href":"https:\/\/shop.hirslanden.ch\/shop\/wp-json\/wp\/v2\/product_brand?post=1310"},{"taxonomy":"product_cat","embeddable":true,"href":"https:\/\/shop.hirslanden.ch\/shop\/wp-json\/wp\/v2\/product_cat?post=1310"},{"taxonomy":"product_tag","embeddable":true,"href":"https:\/\/shop.hirslanden.ch\/shop\/wp-json\/wp\/v2\/product_tag?post=1310"}],"curies":[{"name":"wp","href":"https:\/\/api.w.org\/{rel}","templated":true}]}}