{"id":1305,"date":"2025-03-13T15:04:04","date_gmt":"2025-03-13T14:04:04","guid":{"rendered":"https:\/\/shop.hirslanden.ch\/shop\/?post_type=product&#038;p=1305"},"modified":"2026-03-02T13:23:46","modified_gmt":"2026-03-02T12:23:46","slug":"victorinox-taschenmesser","status":"publish","type":"product","link":"https:\/\/shop.hirslanden.ch\/shop\/produkt\/victorinox-taschenmesser\/","title":{"rendered":"Victorinox Taschenmesser"},"content":{"rendered":"<p>Das Victorinox Taschenmesser Classic mit 7 Funktionen ist ein praktischer Begleiter f\u00fcr den Alltag. Es vereint kompakte Gr\u00f6sse mit hoher Funktionalit\u00e4t und bietet unter anderem eine Klinge, Schere, Nagelfeile und Schraubendreher. Das Taschenmesser pr\u00e4sentiert sich im exklusiven Hirslanden Look und \u00fcberzeugt mit der bew\u00e4hrten Victorinox-Qualit\u00e4t \u2013 ideal f\u00fcr unterwegs oder als stilvolles Geschenk.<\/p>\n<ul>\n<li>H\u00f6he: 9 mm<\/li>\n<li>L\u00e4nge: 58 mm<\/li>\n<li>Breite: 18 mm<\/li>\n<li>Gewicht: 21 g<\/li>\n<\/ul>\n","protected":false},"excerpt":{"rendered":"<p>Das Victorinox Taschenmesser Classic mit 7 Funktionen ist ein praktischer Begleiter f\u00fcr den Alltag. Es vereint kompakte Gr\u00f6sse mit hoher Funktionalit\u00e4t und bietet unter anderem eine Klinge, Schere, Nagelfeile und Schraubendreher. Das Taschenmesser pr\u00e4sentiert sich im exklusiven Hirslanden Look und \u00fcberzeugt mit der bew\u00e4hrten Victorinox-Qualit\u00e4t \u2013 ideal f\u00fcr unterwegs oder als stilvolles Geschenk. H\u00f6he: 9 [&hellip;]<\/p>\n","protected":false},"featured_media":1421,"comment_status":"open","ping_status":"closed","template":"","meta":{"_acf_changed":false},"product_brand":[],"product_cat":[79],"product_tag":[],"class_list":{"0":"post-1305","1":"product","2":"type-product","3":"status-publish","4":"has-post-thumbnail","6":"product_cat-accessoires","8":"first","9":"instock","10":"taxable","11":"shipping-taxable","12":"purchasable","13":"product-type-simple"},"acf":[],"yoast_head":"<!-- This site is optimized with the Yoast SEO plugin v27.2 - https:\/\/yoast.com\/product\/yoast-seo-wordpress\/ -->\n<title>Victorinox Taschenmesser - Hirslanden Online-Shop<\/title>\n<meta name=\"description\" content=\"Das Victorinox Taschenmesser Classic mit 7 Funktionen ist ein praktischer Begleiter f\u00fcr den Alltag und pr\u00e4sentiert sich im exklusiven Hirslanden Look.\" \/>\n<meta name=\"robots\" content=\"index, follow, max-snippet:-1, max-image-preview:large, max-video-preview:-1\" \/>\n<link rel=\"canonical\" href=\"https:\/\/shop.hirslanden.ch\/shop\/produkt\/victorinox-taschenmesser\/\" \/>\n<meta property=\"og:locale\" content=\"de_DE\" \/>\n<meta property=\"og:type\" content=\"article\" \/>\n<meta property=\"og:title\" content=\"Victorinox Taschenmesser - Hirslanden Online-Shop\" \/>\n<meta property=\"og:description\" content=\"Das Victorinox Taschenmesser Classic mit 7 Funktionen ist ein praktischer Begleiter f\u00fcr den Alltag und pr\u00e4sentiert sich im exklusiven Hirslanden Look.\" \/>\n<meta property=\"og:url\" content=\"https:\/\/shop.hirslanden.ch\/shop\/produkt\/victorinox-taschenmesser\/\" \/>\n<meta property=\"og:site_name\" content=\"Hirslanden Online-Shop\" \/>\n<meta property=\"article:modified_time\" content=\"2026-03-02T12:23:46+00:00\" \/>\n<meta property=\"og:image\" content=\"https:\/\/shop.hirslanden.ch\/shop\/wp-content\/uploads\/sites\/8\/2025\/03\/Victorinox.jpg\" \/>\n\t<meta property=\"og:image:width\" content=\"1500\" \/>\n\t<meta property=\"og:image:height\" content=\"2000\" \/>\n\t<meta property=\"og:image:type\" content=\"image\/jpeg\" \/>\n<meta name=\"twitter:card\" content=\"summary_large_image\" \/>\n<meta name=\"twitter:label1\" content=\"Gesch\u00e4tzte Lesezeit\" \/>\n\t<meta name=\"twitter:data1\" content=\"1\u00a0Minute\" \/>\n<script type=\"application\/ld+json\" class=\"yoast-schema-graph\">{\"@context\":\"https:\/\/schema.org\",\"@graph\":[{\"@type\":\"WebPage\",\"@id\":\"https:\/\/shop.hirslanden.ch\/shop\/produkt\/victorinox-taschenmesser\/\",\"url\":\"https:\/\/shop.hirslanden.ch\/shop\/produkt\/victorinox-taschenmesser\/\",\"name\":\"Victorinox Taschenmesser - Hirslanden Online-Shop\",\"isPartOf\":{\"@id\":\"https:\/\/shop.hirslanden.ch\/shop\/#website\"},\"primaryImageOfPage\":{\"@id\":\"https:\/\/shop.hirslanden.ch\/shop\/produkt\/victorinox-taschenmesser\/#primaryimage\"},\"image\":{\"@id\":\"https:\/\/shop.hirslanden.ch\/shop\/produkt\/victorinox-taschenmesser\/#primaryimage\"},\"thumbnailUrl\":\"https:\/\/shop.hirslanden.ch\/shop\/wp-content\/uploads\/sites\/8\/2025\/03\/Victorinox.jpg\",\"datePublished\":\"2025-03-13T14:04:04+00:00\",\"dateModified\":\"2026-03-02T12:23:46+00:00\",\"description\":\"Das Victorinox Taschenmesser Classic mit 7 Funktionen ist ein praktischer Begleiter f\u00fcr den Alltag und pr\u00e4sentiert sich im exklusiven Hirslanden Look.\",\"breadcrumb\":{\"@id\":\"https:\/\/shop.hirslanden.ch\/shop\/produkt\/victorinox-taschenmesser\/#breadcrumb\"},\"inLanguage\":\"de\",\"potentialAction\":[{\"@type\":\"ReadAction\",\"target\":[\"https:\/\/shop.hirslanden.ch\/shop\/produkt\/victorinox-taschenmesser\/\"]}]},{\"@type\":\"ImageObject\",\"inLanguage\":\"de\",\"@id\":\"https:\/\/shop.hirslanden.ch\/shop\/produkt\/victorinox-taschenmesser\/#primaryimage\",\"url\":\"https:\/\/shop.hirslanden.ch\/shop\/wp-content\/uploads\/sites\/8\/2025\/03\/Victorinox.jpg\",\"contentUrl\":\"https:\/\/shop.hirslanden.ch\/shop\/wp-content\/uploads\/sites\/8\/2025\/03\/Victorinox.jpg\",\"width\":1500,\"height\":2000},{\"@type\":\"BreadcrumbList\",\"@id\":\"https:\/\/shop.hirslanden.ch\/shop\/produkt\/victorinox-taschenmesser\/#breadcrumb\",\"itemListElement\":[{\"@type\":\"ListItem\",\"position\":1,\"name\":\"Startseite\",\"item\":\"https:\/\/shop.hirslanden.ch\/shop\/\"},{\"@type\":\"ListItem\",\"position\":2,\"name\":\"Shop\",\"item\":\"https:\/\/shop.hirslanden.ch\/shop\/\"},{\"@type\":\"ListItem\",\"position\":3,\"name\":\"Victorinox Taschenmesser\"}]},{\"@type\":\"WebSite\",\"@id\":\"https:\/\/shop.hirslanden.ch\/shop\/#website\",\"url\":\"https:\/\/shop.hirslanden.ch\/shop\/\",\"name\":\"Hirslanden Online-Shop\",\"description\":\"Hirslanden Private Hospital Group\",\"publisher\":{\"@id\":\"https:\/\/shop.hirslanden.ch\/shop\/#organization\"},\"potentialAction\":[{\"@type\":\"SearchAction\",\"target\":{\"@type\":\"EntryPoint\",\"urlTemplate\":\"https:\/\/shop.hirslanden.ch\/shop\/?s={search_term_string}\"},\"query-input\":{\"@type\":\"PropertyValueSpecification\",\"valueRequired\":true,\"valueName\":\"search_term_string\"}}],\"inLanguage\":\"de\"},{\"@type\":\"Organization\",\"@id\":\"https:\/\/shop.hirslanden.ch\/shop\/#organization\",\"name\":\"Hirslanden Klinik Aarau\",\"url\":\"https:\/\/shop.hirslanden.ch\/shop\/\",\"logo\":{\"@type\":\"ImageObject\",\"inLanguage\":\"de\",\"@id\":\"https:\/\/shop.hirslanden.ch\/shop\/#\/schema\/logo\/image\/\",\"url\":\"https:\/\/shop.hirslanden.ch\/shop\/wp-content\/uploads\/sites\/8\/2024\/02\/cropped-shop.jpg\",\"contentUrl\":\"https:\/\/shop.hirslanden.ch\/shop\/wp-content\/uploads\/sites\/8\/2024\/02\/cropped-shop.jpg\",\"width\":512,\"height\":512,\"caption\":\"Hirslanden Klinik Aarau\"},\"image\":{\"@id\":\"https:\/\/shop.hirslanden.ch\/shop\/#\/schema\/logo\/image\/\"}}]}<\/script>\n<!-- \/ Yoast SEO plugin. -->","yoast_head_json":{"title":"Victorinox Taschenmesser - Hirslanden Online-Shop","description":"Das Victorinox Taschenmesser Classic mit 7 Funktionen ist ein praktischer Begleiter f\u00fcr den Alltag und pr\u00e4sentiert sich im exklusiven Hirslanden Look.","robots":{"index":"index","follow":"follow","max-snippet":"max-snippet:-1","max-image-preview":"max-image-preview:large","max-video-preview":"max-video-preview:-1"},"canonical":"https:\/\/shop.hirslanden.ch\/shop\/produkt\/victorinox-taschenmesser\/","og_locale":"de_DE","og_type":"article","og_title":"Victorinox Taschenmesser - Hirslanden Online-Shop","og_description":"Das Victorinox Taschenmesser Classic mit 7 Funktionen ist ein praktischer Begleiter f\u00fcr den Alltag und pr\u00e4sentiert sich im exklusiven Hirslanden Look.","og_url":"https:\/\/shop.hirslanden.ch\/shop\/produkt\/victorinox-taschenmesser\/","og_site_name":"Hirslanden Online-Shop","article_modified_time":"2026-03-02T12:23:46+00:00","og_image":[{"width":1500,"height":2000,"url":"https:\/\/shop.hirslanden.ch\/shop\/wp-content\/uploads\/sites\/8\/2025\/03\/Victorinox.jpg","type":"image\/jpeg"}],"twitter_card":"summary_large_image","twitter_misc":{"Gesch\u00e4tzte Lesezeit":"1\u00a0Minute"},"schema":{"@context":"https:\/\/schema.org","@graph":[{"@type":"WebPage","@id":"https:\/\/shop.hirslanden.ch\/shop\/produkt\/victorinox-taschenmesser\/","url":"https:\/\/shop.hirslanden.ch\/shop\/produkt\/victorinox-taschenmesser\/","name":"Victorinox Taschenmesser - Hirslanden Online-Shop","isPartOf":{"@id":"https:\/\/shop.hirslanden.ch\/shop\/#website"},"primaryImageOfPage":{"@id":"https:\/\/shop.hirslanden.ch\/shop\/produkt\/victorinox-taschenmesser\/#primaryimage"},"image":{"@id":"https:\/\/shop.hirslanden.ch\/shop\/produkt\/victorinox-taschenmesser\/#primaryimage"},"thumbnailUrl":"https:\/\/shop.hirslanden.ch\/shop\/wp-content\/uploads\/sites\/8\/2025\/03\/Victorinox.jpg","datePublished":"2025-03-13T14:04:04+00:00","dateModified":"2026-03-02T12:23:46+00:00","description":"Das Victorinox Taschenmesser Classic mit 7 Funktionen ist ein praktischer Begleiter f\u00fcr den Alltag und pr\u00e4sentiert sich im exklusiven Hirslanden Look.","breadcrumb":{"@id":"https:\/\/shop.hirslanden.ch\/shop\/produkt\/victorinox-taschenmesser\/#breadcrumb"},"inLanguage":"de","potentialAction":[{"@type":"ReadAction","target":["https:\/\/shop.hirslanden.ch\/shop\/produkt\/victorinox-taschenmesser\/"]}]},{"@type":"ImageObject","inLanguage":"de","@id":"https:\/\/shop.hirslanden.ch\/shop\/produkt\/victorinox-taschenmesser\/#primaryimage","url":"https:\/\/shop.hirslanden.ch\/shop\/wp-content\/uploads\/sites\/8\/2025\/03\/Victorinox.jpg","contentUrl":"https:\/\/shop.hirslanden.ch\/shop\/wp-content\/uploads\/sites\/8\/2025\/03\/Victorinox.jpg","width":1500,"height":2000},{"@type":"BreadcrumbList","@id":"https:\/\/shop.hirslanden.ch\/shop\/produkt\/victorinox-taschenmesser\/#breadcrumb","itemListElement":[{"@type":"ListItem","position":1,"name":"Startseite","item":"https:\/\/shop.hirslanden.ch\/shop\/"},{"@type":"ListItem","position":2,"name":"Shop","item":"https:\/\/shop.hirslanden.ch\/shop\/"},{"@type":"ListItem","position":3,"name":"Victorinox Taschenmesser"}]},{"@type":"WebSite","@id":"https:\/\/shop.hirslanden.ch\/shop\/#website","url":"https:\/\/shop.hirslanden.ch\/shop\/","name":"Hirslanden Online-Shop","description":"Hirslanden Private Hospital Group","publisher":{"@id":"https:\/\/shop.hirslanden.ch\/shop\/#organization"},"potentialAction":[{"@type":"SearchAction","target":{"@type":"EntryPoint","urlTemplate":"https:\/\/shop.hirslanden.ch\/shop\/?s={search_term_string}"},"query-input":{"@type":"PropertyValueSpecification","valueRequired":true,"valueName":"search_term_string"}}],"inLanguage":"de"},{"@type":"Organization","@id":"https:\/\/shop.hirslanden.ch\/shop\/#organization","name":"Hirslanden Klinik Aarau","url":"https:\/\/shop.hirslanden.ch\/shop\/","logo":{"@type":"ImageObject","inLanguage":"de","@id":"https:\/\/shop.hirslanden.ch\/shop\/#\/schema\/logo\/image\/","url":"https:\/\/shop.hirslanden.ch\/shop\/wp-content\/uploads\/sites\/8\/2024\/02\/cropped-shop.jpg","contentUrl":"https:\/\/shop.hirslanden.ch\/shop\/wp-content\/uploads\/sites\/8\/2024\/02\/cropped-shop.jpg","width":512,"height":512,"caption":"Hirslanden Klinik Aarau"},"image":{"@id":"https:\/\/shop.hirslanden.ch\/shop\/#\/schema\/logo\/image\/"}}]}},"_links":{"self":[{"href":"https:\/\/shop.hirslanden.ch\/shop\/wp-json\/wp\/v2\/product\/1305","targetHints":{"allow":["GET"]}}],"collection":[{"href":"https:\/\/shop.hirslanden.ch\/shop\/wp-json\/wp\/v2\/product"}],"about":[{"href":"https:\/\/shop.hirslanden.ch\/shop\/wp-json\/wp\/v2\/types\/product"}],"replies":[{"embeddable":true,"href":"https:\/\/shop.hirslanden.ch\/shop\/wp-json\/wp\/v2\/comments?post=1305"}],"wp:featuredmedia":[{"embeddable":true,"href":"https:\/\/shop.hirslanden.ch\/shop\/wp-json\/wp\/v2\/media\/1421"}],"wp:attachment":[{"href":"https:\/\/shop.hirslanden.ch\/shop\/wp-json\/wp\/v2\/media?parent=1305"}],"wp:term":[{"taxonomy":"product_brand","embeddable":true,"href":"https:\/\/shop.hirslanden.ch\/shop\/wp-json\/wp\/v2\/product_brand?post=1305"},{"taxonomy":"product_cat","embeddable":true,"href":"https:\/\/shop.hirslanden.ch\/shop\/wp-json\/wp\/v2\/product_cat?post=1305"},{"taxonomy":"product_tag","embeddable":true,"href":"https:\/\/shop.hirslanden.ch\/shop\/wp-json\/wp\/v2\/product_tag?post=1305"}],"curies":[{"name":"wp","href":"https:\/\/api.w.org\/{rel}","templated":true}]}}