{"id":1303,"date":"2025-03-13T14:55:56","date_gmt":"2025-03-13T13:55:56","guid":{"rendered":"https:\/\/shop.hirslanden.ch\/shop\/produkt\/stoffrucksack\/"},"modified":"2025-03-13T14:59:13","modified_gmt":"2025-03-13T13:59:13","slug":"stoffrucksack","status":"publish","type":"product","link":"https:\/\/shop.hirslanden.ch\/shop\/produkt\/stoffrucksack\/?lang=fr","title":{"rendered":"Sac \u00e0 dos en tissue"},"content":{"rendered":"<p>Ce sac \u00e0 dos en tissu durable et de haute qualit\u00e9, de couleur naturelle et orn\u00e9 du logo Hirslanden, s\u00e9duit par son design bien pens\u00e9. Il dispose d&#8217;un fond rembourr\u00e9 pour une protection suppl\u00e9mentaire ainsi que d&#8217;une poche zipp\u00e9e pratique \u00e0 l&#8217;arri\u00e8re. Les bretelles rembourr\u00e9es et r\u00e9glables en longueur assurent un grand confort de port.<\/p>\n<ul>\n<li>Mat\u00e9riaux : M\u00e9lange coton-polyester, sans PVC.<\/li>\n<li>Hauteur : 43 cm<\/li>\n<li>Largeur : 28 cm<\/li>\n<li>Profondeur : 14 cm<\/li>\n<li>Volume : 16 litres<\/li>\n<\/ul>\n","protected":false},"excerpt":{"rendered":"<p>Ce sac \u00e0 dos en tissu durable et de haute qualit\u00e9, de couleur naturelle et orn\u00e9 du logo Hirslanden, s\u00e9duit par son design bien pens\u00e9. Il dispose d&#8217;un fond rembourr\u00e9 pour une protection suppl\u00e9mentaire ainsi que d&#8217;une poche zipp\u00e9e pratique \u00e0 l&#8217;arri\u00e8re. Les bretelles rembourr\u00e9es et r\u00e9glables en longueur assurent un grand confort de port. [&hellip;]<\/p>\n","protected":false},"featured_media":1403,"comment_status":"open","ping_status":"closed","template":"","meta":{"_acf_changed":false},"product_brand":[],"product_cat":[80],"product_tag":[],"class_list":{"0":"post-1303","1":"product","2":"type-product","3":"status-publish","4":"has-post-thumbnail","6":"product_cat-accessoires-fr","8":"first","9":"instock","10":"taxable","11":"shipping-taxable","12":"purchasable","13":"product-type-simple"},"acf":[],"yoast_head":"<!-- This site is optimized with the Yoast SEO plugin v27.2 - https:\/\/yoast.com\/product\/yoast-seo-wordpress\/ -->\n<title>Sac \u00e0 dos en tissue - Hirslanden Online-Shop<\/title>\n<meta name=\"description\" content=\"Ce sac \u00e0 dos en tissu durable et de haute qualit\u00e9, de couleur naturelle et orn\u00e9 du logo Hirslanden, s\u00e9duit par son design bien pens\u00e9.\" \/>\n<meta name=\"robots\" content=\"index, follow, max-snippet:-1, max-image-preview:large, max-video-preview:-1\" \/>\n<link rel=\"canonical\" href=\"https:\/\/shop.hirslanden.ch\/shop\/produkt\/stoffrucksack\/?lang=fr\" \/>\n<meta property=\"og:locale\" content=\"de_DE\" \/>\n<meta property=\"og:type\" content=\"article\" \/>\n<meta property=\"og:title\" content=\"Sac \u00e0 dos en tissue - Hirslanden Online-Shop\" \/>\n<meta property=\"og:description\" content=\"Ce sac \u00e0 dos en tissu durable et de haute qualit\u00e9, de couleur naturelle et orn\u00e9 du logo Hirslanden, s\u00e9duit par son design bien pens\u00e9.\" \/>\n<meta property=\"og:url\" content=\"https:\/\/shop.hirslanden.ch\/shop\/produkt\/stoffrucksack\/?lang=fr\" \/>\n<meta property=\"og:site_name\" content=\"Hirslanden Online-Shop\" \/>\n<meta property=\"article:modified_time\" content=\"2025-03-13T13:59:13+00:00\" \/>\n<meta property=\"og:image\" content=\"https:\/\/shop.hirslanden.ch\/shop\/wp-content\/uploads\/sites\/8\/2025\/03\/Rucksack.jpg\" \/>\n\t<meta property=\"og:image:width\" content=\"496\" \/>\n\t<meta property=\"og:image:height\" content=\"587\" \/>\n\t<meta property=\"og:image:type\" content=\"image\/jpeg\" \/>\n<meta name=\"twitter:card\" content=\"summary_large_image\" \/>\n<meta name=\"twitter:label1\" content=\"Gesch\u00e4tzte Lesezeit\" \/>\n\t<meta name=\"twitter:data1\" content=\"1\u00a0Minute\" \/>\n<script type=\"application\/ld+json\" class=\"yoast-schema-graph\">{\"@context\":\"https:\/\/schema.org\",\"@graph\":[{\"@type\":\"WebPage\",\"@id\":\"https:\/\/shop.hirslanden.ch\/shop\/produkt\/stoffrucksack\/?lang=fr\",\"url\":\"https:\/\/shop.hirslanden.ch\/shop\/produkt\/stoffrucksack\/?lang=fr\",\"name\":\"Sac \u00e0 dos en tissue - Hirslanden Online-Shop\",\"isPartOf\":{\"@id\":\"https:\/\/shop.hirslanden.ch\/shop\/#website\"},\"primaryImageOfPage\":{\"@id\":\"https:\/\/shop.hirslanden.ch\/shop\/produkt\/stoffrucksack\/?lang=fr#primaryimage\"},\"image\":{\"@id\":\"https:\/\/shop.hirslanden.ch\/shop\/produkt\/stoffrucksack\/?lang=fr#primaryimage\"},\"thumbnailUrl\":\"https:\/\/shop.hirslanden.ch\/shop\/wp-content\/uploads\/sites\/8\/2025\/03\/Rucksack3.jpg\",\"datePublished\":\"2025-03-13T13:55:56+00:00\",\"dateModified\":\"2025-03-13T13:59:13+00:00\",\"description\":\"Ce sac \u00e0 dos en tissu durable et de haute qualit\u00e9, de couleur naturelle et orn\u00e9 du logo Hirslanden, s\u00e9duit par son design bien pens\u00e9.\",\"breadcrumb\":{\"@id\":\"https:\/\/shop.hirslanden.ch\/shop\/produkt\/stoffrucksack\/?lang=fr#breadcrumb\"},\"inLanguage\":\"de\",\"potentialAction\":[{\"@type\":\"ReadAction\",\"target\":[\"https:\/\/shop.hirslanden.ch\/shop\/produkt\/stoffrucksack\/?lang=fr\"]}]},{\"@type\":\"ImageObject\",\"inLanguage\":\"de\",\"@id\":\"https:\/\/shop.hirslanden.ch\/shop\/produkt\/stoffrucksack\/?lang=fr#primaryimage\",\"url\":\"https:\/\/shop.hirslanden.ch\/shop\/wp-content\/uploads\/sites\/8\/2025\/03\/Rucksack3.jpg\",\"contentUrl\":\"https:\/\/shop.hirslanden.ch\/shop\/wp-content\/uploads\/sites\/8\/2025\/03\/Rucksack3.jpg\",\"width\":600,\"height\":800},{\"@type\":\"BreadcrumbList\",\"@id\":\"https:\/\/shop.hirslanden.ch\/shop\/produkt\/stoffrucksack\/?lang=fr#breadcrumb\",\"itemListElement\":[{\"@type\":\"ListItem\",\"position\":1,\"name\":\"Startseite\",\"item\":\"https:\/\/shop.hirslanden.ch\/shop\/\"},{\"@type\":\"ListItem\",\"position\":2,\"name\":\"Shop\",\"item\":\"https:\/\/shop.hirslanden.ch\/shop\/\"},{\"@type\":\"ListItem\",\"position\":3,\"name\":\"Sac \u00e0 dos en tissue\"}]},{\"@type\":\"WebSite\",\"@id\":\"https:\/\/shop.hirslanden.ch\/shop\/#website\",\"url\":\"https:\/\/shop.hirslanden.ch\/shop\/\",\"name\":\"Hirslanden Online-Shop\",\"description\":\"Hirslanden Private Hospital Group\",\"publisher\":{\"@id\":\"https:\/\/shop.hirslanden.ch\/shop\/#organization\"},\"potentialAction\":[{\"@type\":\"SearchAction\",\"target\":{\"@type\":\"EntryPoint\",\"urlTemplate\":\"https:\/\/shop.hirslanden.ch\/shop\/?s={search_term_string}\"},\"query-input\":{\"@type\":\"PropertyValueSpecification\",\"valueRequired\":true,\"valueName\":\"search_term_string\"}}],\"inLanguage\":\"de\"},{\"@type\":\"Organization\",\"@id\":\"https:\/\/shop.hirslanden.ch\/shop\/#organization\",\"name\":\"Hirslanden Klinik Aarau\",\"url\":\"https:\/\/shop.hirslanden.ch\/shop\/\",\"logo\":{\"@type\":\"ImageObject\",\"inLanguage\":\"de\",\"@id\":\"https:\/\/shop.hirslanden.ch\/shop\/#\/schema\/logo\/image\/\",\"url\":\"https:\/\/shop.hirslanden.ch\/shop\/wp-content\/uploads\/sites\/8\/2024\/02\/cropped-shop.jpg\",\"contentUrl\":\"https:\/\/shop.hirslanden.ch\/shop\/wp-content\/uploads\/sites\/8\/2024\/02\/cropped-shop.jpg\",\"width\":512,\"height\":512,\"caption\":\"Hirslanden Klinik Aarau\"},\"image\":{\"@id\":\"https:\/\/shop.hirslanden.ch\/shop\/#\/schema\/logo\/image\/\"}}]}<\/script>\n<!-- \/ Yoast SEO plugin. -->","yoast_head_json":{"title":"Sac \u00e0 dos en tissue - Hirslanden Online-Shop","description":"Ce sac \u00e0 dos en tissu durable et de haute qualit\u00e9, de couleur naturelle et orn\u00e9 du logo Hirslanden, s\u00e9duit par son design bien pens\u00e9.","robots":{"index":"index","follow":"follow","max-snippet":"max-snippet:-1","max-image-preview":"max-image-preview:large","max-video-preview":"max-video-preview:-1"},"canonical":"https:\/\/shop.hirslanden.ch\/shop\/produkt\/stoffrucksack\/?lang=fr","og_locale":"de_DE","og_type":"article","og_title":"Sac \u00e0 dos en tissue - Hirslanden Online-Shop","og_description":"Ce sac \u00e0 dos en tissu durable et de haute qualit\u00e9, de couleur naturelle et orn\u00e9 du logo Hirslanden, s\u00e9duit par son design bien pens\u00e9.","og_url":"https:\/\/shop.hirslanden.ch\/shop\/produkt\/stoffrucksack\/?lang=fr","og_site_name":"Hirslanden Online-Shop","article_modified_time":"2025-03-13T13:59:13+00:00","og_image":[{"width":496,"height":587,"url":"https:\/\/shop.hirslanden.ch\/shop\/wp-content\/uploads\/sites\/8\/2025\/03\/Rucksack.jpg","type":"image\/jpeg"}],"twitter_card":"summary_large_image","twitter_misc":{"Gesch\u00e4tzte Lesezeit":"1\u00a0Minute"},"schema":{"@context":"https:\/\/schema.org","@graph":[{"@type":"WebPage","@id":"https:\/\/shop.hirslanden.ch\/shop\/produkt\/stoffrucksack\/?lang=fr","url":"https:\/\/shop.hirslanden.ch\/shop\/produkt\/stoffrucksack\/?lang=fr","name":"Sac \u00e0 dos en tissue - Hirslanden Online-Shop","isPartOf":{"@id":"https:\/\/shop.hirslanden.ch\/shop\/#website"},"primaryImageOfPage":{"@id":"https:\/\/shop.hirslanden.ch\/shop\/produkt\/stoffrucksack\/?lang=fr#primaryimage"},"image":{"@id":"https:\/\/shop.hirslanden.ch\/shop\/produkt\/stoffrucksack\/?lang=fr#primaryimage"},"thumbnailUrl":"https:\/\/shop.hirslanden.ch\/shop\/wp-content\/uploads\/sites\/8\/2025\/03\/Rucksack3.jpg","datePublished":"2025-03-13T13:55:56+00:00","dateModified":"2025-03-13T13:59:13+00:00","description":"Ce sac \u00e0 dos en tissu durable et de haute qualit\u00e9, de couleur naturelle et orn\u00e9 du logo Hirslanden, s\u00e9duit par son design bien pens\u00e9.","breadcrumb":{"@id":"https:\/\/shop.hirslanden.ch\/shop\/produkt\/stoffrucksack\/?lang=fr#breadcrumb"},"inLanguage":"de","potentialAction":[{"@type":"ReadAction","target":["https:\/\/shop.hirslanden.ch\/shop\/produkt\/stoffrucksack\/?lang=fr"]}]},{"@type":"ImageObject","inLanguage":"de","@id":"https:\/\/shop.hirslanden.ch\/shop\/produkt\/stoffrucksack\/?lang=fr#primaryimage","url":"https:\/\/shop.hirslanden.ch\/shop\/wp-content\/uploads\/sites\/8\/2025\/03\/Rucksack3.jpg","contentUrl":"https:\/\/shop.hirslanden.ch\/shop\/wp-content\/uploads\/sites\/8\/2025\/03\/Rucksack3.jpg","width":600,"height":800},{"@type":"BreadcrumbList","@id":"https:\/\/shop.hirslanden.ch\/shop\/produkt\/stoffrucksack\/?lang=fr#breadcrumb","itemListElement":[{"@type":"ListItem","position":1,"name":"Startseite","item":"https:\/\/shop.hirslanden.ch\/shop\/"},{"@type":"ListItem","position":2,"name":"Shop","item":"https:\/\/shop.hirslanden.ch\/shop\/"},{"@type":"ListItem","position":3,"name":"Sac \u00e0 dos en tissue"}]},{"@type":"WebSite","@id":"https:\/\/shop.hirslanden.ch\/shop\/#website","url":"https:\/\/shop.hirslanden.ch\/shop\/","name":"Hirslanden Online-Shop","description":"Hirslanden Private Hospital Group","publisher":{"@id":"https:\/\/shop.hirslanden.ch\/shop\/#organization"},"potentialAction":[{"@type":"SearchAction","target":{"@type":"EntryPoint","urlTemplate":"https:\/\/shop.hirslanden.ch\/shop\/?s={search_term_string}"},"query-input":{"@type":"PropertyValueSpecification","valueRequired":true,"valueName":"search_term_string"}}],"inLanguage":"de"},{"@type":"Organization","@id":"https:\/\/shop.hirslanden.ch\/shop\/#organization","name":"Hirslanden Klinik Aarau","url":"https:\/\/shop.hirslanden.ch\/shop\/","logo":{"@type":"ImageObject","inLanguage":"de","@id":"https:\/\/shop.hirslanden.ch\/shop\/#\/schema\/logo\/image\/","url":"https:\/\/shop.hirslanden.ch\/shop\/wp-content\/uploads\/sites\/8\/2024\/02\/cropped-shop.jpg","contentUrl":"https:\/\/shop.hirslanden.ch\/shop\/wp-content\/uploads\/sites\/8\/2024\/02\/cropped-shop.jpg","width":512,"height":512,"caption":"Hirslanden Klinik Aarau"},"image":{"@id":"https:\/\/shop.hirslanden.ch\/shop\/#\/schema\/logo\/image\/"}}]}},"_links":{"self":[{"href":"https:\/\/shop.hirslanden.ch\/shop\/wp-json\/wp\/v2\/product\/1303","targetHints":{"allow":["GET"]}}],"collection":[{"href":"https:\/\/shop.hirslanden.ch\/shop\/wp-json\/wp\/v2\/product"}],"about":[{"href":"https:\/\/shop.hirslanden.ch\/shop\/wp-json\/wp\/v2\/types\/product"}],"replies":[{"embeddable":true,"href":"https:\/\/shop.hirslanden.ch\/shop\/wp-json\/wp\/v2\/comments?post=1303"}],"wp:featuredmedia":[{"embeddable":true,"href":"https:\/\/shop.hirslanden.ch\/shop\/wp-json\/wp\/v2\/media\/1403"}],"wp:attachment":[{"href":"https:\/\/shop.hirslanden.ch\/shop\/wp-json\/wp\/v2\/media?parent=1303"}],"wp:term":[{"taxonomy":"product_brand","embeddable":true,"href":"https:\/\/shop.hirslanden.ch\/shop\/wp-json\/wp\/v2\/product_brand?post=1303"},{"taxonomy":"product_cat","embeddable":true,"href":"https:\/\/shop.hirslanden.ch\/shop\/wp-json\/wp\/v2\/product_cat?post=1303"},{"taxonomy":"product_tag","embeddable":true,"href":"https:\/\/shop.hirslanden.ch\/shop\/wp-json\/wp\/v2\/product_tag?post=1303"}],"curies":[{"name":"wp","href":"https:\/\/api.w.org\/{rel}","templated":true}]}}