{"id":1299,"date":"2025-03-13T14:55:56","date_gmt":"2025-03-13T13:55:56","guid":{"rendered":"https:\/\/shop.hirslanden.ch\/shop\/?post_type=product&#038;p=1299"},"modified":"2026-03-28T15:01:09","modified_gmt":"2026-03-28T14:01:09","slug":"stoffrucksack","status":"publish","type":"product","link":"https:\/\/shop.hirslanden.ch\/shop\/produkt\/stoffrucksack\/","title":{"rendered":"Stoffrucksack"},"content":{"rendered":"<p>Dieser nachhaltige und hochwertige Stoff-Rucksack in nat\u00fcrlicher Farbgebung mit Hirslanden Logo \u00fcberzeugt durch sein durchdachtes Design. Er verf\u00fcgt \u00fcber einen gepolsterten Boden f\u00fcr zus\u00e4tzlichen Schutz sowie ein praktisches Reissverschlussfach auf der R\u00fcckseite. Die gepolsterten, l\u00e4ngenverstellbaren Schultergurte sorgen f\u00fcr hohen Tragekomfort.<\/p>\n<ul>\n<li>Material: Baumwoll-Polyester-Mix, PVC-frei.<\/li>\n<li>H\u00f6he: 43 cm<\/li>\n<li>Breite: 28 cm<\/li>\n<li>Tiefe: 14 cm<\/li>\n<li>Volumen: 16 Liter<\/li>\n<\/ul>\n","protected":false},"excerpt":{"rendered":"<p>Dieser nachhaltige und hochwertige Stoff-Rucksack in nat\u00fcrlicher Farbgebung mit Hirslanden Logo \u00fcberzeugt durch sein durchdachtes Design. Er verf\u00fcgt \u00fcber einen gepolsterten Boden f\u00fcr zus\u00e4tzlichen Schutz sowie ein praktisches Reissverschlussfach auf der R\u00fcckseite. Die gepolsterten, l\u00e4ngenverstellbaren Schultergurte sorgen f\u00fcr hohen Tragekomfort. Material: Baumwoll-Polyester-Mix, PVC-frei. H\u00f6he: 43 cm Breite: 28 cm Tiefe: 14 cm Volumen: 16 Liter<\/p>\n","protected":false},"featured_media":1401,"comment_status":"open","ping_status":"closed","template":"","meta":{"_acf_changed":false},"product_brand":[],"product_cat":[79],"product_tag":[],"class_list":{"0":"post-1299","1":"product","2":"type-product","3":"status-publish","4":"has-post-thumbnail","6":"product_cat-accessoires","8":"first","9":"instock","10":"taxable","11":"shipping-taxable","12":"purchasable","13":"product-type-simple"},"acf":[],"yoast_head":"<!-- This site is optimized with the Yoast SEO plugin v27.2 - https:\/\/yoast.com\/product\/yoast-seo-wordpress\/ -->\n<title>Stoffrucksack - Hirslanden Online-Shop<\/title>\n<meta name=\"description\" content=\"Dieser nachhaltige und hochwertige Stoff-Rucksack in nat\u00fcrlicher Farbgebung mit Hirslanden Logo \u00fcberzeugt durch sein durchdachtes Design.\" \/>\n<meta name=\"robots\" content=\"index, follow, max-snippet:-1, max-image-preview:large, max-video-preview:-1\" \/>\n<link rel=\"canonical\" href=\"https:\/\/shop.hirslanden.ch\/shop\/produkt\/stoffrucksack\/\" \/>\n<meta property=\"og:locale\" content=\"de_DE\" \/>\n<meta property=\"og:type\" content=\"article\" \/>\n<meta property=\"og:title\" content=\"Stoffrucksack - Hirslanden Online-Shop\" \/>\n<meta property=\"og:description\" content=\"Dieser nachhaltige und hochwertige Stoff-Rucksack in nat\u00fcrlicher Farbgebung mit Hirslanden Logo \u00fcberzeugt durch sein durchdachtes Design.\" \/>\n<meta property=\"og:url\" content=\"https:\/\/shop.hirslanden.ch\/shop\/produkt\/stoffrucksack\/\" \/>\n<meta property=\"og:site_name\" content=\"Hirslanden Online-Shop\" \/>\n<meta property=\"article:modified_time\" content=\"2026-03-28T14:01:09+00:00\" \/>\n<meta property=\"og:image\" content=\"https:\/\/shop.hirslanden.ch\/shop\/wp-content\/uploads\/sites\/8\/2025\/03\/Rucksack3.jpg\" \/>\n\t<meta property=\"og:image:width\" content=\"600\" \/>\n\t<meta property=\"og:image:height\" content=\"800\" \/>\n\t<meta property=\"og:image:type\" content=\"image\/jpeg\" \/>\n<meta name=\"twitter:card\" content=\"summary_large_image\" \/>\n<meta name=\"twitter:label1\" content=\"Gesch\u00e4tzte Lesezeit\" \/>\n\t<meta name=\"twitter:data1\" content=\"1\u00a0Minute\" \/>\n<script type=\"application\/ld+json\" class=\"yoast-schema-graph\">{\"@context\":\"https:\/\/schema.org\",\"@graph\":[{\"@type\":\"WebPage\",\"@id\":\"https:\/\/shop.hirslanden.ch\/shop\/produkt\/stoffrucksack\/\",\"url\":\"https:\/\/shop.hirslanden.ch\/shop\/produkt\/stoffrucksack\/\",\"name\":\"Stoffrucksack - Hirslanden Online-Shop\",\"isPartOf\":{\"@id\":\"https:\/\/shop.hirslanden.ch\/shop\/#website\"},\"primaryImageOfPage\":{\"@id\":\"https:\/\/shop.hirslanden.ch\/shop\/produkt\/stoffrucksack\/#primaryimage\"},\"image\":{\"@id\":\"https:\/\/shop.hirslanden.ch\/shop\/produkt\/stoffrucksack\/#primaryimage\"},\"thumbnailUrl\":\"https:\/\/shop.hirslanden.ch\/shop\/wp-content\/uploads\/sites\/8\/2025\/03\/Rucksack3.jpg\",\"datePublished\":\"2025-03-13T13:55:56+00:00\",\"dateModified\":\"2026-03-28T14:01:09+00:00\",\"description\":\"Dieser nachhaltige und hochwertige Stoff-Rucksack in nat\u00fcrlicher Farbgebung mit Hirslanden Logo \u00fcberzeugt durch sein durchdachtes Design.\",\"breadcrumb\":{\"@id\":\"https:\/\/shop.hirslanden.ch\/shop\/produkt\/stoffrucksack\/#breadcrumb\"},\"inLanguage\":\"de\",\"potentialAction\":[{\"@type\":\"ReadAction\",\"target\":[\"https:\/\/shop.hirslanden.ch\/shop\/produkt\/stoffrucksack\/\"]}]},{\"@type\":\"ImageObject\",\"inLanguage\":\"de\",\"@id\":\"https:\/\/shop.hirslanden.ch\/shop\/produkt\/stoffrucksack\/#primaryimage\",\"url\":\"https:\/\/shop.hirslanden.ch\/shop\/wp-content\/uploads\/sites\/8\/2025\/03\/Rucksack3.jpg\",\"contentUrl\":\"https:\/\/shop.hirslanden.ch\/shop\/wp-content\/uploads\/sites\/8\/2025\/03\/Rucksack3.jpg\",\"width\":600,\"height\":800},{\"@type\":\"BreadcrumbList\",\"@id\":\"https:\/\/shop.hirslanden.ch\/shop\/produkt\/stoffrucksack\/#breadcrumb\",\"itemListElement\":[{\"@type\":\"ListItem\",\"position\":1,\"name\":\"Startseite\",\"item\":\"https:\/\/shop.hirslanden.ch\/shop\/\"},{\"@type\":\"ListItem\",\"position\":2,\"name\":\"Shop\",\"item\":\"https:\/\/shop.hirslanden.ch\/shop\/\"},{\"@type\":\"ListItem\",\"position\":3,\"name\":\"Stoffrucksack\"}]},{\"@type\":\"WebSite\",\"@id\":\"https:\/\/shop.hirslanden.ch\/shop\/#website\",\"url\":\"https:\/\/shop.hirslanden.ch\/shop\/\",\"name\":\"Hirslanden Online-Shop\",\"description\":\"Hirslanden Private Hospital Group\",\"publisher\":{\"@id\":\"https:\/\/shop.hirslanden.ch\/shop\/#organization\"},\"potentialAction\":[{\"@type\":\"SearchAction\",\"target\":{\"@type\":\"EntryPoint\",\"urlTemplate\":\"https:\/\/shop.hirslanden.ch\/shop\/?s={search_term_string}\"},\"query-input\":{\"@type\":\"PropertyValueSpecification\",\"valueRequired\":true,\"valueName\":\"search_term_string\"}}],\"inLanguage\":\"de\"},{\"@type\":\"Organization\",\"@id\":\"https:\/\/shop.hirslanden.ch\/shop\/#organization\",\"name\":\"Hirslanden Klinik Aarau\",\"url\":\"https:\/\/shop.hirslanden.ch\/shop\/\",\"logo\":{\"@type\":\"ImageObject\",\"inLanguage\":\"de\",\"@id\":\"https:\/\/shop.hirslanden.ch\/shop\/#\/schema\/logo\/image\/\",\"url\":\"https:\/\/shop.hirslanden.ch\/shop\/wp-content\/uploads\/sites\/8\/2024\/02\/cropped-shop.jpg\",\"contentUrl\":\"https:\/\/shop.hirslanden.ch\/shop\/wp-content\/uploads\/sites\/8\/2024\/02\/cropped-shop.jpg\",\"width\":512,\"height\":512,\"caption\":\"Hirslanden Klinik Aarau\"},\"image\":{\"@id\":\"https:\/\/shop.hirslanden.ch\/shop\/#\/schema\/logo\/image\/\"}}]}<\/script>\n<!-- \/ Yoast SEO plugin. -->","yoast_head_json":{"title":"Stoffrucksack - Hirslanden Online-Shop","description":"Dieser nachhaltige und hochwertige Stoff-Rucksack in nat\u00fcrlicher Farbgebung mit Hirslanden Logo \u00fcberzeugt durch sein durchdachtes Design.","robots":{"index":"index","follow":"follow","max-snippet":"max-snippet:-1","max-image-preview":"max-image-preview:large","max-video-preview":"max-video-preview:-1"},"canonical":"https:\/\/shop.hirslanden.ch\/shop\/produkt\/stoffrucksack\/","og_locale":"de_DE","og_type":"article","og_title":"Stoffrucksack - Hirslanden Online-Shop","og_description":"Dieser nachhaltige und hochwertige Stoff-Rucksack in nat\u00fcrlicher Farbgebung mit Hirslanden Logo \u00fcberzeugt durch sein durchdachtes Design.","og_url":"https:\/\/shop.hirslanden.ch\/shop\/produkt\/stoffrucksack\/","og_site_name":"Hirslanden Online-Shop","article_modified_time":"2026-03-28T14:01:09+00:00","og_image":[{"width":600,"height":800,"url":"https:\/\/shop.hirslanden.ch\/shop\/wp-content\/uploads\/sites\/8\/2025\/03\/Rucksack3.jpg","type":"image\/jpeg"}],"twitter_card":"summary_large_image","twitter_misc":{"Gesch\u00e4tzte Lesezeit":"1\u00a0Minute"},"schema":{"@context":"https:\/\/schema.org","@graph":[{"@type":"WebPage","@id":"https:\/\/shop.hirslanden.ch\/shop\/produkt\/stoffrucksack\/","url":"https:\/\/shop.hirslanden.ch\/shop\/produkt\/stoffrucksack\/","name":"Stoffrucksack - Hirslanden Online-Shop","isPartOf":{"@id":"https:\/\/shop.hirslanden.ch\/shop\/#website"},"primaryImageOfPage":{"@id":"https:\/\/shop.hirslanden.ch\/shop\/produkt\/stoffrucksack\/#primaryimage"},"image":{"@id":"https:\/\/shop.hirslanden.ch\/shop\/produkt\/stoffrucksack\/#primaryimage"},"thumbnailUrl":"https:\/\/shop.hirslanden.ch\/shop\/wp-content\/uploads\/sites\/8\/2025\/03\/Rucksack3.jpg","datePublished":"2025-03-13T13:55:56+00:00","dateModified":"2026-03-28T14:01:09+00:00","description":"Dieser nachhaltige und hochwertige Stoff-Rucksack in nat\u00fcrlicher Farbgebung mit Hirslanden Logo \u00fcberzeugt durch sein durchdachtes Design.","breadcrumb":{"@id":"https:\/\/shop.hirslanden.ch\/shop\/produkt\/stoffrucksack\/#breadcrumb"},"inLanguage":"de","potentialAction":[{"@type":"ReadAction","target":["https:\/\/shop.hirslanden.ch\/shop\/produkt\/stoffrucksack\/"]}]},{"@type":"ImageObject","inLanguage":"de","@id":"https:\/\/shop.hirslanden.ch\/shop\/produkt\/stoffrucksack\/#primaryimage","url":"https:\/\/shop.hirslanden.ch\/shop\/wp-content\/uploads\/sites\/8\/2025\/03\/Rucksack3.jpg","contentUrl":"https:\/\/shop.hirslanden.ch\/shop\/wp-content\/uploads\/sites\/8\/2025\/03\/Rucksack3.jpg","width":600,"height":800},{"@type":"BreadcrumbList","@id":"https:\/\/shop.hirslanden.ch\/shop\/produkt\/stoffrucksack\/#breadcrumb","itemListElement":[{"@type":"ListItem","position":1,"name":"Startseite","item":"https:\/\/shop.hirslanden.ch\/shop\/"},{"@type":"ListItem","position":2,"name":"Shop","item":"https:\/\/shop.hirslanden.ch\/shop\/"},{"@type":"ListItem","position":3,"name":"Stoffrucksack"}]},{"@type":"WebSite","@id":"https:\/\/shop.hirslanden.ch\/shop\/#website","url":"https:\/\/shop.hirslanden.ch\/shop\/","name":"Hirslanden Online-Shop","description":"Hirslanden Private Hospital Group","publisher":{"@id":"https:\/\/shop.hirslanden.ch\/shop\/#organization"},"potentialAction":[{"@type":"SearchAction","target":{"@type":"EntryPoint","urlTemplate":"https:\/\/shop.hirslanden.ch\/shop\/?s={search_term_string}"},"query-input":{"@type":"PropertyValueSpecification","valueRequired":true,"valueName":"search_term_string"}}],"inLanguage":"de"},{"@type":"Organization","@id":"https:\/\/shop.hirslanden.ch\/shop\/#organization","name":"Hirslanden Klinik Aarau","url":"https:\/\/shop.hirslanden.ch\/shop\/","logo":{"@type":"ImageObject","inLanguage":"de","@id":"https:\/\/shop.hirslanden.ch\/shop\/#\/schema\/logo\/image\/","url":"https:\/\/shop.hirslanden.ch\/shop\/wp-content\/uploads\/sites\/8\/2024\/02\/cropped-shop.jpg","contentUrl":"https:\/\/shop.hirslanden.ch\/shop\/wp-content\/uploads\/sites\/8\/2024\/02\/cropped-shop.jpg","width":512,"height":512,"caption":"Hirslanden Klinik Aarau"},"image":{"@id":"https:\/\/shop.hirslanden.ch\/shop\/#\/schema\/logo\/image\/"}}]}},"_links":{"self":[{"href":"https:\/\/shop.hirslanden.ch\/shop\/wp-json\/wp\/v2\/product\/1299","targetHints":{"allow":["GET"]}}],"collection":[{"href":"https:\/\/shop.hirslanden.ch\/shop\/wp-json\/wp\/v2\/product"}],"about":[{"href":"https:\/\/shop.hirslanden.ch\/shop\/wp-json\/wp\/v2\/types\/product"}],"replies":[{"embeddable":true,"href":"https:\/\/shop.hirslanden.ch\/shop\/wp-json\/wp\/v2\/comments?post=1299"}],"wp:featuredmedia":[{"embeddable":true,"href":"https:\/\/shop.hirslanden.ch\/shop\/wp-json\/wp\/v2\/media\/1401"}],"wp:attachment":[{"href":"https:\/\/shop.hirslanden.ch\/shop\/wp-json\/wp\/v2\/media?parent=1299"}],"wp:term":[{"taxonomy":"product_brand","embeddable":true,"href":"https:\/\/shop.hirslanden.ch\/shop\/wp-json\/wp\/v2\/product_brand?post=1299"},{"taxonomy":"product_cat","embeddable":true,"href":"https:\/\/shop.hirslanden.ch\/shop\/wp-json\/wp\/v2\/product_cat?post=1299"},{"taxonomy":"product_tag","embeddable":true,"href":"https:\/\/shop.hirslanden.ch\/shop\/wp-json\/wp\/v2\/product_tag?post=1299"}],"curies":[{"name":"wp","href":"https:\/\/api.w.org\/{rel}","templated":true}]}}