{"id":571,"date":"2021-01-27T12:10:32","date_gmt":"2021-01-27T12:10:32","guid":{"rendered":"https:\/\/shop.hirslanden.ch\/shop\/agbs\/"},"modified":"2024-02-06T14:45:13","modified_gmt":"2024-02-06T13:45:13","slug":"cgv","status":"publish","type":"page","link":"https:\/\/shop.hirslanden.ch\/shop\/cgv\/?lang=fr","title":{"rendered":"CONDITIONS G\u00c9N\u00c9RALES DE VENTE (CGV) BOUTIQUE EN LIGNE"},"content":{"rendered":"\n<h1 class=\"wp-block-heading has-medium-font-size\">de Hirslanden\u00a0SA et de ses filiales<\/h1>\n\n\n\n<div style=\"height:25px\" aria-hidden=\"true\" class=\"wp-block-spacer\"><\/div>\n\n\n\n<p class=\"has-vivid-cyan-blue-color has-text-color\"><\/p>\n\n\n\n<p><strong>I.&nbsp; <strong>CHAMP D\u2019APPLICATION<\/strong><\/strong><\/p>\n\n\n\n<p>Seules les pr\u00e9sentes Conditions g\u00e9n\u00e9rales de vente (CGV) dans leur version en vigueur au moment de la commande s\u2019appliquent \u00e0 la relation commerciale entre HIRSLANDEN (ci-apr\u00e8s le \u00ab&nbsp;FOURNISSEUR&nbsp;\u00bb) et la client\u00e8le.<\/p>\n\n\n\n<p>Toutes conditions divergentes de la client\u00e8le ne sont pas reconnues, \u00e0 moins que le FOURNISSEUR ne consente express\u00e9ment par \u00e9crit \u00e0 leur application.<\/p>\n\n\n\n<p><strong>II. <strong>OFFRE ET DESCRIPTION DES PRESTATIONS<\/strong><\/strong><\/p>\n\n\n\n<p>La repr\u00e9sentation visuelle des produits dans la boutique en ligne ne constitue pas une offre juridiquement contraignante, mais une invitation \u00e0 d\u00e9poser une demande sous la forme d\u2019une commande.<\/p>\n\n\n\n<p>Les quantit\u00e9s indiqu\u00e9es sur la plateforme sont sans engagement.<\/p>\n\n\n\n<p><strong>III. <strong><strong>PROCESSUS DE COMMANDE ET CONCLUSION DU CONTRAT<\/strong><\/strong><\/strong><\/p>\n\n\n\n<p>La cliente ou le client peut s\u00e9lectionner sans engagement des produits de la gamme du FOURNISSEUR et les regrouper dans un panier en cliquant sur le bouton \u00ab&nbsp;Ajouter au panier&nbsp;\u00bb. Dans le panier, il est possible de modifier la s\u00e9lection de produits, p.&nbsp;ex. en les supprimant. La cliente ou le client peut ensuite terminer le processus de commande en cliquant, dans le panier, sur le bouton \u00ab&nbsp;Passer \u00e0 la caisse&nbsp;\u00bb.<\/p>\n\n\n\n<p>En cliquant sur le bouton de commande, la cliente ou le client d\u00e9pose une demande ferme d\u2019achat des marchandises se trouvant dans son panier. Avant d\u2019envoyer la commande, la cliente ou le client peut \u00e0 tout moment modifier et consulter les donn\u00e9es, retourner au panier \u00e0 l\u2019aide de la fonction de navigation \u00ab&nbsp;retour&nbsp;\u00bb ou annuler compl\u00e8tement le processus de commande. Les informations obligatoires sont signal\u00e9es par un ast\u00e9risque (*). Le FOURNISSEUR envoie \u00e0 la cliente ou au client une confirmation de commande avec toutes les donn\u00e9es de commande \u00e0 l\u2019adresse e-mail saisie. La confirmation de livraison constitue l\u2019acceptation valable de la commande et, par cons\u00e9quent, la conclusion du contrat.<\/p>\n\n\n\n<p id=\"lieferung\"><strong>IV. LIVRAISON ET DISPONIBILIT\u00c9 DES MARCHANDISES<\/strong><\/p>\n\n\n\n<p>Une commande pass\u00e9e sur la boutique en ligne peut \u00eatre uniquement livr\u00e9e \u00e0 une adresse de livraison situ\u00e9e en Suisse. Les dates et d\u00e9lais de livraison sont sans engagement, sauf disposition contraire expresse convenue par \u00e9crit.<\/p>\n\n\n\n<p>Le FOURNISSEUR se procure ses produits aupr\u00e8s de fournisseurs tiers. L\u2019indication de d\u00e9lais et dates de livraison par le FOURNISSEUR est sous r\u00e9serve d\u2019une livraison correcte et ponctuelle par les fournisseurs et les fabricants.<\/p>\n\n\n\n<p>Si le FOURNISSEUR n\u2019est plus en mesure de livrer, il est en droit d\u2019envoyer un produit de remplacement de m\u00eame valeur. Si cela n\u2019est pas possible, le FOURNISSEUR est en droit de r\u00e9silier le contrat et de rembourser en cons\u00e9quence les paiements d\u00e9j\u00e0 effectu\u00e9s.<\/p>\n\n\n\n<p>Le FOURNISSEUR se r\u00e9serve le droit de planifier la livraison des commandes sous forme de livraisons partielles.<\/p>\n\n\n\n<p><strong>V. PRIX, FRAIS D\u2019EXP\u00c9DITION ET INFORMATIONS DE LIVRAISON<\/strong><\/p>\n\n\n\n<p>Les prix indiqu\u00e9s sur les pages des produits incluent la TVA l\u00e9gale. Le FOURNISSEUR se r\u00e9serve le droit de modifier les prix \u00e0 tout moment. Pour les produits d\u00e9j\u00e0 command\u00e9s, les prix indiqu\u00e9s dans la confirmation de commande correspondante s\u2019appliquent.<\/p>\n\n\n\n<p>Les frais de livraison sont factur\u00e9s s\u00e9par\u00e9ment. Les frais d\u2019envoi sont offerts \u00e0 partir d\u2019une valeur de marchandises de 50&nbsp;francs. L\u2019envoi est effectu\u00e9 par la Poste&nbsp;Suisse.<\/p>\n\n\n\n<p><strong>VI. MODALIT\u00c9S DE PAIEMENT<\/strong><\/p>\n\n\n\n<p>La cliente ou le client peut choisir parmi les modes de paiement disponibles dans le cadre du processus de commande et avant la finalisation de celui-ci. Si des prestataires tiers sont charg\u00e9s du traitement des paiements, leurs conditions g\u00e9n\u00e9rales de vente s\u2019appliquent.<\/p>\n\n\n\n<p>La devise d\u00e9terminante pour les prix et le paiement des produits est le franc&nbsp;suisse (CHF).<\/p>\n\n\n\n<p>En cas de d\u00e9passement de l\u2019\u00e9ch\u00e9ance du paiement, la cliente ou le client est d\u00e9j\u00e0 en situation de d\u00e9faut de paiement sans autre rappel. Dans ce cas, la cliente ou le client doit payer les int\u00e9r\u00eats moratoires l\u00e9gaux.<\/p>\n\n\n\n<p>L\u2019obligation de la cliente ou du client de payer des int\u00e9r\u00eats moratoires n\u2019exclut pas la possibilit\u00e9 pour le FOURNISSEUR de faire valoir d\u2019autres dommages de retard.<\/p>\n\n\n\n<p><strong>VII. R\u00c9SERVE DE PROPRI\u00c9T\u00c9<\/strong><\/p>\n\n\n\n<p>Jusqu\u2019au paiement int\u00e9gral, les marchandises livr\u00e9es restent la propri\u00e9t\u00e9 du FOURNISSEUR.<\/p>\n\n\n\n<p><strong>VIII. GARANTIE, Y\u00a0C. GARANTIE EN RAISON DES D\u00c9FAUTS DE LA CHOSE<\/strong><\/p>\n\n\n\n<p>La garantie est r\u00e9gie par les prescriptions l\u00e9gales.<\/p>\n\n\n\n<p>Une garantie n\u2019existe sur les marchandises livr\u00e9es par le FOURNISSEUR que si celles-ci ont \u00e9t\u00e9 express\u00e9ment fournies. Le client est inform\u00e9 des conditions de garantie avant le lancement du processus de commande.<\/p>\n\n\n\n<p><strong>IX. RESPONSABILIT\u00c9<\/strong><\/p>\n\n\n\n<p>Le FOURNISSEUR n\u2019est responsable que des dommages r\u00e9sultant d\u2019une n\u00e9gligence grave ou d\u2019une faute intentionnelle. Le FOURNISSEUR n\u2019est pas responsable d\u2019\u00e9ventuels d\u00e9fauts cons\u00e9cutifs. La responsabilit\u00e9 selon la loi sur la responsabilit\u00e9 du fait des produits n\u2019est pas affect\u00e9e.<\/p>\n\n\n\n<p>Dans la mesure o\u00f9 la responsabilit\u00e9 du FOURNISSEUR est exclue ou limit\u00e9e, cela s\u2019applique \u00e9galement \u00e0 la responsabilit\u00e9 personnelle d\u2019\u00e9ventuels auxiliaires.<\/p>\n\n\n\n<p><strong>X. PROTECTION DES DONN\u00c9ES<\/strong><\/p>\n\n\n\n<p>En ce qui concerne les dispositions l\u00e9gales en mati\u00e8re de protection des donn\u00e9es, il est renvoy\u00e9 \u00e0 la D\u00e9claration de protection des donn\u00e9es de Hirslanden&nbsp;SA, qui peut \u00eatre consult\u00e9e \u00e0 l\u2019adresse suivante&nbsp;:<\/p>\n\n\n\n<p><a href=\"https:\/\/www.hirslanden.ch\/fr\/corporate\/declaration-de-protection-des-donnees.html\">https:\/\/www.hirslanden.ch\/fr\/corporate\/declaration-de-protection-des-donnees.html<\/a><\/p>\n\n\n\n<p><strong>XI. IDENTIFICATION<\/strong><\/p>\n\n\n\n<p>Si vous avez des questions sur les Conditions g\u00e9n\u00e9rales de vente, le FOURNISSEUR se tient \u00e0 votre disposition aux coordonn\u00e9es suivantes&nbsp;:<\/p>\n\n\n\n<p>Hirslanden Corporate Office, Boulevard Lilienthal 2, 8152 Glattpark, +41 44 388 85 85, <a href=\"mailto:shop@hirslanden.ch\">shop@hirslanden.ch<\/a><\/p>\n\n\n\n<p><strong>XII. DISPOSITIONS FINALES<\/strong><\/p>\n\n\n\n<p>Le site du FOURNISSEUR est le for exclusif pour tous les litiges r\u00e9sultant directement ou indirectement de la relation contractuelle. Le pr\u00e9sent rapport juridique est soumis au droit suisse, \u00e0 l\u2019exclusion de la Convention des Nations Unies sur les contrats de vente internationale de marchandises.<\/p>\n\n\n\n<p>Si l\u2019une ou plusieurs dispositions des pr\u00e9sentes Conditions g\u00e9n\u00e9rales de vente \u00e9taient ou venaient \u00e0 devenir nulles, cela n\u2019affectera en rien la validit\u00e9 des autres dispositions. Le FOURNISSEUR se r\u00e9serve le droit de modifier ou d\u2019adapter \u00e0 tout moment les pr\u00e9sentes Conditions g\u00e9n\u00e9rales de vente. La version actuelle s\u2019applique.<\/p>\n","protected":false},"excerpt":{"rendered":"<p>de Hirslanden\u00a0SA et de ses filiales I.&nbsp; CHAMP D\u2019APPLICATION Seules les pr\u00e9sentes Conditions g\u00e9n\u00e9rales de vente (CGV) dans leur version en vigueur au moment de la commande s\u2019appliquent \u00e0 la relation commerciale entre HIRSLANDEN (ci-apr\u00e8s le \u00ab&nbsp;FOURNISSEUR&nbsp;\u00bb) et la client\u00e8le. Toutes conditions divergentes de la client\u00e8le ne sont pas reconnues, \u00e0 moins que le FOURNISSEUR [&hellip;]<\/p>\n","protected":false},"author":1,"featured_media":0,"parent":0,"menu_order":0,"comment_status":"closed","ping_status":"closed","template":"","meta":{"_acf_changed":false,"footnotes":""},"class_list":["post-571","page","type-page","status-publish","hentry"],"acf":[],"yoast_head":"<!-- This site is optimized with the Yoast SEO plugin v27.2 - https:\/\/yoast.com\/product\/yoast-seo-wordpress\/ -->\n<title>CONDITIONS G\u00c9N\u00c9RALES DE VENTE (CGV) BOUTIQUE EN LIGNE - Hirslanden Online-Shop<\/title>\n<meta name=\"robots\" content=\"index, follow, max-snippet:-1, max-image-preview:large, max-video-preview:-1\" \/>\n<link rel=\"canonical\" href=\"https:\/\/shop.hirslanden.ch\/shop\/cgv\/?lang=fr\" \/>\n<meta property=\"og:locale\" content=\"de_DE\" \/>\n<meta property=\"og:type\" content=\"article\" \/>\n<meta property=\"og:title\" content=\"CONDITIONS G\u00c9N\u00c9RALES DE VENTE (CGV) BOUTIQUE EN LIGNE - Hirslanden Online-Shop\" \/>\n<meta property=\"og:description\" content=\"de Hirslanden\u00a0SA et de ses filiales I.&nbsp; CHAMP D\u2019APPLICATION Seules les pr\u00e9sentes Conditions g\u00e9n\u00e9rales de vente (CGV) dans leur version en vigueur au moment de la commande s\u2019appliquent \u00e0 la relation commerciale entre HIRSLANDEN (ci-apr\u00e8s le \u00ab&nbsp;FOURNISSEUR&nbsp;\u00bb) et la client\u00e8le. Toutes conditions divergentes de la client\u00e8le ne sont pas reconnues, \u00e0 moins que le FOURNISSEUR [&hellip;]\" \/>\n<meta property=\"og:url\" content=\"https:\/\/shop.hirslanden.ch\/shop\/cgv\/?lang=fr\" \/>\n<meta property=\"og:site_name\" content=\"Hirslanden Online-Shop\" \/>\n<meta property=\"article:modified_time\" content=\"2024-02-06T13:45:13+00:00\" \/>\n<meta property=\"og:image\" content=\"https:\/\/shop.hirslanden.ch\/shop\/wp-content\/uploads\/sites\/8\/2024\/02\/cropped-shop.jpg\" \/>\n\t<meta property=\"og:image:width\" content=\"512\" \/>\n\t<meta property=\"og:image:height\" content=\"512\" \/>\n\t<meta property=\"og:image:type\" content=\"image\/jpeg\" \/>\n<meta name=\"twitter:card\" content=\"summary_large_image\" \/>\n<meta name=\"twitter:label1\" content=\"Gesch\u00e4tzte Lesezeit\" \/>\n\t<meta name=\"twitter:data1\" content=\"6\u00a0Minuten\" \/>\n<script type=\"application\/ld+json\" class=\"yoast-schema-graph\">{\"@context\":\"https:\/\/schema.org\",\"@graph\":[{\"@type\":\"WebPage\",\"@id\":\"https:\/\/shop.hirslanden.ch\/shop\/cgv\/?lang=fr\",\"url\":\"https:\/\/shop.hirslanden.ch\/shop\/cgv\/?lang=fr\",\"name\":\"CONDITIONS G\u00c9N\u00c9RALES DE VENTE (CGV) BOUTIQUE EN LIGNE - Hirslanden Online-Shop\",\"isPartOf\":{\"@id\":\"https:\/\/shop.hirslanden.ch\/shop\/#website\"},\"datePublished\":\"2021-01-27T12:10:32+00:00\",\"dateModified\":\"2024-02-06T13:45:13+00:00\",\"breadcrumb\":{\"@id\":\"https:\/\/shop.hirslanden.ch\/shop\/cgv\/?lang=fr#breadcrumb\"},\"inLanguage\":\"de\",\"potentialAction\":[{\"@type\":\"ReadAction\",\"target\":[\"https:\/\/shop.hirslanden.ch\/shop\/cgv\/?lang=fr\"]}]},{\"@type\":\"BreadcrumbList\",\"@id\":\"https:\/\/shop.hirslanden.ch\/shop\/cgv\/?lang=fr#breadcrumb\",\"itemListElement\":[{\"@type\":\"ListItem\",\"position\":1,\"name\":\"Startseite\",\"item\":\"https:\/\/shop.hirslanden.ch\/shop\/\"},{\"@type\":\"ListItem\",\"position\":2,\"name\":\"CONDITIONS G\u00c9N\u00c9RALES DE VENTE (CGV) BOUTIQUE EN LIGNE\"}]},{\"@type\":\"WebSite\",\"@id\":\"https:\/\/shop.hirslanden.ch\/shop\/#website\",\"url\":\"https:\/\/shop.hirslanden.ch\/shop\/\",\"name\":\"Hirslanden Online-Shop\",\"description\":\"Hirslanden Private Hospital Group\",\"publisher\":{\"@id\":\"https:\/\/shop.hirslanden.ch\/shop\/#organization\"},\"potentialAction\":[{\"@type\":\"SearchAction\",\"target\":{\"@type\":\"EntryPoint\",\"urlTemplate\":\"https:\/\/shop.hirslanden.ch\/shop\/?s={search_term_string}\"},\"query-input\":{\"@type\":\"PropertyValueSpecification\",\"valueRequired\":true,\"valueName\":\"search_term_string\"}}],\"inLanguage\":\"de\"},{\"@type\":\"Organization\",\"@id\":\"https:\/\/shop.hirslanden.ch\/shop\/#organization\",\"name\":\"Hirslanden Klinik Aarau\",\"url\":\"https:\/\/shop.hirslanden.ch\/shop\/\",\"logo\":{\"@type\":\"ImageObject\",\"inLanguage\":\"de\",\"@id\":\"https:\/\/shop.hirslanden.ch\/shop\/#\/schema\/logo\/image\/\",\"url\":\"https:\/\/shop.hirslanden.ch\/shop\/wp-content\/uploads\/sites\/8\/2024\/02\/cropped-shop.jpg\",\"contentUrl\":\"https:\/\/shop.hirslanden.ch\/shop\/wp-content\/uploads\/sites\/8\/2024\/02\/cropped-shop.jpg\",\"width\":512,\"height\":512,\"caption\":\"Hirslanden Klinik Aarau\"},\"image\":{\"@id\":\"https:\/\/shop.hirslanden.ch\/shop\/#\/schema\/logo\/image\/\"}}]}<\/script>\n<!-- \/ Yoast SEO plugin. -->","yoast_head_json":{"title":"CONDITIONS G\u00c9N\u00c9RALES DE VENTE (CGV) BOUTIQUE EN LIGNE - Hirslanden Online-Shop","robots":{"index":"index","follow":"follow","max-snippet":"max-snippet:-1","max-image-preview":"max-image-preview:large","max-video-preview":"max-video-preview:-1"},"canonical":"https:\/\/shop.hirslanden.ch\/shop\/cgv\/?lang=fr","og_locale":"de_DE","og_type":"article","og_title":"CONDITIONS G\u00c9N\u00c9RALES DE VENTE (CGV) BOUTIQUE EN LIGNE - Hirslanden Online-Shop","og_description":"de Hirslanden\u00a0SA et de ses filiales I.&nbsp; CHAMP D\u2019APPLICATION Seules les pr\u00e9sentes Conditions g\u00e9n\u00e9rales de vente (CGV) dans leur version en vigueur au moment de la commande s\u2019appliquent \u00e0 la relation commerciale entre HIRSLANDEN (ci-apr\u00e8s le \u00ab&nbsp;FOURNISSEUR&nbsp;\u00bb) et la client\u00e8le. Toutes conditions divergentes de la client\u00e8le ne sont pas reconnues, \u00e0 moins que le FOURNISSEUR [&hellip;]","og_url":"https:\/\/shop.hirslanden.ch\/shop\/cgv\/?lang=fr","og_site_name":"Hirslanden Online-Shop","article_modified_time":"2024-02-06T13:45:13+00:00","og_image":[{"width":512,"height":512,"url":"https:\/\/shop.hirslanden.ch\/shop\/wp-content\/uploads\/sites\/8\/2024\/02\/cropped-shop.jpg","type":"image\/jpeg"}],"twitter_card":"summary_large_image","twitter_misc":{"Gesch\u00e4tzte Lesezeit":"6\u00a0Minuten"},"schema":{"@context":"https:\/\/schema.org","@graph":[{"@type":"WebPage","@id":"https:\/\/shop.hirslanden.ch\/shop\/cgv\/?lang=fr","url":"https:\/\/shop.hirslanden.ch\/shop\/cgv\/?lang=fr","name":"CONDITIONS G\u00c9N\u00c9RALES DE VENTE (CGV) BOUTIQUE EN LIGNE - Hirslanden Online-Shop","isPartOf":{"@id":"https:\/\/shop.hirslanden.ch\/shop\/#website"},"datePublished":"2021-01-27T12:10:32+00:00","dateModified":"2024-02-06T13:45:13+00:00","breadcrumb":{"@id":"https:\/\/shop.hirslanden.ch\/shop\/cgv\/?lang=fr#breadcrumb"},"inLanguage":"de","potentialAction":[{"@type":"ReadAction","target":["https:\/\/shop.hirslanden.ch\/shop\/cgv\/?lang=fr"]}]},{"@type":"BreadcrumbList","@id":"https:\/\/shop.hirslanden.ch\/shop\/cgv\/?lang=fr#breadcrumb","itemListElement":[{"@type":"ListItem","position":1,"name":"Startseite","item":"https:\/\/shop.hirslanden.ch\/shop\/"},{"@type":"ListItem","position":2,"name":"CONDITIONS G\u00c9N\u00c9RALES DE VENTE (CGV) BOUTIQUE EN LIGNE"}]},{"@type":"WebSite","@id":"https:\/\/shop.hirslanden.ch\/shop\/#website","url":"https:\/\/shop.hirslanden.ch\/shop\/","name":"Hirslanden Online-Shop","description":"Hirslanden Private Hospital Group","publisher":{"@id":"https:\/\/shop.hirslanden.ch\/shop\/#organization"},"potentialAction":[{"@type":"SearchAction","target":{"@type":"EntryPoint","urlTemplate":"https:\/\/shop.hirslanden.ch\/shop\/?s={search_term_string}"},"query-input":{"@type":"PropertyValueSpecification","valueRequired":true,"valueName":"search_term_string"}}],"inLanguage":"de"},{"@type":"Organization","@id":"https:\/\/shop.hirslanden.ch\/shop\/#organization","name":"Hirslanden Klinik Aarau","url":"https:\/\/shop.hirslanden.ch\/shop\/","logo":{"@type":"ImageObject","inLanguage":"de","@id":"https:\/\/shop.hirslanden.ch\/shop\/#\/schema\/logo\/image\/","url":"https:\/\/shop.hirslanden.ch\/shop\/wp-content\/uploads\/sites\/8\/2024\/02\/cropped-shop.jpg","contentUrl":"https:\/\/shop.hirslanden.ch\/shop\/wp-content\/uploads\/sites\/8\/2024\/02\/cropped-shop.jpg","width":512,"height":512,"caption":"Hirslanden Klinik Aarau"},"image":{"@id":"https:\/\/shop.hirslanden.ch\/shop\/#\/schema\/logo\/image\/"}}]}},"_links":{"self":[{"href":"https:\/\/shop.hirslanden.ch\/shop\/wp-json\/wp\/v2\/pages\/571","targetHints":{"allow":["GET"]}}],"collection":[{"href":"https:\/\/shop.hirslanden.ch\/shop\/wp-json\/wp\/v2\/pages"}],"about":[{"href":"https:\/\/shop.hirslanden.ch\/shop\/wp-json\/wp\/v2\/types\/page"}],"author":[{"embeddable":true,"href":"https:\/\/shop.hirslanden.ch\/shop\/wp-json\/wp\/v2\/users\/1"}],"replies":[{"embeddable":true,"href":"https:\/\/shop.hirslanden.ch\/shop\/wp-json\/wp\/v2\/comments?post=571"}],"version-history":[{"count":9,"href":"https:\/\/shop.hirslanden.ch\/shop\/wp-json\/wp\/v2\/pages\/571\/revisions"}],"predecessor-version":[{"id":1203,"href":"https:\/\/shop.hirslanden.ch\/shop\/wp-json\/wp\/v2\/pages\/571\/revisions\/1203"}],"wp:attachment":[{"href":"https:\/\/shop.hirslanden.ch\/shop\/wp-json\/wp\/v2\/media?parent=571"}],"curies":[{"name":"wp","href":"https:\/\/api.w.org\/{rel}","templated":true}]}}