{"id":141,"date":"2021-01-27T12:10:32","date_gmt":"2021-01-27T12:10:32","guid":{"rendered":"https:\/\/hirslanden.cyon.site\/aarau\/?page_id=141"},"modified":"2024-01-25T13:32:47","modified_gmt":"2024-01-25T12:32:47","slug":"agbs","status":"publish","type":"page","link":"https:\/\/shop.hirslanden.ch\/shop\/agbs\/","title":{"rendered":"ALLGEMEINE GESCH\u00c4FTSBEDINGUNGEN (AGB) ONLINE-SHOP"},"content":{"rendered":"\n<h1 class=\"wp-block-heading has-medium-font-size\">der Hirslanden AG und ihrer Tochtergesellschaften<\/h1>\n\n\n\n<div style=\"height:25px\" aria-hidden=\"true\" class=\"wp-block-spacer\"><\/div>\n\n\n\n<p class=\"has-vivid-cyan-blue-color has-text-color\"><\/p>\n\n\n\n<p><strong>I.&nbsp; GELTUNGSBEREICH<\/strong><\/p>\n\n\n\n<p>F\u00fcr die Gesch\u00e4ftsbeziehung zwischen HIRSLANDEN (nachfolgend \u00abANBIETERIN\u00bb) und der Kundschaft gelten ausschliesslich die nachfolgenden Allgemeinen Gesch\u00e4ftsbedingungen (AGB) in ihrer zum Zeitpunkt der Bestellung g\u00fcltigen Fassung.<\/p>\n\n\n\n<p>Abweichende Bedingungen der Kundschaft werden nicht anerkannt, es sei denn, die ANBIETERIN stimmt ihrer Geltung ausdr\u00fccklich schriftlich zu.<\/p>\n\n\n\n<p><strong>II. ANGEBOTE UND LEISTUNGSBESCHRIEB<\/strong><\/p>\n\n\n\n<p>Die optische Darstellung der Produkte im Online-Shop stellt kein rechtlich bindendes Angebot, sondern eine Aufforderung zur Antragsstellung in Form einer Bestellung dar.<\/p>\n\n\n\n<p>Die Mengenangaben, welche auf der Plattform angegeben werden, sind unverbindlich.<\/p>\n\n\n\n<p><strong>III. BESTELLVORGANG UND VERTRAGSABSCHLUSS<\/strong><\/p>\n\n\n\n<p>Die Kundin bzw. der Kunde kann aus dem Sortiment der ANBIETERIN Produkte unverbindlich ausw\u00e4hlen und diese \u00fcber die Schaltfl\u00e4che \u00abin den Warenkorb\u00bb in einem so genannten Warenkorb sammeln. Innerhalb des Warenkorbes kann die Produktauswahl ver\u00e4ndert, z.B. gel\u00f6scht werden. Anschliessend kann die Kundin bzw. der Kunde innerhalb des Warenkorbs \u00fcber die Schaltfl\u00e4che \u00abWeiter zur Kasse\u00bb zum Abschluss des Bestellvorgangs schreiten.<\/p>\n\n\n\n<p>\u00dcber die Schaltfl\u00e4che \u00abzahlungspflichtig bestellen\u00bb gibt die Kundin bzw. der Kunde einen verbindlichen Antrag zum Kauf der im Warenkorb befindlichen Waren ab. Vor Abschicken der Bestellung kann die Kundin bzw. der Kunde die Daten jederzeit \u00e4ndern und einsehen sowie mithilfe der Browserfunktion \u00abzur\u00fcck\u00bb zum Warenkorb zur\u00fcckgehen oder den Bestellvorgang insgesamt abbrechen. Notwendige Angaben sind mit einem Sternchen (*) gekennzeichnet. Die ANBIETERIN sendet der Kundin bzw. dem Kunden eine Bestellbest\u00e4tigung mit allen Bestelldaten an die von ihr bzw. ihm angegebene E-Mail-Adresse zu. Die Lieferbest\u00e4tigung stellt die g\u00fcltige Annahme der Bestellung und folglich den Vertragsschluss dar.<\/p>\n\n\n\n<p id=\"lieferung\"><strong>IV. LIEFERUNG, WARENVERF\u00dcGBARKEIT<\/strong><\/p>\n\n\n\n<p>Eine Bestellung auf dem Online-Shop kann nur an eine Lieferadresse in der Schweiz geliefert werden. Termine und Lieferfristen sind unverbindlich, sofern nicht ausdr\u00fccklich schriftlich etwas Anderes vereinbart wurde.<\/p>\n\n\n\n<p>Die ANBIETERIN bezieht ihre Produkte \u00fcber Drittanbieter. Die Angabe bestimmter Lieferfristen und Liefertermine durch die ANBIETERIN steht unter dem Vorbehalt der richtigen und rechtzeitigen Belieferung durch Zulieferanten und Hersteller.<\/p>\n\n\n\n<p>Sofern eine Lieferung durch diese nicht mehr m\u00f6glich ist, ist die ANBIETERIN berechtigt, ein Ersatzprodukt mit gleichem Wert zu versenden. Sofern dies nicht m\u00f6glich ist, ist die ANBIETERIN berechtigt vom Vertrag zur\u00fcckzutreten und entsprechend bereits get\u00e4tigte Zahlungen zu retournieren. Die ANBIETERIN beh\u00e4lt sich das Recht vor, die Bestellungen als Teillieferungen auszugestalten.<\/p>\n\n\n\n<p><strong>V. PREISE, VERSANDKOSTEN UND LIEFERINFORMATIONEN<\/strong><strong><\/strong><\/p>\n\n\n\n<p>Die auf den Produktseiten genannten Preise enthalten die gesetzliche Mehrwertsteuer Die ANBIETERIN beh\u00e4lt sich das Recht vor, die Preise jederzeit zu \u00e4ndern. F\u00fcr bereits bestellte Produkte gelten die Preise in der jeweiligen Bestellbest\u00e4tigung.<\/p>\n\n\n\n<p>Lieferkosten werden separat verrechnet. Ab einem Warenwert von 50 Franken entfallen die Versandkosten. Der Versand erfolgt mit der Schweizerischen Post.<\/p>\n\n\n\n<p><strong>VI. ZAHLUNGSMODALIT\u00c4TEN<\/strong><\/p>\n\n\n\n<p>Die Kundin bzw. der Kunde kann im Rahmen und vor Abschluss des Bestellvorgangs aus den zur Verf\u00fcgung stehenden Zahlungsarten w\u00e4hlen. Werden Drittanbieter mit der Zahlungsabwicklung beauftragt, gelten deren Allgemeine Gesch\u00e4ftsbedingungen.<\/p>\n\n\n\n<p>Ausschlaggebende W\u00e4hrung f\u00fcr die Preise sowie Zahlung der Produkte sind Schweizer Franken (CHF).<\/p>\n\n\n\n<p>Ist die F\u00e4lligkeit der Zahlung nach dem Kalender bestimmt, so kommt die Kundin bzw. der Kunde bereits durch Vers\u00e4umung des Termins ohne weitere Mahnung in Verzug. In diesem Fall hat die Kundin bzw. der Kunde die gesetzlichen Verzugszinsen zu zahlen.<\/p>\n\n\n\n<p>Die Verpflichtung der Kundin bzw. des Kunden zur Zahlung von Verzugszinsen schliesst die Geltendmachung weiterer Verzugssch\u00e4den durch die ANBIETERIN nicht aus.<\/p>\n\n\n\n<p><strong>VII. EIGENTUMSVORBEHALT<\/strong><\/p>\n\n\n\n<p>Bis zur vollst\u00e4ndigen Bezahlung verbleiben die gelieferten Waren im Eigentum der ANBIETERIN.<\/p>\n\n\n\n<p><strong>VIII. SACHM\u00c4NGELGEW\u00c4HRLEISTUNG UND GARANTIE<\/strong><\/p>\n\n\n\n<p>Die Gew\u00e4hrleistung bestimmt sich nach den gesetzlichen Vorschriften.<\/p>\n\n\n\n<p>Eine Garantie besteht bei den von der ANBIETERIN gelieferten Waren nur, wenn diese ausdr\u00fccklich abgegeben wurde. Die Kundschaft wird \u00fcber die Garantiebedingungen vor der Einleitung des Bestellvorgangs informiert.<\/p>\n\n\n\n<p><strong>IX. HAFTUNG<\/strong><\/p>\n\n\n\n<p>Die ANBIETERIN haftet lediglich f\u00fcr Sch\u00e4den welche durch grobe Fahrl\u00e4ssigkeit oder Vorsatz entstanden sind. F\u00fcr allf\u00e4llige Folgem\u00e4ngel haftet die ANBIETERIN nicht. Die Haftung nach dem Produkthaftungsgesetz bleibt unber\u00fchrt.<\/p>\n\n\n\n<p>Soweit die Haftung der ANBIETERIN ausgeschlossen oder beschr\u00e4nkt ist, gilt dies auch f\u00fcr die pers\u00f6nliche Haftung von allf\u00e4lligen Hilfspersonen.<\/p>\n\n\n\n<p><strong>X. DATENSCHUTZ<\/strong><\/p>\n\n\n\n<p>In Bezug auf Datenschutzrechtliche Bestimmungen wird auf die Datenschutzbestimmung der Hirslanden AG verwiesen. Diese ist unter folgendem Link abrufbar: <a href=\"https:\/\/www.hirslanden.ch\/de\/corporate\/datenschutzerklaerung.html\">https:\/\/www.hirslanden.ch\/de\/corporate\/datenschutzerklaerung.html<\/a><\/p>\n\n\n\n<p><strong>XI. IDENTIFIZIERUNG<\/strong><\/p>\n\n\n\n<p>Falls Fragen zu den Allgemeinen Gesch\u00e4ftsbedingungen bestehen, steht Ihnen die ANBIETERIN unter folgenden Kontaktm\u00f6glichkeiten zur Verf\u00fcgung:<\/p>\n\n\n\n<p>Hirslanden Corporate Office, Boulevard Lilienthal 2, 8152 Glattpark, +41 44 388 85 85, <a href=\"mailto:shop@hirslanden.ch\">shop@hirslanden.ch<\/a><\/p>\n\n\n\n<p><\/p>\n\n\n\n<p><strong>XII. SCHLUSSBESTIMMUNGEN<\/strong><\/p>\n\n\n\n<p>Der Standort der ANBIETERIN ist ausschliesslich Gerichtsstand f\u00fcr alle sich aus dem Vertragsverh\u00e4ltnis unmittelbar oder mittelbar ergebenden Streitigkeiten. Das Rechtsverh\u00e4ltnis untersteht dem schweizerischen Recht unter Ausschluss des Wiener Kaufrechts.<\/p>\n\n\n\n<p>Sollte eine oder mehrere Bestimmungen dieser Gesch\u00e4ftsbedingungen unwirksam sein oder werden, wird dadurch die Wirksamkeit der anderen Bestimmungen nicht ber\u00fchrt. Die ANBIETERIN beh\u00e4lt sich vor, diese Allgemeinen Gesch\u00e4ftsbedingungen jederzeit zu \u00e4ndern oder anzupassen. Es gilt jeweils die aktuelle Version.<\/p>\n","protected":false},"excerpt":{"rendered":"<p>der Hirslanden AG und ihrer Tochtergesellschaften I.&nbsp; GELTUNGSBEREICH F\u00fcr die Gesch\u00e4ftsbeziehung zwischen HIRSLANDEN (nachfolgend \u00abANBIETERIN\u00bb) und der Kundschaft gelten ausschliesslich die nachfolgenden Allgemeinen Gesch\u00e4ftsbedingungen (AGB) in ihrer zum Zeitpunkt der Bestellung g\u00fcltigen Fassung. Abweichende Bedingungen der Kundschaft werden nicht anerkannt, es sei denn, die ANBIETERIN stimmt ihrer Geltung ausdr\u00fccklich schriftlich zu. II. ANGEBOTE UND LEISTUNGSBESCHRIEB [&hellip;]<\/p>\n","protected":false},"author":1,"featured_media":0,"parent":0,"menu_order":0,"comment_status":"closed","ping_status":"closed","template":"","meta":{"_acf_changed":false,"footnotes":""},"class_list":["post-141","page","type-page","status-publish","hentry"],"acf":[],"yoast_head":"<!-- This site is optimized with the Yoast SEO plugin v27.2 - https:\/\/yoast.com\/product\/yoast-seo-wordpress\/ -->\n<title>ALLGEMEINE GESCH\u00c4FTSBEDINGUNGEN (AGB) ONLINE-SHOP - Hirslanden Online-Shop<\/title>\n<meta name=\"robots\" content=\"index, follow, max-snippet:-1, max-image-preview:large, max-video-preview:-1\" \/>\n<link rel=\"canonical\" href=\"https:\/\/shop.hirslanden.ch\/shop\/agbs\/\" \/>\n<meta property=\"og:locale\" content=\"de_DE\" \/>\n<meta property=\"og:type\" content=\"article\" \/>\n<meta property=\"og:title\" content=\"ALLGEMEINE GESCH\u00c4FTSBEDINGUNGEN (AGB) ONLINE-SHOP - Hirslanden Online-Shop\" \/>\n<meta property=\"og:description\" content=\"der Hirslanden AG und ihrer Tochtergesellschaften I.&nbsp; GELTUNGSBEREICH F\u00fcr die Gesch\u00e4ftsbeziehung zwischen HIRSLANDEN (nachfolgend \u00abANBIETERIN\u00bb) und der Kundschaft gelten ausschliesslich die nachfolgenden Allgemeinen Gesch\u00e4ftsbedingungen (AGB) in ihrer zum Zeitpunkt der Bestellung g\u00fcltigen Fassung. Abweichende Bedingungen der Kundschaft werden nicht anerkannt, es sei denn, die ANBIETERIN stimmt ihrer Geltung ausdr\u00fccklich schriftlich zu. II. ANGEBOTE UND LEISTUNGSBESCHRIEB [&hellip;]\" \/>\n<meta property=\"og:url\" content=\"https:\/\/shop.hirslanden.ch\/shop\/agbs\/\" \/>\n<meta property=\"og:site_name\" content=\"Hirslanden Online-Shop\" \/>\n<meta property=\"article:modified_time\" content=\"2024-01-25T12:32:47+00:00\" \/>\n<meta property=\"og:image\" content=\"https:\/\/shop.hirslanden.ch\/shop\/wp-content\/uploads\/sites\/8\/2024\/02\/cropped-shop.jpg\" \/>\n\t<meta property=\"og:image:width\" content=\"512\" \/>\n\t<meta property=\"og:image:height\" content=\"512\" \/>\n\t<meta property=\"og:image:type\" content=\"image\/jpeg\" \/>\n<meta name=\"twitter:card\" content=\"summary_large_image\" \/>\n<meta name=\"twitter:label1\" content=\"Gesch\u00e4tzte Lesezeit\" \/>\n\t<meta name=\"twitter:data1\" content=\"5\u00a0Minuten\" \/>\n<script type=\"application\/ld+json\" class=\"yoast-schema-graph\">{\"@context\":\"https:\/\/schema.org\",\"@graph\":[{\"@type\":\"WebPage\",\"@id\":\"https:\/\/shop.hirslanden.ch\/shop\/agbs\/\",\"url\":\"https:\/\/shop.hirslanden.ch\/shop\/agbs\/\",\"name\":\"ALLGEMEINE GESCH\u00c4FTSBEDINGUNGEN (AGB) ONLINE-SHOP - Hirslanden Online-Shop\",\"isPartOf\":{\"@id\":\"https:\/\/shop.hirslanden.ch\/shop\/#website\"},\"datePublished\":\"2021-01-27T12:10:32+00:00\",\"dateModified\":\"2024-01-25T12:32:47+00:00\",\"breadcrumb\":{\"@id\":\"https:\/\/shop.hirslanden.ch\/shop\/agbs\/#breadcrumb\"},\"inLanguage\":\"de\",\"potentialAction\":[{\"@type\":\"ReadAction\",\"target\":[\"https:\/\/shop.hirslanden.ch\/shop\/agbs\/\"]}]},{\"@type\":\"BreadcrumbList\",\"@id\":\"https:\/\/shop.hirslanden.ch\/shop\/agbs\/#breadcrumb\",\"itemListElement\":[{\"@type\":\"ListItem\",\"position\":1,\"name\":\"Startseite\",\"item\":\"https:\/\/shop.hirslanden.ch\/shop\/\"},{\"@type\":\"ListItem\",\"position\":2,\"name\":\"ALLGEMEINE GESCH\u00c4FTSBEDINGUNGEN (AGB) ONLINE-SHOP\"}]},{\"@type\":\"WebSite\",\"@id\":\"https:\/\/shop.hirslanden.ch\/shop\/#website\",\"url\":\"https:\/\/shop.hirslanden.ch\/shop\/\",\"name\":\"Hirslanden Online-Shop\",\"description\":\"Hirslanden Private Hospital Group\",\"publisher\":{\"@id\":\"https:\/\/shop.hirslanden.ch\/shop\/#organization\"},\"potentialAction\":[{\"@type\":\"SearchAction\",\"target\":{\"@type\":\"EntryPoint\",\"urlTemplate\":\"https:\/\/shop.hirslanden.ch\/shop\/?s={search_term_string}\"},\"query-input\":{\"@type\":\"PropertyValueSpecification\",\"valueRequired\":true,\"valueName\":\"search_term_string\"}}],\"inLanguage\":\"de\"},{\"@type\":\"Organization\",\"@id\":\"https:\/\/shop.hirslanden.ch\/shop\/#organization\",\"name\":\"Hirslanden Klinik Aarau\",\"url\":\"https:\/\/shop.hirslanden.ch\/shop\/\",\"logo\":{\"@type\":\"ImageObject\",\"inLanguage\":\"de\",\"@id\":\"https:\/\/shop.hirslanden.ch\/shop\/#\/schema\/logo\/image\/\",\"url\":\"https:\/\/shop.hirslanden.ch\/shop\/wp-content\/uploads\/sites\/8\/2024\/02\/cropped-shop.jpg\",\"contentUrl\":\"https:\/\/shop.hirslanden.ch\/shop\/wp-content\/uploads\/sites\/8\/2024\/02\/cropped-shop.jpg\",\"width\":512,\"height\":512,\"caption\":\"Hirslanden Klinik Aarau\"},\"image\":{\"@id\":\"https:\/\/shop.hirslanden.ch\/shop\/#\/schema\/logo\/image\/\"}}]}<\/script>\n<!-- \/ Yoast SEO plugin. -->","yoast_head_json":{"title":"ALLGEMEINE GESCH\u00c4FTSBEDINGUNGEN (AGB) ONLINE-SHOP - Hirslanden Online-Shop","robots":{"index":"index","follow":"follow","max-snippet":"max-snippet:-1","max-image-preview":"max-image-preview:large","max-video-preview":"max-video-preview:-1"},"canonical":"https:\/\/shop.hirslanden.ch\/shop\/agbs\/","og_locale":"de_DE","og_type":"article","og_title":"ALLGEMEINE GESCH\u00c4FTSBEDINGUNGEN (AGB) ONLINE-SHOP - Hirslanden Online-Shop","og_description":"der Hirslanden AG und ihrer Tochtergesellschaften I.&nbsp; GELTUNGSBEREICH F\u00fcr die Gesch\u00e4ftsbeziehung zwischen HIRSLANDEN (nachfolgend \u00abANBIETERIN\u00bb) und der Kundschaft gelten ausschliesslich die nachfolgenden Allgemeinen Gesch\u00e4ftsbedingungen (AGB) in ihrer zum Zeitpunkt der Bestellung g\u00fcltigen Fassung. Abweichende Bedingungen der Kundschaft werden nicht anerkannt, es sei denn, die ANBIETERIN stimmt ihrer Geltung ausdr\u00fccklich schriftlich zu. II. ANGEBOTE UND LEISTUNGSBESCHRIEB [&hellip;]","og_url":"https:\/\/shop.hirslanden.ch\/shop\/agbs\/","og_site_name":"Hirslanden Online-Shop","article_modified_time":"2024-01-25T12:32:47+00:00","og_image":[{"width":512,"height":512,"url":"https:\/\/shop.hirslanden.ch\/shop\/wp-content\/uploads\/sites\/8\/2024\/02\/cropped-shop.jpg","type":"image\/jpeg"}],"twitter_card":"summary_large_image","twitter_misc":{"Gesch\u00e4tzte Lesezeit":"5\u00a0Minuten"},"schema":{"@context":"https:\/\/schema.org","@graph":[{"@type":"WebPage","@id":"https:\/\/shop.hirslanden.ch\/shop\/agbs\/","url":"https:\/\/shop.hirslanden.ch\/shop\/agbs\/","name":"ALLGEMEINE GESCH\u00c4FTSBEDINGUNGEN (AGB) ONLINE-SHOP - Hirslanden Online-Shop","isPartOf":{"@id":"https:\/\/shop.hirslanden.ch\/shop\/#website"},"datePublished":"2021-01-27T12:10:32+00:00","dateModified":"2024-01-25T12:32:47+00:00","breadcrumb":{"@id":"https:\/\/shop.hirslanden.ch\/shop\/agbs\/#breadcrumb"},"inLanguage":"de","potentialAction":[{"@type":"ReadAction","target":["https:\/\/shop.hirslanden.ch\/shop\/agbs\/"]}]},{"@type":"BreadcrumbList","@id":"https:\/\/shop.hirslanden.ch\/shop\/agbs\/#breadcrumb","itemListElement":[{"@type":"ListItem","position":1,"name":"Startseite","item":"https:\/\/shop.hirslanden.ch\/shop\/"},{"@type":"ListItem","position":2,"name":"ALLGEMEINE GESCH\u00c4FTSBEDINGUNGEN (AGB) ONLINE-SHOP"}]},{"@type":"WebSite","@id":"https:\/\/shop.hirslanden.ch\/shop\/#website","url":"https:\/\/shop.hirslanden.ch\/shop\/","name":"Hirslanden Online-Shop","description":"Hirslanden Private Hospital Group","publisher":{"@id":"https:\/\/shop.hirslanden.ch\/shop\/#organization"},"potentialAction":[{"@type":"SearchAction","target":{"@type":"EntryPoint","urlTemplate":"https:\/\/shop.hirslanden.ch\/shop\/?s={search_term_string}"},"query-input":{"@type":"PropertyValueSpecification","valueRequired":true,"valueName":"search_term_string"}}],"inLanguage":"de"},{"@type":"Organization","@id":"https:\/\/shop.hirslanden.ch\/shop\/#organization","name":"Hirslanden Klinik Aarau","url":"https:\/\/shop.hirslanden.ch\/shop\/","logo":{"@type":"ImageObject","inLanguage":"de","@id":"https:\/\/shop.hirslanden.ch\/shop\/#\/schema\/logo\/image\/","url":"https:\/\/shop.hirslanden.ch\/shop\/wp-content\/uploads\/sites\/8\/2024\/02\/cropped-shop.jpg","contentUrl":"https:\/\/shop.hirslanden.ch\/shop\/wp-content\/uploads\/sites\/8\/2024\/02\/cropped-shop.jpg","width":512,"height":512,"caption":"Hirslanden Klinik Aarau"},"image":{"@id":"https:\/\/shop.hirslanden.ch\/shop\/#\/schema\/logo\/image\/"}}]}},"_links":{"self":[{"href":"https:\/\/shop.hirslanden.ch\/shop\/wp-json\/wp\/v2\/pages\/141","targetHints":{"allow":["GET"]}}],"collection":[{"href":"https:\/\/shop.hirslanden.ch\/shop\/wp-json\/wp\/v2\/pages"}],"about":[{"href":"https:\/\/shop.hirslanden.ch\/shop\/wp-json\/wp\/v2\/types\/page"}],"author":[{"embeddable":true,"href":"https:\/\/shop.hirslanden.ch\/shop\/wp-json\/wp\/v2\/users\/1"}],"replies":[{"embeddable":true,"href":"https:\/\/shop.hirslanden.ch\/shop\/wp-json\/wp\/v2\/comments?post=141"}],"version-history":[{"count":24,"href":"https:\/\/shop.hirslanden.ch\/shop\/wp-json\/wp\/v2\/pages\/141\/revisions"}],"predecessor-version":[{"id":1186,"href":"https:\/\/shop.hirslanden.ch\/shop\/wp-json\/wp\/v2\/pages\/141\/revisions\/1186"}],"wp:attachment":[{"href":"https:\/\/shop.hirslanden.ch\/shop\/wp-json\/wp\/v2\/media?parent=141"}],"curies":[{"name":"wp","href":"https:\/\/api.w.org\/{rel}","templated":true}]}}