{"id":587,"date":"2021-08-24T16:01:01","date_gmt":"2021-08-24T14:01:01","guid":{"rendered":"https:\/\/shop.hirslanden.ch\/klinik-im-park\/?post_type=product&#038;p=587"},"modified":"2025-11-11T14:07:58","modified_gmt":"2025-11-11T13:07:58","slug":"champagner-brut-reserve-pol-roger","status":"publish","type":"product","link":"https:\/\/shop.hirslanden.ch\/klinik-im-park\/produkt\/champagner-brut-reserve-pol-roger\/","title":{"rendered":"Champagne Brut R\u00e9serve von Charles Heidsieck"},"content":{"rendered":"<p>Champagner von einem der h\u00f6chstpr\u00e4mierten Champagnerh\u00e4user der Welt &#8211; Bestes Champagnerhaus des Jahres 2015 und Marke des Jahres 2015 vom Weinmagazin Vinum.<\/p>\n<p>Funkelndes Gelb mit feinstem Mousseux, im Duft komplex, elegant und volumin\u00f6s, am Gaumen herrliche, volle Frucht von Aprikose, Mango und Mirabelle, auch getrocknete Fr\u00fcchte und frisches Brioche. Die perfekt eingebundene S\u00e4ure wirkt finessenreich und animierend frisch.<\/p>\n","protected":false},"excerpt":{"rendered":"<p>Champagner von einem der h\u00f6chstpr\u00e4mierten Champagnerh\u00e4user der Welt &#8211; Bestes Champagnerhaus des Jahres 2015 und Marke des Jahres 2015 vom Weinmagazin Vinum. Funkelndes Gelb mit feinstem Mousseux, im Duft komplex, elegant und volumin\u00f6s, am Gaumen herrliche, volle Frucht von Aprikose, Mango und Mirabelle, auch getrocknete Fr\u00fcchte und frisches Brioche. Die perfekt eingebundene S\u00e4ure wirkt finessenreich [&hellip;]<\/p>\n","protected":false},"featured_media":1118,"comment_status":"open","ping_status":"closed","template":"","meta":{"_acf_changed":false},"product_brand":[],"product_cat":[82],"product_tag":[],"class_list":{"0":"post-587","1":"product","2":"type-product","3":"status-publish","4":"has-post-thumbnail","6":"product_cat-weine-und-champagner","8":"first","9":"instock","10":"taxable","11":"shipping-taxable","12":"purchasable","13":"product-type-simple"},"acf":[],"yoast_head":"<!-- This site is optimized with the Yoast SEO plugin v27.2 - https:\/\/yoast.com\/product\/yoast-seo-wordpress\/ -->\n<title>Champagne Brut R\u00e9serve von Charles Heidsieck - Online-Shop \u2013 Klinik Im Park Z\u00fcrich<\/title>\n<meta name=\"robots\" content=\"index, follow, max-snippet:-1, max-image-preview:large, max-video-preview:-1\" \/>\n<link rel=\"canonical\" href=\"https:\/\/shop.hirslanden.ch\/klinik-im-park\/produkt\/champagner-brut-reserve-pol-roger\/\" \/>\n<meta property=\"og:locale\" content=\"de_DE\" \/>\n<meta property=\"og:type\" content=\"article\" \/>\n<meta property=\"og:title\" content=\"Champagne Brut R\u00e9serve von Charles Heidsieck - Online-Shop \u2013 Klinik Im Park Z\u00fcrich\" \/>\n<meta property=\"og:description\" content=\"Champagner von einem der h\u00f6chstpr\u00e4mierten Champagnerh\u00e4user der Welt &#8211; Bestes Champagnerhaus des Jahres 2015 und Marke des Jahres 2015 vom Weinmagazin Vinum. Funkelndes Gelb mit feinstem Mousseux, im Duft komplex, elegant und volumin\u00f6s, am Gaumen herrliche, volle Frucht von Aprikose, Mango und Mirabelle, auch getrocknete Fr\u00fcchte und frisches Brioche. Die perfekt eingebundene S\u00e4ure wirkt finessenreich [&hellip;]\" \/>\n<meta property=\"og:url\" content=\"https:\/\/shop.hirslanden.ch\/klinik-im-park\/produkt\/champagner-brut-reserve-pol-roger\/\" \/>\n<meta property=\"og:site_name\" content=\"Online-Shop \u2013 Klinik Im Park Z\u00fcrich\" \/>\n<meta property=\"article:modified_time\" content=\"2025-11-11T13:07:58+00:00\" \/>\n<meta property=\"og:image\" content=\"https:\/\/shop.hirslanden.ch\/klinik-im-park\/wp-content\/uploads\/sites\/6\/2021\/08\/Champagner.jpg\" \/>\n\t<meta property=\"og:image:width\" content=\"753\" \/>\n\t<meta property=\"og:image:height\" content=\"753\" \/>\n\t<meta property=\"og:image:type\" content=\"image\/jpeg\" \/>\n<meta name=\"twitter:card\" content=\"summary_large_image\" \/>\n<meta name=\"twitter:label1\" content=\"Gesch\u00e4tzte Lesezeit\" \/>\n\t<meta name=\"twitter:data1\" content=\"1\u00a0Minute\" \/>\n<script type=\"application\/ld+json\" class=\"yoast-schema-graph\">{\"@context\":\"https:\/\/schema.org\",\"@graph\":[{\"@type\":\"WebPage\",\"@id\":\"https:\/\/shop.hirslanden.ch\/klinik-im-park\/produkt\/champagner-brut-reserve-pol-roger\/\",\"url\":\"https:\/\/shop.hirslanden.ch\/klinik-im-park\/produkt\/champagner-brut-reserve-pol-roger\/\",\"name\":\"Champagne Brut R\u00e9serve von Charles Heidsieck - Online-Shop \u2013 Klinik Im Park Z\u00fcrich\",\"isPartOf\":{\"@id\":\"https:\/\/shop.hirslanden.ch\/klinik-im-park\/#website\"},\"primaryImageOfPage\":{\"@id\":\"https:\/\/shop.hirslanden.ch\/klinik-im-park\/produkt\/champagner-brut-reserve-pol-roger\/#primaryimage\"},\"image\":{\"@id\":\"https:\/\/shop.hirslanden.ch\/klinik-im-park\/produkt\/champagner-brut-reserve-pol-roger\/#primaryimage\"},\"thumbnailUrl\":\"https:\/\/shop.hirslanden.ch\/klinik-im-park\/wp-content\/uploads\/sites\/6\/2021\/08\/Champagner.jpg\",\"datePublished\":\"2021-08-24T14:01:01+00:00\",\"dateModified\":\"2025-11-11T13:07:58+00:00\",\"breadcrumb\":{\"@id\":\"https:\/\/shop.hirslanden.ch\/klinik-im-park\/produkt\/champagner-brut-reserve-pol-roger\/#breadcrumb\"},\"inLanguage\":\"de\",\"potentialAction\":[{\"@type\":\"ReadAction\",\"target\":[\"https:\/\/shop.hirslanden.ch\/klinik-im-park\/produkt\/champagner-brut-reserve-pol-roger\/\"]}]},{\"@type\":\"ImageObject\",\"inLanguage\":\"de\",\"@id\":\"https:\/\/shop.hirslanden.ch\/klinik-im-park\/produkt\/champagner-brut-reserve-pol-roger\/#primaryimage\",\"url\":\"https:\/\/shop.hirslanden.ch\/klinik-im-park\/wp-content\/uploads\/sites\/6\/2021\/08\/Champagner.jpg\",\"contentUrl\":\"https:\/\/shop.hirslanden.ch\/klinik-im-park\/wp-content\/uploads\/sites\/6\/2021\/08\/Champagner.jpg\",\"width\":753,\"height\":753,\"caption\":\"Champagne Brut R\u00e9serve von Charles Heidsieck\"},{\"@type\":\"BreadcrumbList\",\"@id\":\"https:\/\/shop.hirslanden.ch\/klinik-im-park\/produkt\/champagner-brut-reserve-pol-roger\/#breadcrumb\",\"itemListElement\":[{\"@type\":\"ListItem\",\"position\":1,\"name\":\"Startseite\",\"item\":\"https:\/\/shop.hirslanden.ch\/klinik-im-park\/\"},{\"@type\":\"ListItem\",\"position\":2,\"name\":\"Shop\",\"item\":\"https:\/\/shop.hirslanden.ch\/klinik-im-park\/\"},{\"@type\":\"ListItem\",\"position\":3,\"name\":\"Champagne Brut R\u00e9serve von Charles Heidsieck\"}]},{\"@type\":\"WebSite\",\"@id\":\"https:\/\/shop.hirslanden.ch\/klinik-im-park\/#website\",\"url\":\"https:\/\/shop.hirslanden.ch\/klinik-im-park\/\",\"name\":\"Online-Shop \u2013 Klinik Im Park Z\u00fcrich\",\"description\":\"Hirslanden-Gruppe\",\"publisher\":{\"@id\":\"https:\/\/shop.hirslanden.ch\/klinik-im-park\/#organization\"},\"potentialAction\":[{\"@type\":\"SearchAction\",\"target\":{\"@type\":\"EntryPoint\",\"urlTemplate\":\"https:\/\/shop.hirslanden.ch\/klinik-im-park\/?s={search_term_string}\"},\"query-input\":{\"@type\":\"PropertyValueSpecification\",\"valueRequired\":true,\"valueName\":\"search_term_string\"}}],\"inLanguage\":\"de\"},{\"@type\":\"Organization\",\"@id\":\"https:\/\/shop.hirslanden.ch\/klinik-im-park\/#organization\",\"name\":\"Online-Shop \u2013 Klinik Im Park Z\u00fcrich\",\"url\":\"https:\/\/shop.hirslanden.ch\/klinik-im-park\/\",\"logo\":{\"@type\":\"ImageObject\",\"inLanguage\":\"de\",\"@id\":\"https:\/\/shop.hirslanden.ch\/klinik-im-park\/#\/schema\/logo\/image\/\",\"url\":\"https:\/\/shop.hirslanden.ch\/klinik-im-park\/wp-content\/uploads\/sites\/6\/2024\/03\/impark-scaled-1.jpg\",\"contentUrl\":\"https:\/\/shop.hirslanden.ch\/klinik-im-park\/wp-content\/uploads\/sites\/6\/2024\/03\/impark-scaled-1.jpg\",\"width\":2560,\"height\":686,\"caption\":\"Online-Shop \u2013 Klinik Im Park Z\u00fcrich\"},\"image\":{\"@id\":\"https:\/\/shop.hirslanden.ch\/klinik-im-park\/#\/schema\/logo\/image\/\"}}]}<\/script>\n<!-- \/ Yoast SEO plugin. -->","yoast_head_json":{"title":"Champagne Brut R\u00e9serve von Charles Heidsieck - Online-Shop \u2013 Klinik Im Park Z\u00fcrich","robots":{"index":"index","follow":"follow","max-snippet":"max-snippet:-1","max-image-preview":"max-image-preview:large","max-video-preview":"max-video-preview:-1"},"canonical":"https:\/\/shop.hirslanden.ch\/klinik-im-park\/produkt\/champagner-brut-reserve-pol-roger\/","og_locale":"de_DE","og_type":"article","og_title":"Champagne Brut R\u00e9serve von Charles Heidsieck - Online-Shop \u2013 Klinik Im Park Z\u00fcrich","og_description":"Champagner von einem der h\u00f6chstpr\u00e4mierten Champagnerh\u00e4user der Welt &#8211; Bestes Champagnerhaus des Jahres 2015 und Marke des Jahres 2015 vom Weinmagazin Vinum. Funkelndes Gelb mit feinstem Mousseux, im Duft komplex, elegant und volumin\u00f6s, am Gaumen herrliche, volle Frucht von Aprikose, Mango und Mirabelle, auch getrocknete Fr\u00fcchte und frisches Brioche. Die perfekt eingebundene S\u00e4ure wirkt finessenreich [&hellip;]","og_url":"https:\/\/shop.hirslanden.ch\/klinik-im-park\/produkt\/champagner-brut-reserve-pol-roger\/","og_site_name":"Online-Shop \u2013 Klinik Im Park Z\u00fcrich","article_modified_time":"2025-11-11T13:07:58+00:00","og_image":[{"width":753,"height":753,"url":"https:\/\/shop.hirslanden.ch\/klinik-im-park\/wp-content\/uploads\/sites\/6\/2021\/08\/Champagner.jpg","type":"image\/jpeg"}],"twitter_card":"summary_large_image","twitter_misc":{"Gesch\u00e4tzte Lesezeit":"1\u00a0Minute"},"schema":{"@context":"https:\/\/schema.org","@graph":[{"@type":"WebPage","@id":"https:\/\/shop.hirslanden.ch\/klinik-im-park\/produkt\/champagner-brut-reserve-pol-roger\/","url":"https:\/\/shop.hirslanden.ch\/klinik-im-park\/produkt\/champagner-brut-reserve-pol-roger\/","name":"Champagne Brut R\u00e9serve von Charles Heidsieck - Online-Shop \u2013 Klinik Im Park Z\u00fcrich","isPartOf":{"@id":"https:\/\/shop.hirslanden.ch\/klinik-im-park\/#website"},"primaryImageOfPage":{"@id":"https:\/\/shop.hirslanden.ch\/klinik-im-park\/produkt\/champagner-brut-reserve-pol-roger\/#primaryimage"},"image":{"@id":"https:\/\/shop.hirslanden.ch\/klinik-im-park\/produkt\/champagner-brut-reserve-pol-roger\/#primaryimage"},"thumbnailUrl":"https:\/\/shop.hirslanden.ch\/klinik-im-park\/wp-content\/uploads\/sites\/6\/2021\/08\/Champagner.jpg","datePublished":"2021-08-24T14:01:01+00:00","dateModified":"2025-11-11T13:07:58+00:00","breadcrumb":{"@id":"https:\/\/shop.hirslanden.ch\/klinik-im-park\/produkt\/champagner-brut-reserve-pol-roger\/#breadcrumb"},"inLanguage":"de","potentialAction":[{"@type":"ReadAction","target":["https:\/\/shop.hirslanden.ch\/klinik-im-park\/produkt\/champagner-brut-reserve-pol-roger\/"]}]},{"@type":"ImageObject","inLanguage":"de","@id":"https:\/\/shop.hirslanden.ch\/klinik-im-park\/produkt\/champagner-brut-reserve-pol-roger\/#primaryimage","url":"https:\/\/shop.hirslanden.ch\/klinik-im-park\/wp-content\/uploads\/sites\/6\/2021\/08\/Champagner.jpg","contentUrl":"https:\/\/shop.hirslanden.ch\/klinik-im-park\/wp-content\/uploads\/sites\/6\/2021\/08\/Champagner.jpg","width":753,"height":753,"caption":"Champagne Brut R\u00e9serve von Charles Heidsieck"},{"@type":"BreadcrumbList","@id":"https:\/\/shop.hirslanden.ch\/klinik-im-park\/produkt\/champagner-brut-reserve-pol-roger\/#breadcrumb","itemListElement":[{"@type":"ListItem","position":1,"name":"Startseite","item":"https:\/\/shop.hirslanden.ch\/klinik-im-park\/"},{"@type":"ListItem","position":2,"name":"Shop","item":"https:\/\/shop.hirslanden.ch\/klinik-im-park\/"},{"@type":"ListItem","position":3,"name":"Champagne Brut R\u00e9serve von Charles Heidsieck"}]},{"@type":"WebSite","@id":"https:\/\/shop.hirslanden.ch\/klinik-im-park\/#website","url":"https:\/\/shop.hirslanden.ch\/klinik-im-park\/","name":"Online-Shop \u2013 Klinik Im Park Z\u00fcrich","description":"Hirslanden-Gruppe","publisher":{"@id":"https:\/\/shop.hirslanden.ch\/klinik-im-park\/#organization"},"potentialAction":[{"@type":"SearchAction","target":{"@type":"EntryPoint","urlTemplate":"https:\/\/shop.hirslanden.ch\/klinik-im-park\/?s={search_term_string}"},"query-input":{"@type":"PropertyValueSpecification","valueRequired":true,"valueName":"search_term_string"}}],"inLanguage":"de"},{"@type":"Organization","@id":"https:\/\/shop.hirslanden.ch\/klinik-im-park\/#organization","name":"Online-Shop \u2013 Klinik Im Park Z\u00fcrich","url":"https:\/\/shop.hirslanden.ch\/klinik-im-park\/","logo":{"@type":"ImageObject","inLanguage":"de","@id":"https:\/\/shop.hirslanden.ch\/klinik-im-park\/#\/schema\/logo\/image\/","url":"https:\/\/shop.hirslanden.ch\/klinik-im-park\/wp-content\/uploads\/sites\/6\/2024\/03\/impark-scaled-1.jpg","contentUrl":"https:\/\/shop.hirslanden.ch\/klinik-im-park\/wp-content\/uploads\/sites\/6\/2024\/03\/impark-scaled-1.jpg","width":2560,"height":686,"caption":"Online-Shop \u2013 Klinik Im Park Z\u00fcrich"},"image":{"@id":"https:\/\/shop.hirslanden.ch\/klinik-im-park\/#\/schema\/logo\/image\/"}}]}},"_links":{"self":[{"href":"https:\/\/shop.hirslanden.ch\/klinik-im-park\/wp-json\/wp\/v2\/product\/587","targetHints":{"allow":["GET"]}}],"collection":[{"href":"https:\/\/shop.hirslanden.ch\/klinik-im-park\/wp-json\/wp\/v2\/product"}],"about":[{"href":"https:\/\/shop.hirslanden.ch\/klinik-im-park\/wp-json\/wp\/v2\/types\/product"}],"replies":[{"embeddable":true,"href":"https:\/\/shop.hirslanden.ch\/klinik-im-park\/wp-json\/wp\/v2\/comments?post=587"}],"wp:featuredmedia":[{"embeddable":true,"href":"https:\/\/shop.hirslanden.ch\/klinik-im-park\/wp-json\/wp\/v2\/media\/1118"}],"wp:attachment":[{"href":"https:\/\/shop.hirslanden.ch\/klinik-im-park\/wp-json\/wp\/v2\/media?parent=587"}],"wp:term":[{"taxonomy":"product_brand","embeddable":true,"href":"https:\/\/shop.hirslanden.ch\/klinik-im-park\/wp-json\/wp\/v2\/product_brand?post=587"},{"taxonomy":"product_cat","embeddable":true,"href":"https:\/\/shop.hirslanden.ch\/klinik-im-park\/wp-json\/wp\/v2\/product_cat?post=587"},{"taxonomy":"product_tag","embeddable":true,"href":"https:\/\/shop.hirslanden.ch\/klinik-im-park\/wp-json\/wp\/v2\/product_tag?post=587"}],"curies":[{"name":"wp","href":"https:\/\/api.w.org\/{rel}","templated":true}]}}