{"id":580,"date":"2021-08-24T15:52:17","date_gmt":"2021-08-24T13:52:17","guid":{"rendered":"https:\/\/shop.hirslanden.ch\/klinik-im-park\/?post_type=product&#038;p=580"},"modified":"2024-09-11T10:14:23","modified_gmt":"2024-09-11T08:14:23","slug":"swiss-line-20-hueppen-300-g","status":"publish","type":"product","link":"https:\/\/shop.hirslanden.ch\/klinik-im-park\/produkt\/swiss-line-20-hueppen-300-g\/","title":{"rendered":"Gottlieber Swiss Line, 20 H\u00fcppen, 300g"},"content":{"rendered":"<p>Unsere Swiss Line \u2013 typisch Schweiz! Erstmals mit einer Mischung unserer zwei k\u00f6stlichen H\u00fcppen-F\u00fcllungen Chocolait (Schweizer Milchschokolade) und Pralin\u00e9.<\/p>\n<p><strong>Zutaten und Allergene:\u00a0<\/strong>Zucker, Weizenmehl, pflanzliche Fette (Palmkern nachhaltig, Palm nachhaltig, Kokos), Haseln\u00fcsse, Kakaomasse aus biologischem Anbau und fairem Handel, Kakaobutter aus biologischem Anbau und fairem Handel, Vollmilchpulver, Eigelbpulver (Eier aus Bio-Freilandhaltung), Emulgator: Sonnenblumenlecithin, Kochsalz, nat\u00fcrliches Aroma. Kann Mandeln enthalten. 8% der landwirtschaftlichen Zutaten sind biologisch.<\/p>\n","protected":false},"excerpt":{"rendered":"<p>Unsere Swiss Line \u2013 typisch Schweiz! Erstmals mit einer Mischung unserer zwei k\u00f6stlichen H\u00fcppen-F\u00fcllungen Chocolait (Schweizer Milchschokolade) und Pralin\u00e9. Zutaten und Allergene:\u00a0Zucker, Weizenmehl, pflanzliche Fette (Palmkern nachhaltig, Palm nachhaltig, Kokos), Haseln\u00fcsse, Kakaomasse aus biologischem Anbau und fairem Handel, Kakaobutter aus biologischem Anbau und fairem Handel, Vollmilchpulver, Eigelbpulver (Eier aus Bio-Freilandhaltung), Emulgator: Sonnenblumenlecithin, Kochsalz, nat\u00fcrliches Aroma. [&hellip;]<\/p>\n","protected":false},"featured_media":606,"comment_status":"open","ping_status":"closed","template":"","meta":{"_acf_changed":false},"product_brand":[],"product_cat":[80],"product_tag":[],"class_list":{"0":"post-580","1":"product","2":"type-product","3":"status-publish","4":"has-post-thumbnail","6":"product_cat-schokolade-suessigkeiten","8":"first","9":"instock","10":"taxable","11":"shipping-taxable","12":"purchasable","13":"product-type-simple"},"acf":[],"yoast_head":"<!-- This site is optimized with the Yoast SEO plugin v27.2 - https:\/\/yoast.com\/product\/yoast-seo-wordpress\/ -->\n<title>Gottlieber Swiss Line, 20 H\u00fcppen, 300g - Online-Shop \u2013 Klinik Im Park Z\u00fcrich<\/title>\n<meta name=\"robots\" content=\"index, follow, max-snippet:-1, max-image-preview:large, max-video-preview:-1\" \/>\n<link rel=\"canonical\" href=\"https:\/\/shop.hirslanden.ch\/klinik-im-park\/produkt\/swiss-line-20-hueppen-300-g\/\" \/>\n<meta property=\"og:locale\" content=\"de_DE\" \/>\n<meta property=\"og:type\" content=\"article\" \/>\n<meta property=\"og:title\" content=\"Gottlieber Swiss Line, 20 H\u00fcppen, 300g - Online-Shop \u2013 Klinik Im Park Z\u00fcrich\" \/>\n<meta property=\"og:description\" content=\"Unsere Swiss Line \u2013 typisch Schweiz! Erstmals mit einer Mischung unserer zwei k\u00f6stlichen H\u00fcppen-F\u00fcllungen Chocolait (Schweizer Milchschokolade) und Pralin\u00e9. Zutaten und Allergene:\u00a0Zucker, Weizenmehl, pflanzliche Fette (Palmkern nachhaltig, Palm nachhaltig, Kokos), Haseln\u00fcsse, Kakaomasse aus biologischem Anbau und fairem Handel, Kakaobutter aus biologischem Anbau und fairem Handel, Vollmilchpulver, Eigelbpulver (Eier aus Bio-Freilandhaltung), Emulgator: Sonnenblumenlecithin, Kochsalz, nat\u00fcrliches Aroma. [&hellip;]\" \/>\n<meta property=\"og:url\" content=\"https:\/\/shop.hirslanden.ch\/klinik-im-park\/produkt\/swiss-line-20-hueppen-300-g\/\" \/>\n<meta property=\"og:site_name\" content=\"Online-Shop \u2013 Klinik Im Park Z\u00fcrich\" \/>\n<meta property=\"article:modified_time\" content=\"2024-09-11T08:14:23+00:00\" \/>\n<meta property=\"og:image\" content=\"https:\/\/shop.hirslanden.ch\/klinik-im-park\/wp-content\/uploads\/sites\/6\/2021\/08\/Gottlieber-Swissline.png\" \/>\n\t<meta property=\"og:image:width\" content=\"1200\" \/>\n\t<meta property=\"og:image:height\" content=\"1200\" \/>\n\t<meta property=\"og:image:type\" content=\"image\/png\" \/>\n<meta name=\"twitter:card\" content=\"summary_large_image\" \/>\n<script type=\"application\/ld+json\" class=\"yoast-schema-graph\">{\"@context\":\"https:\/\/schema.org\",\"@graph\":[{\"@type\":\"WebPage\",\"@id\":\"https:\/\/shop.hirslanden.ch\/klinik-im-park\/produkt\/swiss-line-20-hueppen-300-g\/\",\"url\":\"https:\/\/shop.hirslanden.ch\/klinik-im-park\/produkt\/swiss-line-20-hueppen-300-g\/\",\"name\":\"Gottlieber Swiss Line, 20 H\u00fcppen, 300g - Online-Shop \u2013 Klinik Im Park Z\u00fcrich\",\"isPartOf\":{\"@id\":\"https:\/\/shop.hirslanden.ch\/klinik-im-park\/#website\"},\"primaryImageOfPage\":{\"@id\":\"https:\/\/shop.hirslanden.ch\/klinik-im-park\/produkt\/swiss-line-20-hueppen-300-g\/#primaryimage\"},\"image\":{\"@id\":\"https:\/\/shop.hirslanden.ch\/klinik-im-park\/produkt\/swiss-line-20-hueppen-300-g\/#primaryimage\"},\"thumbnailUrl\":\"https:\/\/shop.hirslanden.ch\/klinik-im-park\/wp-content\/uploads\/sites\/6\/2021\/08\/Gottlieber-Swissline.png\",\"datePublished\":\"2021-08-24T13:52:17+00:00\",\"dateModified\":\"2024-09-11T08:14:23+00:00\",\"breadcrumb\":{\"@id\":\"https:\/\/shop.hirslanden.ch\/klinik-im-park\/produkt\/swiss-line-20-hueppen-300-g\/#breadcrumb\"},\"inLanguage\":\"de\",\"potentialAction\":[{\"@type\":\"ReadAction\",\"target\":[\"https:\/\/shop.hirslanden.ch\/klinik-im-park\/produkt\/swiss-line-20-hueppen-300-g\/\"]}]},{\"@type\":\"ImageObject\",\"inLanguage\":\"de\",\"@id\":\"https:\/\/shop.hirslanden.ch\/klinik-im-park\/produkt\/swiss-line-20-hueppen-300-g\/#primaryimage\",\"url\":\"https:\/\/shop.hirslanden.ch\/klinik-im-park\/wp-content\/uploads\/sites\/6\/2021\/08\/Gottlieber-Swissline.png\",\"contentUrl\":\"https:\/\/shop.hirslanden.ch\/klinik-im-park\/wp-content\/uploads\/sites\/6\/2021\/08\/Gottlieber-Swissline.png\",\"width\":1200,\"height\":1200},{\"@type\":\"BreadcrumbList\",\"@id\":\"https:\/\/shop.hirslanden.ch\/klinik-im-park\/produkt\/swiss-line-20-hueppen-300-g\/#breadcrumb\",\"itemListElement\":[{\"@type\":\"ListItem\",\"position\":1,\"name\":\"Startseite\",\"item\":\"https:\/\/shop.hirslanden.ch\/klinik-im-park\/\"},{\"@type\":\"ListItem\",\"position\":2,\"name\":\"Shop\",\"item\":\"https:\/\/shop.hirslanden.ch\/klinik-im-park\/\"},{\"@type\":\"ListItem\",\"position\":3,\"name\":\"Gottlieber Swiss Line, 20 H\u00fcppen, 300g\"}]},{\"@type\":\"WebSite\",\"@id\":\"https:\/\/shop.hirslanden.ch\/klinik-im-park\/#website\",\"url\":\"https:\/\/shop.hirslanden.ch\/klinik-im-park\/\",\"name\":\"Online-Shop \u2013 Klinik Im Park Z\u00fcrich\",\"description\":\"Hirslanden-Gruppe\",\"publisher\":{\"@id\":\"https:\/\/shop.hirslanden.ch\/klinik-im-park\/#organization\"},\"potentialAction\":[{\"@type\":\"SearchAction\",\"target\":{\"@type\":\"EntryPoint\",\"urlTemplate\":\"https:\/\/shop.hirslanden.ch\/klinik-im-park\/?s={search_term_string}\"},\"query-input\":{\"@type\":\"PropertyValueSpecification\",\"valueRequired\":true,\"valueName\":\"search_term_string\"}}],\"inLanguage\":\"de\"},{\"@type\":\"Organization\",\"@id\":\"https:\/\/shop.hirslanden.ch\/klinik-im-park\/#organization\",\"name\":\"Online-Shop \u2013 Klinik Im Park Z\u00fcrich\",\"url\":\"https:\/\/shop.hirslanden.ch\/klinik-im-park\/\",\"logo\":{\"@type\":\"ImageObject\",\"inLanguage\":\"de\",\"@id\":\"https:\/\/shop.hirslanden.ch\/klinik-im-park\/#\/schema\/logo\/image\/\",\"url\":\"https:\/\/shop.hirslanden.ch\/klinik-im-park\/wp-content\/uploads\/sites\/6\/2024\/03\/impark-scaled-1.jpg\",\"contentUrl\":\"https:\/\/shop.hirslanden.ch\/klinik-im-park\/wp-content\/uploads\/sites\/6\/2024\/03\/impark-scaled-1.jpg\",\"width\":2560,\"height\":686,\"caption\":\"Online-Shop \u2013 Klinik Im Park Z\u00fcrich\"},\"image\":{\"@id\":\"https:\/\/shop.hirslanden.ch\/klinik-im-park\/#\/schema\/logo\/image\/\"}}]}<\/script>\n<!-- \/ Yoast SEO plugin. -->","yoast_head_json":{"title":"Gottlieber Swiss Line, 20 H\u00fcppen, 300g - Online-Shop \u2013 Klinik Im Park Z\u00fcrich","robots":{"index":"index","follow":"follow","max-snippet":"max-snippet:-1","max-image-preview":"max-image-preview:large","max-video-preview":"max-video-preview:-1"},"canonical":"https:\/\/shop.hirslanden.ch\/klinik-im-park\/produkt\/swiss-line-20-hueppen-300-g\/","og_locale":"de_DE","og_type":"article","og_title":"Gottlieber Swiss Line, 20 H\u00fcppen, 300g - Online-Shop \u2013 Klinik Im Park Z\u00fcrich","og_description":"Unsere Swiss Line \u2013 typisch Schweiz! Erstmals mit einer Mischung unserer zwei k\u00f6stlichen H\u00fcppen-F\u00fcllungen Chocolait (Schweizer Milchschokolade) und Pralin\u00e9. Zutaten und Allergene:\u00a0Zucker, Weizenmehl, pflanzliche Fette (Palmkern nachhaltig, Palm nachhaltig, Kokos), Haseln\u00fcsse, Kakaomasse aus biologischem Anbau und fairem Handel, Kakaobutter aus biologischem Anbau und fairem Handel, Vollmilchpulver, Eigelbpulver (Eier aus Bio-Freilandhaltung), Emulgator: Sonnenblumenlecithin, Kochsalz, nat\u00fcrliches Aroma. [&hellip;]","og_url":"https:\/\/shop.hirslanden.ch\/klinik-im-park\/produkt\/swiss-line-20-hueppen-300-g\/","og_site_name":"Online-Shop \u2013 Klinik Im Park Z\u00fcrich","article_modified_time":"2024-09-11T08:14:23+00:00","og_image":[{"width":1200,"height":1200,"url":"https:\/\/shop.hirslanden.ch\/klinik-im-park\/wp-content\/uploads\/sites\/6\/2021\/08\/Gottlieber-Swissline.png","type":"image\/png"}],"twitter_card":"summary_large_image","schema":{"@context":"https:\/\/schema.org","@graph":[{"@type":"WebPage","@id":"https:\/\/shop.hirslanden.ch\/klinik-im-park\/produkt\/swiss-line-20-hueppen-300-g\/","url":"https:\/\/shop.hirslanden.ch\/klinik-im-park\/produkt\/swiss-line-20-hueppen-300-g\/","name":"Gottlieber Swiss Line, 20 H\u00fcppen, 300g - Online-Shop \u2013 Klinik Im Park Z\u00fcrich","isPartOf":{"@id":"https:\/\/shop.hirslanden.ch\/klinik-im-park\/#website"},"primaryImageOfPage":{"@id":"https:\/\/shop.hirslanden.ch\/klinik-im-park\/produkt\/swiss-line-20-hueppen-300-g\/#primaryimage"},"image":{"@id":"https:\/\/shop.hirslanden.ch\/klinik-im-park\/produkt\/swiss-line-20-hueppen-300-g\/#primaryimage"},"thumbnailUrl":"https:\/\/shop.hirslanden.ch\/klinik-im-park\/wp-content\/uploads\/sites\/6\/2021\/08\/Gottlieber-Swissline.png","datePublished":"2021-08-24T13:52:17+00:00","dateModified":"2024-09-11T08:14:23+00:00","breadcrumb":{"@id":"https:\/\/shop.hirslanden.ch\/klinik-im-park\/produkt\/swiss-line-20-hueppen-300-g\/#breadcrumb"},"inLanguage":"de","potentialAction":[{"@type":"ReadAction","target":["https:\/\/shop.hirslanden.ch\/klinik-im-park\/produkt\/swiss-line-20-hueppen-300-g\/"]}]},{"@type":"ImageObject","inLanguage":"de","@id":"https:\/\/shop.hirslanden.ch\/klinik-im-park\/produkt\/swiss-line-20-hueppen-300-g\/#primaryimage","url":"https:\/\/shop.hirslanden.ch\/klinik-im-park\/wp-content\/uploads\/sites\/6\/2021\/08\/Gottlieber-Swissline.png","contentUrl":"https:\/\/shop.hirslanden.ch\/klinik-im-park\/wp-content\/uploads\/sites\/6\/2021\/08\/Gottlieber-Swissline.png","width":1200,"height":1200},{"@type":"BreadcrumbList","@id":"https:\/\/shop.hirslanden.ch\/klinik-im-park\/produkt\/swiss-line-20-hueppen-300-g\/#breadcrumb","itemListElement":[{"@type":"ListItem","position":1,"name":"Startseite","item":"https:\/\/shop.hirslanden.ch\/klinik-im-park\/"},{"@type":"ListItem","position":2,"name":"Shop","item":"https:\/\/shop.hirslanden.ch\/klinik-im-park\/"},{"@type":"ListItem","position":3,"name":"Gottlieber Swiss Line, 20 H\u00fcppen, 300g"}]},{"@type":"WebSite","@id":"https:\/\/shop.hirslanden.ch\/klinik-im-park\/#website","url":"https:\/\/shop.hirslanden.ch\/klinik-im-park\/","name":"Online-Shop \u2013 Klinik Im Park Z\u00fcrich","description":"Hirslanden-Gruppe","publisher":{"@id":"https:\/\/shop.hirslanden.ch\/klinik-im-park\/#organization"},"potentialAction":[{"@type":"SearchAction","target":{"@type":"EntryPoint","urlTemplate":"https:\/\/shop.hirslanden.ch\/klinik-im-park\/?s={search_term_string}"},"query-input":{"@type":"PropertyValueSpecification","valueRequired":true,"valueName":"search_term_string"}}],"inLanguage":"de"},{"@type":"Organization","@id":"https:\/\/shop.hirslanden.ch\/klinik-im-park\/#organization","name":"Online-Shop \u2013 Klinik Im Park Z\u00fcrich","url":"https:\/\/shop.hirslanden.ch\/klinik-im-park\/","logo":{"@type":"ImageObject","inLanguage":"de","@id":"https:\/\/shop.hirslanden.ch\/klinik-im-park\/#\/schema\/logo\/image\/","url":"https:\/\/shop.hirslanden.ch\/klinik-im-park\/wp-content\/uploads\/sites\/6\/2024\/03\/impark-scaled-1.jpg","contentUrl":"https:\/\/shop.hirslanden.ch\/klinik-im-park\/wp-content\/uploads\/sites\/6\/2024\/03\/impark-scaled-1.jpg","width":2560,"height":686,"caption":"Online-Shop \u2013 Klinik Im Park Z\u00fcrich"},"image":{"@id":"https:\/\/shop.hirslanden.ch\/klinik-im-park\/#\/schema\/logo\/image\/"}}]}},"_links":{"self":[{"href":"https:\/\/shop.hirslanden.ch\/klinik-im-park\/wp-json\/wp\/v2\/product\/580","targetHints":{"allow":["GET"]}}],"collection":[{"href":"https:\/\/shop.hirslanden.ch\/klinik-im-park\/wp-json\/wp\/v2\/product"}],"about":[{"href":"https:\/\/shop.hirslanden.ch\/klinik-im-park\/wp-json\/wp\/v2\/types\/product"}],"replies":[{"embeddable":true,"href":"https:\/\/shop.hirslanden.ch\/klinik-im-park\/wp-json\/wp\/v2\/comments?post=580"}],"wp:featuredmedia":[{"embeddable":true,"href":"https:\/\/shop.hirslanden.ch\/klinik-im-park\/wp-json\/wp\/v2\/media\/606"}],"wp:attachment":[{"href":"https:\/\/shop.hirslanden.ch\/klinik-im-park\/wp-json\/wp\/v2\/media?parent=580"}],"wp:term":[{"taxonomy":"product_brand","embeddable":true,"href":"https:\/\/shop.hirslanden.ch\/klinik-im-park\/wp-json\/wp\/v2\/product_brand?post=580"},{"taxonomy":"product_cat","embeddable":true,"href":"https:\/\/shop.hirslanden.ch\/klinik-im-park\/wp-json\/wp\/v2\/product_cat?post=580"},{"taxonomy":"product_tag","embeddable":true,"href":"https:\/\/shop.hirslanden.ch\/klinik-im-park\/wp-json\/wp\/v2\/product_tag?post=580"}],"curies":[{"name":"wp","href":"https:\/\/api.w.org\/{rel}","templated":true}]}}