{"id":466,"date":"2021-02-11T09:46:41","date_gmt":"2021-02-11T08:46:41","guid":{"rendered":"https:\/\/hirslanden.cyon.site\/aarau\/produkt\/mascotte-ernest-2\/"},"modified":"2021-10-25T17:20:41","modified_gmt":"2021-10-25T15:20:41","slug":"mascotte-ernest-2","status":"publish","type":"product","link":"https:\/\/shop.hirslanden.ch\/klinik-im-park\/produkt\/mascotte-ernest-2\/?lang=fr","title":{"rendered":"Mascotte \u00abErnest\u00bb"},"content":{"rendered":"<p>Avec la mascotte Ernest aux c\u00f4t\u00e9s de votre b\u00e9b\u00e9, rien ne peut aller de travers. Le fid\u00e8le compagnon des hauts et des bas, des coups durs et des coups durs. 21 cm de hauteur et lavable \u00e0 30 degr\u00e9s sur le cycle d\u00e9licat.<\/p>\n","protected":false},"excerpt":{"rendered":"<p>Avec la mascotte Ernest aux c\u00f4t\u00e9s de votre b\u00e9b\u00e9, rien ne peut aller de travers. Le fid\u00e8le compagnon des hauts et des bas, des coups durs et des coups durs. 21 cm de hauteur et lavable \u00e0 30 degr\u00e9s sur le cycle d\u00e9licat.<\/p>\n","protected":false},"featured_media":602,"comment_status":"open","ping_status":"closed","template":"","meta":{"_acf_changed":false},"product_brand":[],"product_cat":[95],"product_tag":[],"class_list":{"0":"post-466","1":"product","2":"type-product","3":"status-publish","4":"has-post-thumbnail","6":"product_cat-cadeaux-pour-bebes","8":"first","9":"instock","10":"taxable","11":"shipping-taxable","12":"purchasable","13":"product-type-simple"},"acf":[],"yoast_head":"<!-- This site is optimized with the Yoast SEO plugin v27.2 - https:\/\/yoast.com\/product\/yoast-seo-wordpress\/ -->\n<title>Mascotte \u00abErnest\u00bb - Online-Shop \u2013 Klinik Im Park Z\u00fcrich<\/title>\n<meta name=\"robots\" content=\"index, follow, max-snippet:-1, max-image-preview:large, max-video-preview:-1\" \/>\n<link rel=\"canonical\" href=\"https:\/\/shop.hirslanden.ch\/klinik-im-park\/produkt\/stofftier-ernest\/\" \/>\n<meta property=\"og:locale\" content=\"de_DE\" \/>\n<meta property=\"og:type\" content=\"article\" \/>\n<meta property=\"og:title\" content=\"Mascotte \u00abErnest\u00bb - Online-Shop \u2013 Klinik Im Park Z\u00fcrich\" \/>\n<meta property=\"og:description\" content=\"Avec la mascotte Ernest aux c\u00f4t\u00e9s de votre b\u00e9b\u00e9, rien ne peut aller de travers. Le fid\u00e8le compagnon des hauts et des bas, des coups durs et des coups durs. 21 cm de hauteur et lavable \u00e0 30 degr\u00e9s sur le cycle d\u00e9licat.\" \/>\n<meta property=\"og:url\" content=\"https:\/\/shop.hirslanden.ch\/klinik-im-park\/produkt\/stofftier-ernest\/\" \/>\n<meta property=\"og:site_name\" content=\"Online-Shop \u2013 Klinik Im Park Z\u00fcrich\" \/>\n<meta property=\"article:modified_time\" content=\"2021-10-25T15:20:41+00:00\" \/>\n<meta property=\"og:image\" content=\"https:\/\/shop.hirslanden.ch\/klinik-im-park\/wp-content\/uploads\/sites\/6\/2021\/08\/Ernest.jpg\" \/>\n\t<meta property=\"og:image:width\" content=\"2001\" \/>\n\t<meta property=\"og:image:height\" content=\"2001\" \/>\n\t<meta property=\"og:image:type\" content=\"image\/jpeg\" \/>\n<meta name=\"twitter:card\" content=\"summary_large_image\" \/>\n<script type=\"application\/ld+json\" class=\"yoast-schema-graph\">{\"@context\":\"https:\/\/schema.org\",\"@graph\":[{\"@type\":\"WebPage\",\"@id\":\"https:\/\/shop.hirslanden.ch\/klinik-im-park\/produkt\/stofftier-ernest\/\",\"url\":\"https:\/\/shop.hirslanden.ch\/klinik-im-park\/produkt\/stofftier-ernest\/\",\"name\":\"Mascotte \u00abErnest\u00bb - Online-Shop \u2013 Klinik Im Park Z\u00fcrich\",\"isPartOf\":{\"@id\":\"https:\/\/shop.hirslanden.ch\/klinik-im-park\/#website\"},\"primaryImageOfPage\":{\"@id\":\"https:\/\/shop.hirslanden.ch\/klinik-im-park\/produkt\/stofftier-ernest\/#primaryimage\"},\"image\":{\"@id\":\"https:\/\/shop.hirslanden.ch\/klinik-im-park\/produkt\/stofftier-ernest\/#primaryimage\"},\"thumbnailUrl\":\"https:\/\/shop.hirslanden.ch\/klinik-im-park\/wp-content\/uploads\/sites\/6\/2021\/08\/Ernest.jpg\",\"datePublished\":\"2021-02-11T08:46:41+00:00\",\"dateModified\":\"2021-10-25T15:20:41+00:00\",\"breadcrumb\":{\"@id\":\"https:\/\/shop.hirslanden.ch\/klinik-im-park\/produkt\/stofftier-ernest\/#breadcrumb\"},\"inLanguage\":\"de\",\"potentialAction\":[{\"@type\":\"ReadAction\",\"target\":[\"https:\/\/shop.hirslanden.ch\/klinik-im-park\/produkt\/stofftier-ernest\/\"]}]},{\"@type\":\"ImageObject\",\"inLanguage\":\"de\",\"@id\":\"https:\/\/shop.hirslanden.ch\/klinik-im-park\/produkt\/stofftier-ernest\/#primaryimage\",\"url\":\"https:\/\/shop.hirslanden.ch\/klinik-im-park\/wp-content\/uploads\/sites\/6\/2021\/08\/Ernest.jpg\",\"contentUrl\":\"https:\/\/shop.hirslanden.ch\/klinik-im-park\/wp-content\/uploads\/sites\/6\/2021\/08\/Ernest.jpg\",\"width\":2001,\"height\":2001},{\"@type\":\"BreadcrumbList\",\"@id\":\"https:\/\/shop.hirslanden.ch\/klinik-im-park\/produkt\/stofftier-ernest\/#breadcrumb\",\"itemListElement\":[{\"@type\":\"ListItem\",\"position\":1,\"name\":\"Startseite\",\"item\":\"https:\/\/shop.hirslanden.ch\/klinik-im-park\/\"},{\"@type\":\"ListItem\",\"position\":2,\"name\":\"Shop\",\"item\":\"https:\/\/shop.hirslanden.ch\/klinik-im-park\/\"},{\"@type\":\"ListItem\",\"position\":3,\"name\":\"Mascotte \u00abErnest\u00bb\"}]},{\"@type\":\"WebSite\",\"@id\":\"https:\/\/shop.hirslanden.ch\/klinik-im-park\/#website\",\"url\":\"https:\/\/shop.hirslanden.ch\/klinik-im-park\/\",\"name\":\"Online-Shop \u2013 Klinik Im Park Z\u00fcrich\",\"description\":\"Hirslanden-Gruppe\",\"publisher\":{\"@id\":\"https:\/\/shop.hirslanden.ch\/klinik-im-park\/#organization\"},\"potentialAction\":[{\"@type\":\"SearchAction\",\"target\":{\"@type\":\"EntryPoint\",\"urlTemplate\":\"https:\/\/shop.hirslanden.ch\/klinik-im-park\/?s={search_term_string}\"},\"query-input\":{\"@type\":\"PropertyValueSpecification\",\"valueRequired\":true,\"valueName\":\"search_term_string\"}}],\"inLanguage\":\"de\"},{\"@type\":\"Organization\",\"@id\":\"https:\/\/shop.hirslanden.ch\/klinik-im-park\/#organization\",\"name\":\"Online-Shop \u2013 Klinik Im Park Z\u00fcrich\",\"url\":\"https:\/\/shop.hirslanden.ch\/klinik-im-park\/\",\"logo\":{\"@type\":\"ImageObject\",\"inLanguage\":\"de\",\"@id\":\"https:\/\/shop.hirslanden.ch\/klinik-im-park\/#\/schema\/logo\/image\/\",\"url\":\"https:\/\/shop.hirslanden.ch\/klinik-im-park\/wp-content\/uploads\/sites\/6\/2024\/03\/impark-scaled-1.jpg\",\"contentUrl\":\"https:\/\/shop.hirslanden.ch\/klinik-im-park\/wp-content\/uploads\/sites\/6\/2024\/03\/impark-scaled-1.jpg\",\"width\":2560,\"height\":686,\"caption\":\"Online-Shop \u2013 Klinik Im Park Z\u00fcrich\"},\"image\":{\"@id\":\"https:\/\/shop.hirslanden.ch\/klinik-im-park\/#\/schema\/logo\/image\/\"}}]}<\/script>\n<!-- \/ Yoast SEO plugin. -->","yoast_head_json":{"title":"Mascotte \u00abErnest\u00bb - Online-Shop \u2013 Klinik Im Park Z\u00fcrich","robots":{"index":"index","follow":"follow","max-snippet":"max-snippet:-1","max-image-preview":"max-image-preview:large","max-video-preview":"max-video-preview:-1"},"canonical":"https:\/\/shop.hirslanden.ch\/klinik-im-park\/produkt\/stofftier-ernest\/","og_locale":"de_DE","og_type":"article","og_title":"Mascotte \u00abErnest\u00bb - Online-Shop \u2013 Klinik Im Park Z\u00fcrich","og_description":"Avec la mascotte Ernest aux c\u00f4t\u00e9s de votre b\u00e9b\u00e9, rien ne peut aller de travers. Le fid\u00e8le compagnon des hauts et des bas, des coups durs et des coups durs. 21 cm de hauteur et lavable \u00e0 30 degr\u00e9s sur le cycle d\u00e9licat.","og_url":"https:\/\/shop.hirslanden.ch\/klinik-im-park\/produkt\/stofftier-ernest\/","og_site_name":"Online-Shop \u2013 Klinik Im Park Z\u00fcrich","article_modified_time":"2021-10-25T15:20:41+00:00","og_image":[{"width":2001,"height":2001,"url":"https:\/\/shop.hirslanden.ch\/klinik-im-park\/wp-content\/uploads\/sites\/6\/2021\/08\/Ernest.jpg","type":"image\/jpeg"}],"twitter_card":"summary_large_image","schema":{"@context":"https:\/\/schema.org","@graph":[{"@type":"WebPage","@id":"https:\/\/shop.hirslanden.ch\/klinik-im-park\/produkt\/stofftier-ernest\/","url":"https:\/\/shop.hirslanden.ch\/klinik-im-park\/produkt\/stofftier-ernest\/","name":"Mascotte \u00abErnest\u00bb - Online-Shop \u2013 Klinik Im Park Z\u00fcrich","isPartOf":{"@id":"https:\/\/shop.hirslanden.ch\/klinik-im-park\/#website"},"primaryImageOfPage":{"@id":"https:\/\/shop.hirslanden.ch\/klinik-im-park\/produkt\/stofftier-ernest\/#primaryimage"},"image":{"@id":"https:\/\/shop.hirslanden.ch\/klinik-im-park\/produkt\/stofftier-ernest\/#primaryimage"},"thumbnailUrl":"https:\/\/shop.hirslanden.ch\/klinik-im-park\/wp-content\/uploads\/sites\/6\/2021\/08\/Ernest.jpg","datePublished":"2021-02-11T08:46:41+00:00","dateModified":"2021-10-25T15:20:41+00:00","breadcrumb":{"@id":"https:\/\/shop.hirslanden.ch\/klinik-im-park\/produkt\/stofftier-ernest\/#breadcrumb"},"inLanguage":"de","potentialAction":[{"@type":"ReadAction","target":["https:\/\/shop.hirslanden.ch\/klinik-im-park\/produkt\/stofftier-ernest\/"]}]},{"@type":"ImageObject","inLanguage":"de","@id":"https:\/\/shop.hirslanden.ch\/klinik-im-park\/produkt\/stofftier-ernest\/#primaryimage","url":"https:\/\/shop.hirslanden.ch\/klinik-im-park\/wp-content\/uploads\/sites\/6\/2021\/08\/Ernest.jpg","contentUrl":"https:\/\/shop.hirslanden.ch\/klinik-im-park\/wp-content\/uploads\/sites\/6\/2021\/08\/Ernest.jpg","width":2001,"height":2001},{"@type":"BreadcrumbList","@id":"https:\/\/shop.hirslanden.ch\/klinik-im-park\/produkt\/stofftier-ernest\/#breadcrumb","itemListElement":[{"@type":"ListItem","position":1,"name":"Startseite","item":"https:\/\/shop.hirslanden.ch\/klinik-im-park\/"},{"@type":"ListItem","position":2,"name":"Shop","item":"https:\/\/shop.hirslanden.ch\/klinik-im-park\/"},{"@type":"ListItem","position":3,"name":"Mascotte \u00abErnest\u00bb"}]},{"@type":"WebSite","@id":"https:\/\/shop.hirslanden.ch\/klinik-im-park\/#website","url":"https:\/\/shop.hirslanden.ch\/klinik-im-park\/","name":"Online-Shop \u2013 Klinik Im Park Z\u00fcrich","description":"Hirslanden-Gruppe","publisher":{"@id":"https:\/\/shop.hirslanden.ch\/klinik-im-park\/#organization"},"potentialAction":[{"@type":"SearchAction","target":{"@type":"EntryPoint","urlTemplate":"https:\/\/shop.hirslanden.ch\/klinik-im-park\/?s={search_term_string}"},"query-input":{"@type":"PropertyValueSpecification","valueRequired":true,"valueName":"search_term_string"}}],"inLanguage":"de"},{"@type":"Organization","@id":"https:\/\/shop.hirslanden.ch\/klinik-im-park\/#organization","name":"Online-Shop \u2013 Klinik Im Park Z\u00fcrich","url":"https:\/\/shop.hirslanden.ch\/klinik-im-park\/","logo":{"@type":"ImageObject","inLanguage":"de","@id":"https:\/\/shop.hirslanden.ch\/klinik-im-park\/#\/schema\/logo\/image\/","url":"https:\/\/shop.hirslanden.ch\/klinik-im-park\/wp-content\/uploads\/sites\/6\/2024\/03\/impark-scaled-1.jpg","contentUrl":"https:\/\/shop.hirslanden.ch\/klinik-im-park\/wp-content\/uploads\/sites\/6\/2024\/03\/impark-scaled-1.jpg","width":2560,"height":686,"caption":"Online-Shop \u2013 Klinik Im Park Z\u00fcrich"},"image":{"@id":"https:\/\/shop.hirslanden.ch\/klinik-im-park\/#\/schema\/logo\/image\/"}}]}},"_links":{"self":[{"href":"https:\/\/shop.hirslanden.ch\/klinik-im-park\/wp-json\/wp\/v2\/product\/466","targetHints":{"allow":["GET"]}}],"collection":[{"href":"https:\/\/shop.hirslanden.ch\/klinik-im-park\/wp-json\/wp\/v2\/product"}],"about":[{"href":"https:\/\/shop.hirslanden.ch\/klinik-im-park\/wp-json\/wp\/v2\/types\/product"}],"replies":[{"embeddable":true,"href":"https:\/\/shop.hirslanden.ch\/klinik-im-park\/wp-json\/wp\/v2\/comments?post=466"}],"wp:featuredmedia":[{"embeddable":true,"href":"https:\/\/shop.hirslanden.ch\/klinik-im-park\/wp-json\/wp\/v2\/media\/602"}],"wp:attachment":[{"href":"https:\/\/shop.hirslanden.ch\/klinik-im-park\/wp-json\/wp\/v2\/media?parent=466"}],"wp:term":[{"taxonomy":"product_brand","embeddable":true,"href":"https:\/\/shop.hirslanden.ch\/klinik-im-park\/wp-json\/wp\/v2\/product_brand?post=466"},{"taxonomy":"product_cat","embeddable":true,"href":"https:\/\/shop.hirslanden.ch\/klinik-im-park\/wp-json\/wp\/v2\/product_cat?post=466"},{"taxonomy":"product_tag","embeddable":true,"href":"https:\/\/shop.hirslanden.ch\/klinik-im-park\/wp-json\/wp\/v2\/product_tag?post=466"}],"curies":[{"name":"wp","href":"https:\/\/api.w.org\/{rel}","templated":true}]}}