{"id":1639,"date":"2025-04-10T09:51:48","date_gmt":"2025-04-10T07:51:48","guid":{"rendered":"https:\/\/shop.hirslanden.ch\/klinik-im-park\/?post_type=product&#038;p=1639"},"modified":"2025-04-10T11:18:58","modified_gmt":"2025-04-10T09:18:58","slug":"xund-mix","status":"publish","type":"product","link":"https:\/\/shop.hirslanden.ch\/klinik-im-park\/produkt\/xund-mix\/","title":{"rendered":"Xund Mix | Mahler Eigenmarke"},"content":{"rendered":"<p>Die geballte Ladung an Superfr\u00fcchten und N\u00fcssen hat es in sich. Aronia, Goji und Cranberrys sch\u00fctzen mit Antioxidantien Hirn und K\u00f6rper. Abgerundet wird die Mischung mit essentiellen Baustoffen f\u00fcr die Nervenzellen aus den wichtigen Fetts\u00e4uren der Baumnuss und Mandel.<\/p>\n<p><strong>Allergene<br \/>\n<\/strong>Enthalten: BAUMNUSS, MANDELN<br \/>\nSpuren m\u00f6glich: CASHEW, HASELNUSS, MACADAMIA<br \/>\nKann trotz sorgf\u00e4ltiger Verarbeitung vereinzelt Schalenteile enthalten.<\/p>\n","protected":false},"excerpt":{"rendered":"<p>Die geballte Ladung an Superfr\u00fcchten und N\u00fcssen hat es in sich. Aronia, Goji und Cranberrys sch\u00fctzen mit Antioxidantien Hirn und K\u00f6rper. Abgerundet wird die Mischung mit essentiellen Baustoffen f\u00fcr die Nervenzellen aus den wichtigen Fetts\u00e4uren der Baumnuss und Mandel. Allergene Enthalten: BAUMNUSS, MANDELN Spuren m\u00f6glich: CASHEW, HASELNUSS, MACADAMIA Kann trotz sorgf\u00e4ltiger Verarbeitung vereinzelt Schalenteile enthalten.<\/p>\n","protected":false},"featured_media":1641,"comment_status":"open","ping_status":"closed","template":"","meta":{"_acf_changed":false},"product_brand":[],"product_cat":[88],"product_tag":[],"class_list":{"0":"post-1639","1":"product","2":"type-product","3":"status-publish","4":"has-post-thumbnail","6":"product_cat-snacks","8":"first","9":"instock","10":"taxable","11":"shipping-taxable","12":"purchasable","13":"product-type-simple"},"acf":[],"yoast_head":"<!-- This site is optimized with the Yoast SEO plugin v27.2 - https:\/\/yoast.com\/product\/yoast-seo-wordpress\/ -->\n<title>Xund Mix | Mahler Eigenmarke - Online-Shop \u2013 Klinik Im Park Z\u00fcrich<\/title>\n<meta name=\"robots\" content=\"index, follow, max-snippet:-1, max-image-preview:large, max-video-preview:-1\" \/>\n<link rel=\"canonical\" href=\"https:\/\/shop.hirslanden.ch\/klinik-im-park\/produkt\/xund-mix\/\" \/>\n<meta property=\"og:locale\" content=\"de_DE\" \/>\n<meta property=\"og:type\" content=\"article\" \/>\n<meta property=\"og:title\" content=\"Xund Mix | Mahler Eigenmarke - Online-Shop \u2013 Klinik Im Park Z\u00fcrich\" \/>\n<meta property=\"og:description\" content=\"Die geballte Ladung an Superfr\u00fcchten und N\u00fcssen hat es in sich. Aronia, Goji und Cranberrys sch\u00fctzen mit Antioxidantien Hirn und K\u00f6rper. Abgerundet wird die Mischung mit essentiellen Baustoffen f\u00fcr die Nervenzellen aus den wichtigen Fetts\u00e4uren der Baumnuss und Mandel. Allergene Enthalten: BAUMNUSS, MANDELN Spuren m\u00f6glich: CASHEW, HASELNUSS, MACADAMIA Kann trotz sorgf\u00e4ltiger Verarbeitung vereinzelt Schalenteile enthalten.\" \/>\n<meta property=\"og:url\" content=\"https:\/\/shop.hirslanden.ch\/klinik-im-park\/produkt\/xund-mix\/\" \/>\n<meta property=\"og:site_name\" content=\"Online-Shop \u2013 Klinik Im Park Z\u00fcrich\" \/>\n<meta property=\"article:modified_time\" content=\"2025-04-10T09:18:58+00:00\" \/>\n<meta property=\"og:image\" content=\"https:\/\/shop.hirslanden.ch\/klinik-im-park\/wp-content\/uploads\/sites\/6\/2025\/04\/xund-mix.jpg\" \/>\n\t<meta property=\"og:image:width\" content=\"800\" \/>\n\t<meta property=\"og:image:height\" content=\"800\" \/>\n\t<meta property=\"og:image:type\" content=\"image\/jpeg\" \/>\n<meta name=\"twitter:card\" content=\"summary_large_image\" \/>\n<meta name=\"twitter:label1\" content=\"Gesch\u00e4tzte Lesezeit\" \/>\n\t<meta name=\"twitter:data1\" content=\"1\u00a0Minute\" \/>\n<script type=\"application\/ld+json\" class=\"yoast-schema-graph\">{\"@context\":\"https:\/\/schema.org\",\"@graph\":[{\"@type\":\"WebPage\",\"@id\":\"https:\/\/shop.hirslanden.ch\/klinik-im-park\/produkt\/xund-mix\/\",\"url\":\"https:\/\/shop.hirslanden.ch\/klinik-im-park\/produkt\/xund-mix\/\",\"name\":\"Xund Mix | Mahler Eigenmarke - Online-Shop \u2013 Klinik Im Park Z\u00fcrich\",\"isPartOf\":{\"@id\":\"https:\/\/shop.hirslanden.ch\/klinik-im-park\/#website\"},\"primaryImageOfPage\":{\"@id\":\"https:\/\/shop.hirslanden.ch\/klinik-im-park\/produkt\/xund-mix\/#primaryimage\"},\"image\":{\"@id\":\"https:\/\/shop.hirslanden.ch\/klinik-im-park\/produkt\/xund-mix\/#primaryimage\"},\"thumbnailUrl\":\"https:\/\/shop.hirslanden.ch\/klinik-im-park\/wp-content\/uploads\/sites\/6\/2025\/04\/xund-mix.jpg\",\"datePublished\":\"2025-04-10T07:51:48+00:00\",\"dateModified\":\"2025-04-10T09:18:58+00:00\",\"breadcrumb\":{\"@id\":\"https:\/\/shop.hirslanden.ch\/klinik-im-park\/produkt\/xund-mix\/#breadcrumb\"},\"inLanguage\":\"de\",\"potentialAction\":[{\"@type\":\"ReadAction\",\"target\":[\"https:\/\/shop.hirslanden.ch\/klinik-im-park\/produkt\/xund-mix\/\"]}]},{\"@type\":\"ImageObject\",\"inLanguage\":\"de\",\"@id\":\"https:\/\/shop.hirslanden.ch\/klinik-im-park\/produkt\/xund-mix\/#primaryimage\",\"url\":\"https:\/\/shop.hirslanden.ch\/klinik-im-park\/wp-content\/uploads\/sites\/6\/2025\/04\/xund-mix.jpg\",\"contentUrl\":\"https:\/\/shop.hirslanden.ch\/klinik-im-park\/wp-content\/uploads\/sites\/6\/2025\/04\/xund-mix.jpg\",\"width\":800,\"height\":800},{\"@type\":\"BreadcrumbList\",\"@id\":\"https:\/\/shop.hirslanden.ch\/klinik-im-park\/produkt\/xund-mix\/#breadcrumb\",\"itemListElement\":[{\"@type\":\"ListItem\",\"position\":1,\"name\":\"Startseite\",\"item\":\"https:\/\/shop.hirslanden.ch\/klinik-im-park\/\"},{\"@type\":\"ListItem\",\"position\":2,\"name\":\"Shop\",\"item\":\"https:\/\/shop.hirslanden.ch\/klinik-im-park\/\"},{\"@type\":\"ListItem\",\"position\":3,\"name\":\"Xund Mix | Mahler Eigenmarke\"}]},{\"@type\":\"WebSite\",\"@id\":\"https:\/\/shop.hirslanden.ch\/klinik-im-park\/#website\",\"url\":\"https:\/\/shop.hirslanden.ch\/klinik-im-park\/\",\"name\":\"Online-Shop \u2013 Klinik Im Park Z\u00fcrich\",\"description\":\"Hirslanden-Gruppe\",\"publisher\":{\"@id\":\"https:\/\/shop.hirslanden.ch\/klinik-im-park\/#organization\"},\"potentialAction\":[{\"@type\":\"SearchAction\",\"target\":{\"@type\":\"EntryPoint\",\"urlTemplate\":\"https:\/\/shop.hirslanden.ch\/klinik-im-park\/?s={search_term_string}\"},\"query-input\":{\"@type\":\"PropertyValueSpecification\",\"valueRequired\":true,\"valueName\":\"search_term_string\"}}],\"inLanguage\":\"de\"},{\"@type\":\"Organization\",\"@id\":\"https:\/\/shop.hirslanden.ch\/klinik-im-park\/#organization\",\"name\":\"Online-Shop \u2013 Klinik Im Park Z\u00fcrich\",\"url\":\"https:\/\/shop.hirslanden.ch\/klinik-im-park\/\",\"logo\":{\"@type\":\"ImageObject\",\"inLanguage\":\"de\",\"@id\":\"https:\/\/shop.hirslanden.ch\/klinik-im-park\/#\/schema\/logo\/image\/\",\"url\":\"https:\/\/shop.hirslanden.ch\/klinik-im-park\/wp-content\/uploads\/sites\/6\/2024\/03\/impark-scaled-1.jpg\",\"contentUrl\":\"https:\/\/shop.hirslanden.ch\/klinik-im-park\/wp-content\/uploads\/sites\/6\/2024\/03\/impark-scaled-1.jpg\",\"width\":2560,\"height\":686,\"caption\":\"Online-Shop \u2013 Klinik Im Park Z\u00fcrich\"},\"image\":{\"@id\":\"https:\/\/shop.hirslanden.ch\/klinik-im-park\/#\/schema\/logo\/image\/\"}}]}<\/script>\n<!-- \/ Yoast SEO plugin. -->","yoast_head_json":{"title":"Xund Mix | Mahler Eigenmarke - Online-Shop \u2013 Klinik Im Park Z\u00fcrich","robots":{"index":"index","follow":"follow","max-snippet":"max-snippet:-1","max-image-preview":"max-image-preview:large","max-video-preview":"max-video-preview:-1"},"canonical":"https:\/\/shop.hirslanden.ch\/klinik-im-park\/produkt\/xund-mix\/","og_locale":"de_DE","og_type":"article","og_title":"Xund Mix | Mahler Eigenmarke - Online-Shop \u2013 Klinik Im Park Z\u00fcrich","og_description":"Die geballte Ladung an Superfr\u00fcchten und N\u00fcssen hat es in sich. Aronia, Goji und Cranberrys sch\u00fctzen mit Antioxidantien Hirn und K\u00f6rper. Abgerundet wird die Mischung mit essentiellen Baustoffen f\u00fcr die Nervenzellen aus den wichtigen Fetts\u00e4uren der Baumnuss und Mandel. Allergene Enthalten: BAUMNUSS, MANDELN Spuren m\u00f6glich: CASHEW, HASELNUSS, MACADAMIA Kann trotz sorgf\u00e4ltiger Verarbeitung vereinzelt Schalenteile enthalten.","og_url":"https:\/\/shop.hirslanden.ch\/klinik-im-park\/produkt\/xund-mix\/","og_site_name":"Online-Shop \u2013 Klinik Im Park Z\u00fcrich","article_modified_time":"2025-04-10T09:18:58+00:00","og_image":[{"width":800,"height":800,"url":"https:\/\/shop.hirslanden.ch\/klinik-im-park\/wp-content\/uploads\/sites\/6\/2025\/04\/xund-mix.jpg","type":"image\/jpeg"}],"twitter_card":"summary_large_image","twitter_misc":{"Gesch\u00e4tzte Lesezeit":"1\u00a0Minute"},"schema":{"@context":"https:\/\/schema.org","@graph":[{"@type":"WebPage","@id":"https:\/\/shop.hirslanden.ch\/klinik-im-park\/produkt\/xund-mix\/","url":"https:\/\/shop.hirslanden.ch\/klinik-im-park\/produkt\/xund-mix\/","name":"Xund Mix | Mahler Eigenmarke - Online-Shop \u2013 Klinik Im Park Z\u00fcrich","isPartOf":{"@id":"https:\/\/shop.hirslanden.ch\/klinik-im-park\/#website"},"primaryImageOfPage":{"@id":"https:\/\/shop.hirslanden.ch\/klinik-im-park\/produkt\/xund-mix\/#primaryimage"},"image":{"@id":"https:\/\/shop.hirslanden.ch\/klinik-im-park\/produkt\/xund-mix\/#primaryimage"},"thumbnailUrl":"https:\/\/shop.hirslanden.ch\/klinik-im-park\/wp-content\/uploads\/sites\/6\/2025\/04\/xund-mix.jpg","datePublished":"2025-04-10T07:51:48+00:00","dateModified":"2025-04-10T09:18:58+00:00","breadcrumb":{"@id":"https:\/\/shop.hirslanden.ch\/klinik-im-park\/produkt\/xund-mix\/#breadcrumb"},"inLanguage":"de","potentialAction":[{"@type":"ReadAction","target":["https:\/\/shop.hirslanden.ch\/klinik-im-park\/produkt\/xund-mix\/"]}]},{"@type":"ImageObject","inLanguage":"de","@id":"https:\/\/shop.hirslanden.ch\/klinik-im-park\/produkt\/xund-mix\/#primaryimage","url":"https:\/\/shop.hirslanden.ch\/klinik-im-park\/wp-content\/uploads\/sites\/6\/2025\/04\/xund-mix.jpg","contentUrl":"https:\/\/shop.hirslanden.ch\/klinik-im-park\/wp-content\/uploads\/sites\/6\/2025\/04\/xund-mix.jpg","width":800,"height":800},{"@type":"BreadcrumbList","@id":"https:\/\/shop.hirslanden.ch\/klinik-im-park\/produkt\/xund-mix\/#breadcrumb","itemListElement":[{"@type":"ListItem","position":1,"name":"Startseite","item":"https:\/\/shop.hirslanden.ch\/klinik-im-park\/"},{"@type":"ListItem","position":2,"name":"Shop","item":"https:\/\/shop.hirslanden.ch\/klinik-im-park\/"},{"@type":"ListItem","position":3,"name":"Xund Mix | Mahler Eigenmarke"}]},{"@type":"WebSite","@id":"https:\/\/shop.hirslanden.ch\/klinik-im-park\/#website","url":"https:\/\/shop.hirslanden.ch\/klinik-im-park\/","name":"Online-Shop \u2013 Klinik Im Park Z\u00fcrich","description":"Hirslanden-Gruppe","publisher":{"@id":"https:\/\/shop.hirslanden.ch\/klinik-im-park\/#organization"},"potentialAction":[{"@type":"SearchAction","target":{"@type":"EntryPoint","urlTemplate":"https:\/\/shop.hirslanden.ch\/klinik-im-park\/?s={search_term_string}"},"query-input":{"@type":"PropertyValueSpecification","valueRequired":true,"valueName":"search_term_string"}}],"inLanguage":"de"},{"@type":"Organization","@id":"https:\/\/shop.hirslanden.ch\/klinik-im-park\/#organization","name":"Online-Shop \u2013 Klinik Im Park Z\u00fcrich","url":"https:\/\/shop.hirslanden.ch\/klinik-im-park\/","logo":{"@type":"ImageObject","inLanguage":"de","@id":"https:\/\/shop.hirslanden.ch\/klinik-im-park\/#\/schema\/logo\/image\/","url":"https:\/\/shop.hirslanden.ch\/klinik-im-park\/wp-content\/uploads\/sites\/6\/2024\/03\/impark-scaled-1.jpg","contentUrl":"https:\/\/shop.hirslanden.ch\/klinik-im-park\/wp-content\/uploads\/sites\/6\/2024\/03\/impark-scaled-1.jpg","width":2560,"height":686,"caption":"Online-Shop \u2013 Klinik Im Park Z\u00fcrich"},"image":{"@id":"https:\/\/shop.hirslanden.ch\/klinik-im-park\/#\/schema\/logo\/image\/"}}]}},"_links":{"self":[{"href":"https:\/\/shop.hirslanden.ch\/klinik-im-park\/wp-json\/wp\/v2\/product\/1639","targetHints":{"allow":["GET"]}}],"collection":[{"href":"https:\/\/shop.hirslanden.ch\/klinik-im-park\/wp-json\/wp\/v2\/product"}],"about":[{"href":"https:\/\/shop.hirslanden.ch\/klinik-im-park\/wp-json\/wp\/v2\/types\/product"}],"replies":[{"embeddable":true,"href":"https:\/\/shop.hirslanden.ch\/klinik-im-park\/wp-json\/wp\/v2\/comments?post=1639"}],"wp:featuredmedia":[{"embeddable":true,"href":"https:\/\/shop.hirslanden.ch\/klinik-im-park\/wp-json\/wp\/v2\/media\/1641"}],"wp:attachment":[{"href":"https:\/\/shop.hirslanden.ch\/klinik-im-park\/wp-json\/wp\/v2\/media?parent=1639"}],"wp:term":[{"taxonomy":"product_brand","embeddable":true,"href":"https:\/\/shop.hirslanden.ch\/klinik-im-park\/wp-json\/wp\/v2\/product_brand?post=1639"},{"taxonomy":"product_cat","embeddable":true,"href":"https:\/\/shop.hirslanden.ch\/klinik-im-park\/wp-json\/wp\/v2\/product_cat?post=1639"},{"taxonomy":"product_tag","embeddable":true,"href":"https:\/\/shop.hirslanden.ch\/klinik-im-park\/wp-json\/wp\/v2\/product_tag?post=1639"}],"curies":[{"name":"wp","href":"https:\/\/api.w.org\/{rel}","templated":true}]}}