{"id":869,"date":"2021-08-11T14:24:41","date_gmt":"2021-08-11T12:24:41","guid":{"rendered":"https:\/\/shop.hirslanden.ch\/klinik-hirslanden\/?post_type=product&#038;p=869"},"modified":"2026-01-09T07:55:46","modified_gmt":"2026-01-09T06:55:46","slug":"gemischte-amaretti-vanille-amaretto-kirsch-champagne-schokolade","status":"publish","type":"product","link":"https:\/\/shop.hirslanden.ch\/klinik-hirslanden\/produkt\/gemischte-amaretti-vanille-amaretto-kirsch-champagne-schokolade\/","title":{"rendered":"Gemischte Amaretti von der Confiserie Masaretti"},"content":{"rendered":"<p>Exklusive Amaretti (Vanille, Amaretto, Kirsch, Champagne, Schokolade) von der Confiserie Masaretti in D\u00fcbendorf. Die Amarettis werden ansprechend in durchsichtig-goldenen Schachteln verpackt und ausgeliefert.<\/p>\n<p><strong>Inhaltsstoffe und Allerge:<br \/>\n<\/strong><strong>Geb\u00e4ck:\u00a0<\/strong>Zucker,\u00a0 Eiweiss, Mandeln, Bittermandeln, Invertzucker.<br \/>\n<strong>Praline:\u00a0<\/strong>Couverture; Zucker, Kakaokerne, Kakaobutter, Emulgator (E322: Sojalezithin) Vanille*Madagaskar, Magermilchpulver, Teilentrahmtes Milchpulver und Butterfett. Kann Spuren von Weizenmehl (GLUTEN) enthalten<br \/>\n<strong>+Champagner:\u00a0<\/strong>Pflanzen-Margarine; Raps\u00f6l, Raps\u00f6l (geh\u00e4rtet), Wasser, Kokosfett, Emulgator (E471), S\u00e4uerungsmittel (Zitronens\u00e4ure), Aroma Sorbitsirup E420 (aus Mais- und Weizenst\u00e4rke), Champagne Cognac.<br \/>\n<strong>+Kirsch:\u00a0<\/strong>Kirsch, Weichselkirsche.<br \/>\n<strong>+Amaretto:\u00a0<\/strong>Amaretto; Zucker, Alkohol, Aromen, Glukosesirup.<br \/>\n<strong>+Schokolade:\u00a0<\/strong>&#8211;<br \/>\n<strong>+Vanille:\u00a0<\/strong>Pflanzenmargarine, Kokosfett ganz geh\u00e4rtet, Raps\u00f6l (28%), Wasser, Kokosfett, Raps\u00f6l geh\u00e4rtet (8%), Emulgatoren (E471 aus geh\u00e4rtetem Raps\u00f6l, E472c aus Sonnenblumen\u00f6l), Speisesalz nicht jodiert, S\u00e4uerungsmittel (Zitronens\u00e4ure), Farbstoff (Beta Carotin nat\u00fcrlich), Aromen, BUTTER, Kirsch, Amaretto, Sorbitsirup E420 (aus Mais- und Weizenst\u00e4rke), Vanille-Aroma.<\/p>\n","protected":false},"excerpt":{"rendered":"<p>Exklusive Amaretti (Vanille, Amaretto, Kirsch, Champagne, Schokolade) von der Confiserie Masaretti in D\u00fcbendorf. Die Amarettis werden ansprechend in durchsichtig-goldenen Schachteln verpackt und ausgeliefert. Inhaltsstoffe und Allerge: Geb\u00e4ck:\u00a0Zucker,\u00a0 Eiweiss, Mandeln, Bittermandeln, Invertzucker. Praline:\u00a0Couverture; Zucker, Kakaokerne, Kakaobutter, Emulgator (E322: Sojalezithin) Vanille*Madagaskar, Magermilchpulver, Teilentrahmtes Milchpulver und Butterfett. Kann Spuren von Weizenmehl (GLUTEN) enthalten +Champagner:\u00a0Pflanzen-Margarine; Raps\u00f6l, Raps\u00f6l (geh\u00e4rtet), Wasser, [&hellip;]<\/p>\n","protected":false},"featured_media":899,"comment_status":"open","ping_status":"closed","template":"","meta":{"_acf_changed":false},"product_brand":[],"product_cat":[85],"product_tag":[],"class_list":{"0":"post-869","1":"product","2":"type-product","3":"status-publish","4":"has-post-thumbnail","6":"product_cat-schokolade-suessigkeiten","8":"first","9":"instock","10":"taxable","11":"shipping-taxable","12":"purchasable","13":"product-type-variable"},"acf":[],"yoast_head":"<!-- This site is optimized with the Yoast SEO plugin v27.2 - https:\/\/yoast.com\/product\/yoast-seo-wordpress\/ -->\n<title>Gemischte Amaretti von der Confiserie Masaretti - Online-Shop \u2013 Klinik Hirslanden Z\u00fcrich<\/title>\n<meta name=\"robots\" content=\"index, follow, max-snippet:-1, max-image-preview:large, max-video-preview:-1\" \/>\n<link rel=\"canonical\" href=\"https:\/\/shop.hirslanden.ch\/klinik-hirslanden\/produkt\/gemischte-amaretti-vanille-amaretto-kirsch-champagne-schokolade\/\" \/>\n<meta property=\"og:locale\" content=\"de_DE\" \/>\n<meta property=\"og:type\" content=\"article\" \/>\n<meta property=\"og:title\" content=\"Gemischte Amaretti von der Confiserie Masaretti - Online-Shop \u2013 Klinik Hirslanden Z\u00fcrich\" \/>\n<meta property=\"og:description\" content=\"Exklusive Amaretti (Vanille, Amaretto, Kirsch, Champagne, Schokolade) von der Confiserie Masaretti in D\u00fcbendorf. Die Amarettis werden ansprechend in durchsichtig-goldenen Schachteln verpackt und ausgeliefert. Inhaltsstoffe und Allerge: Geb\u00e4ck:\u00a0Zucker,\u00a0 Eiweiss, Mandeln, Bittermandeln, Invertzucker. Praline:\u00a0Couverture; Zucker, Kakaokerne, Kakaobutter, Emulgator (E322: Sojalezithin) Vanille*Madagaskar, Magermilchpulver, Teilentrahmtes Milchpulver und Butterfett. Kann Spuren von Weizenmehl (GLUTEN) enthalten +Champagner:\u00a0Pflanzen-Margarine; Raps\u00f6l, Raps\u00f6l (geh\u00e4rtet), Wasser, [&hellip;]\" \/>\n<meta property=\"og:url\" content=\"https:\/\/shop.hirslanden.ch\/klinik-hirslanden\/produkt\/gemischte-amaretti-vanille-amaretto-kirsch-champagne-schokolade\/\" \/>\n<meta property=\"og:site_name\" content=\"Online-Shop \u2013 Klinik Hirslanden Z\u00fcrich\" \/>\n<meta property=\"article:modified_time\" content=\"2026-01-09T06:55:46+00:00\" \/>\n<meta property=\"og:image\" content=\"https:\/\/shop.hirslanden.ch\/klinik-hirslanden\/wp-content\/uploads\/sites\/7\/2021\/08\/Vanille-Amaretti-einzeln.jpg\" \/>\n\t<meta property=\"og:image:width\" content=\"800\" \/>\n\t<meta property=\"og:image:height\" content=\"800\" \/>\n\t<meta property=\"og:image:type\" content=\"image\/jpeg\" \/>\n<meta name=\"twitter:card\" content=\"summary_large_image\" \/>\n<meta name=\"twitter:label1\" content=\"Gesch\u00e4tzte Lesezeit\" \/>\n\t<meta name=\"twitter:data1\" content=\"1\u00a0Minute\" \/>\n<script type=\"application\/ld+json\" class=\"yoast-schema-graph\">{\"@context\":\"https:\/\/schema.org\",\"@graph\":[{\"@type\":\"WebPage\",\"@id\":\"https:\/\/shop.hirslanden.ch\/klinik-hirslanden\/produkt\/gemischte-amaretti-vanille-amaretto-kirsch-champagne-schokolade\/\",\"url\":\"https:\/\/shop.hirslanden.ch\/klinik-hirslanden\/produkt\/gemischte-amaretti-vanille-amaretto-kirsch-champagne-schokolade\/\",\"name\":\"Gemischte Amaretti von der Confiserie Masaretti - Online-Shop \u2013 Klinik Hirslanden Z\u00fcrich\",\"isPartOf\":{\"@id\":\"https:\/\/shop.hirslanden.ch\/klinik-hirslanden\/#website\"},\"primaryImageOfPage\":{\"@id\":\"https:\/\/shop.hirslanden.ch\/klinik-hirslanden\/produkt\/gemischte-amaretti-vanille-amaretto-kirsch-champagne-schokolade\/#primaryimage\"},\"image\":{\"@id\":\"https:\/\/shop.hirslanden.ch\/klinik-hirslanden\/produkt\/gemischte-amaretti-vanille-amaretto-kirsch-champagne-schokolade\/#primaryimage\"},\"thumbnailUrl\":\"https:\/\/shop.hirslanden.ch\/klinik-hirslanden\/wp-content\/uploads\/sites\/7\/2021\/08\/Vanille-Amaretti-einzeln.jpg\",\"datePublished\":\"2021-08-11T12:24:41+00:00\",\"dateModified\":\"2026-01-09T06:55:46+00:00\",\"breadcrumb\":{\"@id\":\"https:\/\/shop.hirslanden.ch\/klinik-hirslanden\/produkt\/gemischte-amaretti-vanille-amaretto-kirsch-champagne-schokolade\/#breadcrumb\"},\"inLanguage\":\"de\",\"potentialAction\":[{\"@type\":\"ReadAction\",\"target\":[\"https:\/\/shop.hirslanden.ch\/klinik-hirslanden\/produkt\/gemischte-amaretti-vanille-amaretto-kirsch-champagne-schokolade\/\"]}]},{\"@type\":\"ImageObject\",\"inLanguage\":\"de\",\"@id\":\"https:\/\/shop.hirslanden.ch\/klinik-hirslanden\/produkt\/gemischte-amaretti-vanille-amaretto-kirsch-champagne-schokolade\/#primaryimage\",\"url\":\"https:\/\/shop.hirslanden.ch\/klinik-hirslanden\/wp-content\/uploads\/sites\/7\/2021\/08\/Vanille-Amaretti-einzeln.jpg\",\"contentUrl\":\"https:\/\/shop.hirslanden.ch\/klinik-hirslanden\/wp-content\/uploads\/sites\/7\/2021\/08\/Vanille-Amaretti-einzeln.jpg\",\"width\":800,\"height\":800},{\"@type\":\"BreadcrumbList\",\"@id\":\"https:\/\/shop.hirslanden.ch\/klinik-hirslanden\/produkt\/gemischte-amaretti-vanille-amaretto-kirsch-champagne-schokolade\/#breadcrumb\",\"itemListElement\":[{\"@type\":\"ListItem\",\"position\":1,\"name\":\"Startseite\",\"item\":\"https:\/\/shop.hirslanden.ch\/klinik-hirslanden\/\"},{\"@type\":\"ListItem\",\"position\":2,\"name\":\"Shop\",\"item\":\"https:\/\/shop.hirslanden.ch\/klinik-hirslanden\/\"},{\"@type\":\"ListItem\",\"position\":3,\"name\":\"Gemischte Amaretti von der Confiserie Masaretti\"}]},{\"@type\":\"WebSite\",\"@id\":\"https:\/\/shop.hirslanden.ch\/klinik-hirslanden\/#website\",\"url\":\"https:\/\/shop.hirslanden.ch\/klinik-hirslanden\/\",\"name\":\"Online-Shop \u2013 Klinik Hirslanden Z\u00fcrich\",\"description\":\"Hirslanden-Gruppe\",\"publisher\":{\"@id\":\"https:\/\/shop.hirslanden.ch\/klinik-hirslanden\/#organization\"},\"potentialAction\":[{\"@type\":\"SearchAction\",\"target\":{\"@type\":\"EntryPoint\",\"urlTemplate\":\"https:\/\/shop.hirslanden.ch\/klinik-hirslanden\/?s={search_term_string}\"},\"query-input\":{\"@type\":\"PropertyValueSpecification\",\"valueRequired\":true,\"valueName\":\"search_term_string\"}}],\"inLanguage\":\"de\"},{\"@type\":\"Organization\",\"@id\":\"https:\/\/shop.hirslanden.ch\/klinik-hirslanden\/#organization\",\"name\":\"Online-Shop \u2013 Klinik Hirslanden Z\u00fcrich\",\"url\":\"https:\/\/shop.hirslanden.ch\/klinik-hirslanden\/\",\"logo\":{\"@type\":\"ImageObject\",\"inLanguage\":\"de\",\"@id\":\"https:\/\/shop.hirslanden.ch\/klinik-hirslanden\/#\/schema\/logo\/image\/\",\"url\":\"https:\/\/shop.hirslanden.ch\/klinik-hirslanden\/wp-content\/uploads\/sites\/7\/2024\/03\/impark-scaled-2.jpg\",\"contentUrl\":\"https:\/\/shop.hirslanden.ch\/klinik-hirslanden\/wp-content\/uploads\/sites\/7\/2024\/03\/impark-scaled-2.jpg\",\"width\":2560,\"height\":686,\"caption\":\"Online-Shop \u2013 Klinik Hirslanden Z\u00fcrich\"},\"image\":{\"@id\":\"https:\/\/shop.hirslanden.ch\/klinik-hirslanden\/#\/schema\/logo\/image\/\"}}]}<\/script>\n<!-- \/ Yoast SEO plugin. -->","yoast_head_json":{"title":"Gemischte Amaretti von der Confiserie Masaretti - Online-Shop \u2013 Klinik Hirslanden Z\u00fcrich","robots":{"index":"index","follow":"follow","max-snippet":"max-snippet:-1","max-image-preview":"max-image-preview:large","max-video-preview":"max-video-preview:-1"},"canonical":"https:\/\/shop.hirslanden.ch\/klinik-hirslanden\/produkt\/gemischte-amaretti-vanille-amaretto-kirsch-champagne-schokolade\/","og_locale":"de_DE","og_type":"article","og_title":"Gemischte Amaretti von der Confiserie Masaretti - Online-Shop \u2013 Klinik Hirslanden Z\u00fcrich","og_description":"Exklusive Amaretti (Vanille, Amaretto, Kirsch, Champagne, Schokolade) von der Confiserie Masaretti in D\u00fcbendorf. Die Amarettis werden ansprechend in durchsichtig-goldenen Schachteln verpackt und ausgeliefert. Inhaltsstoffe und Allerge: Geb\u00e4ck:\u00a0Zucker,\u00a0 Eiweiss, Mandeln, Bittermandeln, Invertzucker. Praline:\u00a0Couverture; Zucker, Kakaokerne, Kakaobutter, Emulgator (E322: Sojalezithin) Vanille*Madagaskar, Magermilchpulver, Teilentrahmtes Milchpulver und Butterfett. Kann Spuren von Weizenmehl (GLUTEN) enthalten +Champagner:\u00a0Pflanzen-Margarine; Raps\u00f6l, Raps\u00f6l (geh\u00e4rtet), Wasser, [&hellip;]","og_url":"https:\/\/shop.hirslanden.ch\/klinik-hirslanden\/produkt\/gemischte-amaretti-vanille-amaretto-kirsch-champagne-schokolade\/","og_site_name":"Online-Shop \u2013 Klinik Hirslanden Z\u00fcrich","article_modified_time":"2026-01-09T06:55:46+00:00","og_image":[{"width":800,"height":800,"url":"https:\/\/shop.hirslanden.ch\/klinik-hirslanden\/wp-content\/uploads\/sites\/7\/2021\/08\/Vanille-Amaretti-einzeln.jpg","type":"image\/jpeg"}],"twitter_card":"summary_large_image","twitter_misc":{"Gesch\u00e4tzte Lesezeit":"1\u00a0Minute"},"schema":{"@context":"https:\/\/schema.org","@graph":[{"@type":"WebPage","@id":"https:\/\/shop.hirslanden.ch\/klinik-hirslanden\/produkt\/gemischte-amaretti-vanille-amaretto-kirsch-champagne-schokolade\/","url":"https:\/\/shop.hirslanden.ch\/klinik-hirslanden\/produkt\/gemischte-amaretti-vanille-amaretto-kirsch-champagne-schokolade\/","name":"Gemischte Amaretti von der Confiserie Masaretti - Online-Shop \u2013 Klinik Hirslanden Z\u00fcrich","isPartOf":{"@id":"https:\/\/shop.hirslanden.ch\/klinik-hirslanden\/#website"},"primaryImageOfPage":{"@id":"https:\/\/shop.hirslanden.ch\/klinik-hirslanden\/produkt\/gemischte-amaretti-vanille-amaretto-kirsch-champagne-schokolade\/#primaryimage"},"image":{"@id":"https:\/\/shop.hirslanden.ch\/klinik-hirslanden\/produkt\/gemischte-amaretti-vanille-amaretto-kirsch-champagne-schokolade\/#primaryimage"},"thumbnailUrl":"https:\/\/shop.hirslanden.ch\/klinik-hirslanden\/wp-content\/uploads\/sites\/7\/2021\/08\/Vanille-Amaretti-einzeln.jpg","datePublished":"2021-08-11T12:24:41+00:00","dateModified":"2026-01-09T06:55:46+00:00","breadcrumb":{"@id":"https:\/\/shop.hirslanden.ch\/klinik-hirslanden\/produkt\/gemischte-amaretti-vanille-amaretto-kirsch-champagne-schokolade\/#breadcrumb"},"inLanguage":"de","potentialAction":[{"@type":"ReadAction","target":["https:\/\/shop.hirslanden.ch\/klinik-hirslanden\/produkt\/gemischte-amaretti-vanille-amaretto-kirsch-champagne-schokolade\/"]}]},{"@type":"ImageObject","inLanguage":"de","@id":"https:\/\/shop.hirslanden.ch\/klinik-hirslanden\/produkt\/gemischte-amaretti-vanille-amaretto-kirsch-champagne-schokolade\/#primaryimage","url":"https:\/\/shop.hirslanden.ch\/klinik-hirslanden\/wp-content\/uploads\/sites\/7\/2021\/08\/Vanille-Amaretti-einzeln.jpg","contentUrl":"https:\/\/shop.hirslanden.ch\/klinik-hirslanden\/wp-content\/uploads\/sites\/7\/2021\/08\/Vanille-Amaretti-einzeln.jpg","width":800,"height":800},{"@type":"BreadcrumbList","@id":"https:\/\/shop.hirslanden.ch\/klinik-hirslanden\/produkt\/gemischte-amaretti-vanille-amaretto-kirsch-champagne-schokolade\/#breadcrumb","itemListElement":[{"@type":"ListItem","position":1,"name":"Startseite","item":"https:\/\/shop.hirslanden.ch\/klinik-hirslanden\/"},{"@type":"ListItem","position":2,"name":"Shop","item":"https:\/\/shop.hirslanden.ch\/klinik-hirslanden\/"},{"@type":"ListItem","position":3,"name":"Gemischte Amaretti von der Confiserie Masaretti"}]},{"@type":"WebSite","@id":"https:\/\/shop.hirslanden.ch\/klinik-hirslanden\/#website","url":"https:\/\/shop.hirslanden.ch\/klinik-hirslanden\/","name":"Online-Shop \u2013 Klinik Hirslanden Z\u00fcrich","description":"Hirslanden-Gruppe","publisher":{"@id":"https:\/\/shop.hirslanden.ch\/klinik-hirslanden\/#organization"},"potentialAction":[{"@type":"SearchAction","target":{"@type":"EntryPoint","urlTemplate":"https:\/\/shop.hirslanden.ch\/klinik-hirslanden\/?s={search_term_string}"},"query-input":{"@type":"PropertyValueSpecification","valueRequired":true,"valueName":"search_term_string"}}],"inLanguage":"de"},{"@type":"Organization","@id":"https:\/\/shop.hirslanden.ch\/klinik-hirslanden\/#organization","name":"Online-Shop \u2013 Klinik Hirslanden Z\u00fcrich","url":"https:\/\/shop.hirslanden.ch\/klinik-hirslanden\/","logo":{"@type":"ImageObject","inLanguage":"de","@id":"https:\/\/shop.hirslanden.ch\/klinik-hirslanden\/#\/schema\/logo\/image\/","url":"https:\/\/shop.hirslanden.ch\/klinik-hirslanden\/wp-content\/uploads\/sites\/7\/2024\/03\/impark-scaled-2.jpg","contentUrl":"https:\/\/shop.hirslanden.ch\/klinik-hirslanden\/wp-content\/uploads\/sites\/7\/2024\/03\/impark-scaled-2.jpg","width":2560,"height":686,"caption":"Online-Shop \u2013 Klinik Hirslanden Z\u00fcrich"},"image":{"@id":"https:\/\/shop.hirslanden.ch\/klinik-hirslanden\/#\/schema\/logo\/image\/"}}]}},"_links":{"self":[{"href":"https:\/\/shop.hirslanden.ch\/klinik-hirslanden\/wp-json\/wp\/v2\/product\/869","targetHints":{"allow":["GET"]}}],"collection":[{"href":"https:\/\/shop.hirslanden.ch\/klinik-hirslanden\/wp-json\/wp\/v2\/product"}],"about":[{"href":"https:\/\/shop.hirslanden.ch\/klinik-hirslanden\/wp-json\/wp\/v2\/types\/product"}],"replies":[{"embeddable":true,"href":"https:\/\/shop.hirslanden.ch\/klinik-hirslanden\/wp-json\/wp\/v2\/comments?post=869"}],"wp:featuredmedia":[{"embeddable":true,"href":"https:\/\/shop.hirslanden.ch\/klinik-hirslanden\/wp-json\/wp\/v2\/media\/899"}],"wp:attachment":[{"href":"https:\/\/shop.hirslanden.ch\/klinik-hirslanden\/wp-json\/wp\/v2\/media?parent=869"}],"wp:term":[{"taxonomy":"product_brand","embeddable":true,"href":"https:\/\/shop.hirslanden.ch\/klinik-hirslanden\/wp-json\/wp\/v2\/product_brand?post=869"},{"taxonomy":"product_cat","embeddable":true,"href":"https:\/\/shop.hirslanden.ch\/klinik-hirslanden\/wp-json\/wp\/v2\/product_cat?post=869"},{"taxonomy":"product_tag","embeddable":true,"href":"https:\/\/shop.hirslanden.ch\/klinik-hirslanden\/wp-json\/wp\/v2\/product_tag?post=869"}],"curies":[{"name":"wp","href":"https:\/\/api.w.org\/{rel}","templated":true}]}}