{"id":662,"date":"2021-07-28T10:59:13","date_gmt":"2021-07-28T08:59:13","guid":{"rendered":"https:\/\/shop.hirslanden.ch\/klinik-hirslanden\/?post_type=product&#038;p=662"},"modified":"2022-07-22T09:24:09","modified_gmt":"2022-07-22T07:24:09","slug":"eo-noir-2017-18-staatskellerei-zuerich-zuerich","status":"publish","type":"product","link":"https:\/\/shop.hirslanden.ch\/klinik-hirslanden\/produkt\/eo-noir-2017-18-staatskellerei-zuerich-zuerich\/","title":{"rendered":"Eo Noir, Staatskellerei Z\u00fcrich"},"content":{"rendered":"<p>Die kraftvolle und vollmundige Cuv\u00e9e der Staatskellerei Z\u00fcrich vereint die Schweizer Rebsorte Gamaret mit der internationalen Merlot aufs Feinste. Charakteristisch ist die Fruchtaromatik, die durch den Merlot mit seiner Samtigkeit abgerundet wird. Der Wein reift in grossen Eichenf\u00e4ssern im historischen Gew\u00f6lbekeller der Staatskellerei Z\u00fcrich in Rheinau. Kompromisslose Spitzenqualit\u00e4t f\u00fcr ganz besondere Momente.<\/p>\n<p><strong>Rebsorte:<\/strong> Gamaret, Merlot.<\/p>\n","protected":false},"excerpt":{"rendered":"<p>Die kraftvolle und vollmundige Cuv\u00e9e der Staatskellerei Z\u00fcrich vereint die Schweizer Rebsorte Gamaret mit der internationalen Merlot aufs Feinste. Charakteristisch ist die Fruchtaromatik, die durch den Merlot mit seiner Samtigkeit abgerundet wird. Der Wein reift in grossen Eichenf\u00e4ssern im historischen Gew\u00f6lbekeller der Staatskellerei Z\u00fcrich in Rheinau. Kompromisslose Spitzenqualit\u00e4t f\u00fcr ganz besondere Momente. Rebsorte: Gamaret, Merlot.<\/p>\n","protected":false},"featured_media":848,"comment_status":"open","ping_status":"closed","template":"","meta":{"_acf_changed":false},"product_brand":[],"product_cat":[88],"product_tag":[],"class_list":{"0":"post-662","1":"product","2":"type-product","3":"status-publish","4":"has-post-thumbnail","6":"product_cat-weine-und-champagner","8":"first","9":"instock","10":"taxable","11":"shipping-taxable","12":"purchasable","13":"product-type-simple"},"acf":[],"yoast_head":"<!-- This site is optimized with the Yoast SEO plugin v27.2 - https:\/\/yoast.com\/product\/yoast-seo-wordpress\/ -->\n<title>Eo Noir, Staatskellerei Z\u00fcrich - Online-Shop \u2013 Klinik Hirslanden Z\u00fcrich<\/title>\n<meta name=\"robots\" content=\"index, follow, max-snippet:-1, max-image-preview:large, max-video-preview:-1\" \/>\n<link rel=\"canonical\" href=\"https:\/\/shop.hirslanden.ch\/klinik-hirslanden\/produkt\/eo-noir-2017-18-staatskellerei-zuerich-zuerich\/\" \/>\n<meta property=\"og:locale\" content=\"de_DE\" \/>\n<meta property=\"og:type\" content=\"article\" \/>\n<meta property=\"og:title\" content=\"Eo Noir, Staatskellerei Z\u00fcrich - Online-Shop \u2013 Klinik Hirslanden Z\u00fcrich\" \/>\n<meta property=\"og:description\" content=\"Die kraftvolle und vollmundige Cuv\u00e9e der Staatskellerei Z\u00fcrich vereint die Schweizer Rebsorte Gamaret mit der internationalen Merlot aufs Feinste. Charakteristisch ist die Fruchtaromatik, die durch den Merlot mit seiner Samtigkeit abgerundet wird. Der Wein reift in grossen Eichenf\u00e4ssern im historischen Gew\u00f6lbekeller der Staatskellerei Z\u00fcrich in Rheinau. Kompromisslose Spitzenqualit\u00e4t f\u00fcr ganz besondere Momente. Rebsorte: Gamaret, Merlot.\" \/>\n<meta property=\"og:url\" content=\"https:\/\/shop.hirslanden.ch\/klinik-hirslanden\/produkt\/eo-noir-2017-18-staatskellerei-zuerich-zuerich\/\" \/>\n<meta property=\"og:site_name\" content=\"Online-Shop \u2013 Klinik Hirslanden Z\u00fcrich\" \/>\n<meta property=\"article:modified_time\" content=\"2022-07-22T07:24:09+00:00\" \/>\n<meta property=\"og:image\" content=\"https:\/\/shop.hirslanden.ch\/klinik-hirslanden\/wp-content\/uploads\/sites\/7\/2021\/07\/EO-Noir-quadrat.jpg\" \/>\n\t<meta property=\"og:image:width\" content=\"2001\" \/>\n\t<meta property=\"og:image:height\" content=\"2000\" \/>\n\t<meta property=\"og:image:type\" content=\"image\/jpeg\" \/>\n<meta name=\"twitter:card\" content=\"summary_large_image\" \/>\n<script type=\"application\/ld+json\" class=\"yoast-schema-graph\">{\"@context\":\"https:\/\/schema.org\",\"@graph\":[{\"@type\":\"WebPage\",\"@id\":\"https:\/\/shop.hirslanden.ch\/klinik-hirslanden\/produkt\/eo-noir-2017-18-staatskellerei-zuerich-zuerich\/\",\"url\":\"https:\/\/shop.hirslanden.ch\/klinik-hirslanden\/produkt\/eo-noir-2017-18-staatskellerei-zuerich-zuerich\/\",\"name\":\"Eo Noir, Staatskellerei Z\u00fcrich - Online-Shop \u2013 Klinik Hirslanden Z\u00fcrich\",\"isPartOf\":{\"@id\":\"https:\/\/shop.hirslanden.ch\/klinik-hirslanden\/#website\"},\"primaryImageOfPage\":{\"@id\":\"https:\/\/shop.hirslanden.ch\/klinik-hirslanden\/produkt\/eo-noir-2017-18-staatskellerei-zuerich-zuerich\/#primaryimage\"},\"image\":{\"@id\":\"https:\/\/shop.hirslanden.ch\/klinik-hirslanden\/produkt\/eo-noir-2017-18-staatskellerei-zuerich-zuerich\/#primaryimage\"},\"thumbnailUrl\":\"https:\/\/shop.hirslanden.ch\/klinik-hirslanden\/wp-content\/uploads\/sites\/7\/2021\/07\/EO-Noir-quadrat.jpg\",\"datePublished\":\"2021-07-28T08:59:13+00:00\",\"dateModified\":\"2022-07-22T07:24:09+00:00\",\"breadcrumb\":{\"@id\":\"https:\/\/shop.hirslanden.ch\/klinik-hirslanden\/produkt\/eo-noir-2017-18-staatskellerei-zuerich-zuerich\/#breadcrumb\"},\"inLanguage\":\"de\",\"potentialAction\":[{\"@type\":\"ReadAction\",\"target\":[\"https:\/\/shop.hirslanden.ch\/klinik-hirslanden\/produkt\/eo-noir-2017-18-staatskellerei-zuerich-zuerich\/\"]}]},{\"@type\":\"ImageObject\",\"inLanguage\":\"de\",\"@id\":\"https:\/\/shop.hirslanden.ch\/klinik-hirslanden\/produkt\/eo-noir-2017-18-staatskellerei-zuerich-zuerich\/#primaryimage\",\"url\":\"https:\/\/shop.hirslanden.ch\/klinik-hirslanden\/wp-content\/uploads\/sites\/7\/2021\/07\/EO-Noir-quadrat.jpg\",\"contentUrl\":\"https:\/\/shop.hirslanden.ch\/klinik-hirslanden\/wp-content\/uploads\/sites\/7\/2021\/07\/EO-Noir-quadrat.jpg\",\"width\":2001,\"height\":2000},{\"@type\":\"BreadcrumbList\",\"@id\":\"https:\/\/shop.hirslanden.ch\/klinik-hirslanden\/produkt\/eo-noir-2017-18-staatskellerei-zuerich-zuerich\/#breadcrumb\",\"itemListElement\":[{\"@type\":\"ListItem\",\"position\":1,\"name\":\"Startseite\",\"item\":\"https:\/\/shop.hirslanden.ch\/klinik-hirslanden\/\"},{\"@type\":\"ListItem\",\"position\":2,\"name\":\"Shop\",\"item\":\"https:\/\/shop.hirslanden.ch\/klinik-hirslanden\/\"},{\"@type\":\"ListItem\",\"position\":3,\"name\":\"Eo Noir, Staatskellerei Z\u00fcrich\"}]},{\"@type\":\"WebSite\",\"@id\":\"https:\/\/shop.hirslanden.ch\/klinik-hirslanden\/#website\",\"url\":\"https:\/\/shop.hirslanden.ch\/klinik-hirslanden\/\",\"name\":\"Online-Shop \u2013 Klinik Hirslanden Z\u00fcrich\",\"description\":\"Hirslanden-Gruppe\",\"publisher\":{\"@id\":\"https:\/\/shop.hirslanden.ch\/klinik-hirslanden\/#organization\"},\"potentialAction\":[{\"@type\":\"SearchAction\",\"target\":{\"@type\":\"EntryPoint\",\"urlTemplate\":\"https:\/\/shop.hirslanden.ch\/klinik-hirslanden\/?s={search_term_string}\"},\"query-input\":{\"@type\":\"PropertyValueSpecification\",\"valueRequired\":true,\"valueName\":\"search_term_string\"}}],\"inLanguage\":\"de\"},{\"@type\":\"Organization\",\"@id\":\"https:\/\/shop.hirslanden.ch\/klinik-hirslanden\/#organization\",\"name\":\"Online-Shop \u2013 Klinik Hirslanden Z\u00fcrich\",\"url\":\"https:\/\/shop.hirslanden.ch\/klinik-hirslanden\/\",\"logo\":{\"@type\":\"ImageObject\",\"inLanguage\":\"de\",\"@id\":\"https:\/\/shop.hirslanden.ch\/klinik-hirslanden\/#\/schema\/logo\/image\/\",\"url\":\"https:\/\/shop.hirslanden.ch\/klinik-hirslanden\/wp-content\/uploads\/sites\/7\/2024\/03\/impark-scaled-2.jpg\",\"contentUrl\":\"https:\/\/shop.hirslanden.ch\/klinik-hirslanden\/wp-content\/uploads\/sites\/7\/2024\/03\/impark-scaled-2.jpg\",\"width\":2560,\"height\":686,\"caption\":\"Online-Shop \u2013 Klinik Hirslanden Z\u00fcrich\"},\"image\":{\"@id\":\"https:\/\/shop.hirslanden.ch\/klinik-hirslanden\/#\/schema\/logo\/image\/\"}}]}<\/script>\n<!-- \/ Yoast SEO plugin. -->","yoast_head_json":{"title":"Eo Noir, Staatskellerei Z\u00fcrich - Online-Shop \u2013 Klinik Hirslanden Z\u00fcrich","robots":{"index":"index","follow":"follow","max-snippet":"max-snippet:-1","max-image-preview":"max-image-preview:large","max-video-preview":"max-video-preview:-1"},"canonical":"https:\/\/shop.hirslanden.ch\/klinik-hirslanden\/produkt\/eo-noir-2017-18-staatskellerei-zuerich-zuerich\/","og_locale":"de_DE","og_type":"article","og_title":"Eo Noir, Staatskellerei Z\u00fcrich - Online-Shop \u2013 Klinik Hirslanden Z\u00fcrich","og_description":"Die kraftvolle und vollmundige Cuv\u00e9e der Staatskellerei Z\u00fcrich vereint die Schweizer Rebsorte Gamaret mit der internationalen Merlot aufs Feinste. Charakteristisch ist die Fruchtaromatik, die durch den Merlot mit seiner Samtigkeit abgerundet wird. Der Wein reift in grossen Eichenf\u00e4ssern im historischen Gew\u00f6lbekeller der Staatskellerei Z\u00fcrich in Rheinau. Kompromisslose Spitzenqualit\u00e4t f\u00fcr ganz besondere Momente. Rebsorte: Gamaret, Merlot.","og_url":"https:\/\/shop.hirslanden.ch\/klinik-hirslanden\/produkt\/eo-noir-2017-18-staatskellerei-zuerich-zuerich\/","og_site_name":"Online-Shop \u2013 Klinik Hirslanden Z\u00fcrich","article_modified_time":"2022-07-22T07:24:09+00:00","og_image":[{"width":2001,"height":2000,"url":"https:\/\/shop.hirslanden.ch\/klinik-hirslanden\/wp-content\/uploads\/sites\/7\/2021\/07\/EO-Noir-quadrat.jpg","type":"image\/jpeg"}],"twitter_card":"summary_large_image","schema":{"@context":"https:\/\/schema.org","@graph":[{"@type":"WebPage","@id":"https:\/\/shop.hirslanden.ch\/klinik-hirslanden\/produkt\/eo-noir-2017-18-staatskellerei-zuerich-zuerich\/","url":"https:\/\/shop.hirslanden.ch\/klinik-hirslanden\/produkt\/eo-noir-2017-18-staatskellerei-zuerich-zuerich\/","name":"Eo Noir, Staatskellerei Z\u00fcrich - Online-Shop \u2013 Klinik Hirslanden Z\u00fcrich","isPartOf":{"@id":"https:\/\/shop.hirslanden.ch\/klinik-hirslanden\/#website"},"primaryImageOfPage":{"@id":"https:\/\/shop.hirslanden.ch\/klinik-hirslanden\/produkt\/eo-noir-2017-18-staatskellerei-zuerich-zuerich\/#primaryimage"},"image":{"@id":"https:\/\/shop.hirslanden.ch\/klinik-hirslanden\/produkt\/eo-noir-2017-18-staatskellerei-zuerich-zuerich\/#primaryimage"},"thumbnailUrl":"https:\/\/shop.hirslanden.ch\/klinik-hirslanden\/wp-content\/uploads\/sites\/7\/2021\/07\/EO-Noir-quadrat.jpg","datePublished":"2021-07-28T08:59:13+00:00","dateModified":"2022-07-22T07:24:09+00:00","breadcrumb":{"@id":"https:\/\/shop.hirslanden.ch\/klinik-hirslanden\/produkt\/eo-noir-2017-18-staatskellerei-zuerich-zuerich\/#breadcrumb"},"inLanguage":"de","potentialAction":[{"@type":"ReadAction","target":["https:\/\/shop.hirslanden.ch\/klinik-hirslanden\/produkt\/eo-noir-2017-18-staatskellerei-zuerich-zuerich\/"]}]},{"@type":"ImageObject","inLanguage":"de","@id":"https:\/\/shop.hirslanden.ch\/klinik-hirslanden\/produkt\/eo-noir-2017-18-staatskellerei-zuerich-zuerich\/#primaryimage","url":"https:\/\/shop.hirslanden.ch\/klinik-hirslanden\/wp-content\/uploads\/sites\/7\/2021\/07\/EO-Noir-quadrat.jpg","contentUrl":"https:\/\/shop.hirslanden.ch\/klinik-hirslanden\/wp-content\/uploads\/sites\/7\/2021\/07\/EO-Noir-quadrat.jpg","width":2001,"height":2000},{"@type":"BreadcrumbList","@id":"https:\/\/shop.hirslanden.ch\/klinik-hirslanden\/produkt\/eo-noir-2017-18-staatskellerei-zuerich-zuerich\/#breadcrumb","itemListElement":[{"@type":"ListItem","position":1,"name":"Startseite","item":"https:\/\/shop.hirslanden.ch\/klinik-hirslanden\/"},{"@type":"ListItem","position":2,"name":"Shop","item":"https:\/\/shop.hirslanden.ch\/klinik-hirslanden\/"},{"@type":"ListItem","position":3,"name":"Eo Noir, Staatskellerei Z\u00fcrich"}]},{"@type":"WebSite","@id":"https:\/\/shop.hirslanden.ch\/klinik-hirslanden\/#website","url":"https:\/\/shop.hirslanden.ch\/klinik-hirslanden\/","name":"Online-Shop \u2013 Klinik Hirslanden Z\u00fcrich","description":"Hirslanden-Gruppe","publisher":{"@id":"https:\/\/shop.hirslanden.ch\/klinik-hirslanden\/#organization"},"potentialAction":[{"@type":"SearchAction","target":{"@type":"EntryPoint","urlTemplate":"https:\/\/shop.hirslanden.ch\/klinik-hirslanden\/?s={search_term_string}"},"query-input":{"@type":"PropertyValueSpecification","valueRequired":true,"valueName":"search_term_string"}}],"inLanguage":"de"},{"@type":"Organization","@id":"https:\/\/shop.hirslanden.ch\/klinik-hirslanden\/#organization","name":"Online-Shop \u2013 Klinik Hirslanden Z\u00fcrich","url":"https:\/\/shop.hirslanden.ch\/klinik-hirslanden\/","logo":{"@type":"ImageObject","inLanguage":"de","@id":"https:\/\/shop.hirslanden.ch\/klinik-hirslanden\/#\/schema\/logo\/image\/","url":"https:\/\/shop.hirslanden.ch\/klinik-hirslanden\/wp-content\/uploads\/sites\/7\/2024\/03\/impark-scaled-2.jpg","contentUrl":"https:\/\/shop.hirslanden.ch\/klinik-hirslanden\/wp-content\/uploads\/sites\/7\/2024\/03\/impark-scaled-2.jpg","width":2560,"height":686,"caption":"Online-Shop \u2013 Klinik Hirslanden Z\u00fcrich"},"image":{"@id":"https:\/\/shop.hirslanden.ch\/klinik-hirslanden\/#\/schema\/logo\/image\/"}}]}},"_links":{"self":[{"href":"https:\/\/shop.hirslanden.ch\/klinik-hirslanden\/wp-json\/wp\/v2\/product\/662","targetHints":{"allow":["GET"]}}],"collection":[{"href":"https:\/\/shop.hirslanden.ch\/klinik-hirslanden\/wp-json\/wp\/v2\/product"}],"about":[{"href":"https:\/\/shop.hirslanden.ch\/klinik-hirslanden\/wp-json\/wp\/v2\/types\/product"}],"replies":[{"embeddable":true,"href":"https:\/\/shop.hirslanden.ch\/klinik-hirslanden\/wp-json\/wp\/v2\/comments?post=662"}],"wp:featuredmedia":[{"embeddable":true,"href":"https:\/\/shop.hirslanden.ch\/klinik-hirslanden\/wp-json\/wp\/v2\/media\/848"}],"wp:attachment":[{"href":"https:\/\/shop.hirslanden.ch\/klinik-hirslanden\/wp-json\/wp\/v2\/media?parent=662"}],"wp:term":[{"taxonomy":"product_brand","embeddable":true,"href":"https:\/\/shop.hirslanden.ch\/klinik-hirslanden\/wp-json\/wp\/v2\/product_brand?post=662"},{"taxonomy":"product_cat","embeddable":true,"href":"https:\/\/shop.hirslanden.ch\/klinik-hirslanden\/wp-json\/wp\/v2\/product_cat?post=662"},{"taxonomy":"product_tag","embeddable":true,"href":"https:\/\/shop.hirslanden.ch\/klinik-hirslanden\/wp-json\/wp\/v2\/product_tag?post=662"}],"curies":[{"name":"wp","href":"https:\/\/api.w.org\/{rel}","templated":true}]}}