{"id":571,"date":"2021-07-27T15:54:12","date_gmt":"2021-07-27T13:54:12","guid":{"rendered":"https:\/\/shop.hirslanden.ch\/klinik-hirslanden\/?post_type=product&#038;p=571"},"modified":"2023-11-03T13:14:44","modified_gmt":"2023-11-03T12:14:44","slug":"warmies","status":"publish","type":"product","link":"https:\/\/shop.hirslanden.ch\/klinik-hirslanden\/produkt\/warmies\/","title":{"rendered":"Warmies\u00ae Kuscheltiere"},"content":{"rendered":"<p>Warmies\u00ae sind zauberhafte Kuscheltiere, die nach nur 90 Sekunden in der Mikrowelle f\u00fcr 90 Minuten wohlige W\u00e4rme schenken. Nat\u00fcrlich frei von Schadstoffen und nat\u00fcrlich immer wieder zu benutzen. Fein abgestimmte Lavendel- und Kr\u00e4utermischungen im Inneren der Warmies\u00ae sorgen f\u00fcr zus\u00e4tzliches Wohlgef\u00fchl, wirken beruhigend und f\u00f6rdern das Einschlafen. Denn sie duften nicht nur, sondern sind in kuschelig weichem Pl\u00fcsch geh\u00fcllt und somit auch f\u00fcr die Allerkleinsten geeignet.<\/p>\n<p><strong>Gebrauchshinweise f\u00fcr Warmies\u00ae: <\/strong>90 Sekunden aufw\u00e4rmen, 90 Minuten wohlf\u00fchlen und immer kuscheln.<\/p>\n","protected":false},"excerpt":{"rendered":"<p>Warmies\u00ae sind zauberhafte Kuscheltiere, die nach nur 90 Sekunden in der Mikrowelle f\u00fcr 90 Minuten wohlige W\u00e4rme schenken. Nat\u00fcrlich frei von Schadstoffen und nat\u00fcrlich immer wieder zu benutzen. Fein abgestimmte Lavendel- und Kr\u00e4utermischungen im Inneren der Warmies\u00ae sorgen f\u00fcr zus\u00e4tzliches Wohlgef\u00fchl, wirken beruhigend und f\u00f6rdern das Einschlafen. Denn sie duften nicht nur, sondern sind in [&hellip;]<\/p>\n","protected":false},"featured_media":821,"comment_status":"open","ping_status":"closed","template":"","meta":{"_acf_changed":false},"product_brand":[],"product_cat":[79],"product_tag":[],"class_list":{"0":"post-571","1":"product","2":"type-product","3":"status-publish","4":"has-post-thumbnail","6":"product_cat-geschenke-fuer-babys","7":"pa_tiere-mini-krokodil","8":"pa_tiere-mini-pinguin","9":"pa_tiere-mini-robbe","10":"pa_tiere-otter","11":"pa_tiere-mini-schaf","12":"pa_tiere-schwein","14":"first","15":"instock","16":"taxable","17":"shipping-taxable","18":"purchasable","19":"product-type-variable"},"acf":[],"yoast_head":"<!-- This site is optimized with the Yoast SEO plugin v27.2 - https:\/\/yoast.com\/product\/yoast-seo-wordpress\/ -->\n<title>Warmies\u00ae Kuscheltiere - Online-Shop \u2013 Klinik Hirslanden Z\u00fcrich<\/title>\n<meta name=\"robots\" content=\"index, follow, max-snippet:-1, max-image-preview:large, max-video-preview:-1\" \/>\n<link rel=\"canonical\" href=\"https:\/\/shop.hirslanden.ch\/klinik-hirslanden\/produkt\/warmies\/\" \/>\n<meta property=\"og:locale\" content=\"de_DE\" \/>\n<meta property=\"og:type\" content=\"article\" \/>\n<meta property=\"og:title\" content=\"Warmies\u00ae Kuscheltiere - Online-Shop \u2013 Klinik Hirslanden Z\u00fcrich\" \/>\n<meta property=\"og:description\" content=\"Warmies\u00ae sind zauberhafte Kuscheltiere, die nach nur 90 Sekunden in der Mikrowelle f\u00fcr 90 Minuten wohlige W\u00e4rme schenken. Nat\u00fcrlich frei von Schadstoffen und nat\u00fcrlich immer wieder zu benutzen. Fein abgestimmte Lavendel- und Kr\u00e4utermischungen im Inneren der Warmies\u00ae sorgen f\u00fcr zus\u00e4tzliches Wohlgef\u00fchl, wirken beruhigend und f\u00f6rdern das Einschlafen. Denn sie duften nicht nur, sondern sind in [&hellip;]\" \/>\n<meta property=\"og:url\" content=\"https:\/\/shop.hirslanden.ch\/klinik-hirslanden\/produkt\/warmies\/\" \/>\n<meta property=\"og:site_name\" content=\"Online-Shop \u2013 Klinik Hirslanden Z\u00fcrich\" \/>\n<meta property=\"article:modified_time\" content=\"2023-11-03T12:14:44+00:00\" \/>\n<meta property=\"og:image\" content=\"https:\/\/shop.hirslanden.ch\/klinik-hirslanden\/wp-content\/uploads\/sites\/7\/2021\/07\/Warmies_MINIS_Krokodil-quadrat.jpg\" \/>\n\t<meta property=\"og:image:width\" content=\"1499\" \/>\n\t<meta property=\"og:image:height\" content=\"1499\" \/>\n\t<meta property=\"og:image:type\" content=\"image\/jpeg\" \/>\n<meta name=\"twitter:card\" content=\"summary_large_image\" \/>\n<script type=\"application\/ld+json\" class=\"yoast-schema-graph\">{\"@context\":\"https:\/\/schema.org\",\"@graph\":[{\"@type\":\"WebPage\",\"@id\":\"https:\/\/shop.hirslanden.ch\/klinik-hirslanden\/produkt\/warmies\/\",\"url\":\"https:\/\/shop.hirslanden.ch\/klinik-hirslanden\/produkt\/warmies\/\",\"name\":\"Warmies\u00ae Kuscheltiere - Online-Shop \u2013 Klinik Hirslanden Z\u00fcrich\",\"isPartOf\":{\"@id\":\"https:\/\/shop.hirslanden.ch\/klinik-hirslanden\/#website\"},\"primaryImageOfPage\":{\"@id\":\"https:\/\/shop.hirslanden.ch\/klinik-hirslanden\/produkt\/warmies\/#primaryimage\"},\"image\":{\"@id\":\"https:\/\/shop.hirslanden.ch\/klinik-hirslanden\/produkt\/warmies\/#primaryimage\"},\"thumbnailUrl\":\"https:\/\/shop.hirslanden.ch\/klinik-hirslanden\/wp-content\/uploads\/sites\/7\/2021\/07\/Warmies_MINIS_Krokodil-quadrat.jpg\",\"datePublished\":\"2021-07-27T13:54:12+00:00\",\"dateModified\":\"2023-11-03T12:14:44+00:00\",\"breadcrumb\":{\"@id\":\"https:\/\/shop.hirslanden.ch\/klinik-hirslanden\/produkt\/warmies\/#breadcrumb\"},\"inLanguage\":\"de\",\"potentialAction\":[{\"@type\":\"ReadAction\",\"target\":[\"https:\/\/shop.hirslanden.ch\/klinik-hirslanden\/produkt\/warmies\/\"]}]},{\"@type\":\"ImageObject\",\"inLanguage\":\"de\",\"@id\":\"https:\/\/shop.hirslanden.ch\/klinik-hirslanden\/produkt\/warmies\/#primaryimage\",\"url\":\"https:\/\/shop.hirslanden.ch\/klinik-hirslanden\/wp-content\/uploads\/sites\/7\/2021\/07\/Warmies_MINIS_Krokodil-quadrat.jpg\",\"contentUrl\":\"https:\/\/shop.hirslanden.ch\/klinik-hirslanden\/wp-content\/uploads\/sites\/7\/2021\/07\/Warmies_MINIS_Krokodil-quadrat.jpg\",\"width\":1499,\"height\":1499},{\"@type\":\"BreadcrumbList\",\"@id\":\"https:\/\/shop.hirslanden.ch\/klinik-hirslanden\/produkt\/warmies\/#breadcrumb\",\"itemListElement\":[{\"@type\":\"ListItem\",\"position\":1,\"name\":\"Startseite\",\"item\":\"https:\/\/shop.hirslanden.ch\/klinik-hirslanden\/\"},{\"@type\":\"ListItem\",\"position\":2,\"name\":\"Shop\",\"item\":\"https:\/\/shop.hirslanden.ch\/klinik-hirslanden\/\"},{\"@type\":\"ListItem\",\"position\":3,\"name\":\"Warmies\u00ae Kuscheltiere\"}]},{\"@type\":\"WebSite\",\"@id\":\"https:\/\/shop.hirslanden.ch\/klinik-hirslanden\/#website\",\"url\":\"https:\/\/shop.hirslanden.ch\/klinik-hirslanden\/\",\"name\":\"Online-Shop \u2013 Klinik Hirslanden Z\u00fcrich\",\"description\":\"Hirslanden-Gruppe\",\"publisher\":{\"@id\":\"https:\/\/shop.hirslanden.ch\/klinik-hirslanden\/#organization\"},\"potentialAction\":[{\"@type\":\"SearchAction\",\"target\":{\"@type\":\"EntryPoint\",\"urlTemplate\":\"https:\/\/shop.hirslanden.ch\/klinik-hirslanden\/?s={search_term_string}\"},\"query-input\":{\"@type\":\"PropertyValueSpecification\",\"valueRequired\":true,\"valueName\":\"search_term_string\"}}],\"inLanguage\":\"de\"},{\"@type\":\"Organization\",\"@id\":\"https:\/\/shop.hirslanden.ch\/klinik-hirslanden\/#organization\",\"name\":\"Online-Shop \u2013 Klinik Hirslanden Z\u00fcrich\",\"url\":\"https:\/\/shop.hirslanden.ch\/klinik-hirslanden\/\",\"logo\":{\"@type\":\"ImageObject\",\"inLanguage\":\"de\",\"@id\":\"https:\/\/shop.hirslanden.ch\/klinik-hirslanden\/#\/schema\/logo\/image\/\",\"url\":\"https:\/\/shop.hirslanden.ch\/klinik-hirslanden\/wp-content\/uploads\/sites\/7\/2024\/03\/impark-scaled-2.jpg\",\"contentUrl\":\"https:\/\/shop.hirslanden.ch\/klinik-hirslanden\/wp-content\/uploads\/sites\/7\/2024\/03\/impark-scaled-2.jpg\",\"width\":2560,\"height\":686,\"caption\":\"Online-Shop \u2013 Klinik Hirslanden Z\u00fcrich\"},\"image\":{\"@id\":\"https:\/\/shop.hirslanden.ch\/klinik-hirslanden\/#\/schema\/logo\/image\/\"}}]}<\/script>\n<!-- \/ Yoast SEO plugin. -->","yoast_head_json":{"title":"Warmies\u00ae Kuscheltiere - Online-Shop \u2013 Klinik Hirslanden Z\u00fcrich","robots":{"index":"index","follow":"follow","max-snippet":"max-snippet:-1","max-image-preview":"max-image-preview:large","max-video-preview":"max-video-preview:-1"},"canonical":"https:\/\/shop.hirslanden.ch\/klinik-hirslanden\/produkt\/warmies\/","og_locale":"de_DE","og_type":"article","og_title":"Warmies\u00ae Kuscheltiere - Online-Shop \u2013 Klinik Hirslanden Z\u00fcrich","og_description":"Warmies\u00ae sind zauberhafte Kuscheltiere, die nach nur 90 Sekunden in der Mikrowelle f\u00fcr 90 Minuten wohlige W\u00e4rme schenken. Nat\u00fcrlich frei von Schadstoffen und nat\u00fcrlich immer wieder zu benutzen. Fein abgestimmte Lavendel- und Kr\u00e4utermischungen im Inneren der Warmies\u00ae sorgen f\u00fcr zus\u00e4tzliches Wohlgef\u00fchl, wirken beruhigend und f\u00f6rdern das Einschlafen. Denn sie duften nicht nur, sondern sind in [&hellip;]","og_url":"https:\/\/shop.hirslanden.ch\/klinik-hirslanden\/produkt\/warmies\/","og_site_name":"Online-Shop \u2013 Klinik Hirslanden Z\u00fcrich","article_modified_time":"2023-11-03T12:14:44+00:00","og_image":[{"width":1499,"height":1499,"url":"https:\/\/shop.hirslanden.ch\/klinik-hirslanden\/wp-content\/uploads\/sites\/7\/2021\/07\/Warmies_MINIS_Krokodil-quadrat.jpg","type":"image\/jpeg"}],"twitter_card":"summary_large_image","schema":{"@context":"https:\/\/schema.org","@graph":[{"@type":"WebPage","@id":"https:\/\/shop.hirslanden.ch\/klinik-hirslanden\/produkt\/warmies\/","url":"https:\/\/shop.hirslanden.ch\/klinik-hirslanden\/produkt\/warmies\/","name":"Warmies\u00ae Kuscheltiere - Online-Shop \u2013 Klinik Hirslanden Z\u00fcrich","isPartOf":{"@id":"https:\/\/shop.hirslanden.ch\/klinik-hirslanden\/#website"},"primaryImageOfPage":{"@id":"https:\/\/shop.hirslanden.ch\/klinik-hirslanden\/produkt\/warmies\/#primaryimage"},"image":{"@id":"https:\/\/shop.hirslanden.ch\/klinik-hirslanden\/produkt\/warmies\/#primaryimage"},"thumbnailUrl":"https:\/\/shop.hirslanden.ch\/klinik-hirslanden\/wp-content\/uploads\/sites\/7\/2021\/07\/Warmies_MINIS_Krokodil-quadrat.jpg","datePublished":"2021-07-27T13:54:12+00:00","dateModified":"2023-11-03T12:14:44+00:00","breadcrumb":{"@id":"https:\/\/shop.hirslanden.ch\/klinik-hirslanden\/produkt\/warmies\/#breadcrumb"},"inLanguage":"de","potentialAction":[{"@type":"ReadAction","target":["https:\/\/shop.hirslanden.ch\/klinik-hirslanden\/produkt\/warmies\/"]}]},{"@type":"ImageObject","inLanguage":"de","@id":"https:\/\/shop.hirslanden.ch\/klinik-hirslanden\/produkt\/warmies\/#primaryimage","url":"https:\/\/shop.hirslanden.ch\/klinik-hirslanden\/wp-content\/uploads\/sites\/7\/2021\/07\/Warmies_MINIS_Krokodil-quadrat.jpg","contentUrl":"https:\/\/shop.hirslanden.ch\/klinik-hirslanden\/wp-content\/uploads\/sites\/7\/2021\/07\/Warmies_MINIS_Krokodil-quadrat.jpg","width":1499,"height":1499},{"@type":"BreadcrumbList","@id":"https:\/\/shop.hirslanden.ch\/klinik-hirslanden\/produkt\/warmies\/#breadcrumb","itemListElement":[{"@type":"ListItem","position":1,"name":"Startseite","item":"https:\/\/shop.hirslanden.ch\/klinik-hirslanden\/"},{"@type":"ListItem","position":2,"name":"Shop","item":"https:\/\/shop.hirslanden.ch\/klinik-hirslanden\/"},{"@type":"ListItem","position":3,"name":"Warmies\u00ae Kuscheltiere"}]},{"@type":"WebSite","@id":"https:\/\/shop.hirslanden.ch\/klinik-hirslanden\/#website","url":"https:\/\/shop.hirslanden.ch\/klinik-hirslanden\/","name":"Online-Shop \u2013 Klinik Hirslanden Z\u00fcrich","description":"Hirslanden-Gruppe","publisher":{"@id":"https:\/\/shop.hirslanden.ch\/klinik-hirslanden\/#organization"},"potentialAction":[{"@type":"SearchAction","target":{"@type":"EntryPoint","urlTemplate":"https:\/\/shop.hirslanden.ch\/klinik-hirslanden\/?s={search_term_string}"},"query-input":{"@type":"PropertyValueSpecification","valueRequired":true,"valueName":"search_term_string"}}],"inLanguage":"de"},{"@type":"Organization","@id":"https:\/\/shop.hirslanden.ch\/klinik-hirslanden\/#organization","name":"Online-Shop \u2013 Klinik Hirslanden Z\u00fcrich","url":"https:\/\/shop.hirslanden.ch\/klinik-hirslanden\/","logo":{"@type":"ImageObject","inLanguage":"de","@id":"https:\/\/shop.hirslanden.ch\/klinik-hirslanden\/#\/schema\/logo\/image\/","url":"https:\/\/shop.hirslanden.ch\/klinik-hirslanden\/wp-content\/uploads\/sites\/7\/2024\/03\/impark-scaled-2.jpg","contentUrl":"https:\/\/shop.hirslanden.ch\/klinik-hirslanden\/wp-content\/uploads\/sites\/7\/2024\/03\/impark-scaled-2.jpg","width":2560,"height":686,"caption":"Online-Shop \u2013 Klinik Hirslanden Z\u00fcrich"},"image":{"@id":"https:\/\/shop.hirslanden.ch\/klinik-hirslanden\/#\/schema\/logo\/image\/"}}]}},"_links":{"self":[{"href":"https:\/\/shop.hirslanden.ch\/klinik-hirslanden\/wp-json\/wp\/v2\/product\/571","targetHints":{"allow":["GET"]}}],"collection":[{"href":"https:\/\/shop.hirslanden.ch\/klinik-hirslanden\/wp-json\/wp\/v2\/product"}],"about":[{"href":"https:\/\/shop.hirslanden.ch\/klinik-hirslanden\/wp-json\/wp\/v2\/types\/product"}],"replies":[{"embeddable":true,"href":"https:\/\/shop.hirslanden.ch\/klinik-hirslanden\/wp-json\/wp\/v2\/comments?post=571"}],"wp:featuredmedia":[{"embeddable":true,"href":"https:\/\/shop.hirslanden.ch\/klinik-hirslanden\/wp-json\/wp\/v2\/media\/821"}],"wp:attachment":[{"href":"https:\/\/shop.hirslanden.ch\/klinik-hirslanden\/wp-json\/wp\/v2\/media?parent=571"}],"wp:term":[{"taxonomy":"product_brand","embeddable":true,"href":"https:\/\/shop.hirslanden.ch\/klinik-hirslanden\/wp-json\/wp\/v2\/product_brand?post=571"},{"taxonomy":"product_cat","embeddable":true,"href":"https:\/\/shop.hirslanden.ch\/klinik-hirslanden\/wp-json\/wp\/v2\/product_cat?post=571"},{"taxonomy":"product_tag","embeddable":true,"href":"https:\/\/shop.hirslanden.ch\/klinik-hirslanden\/wp-json\/wp\/v2\/product_tag?post=571"}],"curies":[{"name":"wp","href":"https:\/\/api.w.org\/{rel}","templated":true}]}}