{"id":3935,"date":"2025-12-12T11:19:58","date_gmt":"2025-12-12T10:19:58","guid":{"rendered":"https:\/\/shop.hirslanden.ch\/klinik-hirslanden\/produkt\/triple-zircone-ring\/"},"modified":"2025-12-12T11:23:28","modified_gmt":"2025-12-12T10:23:28","slug":"triple-zircone-ring","status":"publish","type":"product","link":"https:\/\/shop.hirslanden.ch\/klinik-hirslanden\/produkt\/triple-zircone-ring\/?lang=fr","title":{"rendered":"La bague &#8222;Triple Zircone&#8220;"},"content":{"rendered":"<p>\u00ab Un bijou \u00e0 couper le souffle : la bague Triple Zircone, riche en d\u00e9tails, s\u00e9duit par ses pierres de zircone \u00e9tincelantes dans des tons rouge, bleu et vert \u00e9clatants. Seule ou associ\u00e9e \u00e0 d&#8217;autres bagues, cette bague apporte une touche unique \u00e0 tous vos looks. Les pierres de zircone de haute qualit\u00e9 symbolisent la clart\u00e9 et la transparence, tandis que le design exclusif assure une \u00e9l\u00e9gance intemporelle. \u00bb Tara Style<\/p>\n","protected":false},"excerpt":{"rendered":"<p>\u00ab Un bijou \u00e0 couper le souffle : la bague Triple Zircone, riche en d\u00e9tails, s\u00e9duit par ses pierres de zircone \u00e9tincelantes dans des tons rouge, bleu et vert \u00e9clatants. Seule ou associ\u00e9e \u00e0 d&#8217;autres bagues, cette bague apporte une touche unique \u00e0 tous vos looks. Les pierres de zircone de haute qualit\u00e9 symbolisent la [&hellip;]<\/p>\n","protected":false},"featured_media":3936,"comment_status":"open","ping_status":"closed","template":"","meta":{"_acf_changed":false},"product_brand":[],"product_cat":[144],"product_tag":[],"class_list":{"0":"post-3935","1":"product","2":"type-product","3":"status-publish","4":"has-post-thumbnail","6":"product_cat-bijoux","8":"first","9":"instock","10":"taxable","11":"shipping-taxable","12":"purchasable","13":"product-type-simple"},"acf":[],"yoast_head":"<!-- This site is optimized with the Yoast SEO plugin v27.2 - https:\/\/yoast.com\/product\/yoast-seo-wordpress\/ -->\n<title>La bague &quot;Triple Zircone&quot; - Online-Shop \u2013 Klinik Hirslanden Z\u00fcrich<\/title>\n<meta name=\"robots\" content=\"index, follow, max-snippet:-1, max-image-preview:large, max-video-preview:-1\" \/>\n<link rel=\"canonical\" href=\"https:\/\/shop.hirslanden.ch\/klinik-hirslanden\/produkt\/triple-zircone-ring\/?lang=fr\" \/>\n<meta property=\"og:locale\" content=\"de_DE\" \/>\n<meta property=\"og:type\" content=\"article\" \/>\n<meta property=\"og:title\" content=\"La bague &quot;Triple Zircone&quot; - Online-Shop \u2013 Klinik Hirslanden Z\u00fcrich\" \/>\n<meta property=\"og:description\" content=\"\u00ab Un bijou \u00e0 couper le souffle : la bague Triple Zircone, riche en d\u00e9tails, s\u00e9duit par ses pierres de zircone \u00e9tincelantes dans des tons rouge, bleu et vert \u00e9clatants. Seule ou associ\u00e9e \u00e0 d&#8217;autres bagues, cette bague apporte une touche unique \u00e0 tous vos looks. Les pierres de zircone de haute qualit\u00e9 symbolisent la [&hellip;]\" \/>\n<meta property=\"og:url\" content=\"https:\/\/shop.hirslanden.ch\/klinik-hirslanden\/produkt\/triple-zircone-ring\/?lang=fr\" \/>\n<meta property=\"og:site_name\" content=\"Online-Shop \u2013 Klinik Hirslanden Z\u00fcrich\" \/>\n<meta property=\"article:modified_time\" content=\"2025-12-12T10:23:28+00:00\" \/>\n<meta property=\"og:image\" content=\"https:\/\/shop.hirslanden.ch\/klinik-hirslanden\/wp-content\/uploads\/sites\/7\/2025\/12\/Triple-Zirkone-Ring.jpg\" \/>\n\t<meta property=\"og:image:width\" content=\"1414\" \/>\n\t<meta property=\"og:image:height\" content=\"2000\" \/>\n\t<meta property=\"og:image:type\" content=\"image\/jpeg\" \/>\n<meta name=\"twitter:card\" content=\"summary_large_image\" \/>\n<meta name=\"twitter:label1\" content=\"Gesch\u00e4tzte Lesezeit\" \/>\n\t<meta name=\"twitter:data1\" content=\"1\u00a0Minute\" \/>\n<script type=\"application\/ld+json\" class=\"yoast-schema-graph\">{\"@context\":\"https:\/\/schema.org\",\"@graph\":[{\"@type\":\"WebPage\",\"@id\":\"https:\/\/shop.hirslanden.ch\/klinik-hirslanden\/produkt\/triple-zircone-ring\/?lang=fr\",\"url\":\"https:\/\/shop.hirslanden.ch\/klinik-hirslanden\/produkt\/triple-zircone-ring\/?lang=fr\",\"name\":\"La bague \\\"Triple Zircone\\\" - Online-Shop \u2013 Klinik Hirslanden Z\u00fcrich\",\"isPartOf\":{\"@id\":\"https:\/\/shop.hirslanden.ch\/klinik-hirslanden\/#website\"},\"primaryImageOfPage\":{\"@id\":\"https:\/\/shop.hirslanden.ch\/klinik-hirslanden\/produkt\/triple-zircone-ring\/?lang=fr#primaryimage\"},\"image\":{\"@id\":\"https:\/\/shop.hirslanden.ch\/klinik-hirslanden\/produkt\/triple-zircone-ring\/?lang=fr#primaryimage\"},\"thumbnailUrl\":\"https:\/\/shop.hirslanden.ch\/klinik-hirslanden\/wp-content\/uploads\/sites\/7\/2025\/12\/Triple-Zirkone-Ring.jpg\",\"datePublished\":\"2025-12-12T10:19:58+00:00\",\"dateModified\":\"2025-12-12T10:23:28+00:00\",\"breadcrumb\":{\"@id\":\"https:\/\/shop.hirslanden.ch\/klinik-hirslanden\/produkt\/triple-zircone-ring\/?lang=fr#breadcrumb\"},\"inLanguage\":\"de\",\"potentialAction\":[{\"@type\":\"ReadAction\",\"target\":[\"https:\/\/shop.hirslanden.ch\/klinik-hirslanden\/produkt\/triple-zircone-ring\/?lang=fr\"]}]},{\"@type\":\"ImageObject\",\"inLanguage\":\"de\",\"@id\":\"https:\/\/shop.hirslanden.ch\/klinik-hirslanden\/produkt\/triple-zircone-ring\/?lang=fr#primaryimage\",\"url\":\"https:\/\/shop.hirslanden.ch\/klinik-hirslanden\/wp-content\/uploads\/sites\/7\/2025\/12\/Triple-Zirkone-Ring.jpg\",\"contentUrl\":\"https:\/\/shop.hirslanden.ch\/klinik-hirslanden\/wp-content\/uploads\/sites\/7\/2025\/12\/Triple-Zirkone-Ring.jpg\",\"width\":1414,\"height\":2000},{\"@type\":\"BreadcrumbList\",\"@id\":\"https:\/\/shop.hirslanden.ch\/klinik-hirslanden\/produkt\/triple-zircone-ring\/?lang=fr#breadcrumb\",\"itemListElement\":[{\"@type\":\"ListItem\",\"position\":1,\"name\":\"Startseite\",\"item\":\"https:\/\/shop.hirslanden.ch\/klinik-hirslanden\/\"},{\"@type\":\"ListItem\",\"position\":2,\"name\":\"Shop\",\"item\":\"https:\/\/shop.hirslanden.ch\/klinik-hirslanden\/\"},{\"@type\":\"ListItem\",\"position\":3,\"name\":\"La bague &#8222;Triple Zircone&#8220;\"}]},{\"@type\":\"WebSite\",\"@id\":\"https:\/\/shop.hirslanden.ch\/klinik-hirslanden\/#website\",\"url\":\"https:\/\/shop.hirslanden.ch\/klinik-hirslanden\/\",\"name\":\"Online-Shop \u2013 Klinik Hirslanden Z\u00fcrich\",\"description\":\"Hirslanden-Gruppe\",\"publisher\":{\"@id\":\"https:\/\/shop.hirslanden.ch\/klinik-hirslanden\/#organization\"},\"potentialAction\":[{\"@type\":\"SearchAction\",\"target\":{\"@type\":\"EntryPoint\",\"urlTemplate\":\"https:\/\/shop.hirslanden.ch\/klinik-hirslanden\/?s={search_term_string}\"},\"query-input\":{\"@type\":\"PropertyValueSpecification\",\"valueRequired\":true,\"valueName\":\"search_term_string\"}}],\"inLanguage\":\"de\"},{\"@type\":\"Organization\",\"@id\":\"https:\/\/shop.hirslanden.ch\/klinik-hirslanden\/#organization\",\"name\":\"Online-Shop \u2013 Klinik Hirslanden Z\u00fcrich\",\"url\":\"https:\/\/shop.hirslanden.ch\/klinik-hirslanden\/\",\"logo\":{\"@type\":\"ImageObject\",\"inLanguage\":\"de\",\"@id\":\"https:\/\/shop.hirslanden.ch\/klinik-hirslanden\/#\/schema\/logo\/image\/\",\"url\":\"https:\/\/shop.hirslanden.ch\/klinik-hirslanden\/wp-content\/uploads\/sites\/7\/2024\/03\/impark-scaled-2.jpg\",\"contentUrl\":\"https:\/\/shop.hirslanden.ch\/klinik-hirslanden\/wp-content\/uploads\/sites\/7\/2024\/03\/impark-scaled-2.jpg\",\"width\":2560,\"height\":686,\"caption\":\"Online-Shop \u2013 Klinik Hirslanden Z\u00fcrich\"},\"image\":{\"@id\":\"https:\/\/shop.hirslanden.ch\/klinik-hirslanden\/#\/schema\/logo\/image\/\"}}]}<\/script>\n<!-- \/ Yoast SEO plugin. -->","yoast_head_json":{"title":"La bague \"Triple Zircone\" - Online-Shop \u2013 Klinik Hirslanden Z\u00fcrich","robots":{"index":"index","follow":"follow","max-snippet":"max-snippet:-1","max-image-preview":"max-image-preview:large","max-video-preview":"max-video-preview:-1"},"canonical":"https:\/\/shop.hirslanden.ch\/klinik-hirslanden\/produkt\/triple-zircone-ring\/?lang=fr","og_locale":"de_DE","og_type":"article","og_title":"La bague \"Triple Zircone\" - Online-Shop \u2013 Klinik Hirslanden Z\u00fcrich","og_description":"\u00ab Un bijou \u00e0 couper le souffle : la bague Triple Zircone, riche en d\u00e9tails, s\u00e9duit par ses pierres de zircone \u00e9tincelantes dans des tons rouge, bleu et vert \u00e9clatants. Seule ou associ\u00e9e \u00e0 d&#8217;autres bagues, cette bague apporte une touche unique \u00e0 tous vos looks. Les pierres de zircone de haute qualit\u00e9 symbolisent la [&hellip;]","og_url":"https:\/\/shop.hirslanden.ch\/klinik-hirslanden\/produkt\/triple-zircone-ring\/?lang=fr","og_site_name":"Online-Shop \u2013 Klinik Hirslanden Z\u00fcrich","article_modified_time":"2025-12-12T10:23:28+00:00","og_image":[{"width":1414,"height":2000,"url":"https:\/\/shop.hirslanden.ch\/klinik-hirslanden\/wp-content\/uploads\/sites\/7\/2025\/12\/Triple-Zirkone-Ring.jpg","type":"image\/jpeg"}],"twitter_card":"summary_large_image","twitter_misc":{"Gesch\u00e4tzte Lesezeit":"1\u00a0Minute"},"schema":{"@context":"https:\/\/schema.org","@graph":[{"@type":"WebPage","@id":"https:\/\/shop.hirslanden.ch\/klinik-hirslanden\/produkt\/triple-zircone-ring\/?lang=fr","url":"https:\/\/shop.hirslanden.ch\/klinik-hirslanden\/produkt\/triple-zircone-ring\/?lang=fr","name":"La bague \"Triple Zircone\" - Online-Shop \u2013 Klinik Hirslanden Z\u00fcrich","isPartOf":{"@id":"https:\/\/shop.hirslanden.ch\/klinik-hirslanden\/#website"},"primaryImageOfPage":{"@id":"https:\/\/shop.hirslanden.ch\/klinik-hirslanden\/produkt\/triple-zircone-ring\/?lang=fr#primaryimage"},"image":{"@id":"https:\/\/shop.hirslanden.ch\/klinik-hirslanden\/produkt\/triple-zircone-ring\/?lang=fr#primaryimage"},"thumbnailUrl":"https:\/\/shop.hirslanden.ch\/klinik-hirslanden\/wp-content\/uploads\/sites\/7\/2025\/12\/Triple-Zirkone-Ring.jpg","datePublished":"2025-12-12T10:19:58+00:00","dateModified":"2025-12-12T10:23:28+00:00","breadcrumb":{"@id":"https:\/\/shop.hirslanden.ch\/klinik-hirslanden\/produkt\/triple-zircone-ring\/?lang=fr#breadcrumb"},"inLanguage":"de","potentialAction":[{"@type":"ReadAction","target":["https:\/\/shop.hirslanden.ch\/klinik-hirslanden\/produkt\/triple-zircone-ring\/?lang=fr"]}]},{"@type":"ImageObject","inLanguage":"de","@id":"https:\/\/shop.hirslanden.ch\/klinik-hirslanden\/produkt\/triple-zircone-ring\/?lang=fr#primaryimage","url":"https:\/\/shop.hirslanden.ch\/klinik-hirslanden\/wp-content\/uploads\/sites\/7\/2025\/12\/Triple-Zirkone-Ring.jpg","contentUrl":"https:\/\/shop.hirslanden.ch\/klinik-hirslanden\/wp-content\/uploads\/sites\/7\/2025\/12\/Triple-Zirkone-Ring.jpg","width":1414,"height":2000},{"@type":"BreadcrumbList","@id":"https:\/\/shop.hirslanden.ch\/klinik-hirslanden\/produkt\/triple-zircone-ring\/?lang=fr#breadcrumb","itemListElement":[{"@type":"ListItem","position":1,"name":"Startseite","item":"https:\/\/shop.hirslanden.ch\/klinik-hirslanden\/"},{"@type":"ListItem","position":2,"name":"Shop","item":"https:\/\/shop.hirslanden.ch\/klinik-hirslanden\/"},{"@type":"ListItem","position":3,"name":"La bague &#8222;Triple Zircone&#8220;"}]},{"@type":"WebSite","@id":"https:\/\/shop.hirslanden.ch\/klinik-hirslanden\/#website","url":"https:\/\/shop.hirslanden.ch\/klinik-hirslanden\/","name":"Online-Shop \u2013 Klinik Hirslanden Z\u00fcrich","description":"Hirslanden-Gruppe","publisher":{"@id":"https:\/\/shop.hirslanden.ch\/klinik-hirslanden\/#organization"},"potentialAction":[{"@type":"SearchAction","target":{"@type":"EntryPoint","urlTemplate":"https:\/\/shop.hirslanden.ch\/klinik-hirslanden\/?s={search_term_string}"},"query-input":{"@type":"PropertyValueSpecification","valueRequired":true,"valueName":"search_term_string"}}],"inLanguage":"de"},{"@type":"Organization","@id":"https:\/\/shop.hirslanden.ch\/klinik-hirslanden\/#organization","name":"Online-Shop \u2013 Klinik Hirslanden Z\u00fcrich","url":"https:\/\/shop.hirslanden.ch\/klinik-hirslanden\/","logo":{"@type":"ImageObject","inLanguage":"de","@id":"https:\/\/shop.hirslanden.ch\/klinik-hirslanden\/#\/schema\/logo\/image\/","url":"https:\/\/shop.hirslanden.ch\/klinik-hirslanden\/wp-content\/uploads\/sites\/7\/2024\/03\/impark-scaled-2.jpg","contentUrl":"https:\/\/shop.hirslanden.ch\/klinik-hirslanden\/wp-content\/uploads\/sites\/7\/2024\/03\/impark-scaled-2.jpg","width":2560,"height":686,"caption":"Online-Shop \u2013 Klinik Hirslanden Z\u00fcrich"},"image":{"@id":"https:\/\/shop.hirslanden.ch\/klinik-hirslanden\/#\/schema\/logo\/image\/"}}]}},"_links":{"self":[{"href":"https:\/\/shop.hirslanden.ch\/klinik-hirslanden\/wp-json\/wp\/v2\/product\/3935","targetHints":{"allow":["GET"]}}],"collection":[{"href":"https:\/\/shop.hirslanden.ch\/klinik-hirslanden\/wp-json\/wp\/v2\/product"}],"about":[{"href":"https:\/\/shop.hirslanden.ch\/klinik-hirslanden\/wp-json\/wp\/v2\/types\/product"}],"replies":[{"embeddable":true,"href":"https:\/\/shop.hirslanden.ch\/klinik-hirslanden\/wp-json\/wp\/v2\/comments?post=3935"}],"wp:featuredmedia":[{"embeddable":true,"href":"https:\/\/shop.hirslanden.ch\/klinik-hirslanden\/wp-json\/wp\/v2\/media\/3936"}],"wp:attachment":[{"href":"https:\/\/shop.hirslanden.ch\/klinik-hirslanden\/wp-json\/wp\/v2\/media?parent=3935"}],"wp:term":[{"taxonomy":"product_brand","embeddable":true,"href":"https:\/\/shop.hirslanden.ch\/klinik-hirslanden\/wp-json\/wp\/v2\/product_brand?post=3935"},{"taxonomy":"product_cat","embeddable":true,"href":"https:\/\/shop.hirslanden.ch\/klinik-hirslanden\/wp-json\/wp\/v2\/product_cat?post=3935"},{"taxonomy":"product_tag","embeddable":true,"href":"https:\/\/shop.hirslanden.ch\/klinik-hirslanden\/wp-json\/wp\/v2\/product_tag?post=3935"}],"curies":[{"name":"wp","href":"https:\/\/api.w.org\/{rel}","templated":true}]}}