{"id":1679,"date":"2021-07-27T16:33:47","date_gmt":"2021-07-27T14:33:47","guid":{"rendered":"https:\/\/shop.hirslanden.ch\/klinik-hirslanden\/produkt\/swiss-line-20-hueppen-300-g\/"},"modified":"2021-11-10T08:47:12","modified_gmt":"2021-11-10T07:47:12","slug":"gottlieber-swiss-line-20-hueppen-300-g","status":"publish","type":"product","link":"https:\/\/shop.hirslanden.ch\/klinik-hirslanden\/produkt\/gottlieber-swiss-line-20-hueppen-300-g\/?lang=en","title":{"rendered":"Gottlieber Swiss Line, 20 H\u00fcppen, 300g"},"content":{"rendered":"<p>Our Swiss Line &#8211; typically Swiss! For the first time with a mix of our two delicious H\u00fcppen fillings Chocolait (Swiss milk chocolate) and Pralin\u00e9.<\/p>\n<p><strong>Ingredients and allergens:<\/strong> sugar, wheat flour, vegetable fats (palm kernel sustainable, palm sustainable, coconut), hazelnuts, organic and fair trade cocoa mass, organic and fair trade cocoa butter, whole milk powder, egg yolk powder (organic free range eggs), emulsifier: sunflower lecithin, cooking salt, natural flavouring. May contain almonds. 8% of the agricultural ingredients are organic.<\/p>\n","protected":false},"excerpt":{"rendered":"<p>Our Swiss Line &#8211; typically Swiss! For the first time with a mix of our two delicious H\u00fcppen fillings Chocolait (Swiss milk chocolate) and Pralin\u00e9. Ingredients and allergens: sugar, wheat flour, vegetable fats (palm kernel sustainable, palm sustainable, coconut), hazelnuts, organic and fair trade cocoa mass, organic and fair trade cocoa butter, whole milk powder, [&hellip;]<\/p>\n","protected":false},"featured_media":888,"comment_status":"open","ping_status":"closed","template":"","meta":{"_acf_changed":false},"product_brand":[],"product_cat":[127],"product_tag":[],"class_list":{"0":"post-1679","1":"product","2":"type-product","3":"status-publish","4":"has-post-thumbnail","6":"product_cat-chocolate-sweets","8":"first","9":"instock","10":"taxable","11":"shipping-taxable","12":"purchasable","13":"product-type-simple"},"acf":[],"yoast_head":"<!-- This site is optimized with the Yoast SEO plugin v27.2 - https:\/\/yoast.com\/product\/yoast-seo-wordpress\/ -->\n<title>Gottlieber Swiss Line, 20 H\u00fcppen, 300g - Online-Shop \u2013 Klinik Hirslanden Z\u00fcrich<\/title>\n<meta name=\"robots\" content=\"index, follow, max-snippet:-1, max-image-preview:large, max-video-preview:-1\" \/>\n<link rel=\"canonical\" href=\"https:\/\/shop.hirslanden.ch\/klinik-hirslanden\/produkt\/gottlieber-swiss-line-20-hueppen-300-g\/?lang=en\" \/>\n<meta property=\"og:locale\" content=\"de_DE\" \/>\n<meta property=\"og:type\" content=\"article\" \/>\n<meta property=\"og:title\" content=\"Gottlieber Swiss Line, 20 H\u00fcppen, 300g - Online-Shop \u2013 Klinik Hirslanden Z\u00fcrich\" \/>\n<meta property=\"og:description\" content=\"Our Swiss Line &#8211; typically Swiss! For the first time with a mix of our two delicious H\u00fcppen fillings Chocolait (Swiss milk chocolate) and Pralin\u00e9. Ingredients and allergens: sugar, wheat flour, vegetable fats (palm kernel sustainable, palm sustainable, coconut), hazelnuts, organic and fair trade cocoa mass, organic and fair trade cocoa butter, whole milk powder, [&hellip;]\" \/>\n<meta property=\"og:url\" content=\"https:\/\/shop.hirslanden.ch\/klinik-hirslanden\/produkt\/gottlieber-swiss-line-20-hueppen-300-g\/?lang=en\" \/>\n<meta property=\"og:site_name\" content=\"Online-Shop \u2013 Klinik Hirslanden Z\u00fcrich\" \/>\n<meta property=\"article:modified_time\" content=\"2021-11-10T07:47:12+00:00\" \/>\n<meta property=\"og:image\" content=\"https:\/\/shop.hirslanden.ch\/klinik-hirslanden\/wp-content\/uploads\/sites\/7\/2021\/07\/Gottlieber-Swissline.png\" \/>\n\t<meta property=\"og:image:width\" content=\"1200\" \/>\n\t<meta property=\"og:image:height\" content=\"1200\" \/>\n\t<meta property=\"og:image:type\" content=\"image\/png\" \/>\n<meta name=\"twitter:card\" content=\"summary_large_image\" \/>\n<script type=\"application\/ld+json\" class=\"yoast-schema-graph\">{\"@context\":\"https:\/\/schema.org\",\"@graph\":[{\"@type\":\"WebPage\",\"@id\":\"https:\/\/shop.hirslanden.ch\/klinik-hirslanden\/produkt\/gottlieber-swiss-line-20-hueppen-300-g\/?lang=en\",\"url\":\"https:\/\/shop.hirslanden.ch\/klinik-hirslanden\/produkt\/gottlieber-swiss-line-20-hueppen-300-g\/?lang=en\",\"name\":\"Gottlieber Swiss Line, 20 H\u00fcppen, 300g - Online-Shop \u2013 Klinik Hirslanden Z\u00fcrich\",\"isPartOf\":{\"@id\":\"https:\/\/shop.hirslanden.ch\/klinik-hirslanden\/#website\"},\"primaryImageOfPage\":{\"@id\":\"https:\/\/shop.hirslanden.ch\/klinik-hirslanden\/produkt\/gottlieber-swiss-line-20-hueppen-300-g\/?lang=en#primaryimage\"},\"image\":{\"@id\":\"https:\/\/shop.hirslanden.ch\/klinik-hirslanden\/produkt\/gottlieber-swiss-line-20-hueppen-300-g\/?lang=en#primaryimage\"},\"thumbnailUrl\":\"https:\/\/shop.hirslanden.ch\/klinik-hirslanden\/wp-content\/uploads\/sites\/7\/2021\/07\/Gottlieber-Swissline.png\",\"datePublished\":\"2021-07-27T14:33:47+00:00\",\"dateModified\":\"2021-11-10T07:47:12+00:00\",\"breadcrumb\":{\"@id\":\"https:\/\/shop.hirslanden.ch\/klinik-hirslanden\/produkt\/gottlieber-swiss-line-20-hueppen-300-g\/?lang=en#breadcrumb\"},\"inLanguage\":\"de\",\"potentialAction\":[{\"@type\":\"ReadAction\",\"target\":[\"https:\/\/shop.hirslanden.ch\/klinik-hirslanden\/produkt\/gottlieber-swiss-line-20-hueppen-300-g\/?lang=en\"]}]},{\"@type\":\"ImageObject\",\"inLanguage\":\"de\",\"@id\":\"https:\/\/shop.hirslanden.ch\/klinik-hirslanden\/produkt\/gottlieber-swiss-line-20-hueppen-300-g\/?lang=en#primaryimage\",\"url\":\"https:\/\/shop.hirslanden.ch\/klinik-hirslanden\/wp-content\/uploads\/sites\/7\/2021\/07\/Gottlieber-Swissline.png\",\"contentUrl\":\"https:\/\/shop.hirslanden.ch\/klinik-hirslanden\/wp-content\/uploads\/sites\/7\/2021\/07\/Gottlieber-Swissline.png\",\"width\":1200,\"height\":1200,\"caption\":\"Gottlieber-Swissline\"},{\"@type\":\"BreadcrumbList\",\"@id\":\"https:\/\/shop.hirslanden.ch\/klinik-hirslanden\/produkt\/gottlieber-swiss-line-20-hueppen-300-g\/?lang=en#breadcrumb\",\"itemListElement\":[{\"@type\":\"ListItem\",\"position\":1,\"name\":\"Startseite\",\"item\":\"https:\/\/shop.hirslanden.ch\/klinik-hirslanden\/\"},{\"@type\":\"ListItem\",\"position\":2,\"name\":\"Shop\",\"item\":\"https:\/\/shop.hirslanden.ch\/klinik-hirslanden\/\"},{\"@type\":\"ListItem\",\"position\":3,\"name\":\"Gottlieber Swiss Line, 20 H\u00fcppen, 300g\"}]},{\"@type\":\"WebSite\",\"@id\":\"https:\/\/shop.hirslanden.ch\/klinik-hirslanden\/#website\",\"url\":\"https:\/\/shop.hirslanden.ch\/klinik-hirslanden\/\",\"name\":\"Online-Shop \u2013 Klinik Hirslanden Z\u00fcrich\",\"description\":\"Hirslanden-Gruppe\",\"publisher\":{\"@id\":\"https:\/\/shop.hirslanden.ch\/klinik-hirslanden\/#organization\"},\"potentialAction\":[{\"@type\":\"SearchAction\",\"target\":{\"@type\":\"EntryPoint\",\"urlTemplate\":\"https:\/\/shop.hirslanden.ch\/klinik-hirslanden\/?s={search_term_string}\"},\"query-input\":{\"@type\":\"PropertyValueSpecification\",\"valueRequired\":true,\"valueName\":\"search_term_string\"}}],\"inLanguage\":\"de\"},{\"@type\":\"Organization\",\"@id\":\"https:\/\/shop.hirslanden.ch\/klinik-hirslanden\/#organization\",\"name\":\"Online-Shop \u2013 Klinik Hirslanden Z\u00fcrich\",\"url\":\"https:\/\/shop.hirslanden.ch\/klinik-hirslanden\/\",\"logo\":{\"@type\":\"ImageObject\",\"inLanguage\":\"de\",\"@id\":\"https:\/\/shop.hirslanden.ch\/klinik-hirslanden\/#\/schema\/logo\/image\/\",\"url\":\"https:\/\/shop.hirslanden.ch\/klinik-hirslanden\/wp-content\/uploads\/sites\/7\/2024\/03\/impark-scaled-2.jpg\",\"contentUrl\":\"https:\/\/shop.hirslanden.ch\/klinik-hirslanden\/wp-content\/uploads\/sites\/7\/2024\/03\/impark-scaled-2.jpg\",\"width\":2560,\"height\":686,\"caption\":\"Online-Shop \u2013 Klinik Hirslanden Z\u00fcrich\"},\"image\":{\"@id\":\"https:\/\/shop.hirslanden.ch\/klinik-hirslanden\/#\/schema\/logo\/image\/\"}}]}<\/script>\n<!-- \/ Yoast SEO plugin. -->","yoast_head_json":{"title":"Gottlieber Swiss Line, 20 H\u00fcppen, 300g - Online-Shop \u2013 Klinik Hirslanden Z\u00fcrich","robots":{"index":"index","follow":"follow","max-snippet":"max-snippet:-1","max-image-preview":"max-image-preview:large","max-video-preview":"max-video-preview:-1"},"canonical":"https:\/\/shop.hirslanden.ch\/klinik-hirslanden\/produkt\/gottlieber-swiss-line-20-hueppen-300-g\/?lang=en","og_locale":"de_DE","og_type":"article","og_title":"Gottlieber Swiss Line, 20 H\u00fcppen, 300g - Online-Shop \u2013 Klinik Hirslanden Z\u00fcrich","og_description":"Our Swiss Line &#8211; typically Swiss! For the first time with a mix of our two delicious H\u00fcppen fillings Chocolait (Swiss milk chocolate) and Pralin\u00e9. Ingredients and allergens: sugar, wheat flour, vegetable fats (palm kernel sustainable, palm sustainable, coconut), hazelnuts, organic and fair trade cocoa mass, organic and fair trade cocoa butter, whole milk powder, [&hellip;]","og_url":"https:\/\/shop.hirslanden.ch\/klinik-hirslanden\/produkt\/gottlieber-swiss-line-20-hueppen-300-g\/?lang=en","og_site_name":"Online-Shop \u2013 Klinik Hirslanden Z\u00fcrich","article_modified_time":"2021-11-10T07:47:12+00:00","og_image":[{"width":1200,"height":1200,"url":"https:\/\/shop.hirslanden.ch\/klinik-hirslanden\/wp-content\/uploads\/sites\/7\/2021\/07\/Gottlieber-Swissline.png","type":"image\/png"}],"twitter_card":"summary_large_image","schema":{"@context":"https:\/\/schema.org","@graph":[{"@type":"WebPage","@id":"https:\/\/shop.hirslanden.ch\/klinik-hirslanden\/produkt\/gottlieber-swiss-line-20-hueppen-300-g\/?lang=en","url":"https:\/\/shop.hirslanden.ch\/klinik-hirslanden\/produkt\/gottlieber-swiss-line-20-hueppen-300-g\/?lang=en","name":"Gottlieber Swiss Line, 20 H\u00fcppen, 300g - Online-Shop \u2013 Klinik Hirslanden Z\u00fcrich","isPartOf":{"@id":"https:\/\/shop.hirslanden.ch\/klinik-hirslanden\/#website"},"primaryImageOfPage":{"@id":"https:\/\/shop.hirslanden.ch\/klinik-hirslanden\/produkt\/gottlieber-swiss-line-20-hueppen-300-g\/?lang=en#primaryimage"},"image":{"@id":"https:\/\/shop.hirslanden.ch\/klinik-hirslanden\/produkt\/gottlieber-swiss-line-20-hueppen-300-g\/?lang=en#primaryimage"},"thumbnailUrl":"https:\/\/shop.hirslanden.ch\/klinik-hirslanden\/wp-content\/uploads\/sites\/7\/2021\/07\/Gottlieber-Swissline.png","datePublished":"2021-07-27T14:33:47+00:00","dateModified":"2021-11-10T07:47:12+00:00","breadcrumb":{"@id":"https:\/\/shop.hirslanden.ch\/klinik-hirslanden\/produkt\/gottlieber-swiss-line-20-hueppen-300-g\/?lang=en#breadcrumb"},"inLanguage":"de","potentialAction":[{"@type":"ReadAction","target":["https:\/\/shop.hirslanden.ch\/klinik-hirslanden\/produkt\/gottlieber-swiss-line-20-hueppen-300-g\/?lang=en"]}]},{"@type":"ImageObject","inLanguage":"de","@id":"https:\/\/shop.hirslanden.ch\/klinik-hirslanden\/produkt\/gottlieber-swiss-line-20-hueppen-300-g\/?lang=en#primaryimage","url":"https:\/\/shop.hirslanden.ch\/klinik-hirslanden\/wp-content\/uploads\/sites\/7\/2021\/07\/Gottlieber-Swissline.png","contentUrl":"https:\/\/shop.hirslanden.ch\/klinik-hirslanden\/wp-content\/uploads\/sites\/7\/2021\/07\/Gottlieber-Swissline.png","width":1200,"height":1200,"caption":"Gottlieber-Swissline"},{"@type":"BreadcrumbList","@id":"https:\/\/shop.hirslanden.ch\/klinik-hirslanden\/produkt\/gottlieber-swiss-line-20-hueppen-300-g\/?lang=en#breadcrumb","itemListElement":[{"@type":"ListItem","position":1,"name":"Startseite","item":"https:\/\/shop.hirslanden.ch\/klinik-hirslanden\/"},{"@type":"ListItem","position":2,"name":"Shop","item":"https:\/\/shop.hirslanden.ch\/klinik-hirslanden\/"},{"@type":"ListItem","position":3,"name":"Gottlieber Swiss Line, 20 H\u00fcppen, 300g"}]},{"@type":"WebSite","@id":"https:\/\/shop.hirslanden.ch\/klinik-hirslanden\/#website","url":"https:\/\/shop.hirslanden.ch\/klinik-hirslanden\/","name":"Online-Shop \u2013 Klinik Hirslanden Z\u00fcrich","description":"Hirslanden-Gruppe","publisher":{"@id":"https:\/\/shop.hirslanden.ch\/klinik-hirslanden\/#organization"},"potentialAction":[{"@type":"SearchAction","target":{"@type":"EntryPoint","urlTemplate":"https:\/\/shop.hirslanden.ch\/klinik-hirslanden\/?s={search_term_string}"},"query-input":{"@type":"PropertyValueSpecification","valueRequired":true,"valueName":"search_term_string"}}],"inLanguage":"de"},{"@type":"Organization","@id":"https:\/\/shop.hirslanden.ch\/klinik-hirslanden\/#organization","name":"Online-Shop \u2013 Klinik Hirslanden Z\u00fcrich","url":"https:\/\/shop.hirslanden.ch\/klinik-hirslanden\/","logo":{"@type":"ImageObject","inLanguage":"de","@id":"https:\/\/shop.hirslanden.ch\/klinik-hirslanden\/#\/schema\/logo\/image\/","url":"https:\/\/shop.hirslanden.ch\/klinik-hirslanden\/wp-content\/uploads\/sites\/7\/2024\/03\/impark-scaled-2.jpg","contentUrl":"https:\/\/shop.hirslanden.ch\/klinik-hirslanden\/wp-content\/uploads\/sites\/7\/2024\/03\/impark-scaled-2.jpg","width":2560,"height":686,"caption":"Online-Shop \u2013 Klinik Hirslanden Z\u00fcrich"},"image":{"@id":"https:\/\/shop.hirslanden.ch\/klinik-hirslanden\/#\/schema\/logo\/image\/"}}]}},"_links":{"self":[{"href":"https:\/\/shop.hirslanden.ch\/klinik-hirslanden\/wp-json\/wp\/v2\/product\/1679","targetHints":{"allow":["GET"]}}],"collection":[{"href":"https:\/\/shop.hirslanden.ch\/klinik-hirslanden\/wp-json\/wp\/v2\/product"}],"about":[{"href":"https:\/\/shop.hirslanden.ch\/klinik-hirslanden\/wp-json\/wp\/v2\/types\/product"}],"replies":[{"embeddable":true,"href":"https:\/\/shop.hirslanden.ch\/klinik-hirslanden\/wp-json\/wp\/v2\/comments?post=1679"}],"wp:featuredmedia":[{"embeddable":true,"href":"https:\/\/shop.hirslanden.ch\/klinik-hirslanden\/wp-json\/wp\/v2\/media\/888"}],"wp:attachment":[{"href":"https:\/\/shop.hirslanden.ch\/klinik-hirslanden\/wp-json\/wp\/v2\/media?parent=1679"}],"wp:term":[{"taxonomy":"product_brand","embeddable":true,"href":"https:\/\/shop.hirslanden.ch\/klinik-hirslanden\/wp-json\/wp\/v2\/product_brand?post=1679"},{"taxonomy":"product_cat","embeddable":true,"href":"https:\/\/shop.hirslanden.ch\/klinik-hirslanden\/wp-json\/wp\/v2\/product_cat?post=1679"},{"taxonomy":"product_tag","embeddable":true,"href":"https:\/\/shop.hirslanden.ch\/klinik-hirslanden\/wp-json\/wp\/v2\/product_tag?post=1679"}],"curies":[{"name":"wp","href":"https:\/\/api.w.org\/{rel}","templated":true}]}}