{"id":1674,"date":"2021-07-27T16:41:30","date_gmt":"2021-07-27T14:41:30","guid":{"rendered":"https:\/\/shop.hirslanden.ch\/klinik-hirslanden\/produkt\/tartufi-bianchi-6-pieces-dans-un-sachet-72-g\/"},"modified":"2021-11-10T08:44:56","modified_gmt":"2021-11-10T07:44:56","slug":"gottlieber-tartufi-bianchi-6-pieces-dans-un-sachet-72-g","status":"publish","type":"product","link":"https:\/\/shop.hirslanden.ch\/klinik-hirslanden\/produkt\/gottlieber-tartufi-bianchi-6-pieces-dans-un-sachet-72-g\/?lang=fr","title":{"rendered":"Gottlieber tartufi Bianchi, 6 pi\u00e8ces dans un sachet, 72g"},"content":{"rendered":"<p>Masse de chocolat blanc de qualit\u00e9 sup\u00e9rieure avec de v\u00e9ritables morceaux de H\u00fcppen et des noisettes grill\u00e9es, affin\u00e9e avec une pointe de sel &#8211; fait maison et \u00e0 la main.<\/p>\n<p><strong>Ingr\u00e9dients et allerg\u00e8nes:<\/strong> sucre, noisettes, lait entier en poudre, beurre de cacao, graisses v\u00e9g\u00e9tales (noix de coco, palme, tournesol), farine de bl\u00e9, jaune d&#8217;oeuf en poudre, l\u00e9cithine de tournesol, sel de cuisine, caramel, ar\u00f4me naturel. Beurre de cacao dans le chocolat : 40% minimum. Peut contenir des amandes.<\/p>\n","protected":false},"excerpt":{"rendered":"<p>Masse de chocolat blanc de qualit\u00e9 sup\u00e9rieure avec de v\u00e9ritables morceaux de H\u00fcppen et des noisettes grill\u00e9es, affin\u00e9e avec une pointe de sel &#8211; fait maison et \u00e0 la main. Ingr\u00e9dients et allerg\u00e8nes: sucre, noisettes, lait entier en poudre, beurre de cacao, graisses v\u00e9g\u00e9tales (noix de coco, palme, tournesol), farine de bl\u00e9, jaune d&#8217;oeuf en [&hellip;]<\/p>\n","protected":false},"featured_media":895,"comment_status":"open","ping_status":"closed","template":"","meta":{"_acf_changed":false},"product_brand":[],"product_cat":[137],"product_tag":[],"class_list":{"0":"post-1674","1":"product","2":"type-product","3":"status-publish","4":"has-post-thumbnail","6":"product_cat-chocolats-bonbons","8":"first","9":"instock","10":"taxable","11":"shipping-taxable","12":"purchasable","13":"product-type-simple"},"acf":[],"yoast_head":"<!-- This site is optimized with the Yoast SEO plugin v27.2 - https:\/\/yoast.com\/product\/yoast-seo-wordpress\/ -->\n<title>Gottlieber tartufi Bianchi, 6 pi\u00e8ces dans un sachet, 72g - Online-Shop \u2013 Klinik Hirslanden Z\u00fcrich<\/title>\n<meta name=\"robots\" content=\"index, follow, max-snippet:-1, max-image-preview:large, max-video-preview:-1\" \/>\n<link rel=\"canonical\" href=\"https:\/\/shop.hirslanden.ch\/klinik-hirslanden\/produkt\/gottlieber-tartufi-bianchi-6-pieces-dans-un-sachet-72-g\/?lang=fr\" \/>\n<meta property=\"og:locale\" content=\"de_DE\" \/>\n<meta property=\"og:type\" content=\"article\" \/>\n<meta property=\"og:title\" content=\"Gottlieber tartufi Bianchi, 6 pi\u00e8ces dans un sachet, 72g - Online-Shop \u2013 Klinik Hirslanden Z\u00fcrich\" \/>\n<meta property=\"og:description\" content=\"Masse de chocolat blanc de qualit\u00e9 sup\u00e9rieure avec de v\u00e9ritables morceaux de H\u00fcppen et des noisettes grill\u00e9es, affin\u00e9e avec une pointe de sel &#8211; fait maison et \u00e0 la main. Ingr\u00e9dients et allerg\u00e8nes: sucre, noisettes, lait entier en poudre, beurre de cacao, graisses v\u00e9g\u00e9tales (noix de coco, palme, tournesol), farine de bl\u00e9, jaune d&#8217;oeuf en [&hellip;]\" \/>\n<meta property=\"og:url\" content=\"https:\/\/shop.hirslanden.ch\/klinik-hirslanden\/produkt\/gottlieber-tartufi-bianchi-6-pieces-dans-un-sachet-72-g\/?lang=fr\" \/>\n<meta property=\"og:site_name\" content=\"Online-Shop \u2013 Klinik Hirslanden Z\u00fcrich\" \/>\n<meta property=\"article:modified_time\" content=\"2021-11-10T07:44:56+00:00\" \/>\n<meta property=\"og:image\" content=\"https:\/\/shop.hirslanden.ch\/klinik-hirslanden\/wp-content\/uploads\/sites\/7\/2021\/07\/Gottlieber-Tartufi-Bianchi.png\" \/>\n\t<meta property=\"og:image:width\" content=\"1110\" \/>\n\t<meta property=\"og:image:height\" content=\"1110\" \/>\n\t<meta property=\"og:image:type\" content=\"image\/png\" \/>\n<meta name=\"twitter:card\" content=\"summary_large_image\" \/>\n<script type=\"application\/ld+json\" class=\"yoast-schema-graph\">{\"@context\":\"https:\/\/schema.org\",\"@graph\":[{\"@type\":\"WebPage\",\"@id\":\"https:\/\/shop.hirslanden.ch\/klinik-hirslanden\/produkt\/gottlieber-tartufi-bianchi-6-pieces-dans-un-sachet-72-g\/?lang=fr\",\"url\":\"https:\/\/shop.hirslanden.ch\/klinik-hirslanden\/produkt\/gottlieber-tartufi-bianchi-6-pieces-dans-un-sachet-72-g\/?lang=fr\",\"name\":\"Gottlieber tartufi Bianchi, 6 pi\u00e8ces dans un sachet, 72g - Online-Shop \u2013 Klinik Hirslanden Z\u00fcrich\",\"isPartOf\":{\"@id\":\"https:\/\/shop.hirslanden.ch\/klinik-hirslanden\/#website\"},\"primaryImageOfPage\":{\"@id\":\"https:\/\/shop.hirslanden.ch\/klinik-hirslanden\/produkt\/gottlieber-tartufi-bianchi-6-pieces-dans-un-sachet-72-g\/?lang=fr#primaryimage\"},\"image\":{\"@id\":\"https:\/\/shop.hirslanden.ch\/klinik-hirslanden\/produkt\/gottlieber-tartufi-bianchi-6-pieces-dans-un-sachet-72-g\/?lang=fr#primaryimage\"},\"thumbnailUrl\":\"https:\/\/shop.hirslanden.ch\/klinik-hirslanden\/wp-content\/uploads\/sites\/7\/2021\/07\/Gottlieber-Tartufi-Bianchi.png\",\"datePublished\":\"2021-07-27T14:41:30+00:00\",\"dateModified\":\"2021-11-10T07:44:56+00:00\",\"breadcrumb\":{\"@id\":\"https:\/\/shop.hirslanden.ch\/klinik-hirslanden\/produkt\/gottlieber-tartufi-bianchi-6-pieces-dans-un-sachet-72-g\/?lang=fr#breadcrumb\"},\"inLanguage\":\"de\",\"potentialAction\":[{\"@type\":\"ReadAction\",\"target\":[\"https:\/\/shop.hirslanden.ch\/klinik-hirslanden\/produkt\/gottlieber-tartufi-bianchi-6-pieces-dans-un-sachet-72-g\/?lang=fr\"]}]},{\"@type\":\"ImageObject\",\"inLanguage\":\"de\",\"@id\":\"https:\/\/shop.hirslanden.ch\/klinik-hirslanden\/produkt\/gottlieber-tartufi-bianchi-6-pieces-dans-un-sachet-72-g\/?lang=fr#primaryimage\",\"url\":\"https:\/\/shop.hirslanden.ch\/klinik-hirslanden\/wp-content\/uploads\/sites\/7\/2021\/07\/Gottlieber-Tartufi-Bianchi.png\",\"contentUrl\":\"https:\/\/shop.hirslanden.ch\/klinik-hirslanden\/wp-content\/uploads\/sites\/7\/2021\/07\/Gottlieber-Tartufi-Bianchi.png\",\"width\":1110,\"height\":1110,\"caption\":\"Gottlieber-Tartufi-Bianchi\"},{\"@type\":\"BreadcrumbList\",\"@id\":\"https:\/\/shop.hirslanden.ch\/klinik-hirslanden\/produkt\/gottlieber-tartufi-bianchi-6-pieces-dans-un-sachet-72-g\/?lang=fr#breadcrumb\",\"itemListElement\":[{\"@type\":\"ListItem\",\"position\":1,\"name\":\"Startseite\",\"item\":\"https:\/\/shop.hirslanden.ch\/klinik-hirslanden\/\"},{\"@type\":\"ListItem\",\"position\":2,\"name\":\"Shop\",\"item\":\"https:\/\/shop.hirslanden.ch\/klinik-hirslanden\/\"},{\"@type\":\"ListItem\",\"position\":3,\"name\":\"Gottlieber tartufi Bianchi, 6 pi\u00e8ces dans un sachet, 72g\"}]},{\"@type\":\"WebSite\",\"@id\":\"https:\/\/shop.hirslanden.ch\/klinik-hirslanden\/#website\",\"url\":\"https:\/\/shop.hirslanden.ch\/klinik-hirslanden\/\",\"name\":\"Online-Shop \u2013 Klinik Hirslanden Z\u00fcrich\",\"description\":\"Hirslanden-Gruppe\",\"publisher\":{\"@id\":\"https:\/\/shop.hirslanden.ch\/klinik-hirslanden\/#organization\"},\"potentialAction\":[{\"@type\":\"SearchAction\",\"target\":{\"@type\":\"EntryPoint\",\"urlTemplate\":\"https:\/\/shop.hirslanden.ch\/klinik-hirslanden\/?s={search_term_string}\"},\"query-input\":{\"@type\":\"PropertyValueSpecification\",\"valueRequired\":true,\"valueName\":\"search_term_string\"}}],\"inLanguage\":\"de\"},{\"@type\":\"Organization\",\"@id\":\"https:\/\/shop.hirslanden.ch\/klinik-hirslanden\/#organization\",\"name\":\"Online-Shop \u2013 Klinik Hirslanden Z\u00fcrich\",\"url\":\"https:\/\/shop.hirslanden.ch\/klinik-hirslanden\/\",\"logo\":{\"@type\":\"ImageObject\",\"inLanguage\":\"de\",\"@id\":\"https:\/\/shop.hirslanden.ch\/klinik-hirslanden\/#\/schema\/logo\/image\/\",\"url\":\"https:\/\/shop.hirslanden.ch\/klinik-hirslanden\/wp-content\/uploads\/sites\/7\/2024\/03\/impark-scaled-2.jpg\",\"contentUrl\":\"https:\/\/shop.hirslanden.ch\/klinik-hirslanden\/wp-content\/uploads\/sites\/7\/2024\/03\/impark-scaled-2.jpg\",\"width\":2560,\"height\":686,\"caption\":\"Online-Shop \u2013 Klinik Hirslanden Z\u00fcrich\"},\"image\":{\"@id\":\"https:\/\/shop.hirslanden.ch\/klinik-hirslanden\/#\/schema\/logo\/image\/\"}}]}<\/script>\n<!-- \/ Yoast SEO plugin. -->","yoast_head_json":{"title":"Gottlieber tartufi Bianchi, 6 pi\u00e8ces dans un sachet, 72g - Online-Shop \u2013 Klinik Hirslanden Z\u00fcrich","robots":{"index":"index","follow":"follow","max-snippet":"max-snippet:-1","max-image-preview":"max-image-preview:large","max-video-preview":"max-video-preview:-1"},"canonical":"https:\/\/shop.hirslanden.ch\/klinik-hirslanden\/produkt\/gottlieber-tartufi-bianchi-6-pieces-dans-un-sachet-72-g\/?lang=fr","og_locale":"de_DE","og_type":"article","og_title":"Gottlieber tartufi Bianchi, 6 pi\u00e8ces dans un sachet, 72g - Online-Shop \u2013 Klinik Hirslanden Z\u00fcrich","og_description":"Masse de chocolat blanc de qualit\u00e9 sup\u00e9rieure avec de v\u00e9ritables morceaux de H\u00fcppen et des noisettes grill\u00e9es, affin\u00e9e avec une pointe de sel &#8211; fait maison et \u00e0 la main. Ingr\u00e9dients et allerg\u00e8nes: sucre, noisettes, lait entier en poudre, beurre de cacao, graisses v\u00e9g\u00e9tales (noix de coco, palme, tournesol), farine de bl\u00e9, jaune d&#8217;oeuf en [&hellip;]","og_url":"https:\/\/shop.hirslanden.ch\/klinik-hirslanden\/produkt\/gottlieber-tartufi-bianchi-6-pieces-dans-un-sachet-72-g\/?lang=fr","og_site_name":"Online-Shop \u2013 Klinik Hirslanden Z\u00fcrich","article_modified_time":"2021-11-10T07:44:56+00:00","og_image":[{"width":1110,"height":1110,"url":"https:\/\/shop.hirslanden.ch\/klinik-hirslanden\/wp-content\/uploads\/sites\/7\/2021\/07\/Gottlieber-Tartufi-Bianchi.png","type":"image\/png"}],"twitter_card":"summary_large_image","schema":{"@context":"https:\/\/schema.org","@graph":[{"@type":"WebPage","@id":"https:\/\/shop.hirslanden.ch\/klinik-hirslanden\/produkt\/gottlieber-tartufi-bianchi-6-pieces-dans-un-sachet-72-g\/?lang=fr","url":"https:\/\/shop.hirslanden.ch\/klinik-hirslanden\/produkt\/gottlieber-tartufi-bianchi-6-pieces-dans-un-sachet-72-g\/?lang=fr","name":"Gottlieber tartufi Bianchi, 6 pi\u00e8ces dans un sachet, 72g - Online-Shop \u2013 Klinik Hirslanden Z\u00fcrich","isPartOf":{"@id":"https:\/\/shop.hirslanden.ch\/klinik-hirslanden\/#website"},"primaryImageOfPage":{"@id":"https:\/\/shop.hirslanden.ch\/klinik-hirslanden\/produkt\/gottlieber-tartufi-bianchi-6-pieces-dans-un-sachet-72-g\/?lang=fr#primaryimage"},"image":{"@id":"https:\/\/shop.hirslanden.ch\/klinik-hirslanden\/produkt\/gottlieber-tartufi-bianchi-6-pieces-dans-un-sachet-72-g\/?lang=fr#primaryimage"},"thumbnailUrl":"https:\/\/shop.hirslanden.ch\/klinik-hirslanden\/wp-content\/uploads\/sites\/7\/2021\/07\/Gottlieber-Tartufi-Bianchi.png","datePublished":"2021-07-27T14:41:30+00:00","dateModified":"2021-11-10T07:44:56+00:00","breadcrumb":{"@id":"https:\/\/shop.hirslanden.ch\/klinik-hirslanden\/produkt\/gottlieber-tartufi-bianchi-6-pieces-dans-un-sachet-72-g\/?lang=fr#breadcrumb"},"inLanguage":"de","potentialAction":[{"@type":"ReadAction","target":["https:\/\/shop.hirslanden.ch\/klinik-hirslanden\/produkt\/gottlieber-tartufi-bianchi-6-pieces-dans-un-sachet-72-g\/?lang=fr"]}]},{"@type":"ImageObject","inLanguage":"de","@id":"https:\/\/shop.hirslanden.ch\/klinik-hirslanden\/produkt\/gottlieber-tartufi-bianchi-6-pieces-dans-un-sachet-72-g\/?lang=fr#primaryimage","url":"https:\/\/shop.hirslanden.ch\/klinik-hirslanden\/wp-content\/uploads\/sites\/7\/2021\/07\/Gottlieber-Tartufi-Bianchi.png","contentUrl":"https:\/\/shop.hirslanden.ch\/klinik-hirslanden\/wp-content\/uploads\/sites\/7\/2021\/07\/Gottlieber-Tartufi-Bianchi.png","width":1110,"height":1110,"caption":"Gottlieber-Tartufi-Bianchi"},{"@type":"BreadcrumbList","@id":"https:\/\/shop.hirslanden.ch\/klinik-hirslanden\/produkt\/gottlieber-tartufi-bianchi-6-pieces-dans-un-sachet-72-g\/?lang=fr#breadcrumb","itemListElement":[{"@type":"ListItem","position":1,"name":"Startseite","item":"https:\/\/shop.hirslanden.ch\/klinik-hirslanden\/"},{"@type":"ListItem","position":2,"name":"Shop","item":"https:\/\/shop.hirslanden.ch\/klinik-hirslanden\/"},{"@type":"ListItem","position":3,"name":"Gottlieber tartufi Bianchi, 6 pi\u00e8ces dans un sachet, 72g"}]},{"@type":"WebSite","@id":"https:\/\/shop.hirslanden.ch\/klinik-hirslanden\/#website","url":"https:\/\/shop.hirslanden.ch\/klinik-hirslanden\/","name":"Online-Shop \u2013 Klinik Hirslanden Z\u00fcrich","description":"Hirslanden-Gruppe","publisher":{"@id":"https:\/\/shop.hirslanden.ch\/klinik-hirslanden\/#organization"},"potentialAction":[{"@type":"SearchAction","target":{"@type":"EntryPoint","urlTemplate":"https:\/\/shop.hirslanden.ch\/klinik-hirslanden\/?s={search_term_string}"},"query-input":{"@type":"PropertyValueSpecification","valueRequired":true,"valueName":"search_term_string"}}],"inLanguage":"de"},{"@type":"Organization","@id":"https:\/\/shop.hirslanden.ch\/klinik-hirslanden\/#organization","name":"Online-Shop \u2013 Klinik Hirslanden Z\u00fcrich","url":"https:\/\/shop.hirslanden.ch\/klinik-hirslanden\/","logo":{"@type":"ImageObject","inLanguage":"de","@id":"https:\/\/shop.hirslanden.ch\/klinik-hirslanden\/#\/schema\/logo\/image\/","url":"https:\/\/shop.hirslanden.ch\/klinik-hirslanden\/wp-content\/uploads\/sites\/7\/2024\/03\/impark-scaled-2.jpg","contentUrl":"https:\/\/shop.hirslanden.ch\/klinik-hirslanden\/wp-content\/uploads\/sites\/7\/2024\/03\/impark-scaled-2.jpg","width":2560,"height":686,"caption":"Online-Shop \u2013 Klinik Hirslanden Z\u00fcrich"},"image":{"@id":"https:\/\/shop.hirslanden.ch\/klinik-hirslanden\/#\/schema\/logo\/image\/"}}]}},"_links":{"self":[{"href":"https:\/\/shop.hirslanden.ch\/klinik-hirslanden\/wp-json\/wp\/v2\/product\/1674","targetHints":{"allow":["GET"]}}],"collection":[{"href":"https:\/\/shop.hirslanden.ch\/klinik-hirslanden\/wp-json\/wp\/v2\/product"}],"about":[{"href":"https:\/\/shop.hirslanden.ch\/klinik-hirslanden\/wp-json\/wp\/v2\/types\/product"}],"replies":[{"embeddable":true,"href":"https:\/\/shop.hirslanden.ch\/klinik-hirslanden\/wp-json\/wp\/v2\/comments?post=1674"}],"wp:featuredmedia":[{"embeddable":true,"href":"https:\/\/shop.hirslanden.ch\/klinik-hirslanden\/wp-json\/wp\/v2\/media\/895"}],"wp:attachment":[{"href":"https:\/\/shop.hirslanden.ch\/klinik-hirslanden\/wp-json\/wp\/v2\/media?parent=1674"}],"wp:term":[{"taxonomy":"product_brand","embeddable":true,"href":"https:\/\/shop.hirslanden.ch\/klinik-hirslanden\/wp-json\/wp\/v2\/product_brand?post=1674"},{"taxonomy":"product_cat","embeddable":true,"href":"https:\/\/shop.hirslanden.ch\/klinik-hirslanden\/wp-json\/wp\/v2\/product_cat?post=1674"},{"taxonomy":"product_tag","embeddable":true,"href":"https:\/\/shop.hirslanden.ch\/klinik-hirslanden\/wp-json\/wp\/v2\/product_tag?post=1674"}],"curies":[{"name":"wp","href":"https:\/\/api.w.org\/{rel}","templated":true}]}}