{"id":1642,"date":"2021-07-28T11:30:14","date_gmt":"2021-07-28T09:30:14","guid":{"rendered":"https:\/\/shop.hirslanden.ch\/klinik-hirslanden\/produkt\/baton-diffuseur-figue-no-33-250-ml\/"},"modified":"2021-11-10T09:18:09","modified_gmt":"2021-11-10T08:18:09","slug":"baton-diffuseur-figue-no-33-250-ml","status":"publish","type":"product","link":"https:\/\/shop.hirslanden.ch\/klinik-hirslanden\/produkt\/baton-diffuseur-figue-no-33-250-ml\/?lang=fr","title":{"rendered":"B\u00e2ton diffuseur figue no. 33, 250ml"},"content":{"rendered":"<p>Bouquet rond, l\u00e9g\u00e8rement parfum\u00e9 de figue, qui s\u00e9duit par une floralit\u00e9 \u00e9quilibr\u00e9e et une fine note bois\u00e9e. En outre, une douce fra\u00eecheur due \u00e0 un peu de bergamote. Tr\u00e8s \u00e9l\u00e9gant et noble.<\/p>\n<p><strong>Note principale:<\/strong> figue, bergamote, bois de c\u00e8dre.<\/p>\n","protected":false},"excerpt":{"rendered":"<p>Bouquet rond, l\u00e9g\u00e8rement parfum\u00e9 de figue, qui s\u00e9duit par une floralit\u00e9 \u00e9quilibr\u00e9e et une fine note bois\u00e9e. En outre, une douce fra\u00eecheur due \u00e0 un peu de bergamote. Tr\u00e8s \u00e9l\u00e9gant et noble. Note principale: figue, bergamote, bois de c\u00e8dre.<\/p>\n","protected":false},"featured_media":990,"comment_status":"open","ping_status":"closed","template":"","meta":{"_acf_changed":false},"product_brand":[],"product_cat":[142],"product_tag":[],"class_list":{"0":"post-1642","1":"product","2":"type-product","3":"status-publish","4":"has-post-thumbnail","6":"product_cat-cadeaux-boutique","8":"first","9":"instock","10":"taxable","11":"shipping-taxable","12":"purchasable","13":"product-type-simple"},"acf":[],"yoast_head":"<!-- This site is optimized with the Yoast SEO plugin v27.2 - https:\/\/yoast.com\/product\/yoast-seo-wordpress\/ -->\n<title>B\u00e2ton diffuseur figue no. 33, 250ml - Online-Shop \u2013 Klinik Hirslanden Z\u00fcrich<\/title>\n<meta name=\"robots\" content=\"index, follow, max-snippet:-1, max-image-preview:large, max-video-preview:-1\" \/>\n<link rel=\"canonical\" href=\"https:\/\/shop.hirslanden.ch\/klinik-hirslanden\/produkt\/baton-diffuseur-figue-no-33-250-ml\/?lang=fr\" \/>\n<meta property=\"og:locale\" content=\"de_DE\" \/>\n<meta property=\"og:type\" content=\"article\" \/>\n<meta property=\"og:title\" content=\"B\u00e2ton diffuseur figue no. 33, 250ml - Online-Shop \u2013 Klinik Hirslanden Z\u00fcrich\" \/>\n<meta property=\"og:description\" content=\"Bouquet rond, l\u00e9g\u00e8rement parfum\u00e9 de figue, qui s\u00e9duit par une floralit\u00e9 \u00e9quilibr\u00e9e et une fine note bois\u00e9e. En outre, une douce fra\u00eecheur due \u00e0 un peu de bergamote. Tr\u00e8s \u00e9l\u00e9gant et noble. Note principale: figue, bergamote, bois de c\u00e8dre.\" \/>\n<meta property=\"og:url\" content=\"https:\/\/shop.hirslanden.ch\/klinik-hirslanden\/produkt\/baton-diffuseur-figue-no-33-250-ml\/?lang=fr\" \/>\n<meta property=\"og:site_name\" content=\"Online-Shop \u2013 Klinik Hirslanden Z\u00fcrich\" \/>\n<meta property=\"article:modified_time\" content=\"2021-11-10T08:18:09+00:00\" \/>\n<meta property=\"og:image\" content=\"https:\/\/shop.hirslanden.ch\/klinik-hirslanden\/wp-content\/uploads\/sites\/7\/2021\/07\/KUKUI-Figue-33-1500px.jpg\" \/>\n\t<meta property=\"og:image:width\" content=\"1500\" \/>\n\t<meta property=\"og:image:height\" content=\"1500\" \/>\n\t<meta property=\"og:image:type\" content=\"image\/jpeg\" \/>\n<meta name=\"twitter:card\" content=\"summary_large_image\" \/>\n<script type=\"application\/ld+json\" class=\"yoast-schema-graph\">{\"@context\":\"https:\/\/schema.org\",\"@graph\":[{\"@type\":\"WebPage\",\"@id\":\"https:\/\/shop.hirslanden.ch\/klinik-hirslanden\/produkt\/baton-diffuseur-figue-no-33-250-ml\/?lang=fr\",\"url\":\"https:\/\/shop.hirslanden.ch\/klinik-hirslanden\/produkt\/baton-diffuseur-figue-no-33-250-ml\/?lang=fr\",\"name\":\"B\u00e2ton diffuseur figue no. 33, 250ml - Online-Shop \u2013 Klinik Hirslanden Z\u00fcrich\",\"isPartOf\":{\"@id\":\"https:\/\/shop.hirslanden.ch\/klinik-hirslanden\/#website\"},\"primaryImageOfPage\":{\"@id\":\"https:\/\/shop.hirslanden.ch\/klinik-hirslanden\/produkt\/baton-diffuseur-figue-no-33-250-ml\/?lang=fr#primaryimage\"},\"image\":{\"@id\":\"https:\/\/shop.hirslanden.ch\/klinik-hirslanden\/produkt\/baton-diffuseur-figue-no-33-250-ml\/?lang=fr#primaryimage\"},\"thumbnailUrl\":\"https:\/\/shop.hirslanden.ch\/klinik-hirslanden\/wp-content\/uploads\/sites\/7\/2021\/07\/KUKUI-Figue-33-1500px.jpg\",\"datePublished\":\"2021-07-28T09:30:14+00:00\",\"dateModified\":\"2021-11-10T08:18:09+00:00\",\"breadcrumb\":{\"@id\":\"https:\/\/shop.hirslanden.ch\/klinik-hirslanden\/produkt\/baton-diffuseur-figue-no-33-250-ml\/?lang=fr#breadcrumb\"},\"inLanguage\":\"de\",\"potentialAction\":[{\"@type\":\"ReadAction\",\"target\":[\"https:\/\/shop.hirslanden.ch\/klinik-hirslanden\/produkt\/baton-diffuseur-figue-no-33-250-ml\/?lang=fr\"]}]},{\"@type\":\"ImageObject\",\"inLanguage\":\"de\",\"@id\":\"https:\/\/shop.hirslanden.ch\/klinik-hirslanden\/produkt\/baton-diffuseur-figue-no-33-250-ml\/?lang=fr#primaryimage\",\"url\":\"https:\/\/shop.hirslanden.ch\/klinik-hirslanden\/wp-content\/uploads\/sites\/7\/2021\/07\/KUKUI-Figue-33-1500px.jpg\",\"contentUrl\":\"https:\/\/shop.hirslanden.ch\/klinik-hirslanden\/wp-content\/uploads\/sites\/7\/2021\/07\/KUKUI-Figue-33-1500px.jpg\",\"width\":1500,\"height\":1500,\"caption\":\"KUKUI Figue 33\"},{\"@type\":\"BreadcrumbList\",\"@id\":\"https:\/\/shop.hirslanden.ch\/klinik-hirslanden\/produkt\/baton-diffuseur-figue-no-33-250-ml\/?lang=fr#breadcrumb\",\"itemListElement\":[{\"@type\":\"ListItem\",\"position\":1,\"name\":\"Startseite\",\"item\":\"https:\/\/shop.hirslanden.ch\/klinik-hirslanden\/\"},{\"@type\":\"ListItem\",\"position\":2,\"name\":\"Shop\",\"item\":\"https:\/\/shop.hirslanden.ch\/klinik-hirslanden\/\"},{\"@type\":\"ListItem\",\"position\":3,\"name\":\"B\u00e2ton diffuseur figue no. 33, 250ml\"}]},{\"@type\":\"WebSite\",\"@id\":\"https:\/\/shop.hirslanden.ch\/klinik-hirslanden\/#website\",\"url\":\"https:\/\/shop.hirslanden.ch\/klinik-hirslanden\/\",\"name\":\"Online-Shop \u2013 Klinik Hirslanden Z\u00fcrich\",\"description\":\"Hirslanden-Gruppe\",\"publisher\":{\"@id\":\"https:\/\/shop.hirslanden.ch\/klinik-hirslanden\/#organization\"},\"potentialAction\":[{\"@type\":\"SearchAction\",\"target\":{\"@type\":\"EntryPoint\",\"urlTemplate\":\"https:\/\/shop.hirslanden.ch\/klinik-hirslanden\/?s={search_term_string}\"},\"query-input\":{\"@type\":\"PropertyValueSpecification\",\"valueRequired\":true,\"valueName\":\"search_term_string\"}}],\"inLanguage\":\"de\"},{\"@type\":\"Organization\",\"@id\":\"https:\/\/shop.hirslanden.ch\/klinik-hirslanden\/#organization\",\"name\":\"Online-Shop \u2013 Klinik Hirslanden Z\u00fcrich\",\"url\":\"https:\/\/shop.hirslanden.ch\/klinik-hirslanden\/\",\"logo\":{\"@type\":\"ImageObject\",\"inLanguage\":\"de\",\"@id\":\"https:\/\/shop.hirslanden.ch\/klinik-hirslanden\/#\/schema\/logo\/image\/\",\"url\":\"https:\/\/shop.hirslanden.ch\/klinik-hirslanden\/wp-content\/uploads\/sites\/7\/2024\/03\/impark-scaled-2.jpg\",\"contentUrl\":\"https:\/\/shop.hirslanden.ch\/klinik-hirslanden\/wp-content\/uploads\/sites\/7\/2024\/03\/impark-scaled-2.jpg\",\"width\":2560,\"height\":686,\"caption\":\"Online-Shop \u2013 Klinik Hirslanden Z\u00fcrich\"},\"image\":{\"@id\":\"https:\/\/shop.hirslanden.ch\/klinik-hirslanden\/#\/schema\/logo\/image\/\"}}]}<\/script>\n<!-- \/ Yoast SEO plugin. -->","yoast_head_json":{"title":"B\u00e2ton diffuseur figue no. 33, 250ml - Online-Shop \u2013 Klinik Hirslanden Z\u00fcrich","robots":{"index":"index","follow":"follow","max-snippet":"max-snippet:-1","max-image-preview":"max-image-preview:large","max-video-preview":"max-video-preview:-1"},"canonical":"https:\/\/shop.hirslanden.ch\/klinik-hirslanden\/produkt\/baton-diffuseur-figue-no-33-250-ml\/?lang=fr","og_locale":"de_DE","og_type":"article","og_title":"B\u00e2ton diffuseur figue no. 33, 250ml - Online-Shop \u2013 Klinik Hirslanden Z\u00fcrich","og_description":"Bouquet rond, l\u00e9g\u00e8rement parfum\u00e9 de figue, qui s\u00e9duit par une floralit\u00e9 \u00e9quilibr\u00e9e et une fine note bois\u00e9e. En outre, une douce fra\u00eecheur due \u00e0 un peu de bergamote. Tr\u00e8s \u00e9l\u00e9gant et noble. Note principale: figue, bergamote, bois de c\u00e8dre.","og_url":"https:\/\/shop.hirslanden.ch\/klinik-hirslanden\/produkt\/baton-diffuseur-figue-no-33-250-ml\/?lang=fr","og_site_name":"Online-Shop \u2013 Klinik Hirslanden Z\u00fcrich","article_modified_time":"2021-11-10T08:18:09+00:00","og_image":[{"width":1500,"height":1500,"url":"https:\/\/shop.hirslanden.ch\/klinik-hirslanden\/wp-content\/uploads\/sites\/7\/2021\/07\/KUKUI-Figue-33-1500px.jpg","type":"image\/jpeg"}],"twitter_card":"summary_large_image","schema":{"@context":"https:\/\/schema.org","@graph":[{"@type":"WebPage","@id":"https:\/\/shop.hirslanden.ch\/klinik-hirslanden\/produkt\/baton-diffuseur-figue-no-33-250-ml\/?lang=fr","url":"https:\/\/shop.hirslanden.ch\/klinik-hirslanden\/produkt\/baton-diffuseur-figue-no-33-250-ml\/?lang=fr","name":"B\u00e2ton diffuseur figue no. 33, 250ml - Online-Shop \u2013 Klinik Hirslanden Z\u00fcrich","isPartOf":{"@id":"https:\/\/shop.hirslanden.ch\/klinik-hirslanden\/#website"},"primaryImageOfPage":{"@id":"https:\/\/shop.hirslanden.ch\/klinik-hirslanden\/produkt\/baton-diffuseur-figue-no-33-250-ml\/?lang=fr#primaryimage"},"image":{"@id":"https:\/\/shop.hirslanden.ch\/klinik-hirslanden\/produkt\/baton-diffuseur-figue-no-33-250-ml\/?lang=fr#primaryimage"},"thumbnailUrl":"https:\/\/shop.hirslanden.ch\/klinik-hirslanden\/wp-content\/uploads\/sites\/7\/2021\/07\/KUKUI-Figue-33-1500px.jpg","datePublished":"2021-07-28T09:30:14+00:00","dateModified":"2021-11-10T08:18:09+00:00","breadcrumb":{"@id":"https:\/\/shop.hirslanden.ch\/klinik-hirslanden\/produkt\/baton-diffuseur-figue-no-33-250-ml\/?lang=fr#breadcrumb"},"inLanguage":"de","potentialAction":[{"@type":"ReadAction","target":["https:\/\/shop.hirslanden.ch\/klinik-hirslanden\/produkt\/baton-diffuseur-figue-no-33-250-ml\/?lang=fr"]}]},{"@type":"ImageObject","inLanguage":"de","@id":"https:\/\/shop.hirslanden.ch\/klinik-hirslanden\/produkt\/baton-diffuseur-figue-no-33-250-ml\/?lang=fr#primaryimage","url":"https:\/\/shop.hirslanden.ch\/klinik-hirslanden\/wp-content\/uploads\/sites\/7\/2021\/07\/KUKUI-Figue-33-1500px.jpg","contentUrl":"https:\/\/shop.hirslanden.ch\/klinik-hirslanden\/wp-content\/uploads\/sites\/7\/2021\/07\/KUKUI-Figue-33-1500px.jpg","width":1500,"height":1500,"caption":"KUKUI Figue 33"},{"@type":"BreadcrumbList","@id":"https:\/\/shop.hirslanden.ch\/klinik-hirslanden\/produkt\/baton-diffuseur-figue-no-33-250-ml\/?lang=fr#breadcrumb","itemListElement":[{"@type":"ListItem","position":1,"name":"Startseite","item":"https:\/\/shop.hirslanden.ch\/klinik-hirslanden\/"},{"@type":"ListItem","position":2,"name":"Shop","item":"https:\/\/shop.hirslanden.ch\/klinik-hirslanden\/"},{"@type":"ListItem","position":3,"name":"B\u00e2ton diffuseur figue no. 33, 250ml"}]},{"@type":"WebSite","@id":"https:\/\/shop.hirslanden.ch\/klinik-hirslanden\/#website","url":"https:\/\/shop.hirslanden.ch\/klinik-hirslanden\/","name":"Online-Shop \u2013 Klinik Hirslanden Z\u00fcrich","description":"Hirslanden-Gruppe","publisher":{"@id":"https:\/\/shop.hirslanden.ch\/klinik-hirslanden\/#organization"},"potentialAction":[{"@type":"SearchAction","target":{"@type":"EntryPoint","urlTemplate":"https:\/\/shop.hirslanden.ch\/klinik-hirslanden\/?s={search_term_string}"},"query-input":{"@type":"PropertyValueSpecification","valueRequired":true,"valueName":"search_term_string"}}],"inLanguage":"de"},{"@type":"Organization","@id":"https:\/\/shop.hirslanden.ch\/klinik-hirslanden\/#organization","name":"Online-Shop \u2013 Klinik Hirslanden Z\u00fcrich","url":"https:\/\/shop.hirslanden.ch\/klinik-hirslanden\/","logo":{"@type":"ImageObject","inLanguage":"de","@id":"https:\/\/shop.hirslanden.ch\/klinik-hirslanden\/#\/schema\/logo\/image\/","url":"https:\/\/shop.hirslanden.ch\/klinik-hirslanden\/wp-content\/uploads\/sites\/7\/2024\/03\/impark-scaled-2.jpg","contentUrl":"https:\/\/shop.hirslanden.ch\/klinik-hirslanden\/wp-content\/uploads\/sites\/7\/2024\/03\/impark-scaled-2.jpg","width":2560,"height":686,"caption":"Online-Shop \u2013 Klinik Hirslanden Z\u00fcrich"},"image":{"@id":"https:\/\/shop.hirslanden.ch\/klinik-hirslanden\/#\/schema\/logo\/image\/"}}]}},"_links":{"self":[{"href":"https:\/\/shop.hirslanden.ch\/klinik-hirslanden\/wp-json\/wp\/v2\/product\/1642","targetHints":{"allow":["GET"]}}],"collection":[{"href":"https:\/\/shop.hirslanden.ch\/klinik-hirslanden\/wp-json\/wp\/v2\/product"}],"about":[{"href":"https:\/\/shop.hirslanden.ch\/klinik-hirslanden\/wp-json\/wp\/v2\/types\/product"}],"replies":[{"embeddable":true,"href":"https:\/\/shop.hirslanden.ch\/klinik-hirslanden\/wp-json\/wp\/v2\/comments?post=1642"}],"wp:featuredmedia":[{"embeddable":true,"href":"https:\/\/shop.hirslanden.ch\/klinik-hirslanden\/wp-json\/wp\/v2\/media\/990"}],"wp:attachment":[{"href":"https:\/\/shop.hirslanden.ch\/klinik-hirslanden\/wp-json\/wp\/v2\/media?parent=1642"}],"wp:term":[{"taxonomy":"product_brand","embeddable":true,"href":"https:\/\/shop.hirslanden.ch\/klinik-hirslanden\/wp-json\/wp\/v2\/product_brand?post=1642"},{"taxonomy":"product_cat","embeddable":true,"href":"https:\/\/shop.hirslanden.ch\/klinik-hirslanden\/wp-json\/wp\/v2\/product_cat?post=1642"},{"taxonomy":"product_tag","embeddable":true,"href":"https:\/\/shop.hirslanden.ch\/klinik-hirslanden\/wp-json\/wp\/v2\/product_tag?post=1642"}],"curies":[{"name":"wp","href":"https:\/\/api.w.org\/{rel}","templated":true}]}}