{"id":1598,"date":"2021-07-28T13:51:43","date_gmt":"2021-07-28T11:51:43","guid":{"rendered":"https:\/\/shop.hirslanden.ch\/klinik-hirslanden\/produkt\/compleo-cuvee-blanc-prestige-vdp-2019-staatskellerei-zurich\/"},"modified":"2021-10-19T09:15:06","modified_gmt":"2021-10-19T07:15:06","slug":"compleo-cuvee-blanc-prestige-vdp-2019-staatskellerei-zurich","status":"publish","type":"product","link":"https:\/\/shop.hirslanden.ch\/klinik-hirslanden\/produkt\/compleo-cuvee-blanc-prestige-vdp-2019-staatskellerei-zurich\/?lang=fr","title":{"rendered":"Compleo Cuv\u00e9e Blanc Prestige VDP 2019, Staatskellerei Zurich"},"content":{"rendered":"<p>La Cuv\u00e9e Compleo blanche du ma\u00eetre de chai Fabio Montalbano est un produit polyvalent aromatique mais pas du tout envahissant. C&#039;est un vin d&#039;ap\u00e9ritif id\u00e9al, mais il s&#039;harmonise \u00e9galement avec les plats l\u00e9gers. Aussi l\u00e9ger et fruit\u00e9 que le Mariage raffin\u00e9 de Pinot Gris et de Chardonnay se pr\u00e9sente, il nous laisse d\u00e9j\u00e0 r\u00eaver un peu \u00e0 l&#039;approche du printemps.<\/p>\n<\/p>\n<p><strong>C\u00e9page:<\/strong> Pinot Gris, Chardonnay, Muscat<\/p>\n<p><strong>.<\/p>\n","protected":false},"excerpt":{"rendered":"<p>La Cuv\u00e9e Compleo blanche du ma\u00eetre de chai Fabio Montalbano est un produit polyvalent aromatique mais pas du tout envahissant. C&#039;est un vin d&#039;ap\u00e9ritif id\u00e9al, mais il s&#039;harmonise \u00e9galement avec les plats l\u00e9gers. Aussi l\u00e9ger et fruit\u00e9 que le Mariage raffin\u00e9 de Pinot Gris et de Chardonnay se pr\u00e9sente, il nous laisse d\u00e9j\u00e0 r\u00eaver un [&hellip;]<\/p>\n","protected":false},"featured_media":1071,"comment_status":"open","ping_status":"closed","template":"","meta":{"_acf_changed":false},"product_brand":[],"product_cat":[145],"product_tag":[],"class_list":{"0":"post-1598","1":"product","2":"type-product","3":"status-publish","4":"has-post-thumbnail","6":"product_cat-vins-et-champagne","8":"first","9":"instock","10":"taxable","11":"shipping-taxable","12":"purchasable","13":"product-type-simple"},"acf":[],"yoast_head":"<!-- This site is optimized with the Yoast SEO plugin v27.2 - https:\/\/yoast.com\/product\/yoast-seo-wordpress\/ -->\n<title>Compleo Cuv\u00e9e Blanc Prestige VDP 2019, Staatskellerei Zurich - Online-Shop \u2013 Klinik Hirslanden Z\u00fcrich<\/title>\n<meta name=\"robots\" content=\"index, follow, max-snippet:-1, max-image-preview:large, max-video-preview:-1\" \/>\n<link rel=\"canonical\" href=\"https:\/\/shop.hirslanden.ch\/klinik-hirslanden\/produkt\/compleo-cuvee-blanc-prestige-vdp-2019-staatskellerei-zurich\/?lang=fr\" \/>\n<meta property=\"og:locale\" content=\"de_DE\" \/>\n<meta property=\"og:type\" content=\"article\" \/>\n<meta property=\"og:title\" content=\"Compleo Cuv\u00e9e Blanc Prestige VDP 2019, Staatskellerei Zurich - Online-Shop \u2013 Klinik Hirslanden Z\u00fcrich\" \/>\n<meta property=\"og:description\" content=\"La Cuv\u00e9e Compleo blanche du ma\u00eetre de chai Fabio Montalbano est un produit polyvalent aromatique mais pas du tout envahissant. C&#039;est un vin d&#039;ap\u00e9ritif id\u00e9al, mais il s&#039;harmonise \u00e9galement avec les plats l\u00e9gers. Aussi l\u00e9ger et fruit\u00e9 que le Mariage raffin\u00e9 de Pinot Gris et de Chardonnay se pr\u00e9sente, il nous laisse d\u00e9j\u00e0 r\u00eaver un [&hellip;]\" \/>\n<meta property=\"og:url\" content=\"https:\/\/shop.hirslanden.ch\/klinik-hirslanden\/produkt\/compleo-cuvee-blanc-prestige-vdp-2019-staatskellerei-zurich\/?lang=fr\" \/>\n<meta property=\"og:site_name\" content=\"Online-Shop \u2013 Klinik Hirslanden Z\u00fcrich\" \/>\n<meta property=\"article:modified_time\" content=\"2021-10-19T07:15:06+00:00\" \/>\n<meta property=\"og:image\" content=\"https:\/\/shop.hirslanden.ch\/klinik-hirslanden\/wp-content\/uploads\/sites\/7\/2021\/07\/Compleo-Cuvee-Blanc-Prestige-VDP-2019.jpg\" \/>\n\t<meta property=\"og:image:width\" content=\"1501\" \/>\n\t<meta property=\"og:image:height\" content=\"1501\" \/>\n\t<meta property=\"og:image:type\" content=\"image\/jpeg\" \/>\n<meta name=\"twitter:card\" content=\"summary_large_image\" \/>\n<script type=\"application\/ld+json\" class=\"yoast-schema-graph\">{\"@context\":\"https:\/\/schema.org\",\"@graph\":[{\"@type\":\"WebPage\",\"@id\":\"https:\/\/shop.hirslanden.ch\/klinik-hirslanden\/produkt\/compleo-cuvee-blanc-prestige-vdp-2019-staatskellerei-zurich\/?lang=fr\",\"url\":\"https:\/\/shop.hirslanden.ch\/klinik-hirslanden\/produkt\/compleo-cuvee-blanc-prestige-vdp-2019-staatskellerei-zurich\/?lang=fr\",\"name\":\"Compleo Cuv\u00e9e Blanc Prestige VDP 2019, Staatskellerei Zurich - Online-Shop \u2013 Klinik Hirslanden Z\u00fcrich\",\"isPartOf\":{\"@id\":\"https:\/\/shop.hirslanden.ch\/klinik-hirslanden\/#website\"},\"primaryImageOfPage\":{\"@id\":\"https:\/\/shop.hirslanden.ch\/klinik-hirslanden\/produkt\/compleo-cuvee-blanc-prestige-vdp-2019-staatskellerei-zurich\/?lang=fr#primaryimage\"},\"image\":{\"@id\":\"https:\/\/shop.hirslanden.ch\/klinik-hirslanden\/produkt\/compleo-cuvee-blanc-prestige-vdp-2019-staatskellerei-zurich\/?lang=fr#primaryimage\"},\"thumbnailUrl\":\"https:\/\/shop.hirslanden.ch\/klinik-hirslanden\/wp-content\/uploads\/sites\/7\/2021\/07\/Compleo-Cuvee-Blanc-Prestige-VDP-2019.jpg\",\"datePublished\":\"2021-07-28T11:51:43+00:00\",\"dateModified\":\"2021-10-19T07:15:06+00:00\",\"breadcrumb\":{\"@id\":\"https:\/\/shop.hirslanden.ch\/klinik-hirslanden\/produkt\/compleo-cuvee-blanc-prestige-vdp-2019-staatskellerei-zurich\/?lang=fr#breadcrumb\"},\"inLanguage\":\"de\",\"potentialAction\":[{\"@type\":\"ReadAction\",\"target\":[\"https:\/\/shop.hirslanden.ch\/klinik-hirslanden\/produkt\/compleo-cuvee-blanc-prestige-vdp-2019-staatskellerei-zurich\/?lang=fr\"]}]},{\"@type\":\"ImageObject\",\"inLanguage\":\"de\",\"@id\":\"https:\/\/shop.hirslanden.ch\/klinik-hirslanden\/produkt\/compleo-cuvee-blanc-prestige-vdp-2019-staatskellerei-zurich\/?lang=fr#primaryimage\",\"url\":\"https:\/\/shop.hirslanden.ch\/klinik-hirslanden\/wp-content\/uploads\/sites\/7\/2021\/07\/Compleo-Cuvee-Blanc-Prestige-VDP-2019.jpg\",\"contentUrl\":\"https:\/\/shop.hirslanden.ch\/klinik-hirslanden\/wp-content\/uploads\/sites\/7\/2021\/07\/Compleo-Cuvee-Blanc-Prestige-VDP-2019.jpg\",\"width\":1501,\"height\":1501},{\"@type\":\"BreadcrumbList\",\"@id\":\"https:\/\/shop.hirslanden.ch\/klinik-hirslanden\/produkt\/compleo-cuvee-blanc-prestige-vdp-2019-staatskellerei-zurich\/?lang=fr#breadcrumb\",\"itemListElement\":[{\"@type\":\"ListItem\",\"position\":1,\"name\":\"Startseite\",\"item\":\"https:\/\/shop.hirslanden.ch\/klinik-hirslanden\/\"},{\"@type\":\"ListItem\",\"position\":2,\"name\":\"Shop\",\"item\":\"https:\/\/shop.hirslanden.ch\/klinik-hirslanden\/\"},{\"@type\":\"ListItem\",\"position\":3,\"name\":\"Compleo Cuv\u00e9e Blanc Prestige VDP 2019, Staatskellerei Zurich\"}]},{\"@type\":\"WebSite\",\"@id\":\"https:\/\/shop.hirslanden.ch\/klinik-hirslanden\/#website\",\"url\":\"https:\/\/shop.hirslanden.ch\/klinik-hirslanden\/\",\"name\":\"Online-Shop \u2013 Klinik Hirslanden Z\u00fcrich\",\"description\":\"Hirslanden-Gruppe\",\"publisher\":{\"@id\":\"https:\/\/shop.hirslanden.ch\/klinik-hirslanden\/#organization\"},\"potentialAction\":[{\"@type\":\"SearchAction\",\"target\":{\"@type\":\"EntryPoint\",\"urlTemplate\":\"https:\/\/shop.hirslanden.ch\/klinik-hirslanden\/?s={search_term_string}\"},\"query-input\":{\"@type\":\"PropertyValueSpecification\",\"valueRequired\":true,\"valueName\":\"search_term_string\"}}],\"inLanguage\":\"de\"},{\"@type\":\"Organization\",\"@id\":\"https:\/\/shop.hirslanden.ch\/klinik-hirslanden\/#organization\",\"name\":\"Online-Shop \u2013 Klinik Hirslanden Z\u00fcrich\",\"url\":\"https:\/\/shop.hirslanden.ch\/klinik-hirslanden\/\",\"logo\":{\"@type\":\"ImageObject\",\"inLanguage\":\"de\",\"@id\":\"https:\/\/shop.hirslanden.ch\/klinik-hirslanden\/#\/schema\/logo\/image\/\",\"url\":\"https:\/\/shop.hirslanden.ch\/klinik-hirslanden\/wp-content\/uploads\/sites\/7\/2024\/03\/impark-scaled-2.jpg\",\"contentUrl\":\"https:\/\/shop.hirslanden.ch\/klinik-hirslanden\/wp-content\/uploads\/sites\/7\/2024\/03\/impark-scaled-2.jpg\",\"width\":2560,\"height\":686,\"caption\":\"Online-Shop \u2013 Klinik Hirslanden Z\u00fcrich\"},\"image\":{\"@id\":\"https:\/\/shop.hirslanden.ch\/klinik-hirslanden\/#\/schema\/logo\/image\/\"}}]}<\/script>\n<!-- \/ Yoast SEO plugin. -->","yoast_head_json":{"title":"Compleo Cuv\u00e9e Blanc Prestige VDP 2019, Staatskellerei Zurich - Online-Shop \u2013 Klinik Hirslanden Z\u00fcrich","robots":{"index":"index","follow":"follow","max-snippet":"max-snippet:-1","max-image-preview":"max-image-preview:large","max-video-preview":"max-video-preview:-1"},"canonical":"https:\/\/shop.hirslanden.ch\/klinik-hirslanden\/produkt\/compleo-cuvee-blanc-prestige-vdp-2019-staatskellerei-zurich\/?lang=fr","og_locale":"de_DE","og_type":"article","og_title":"Compleo Cuv\u00e9e Blanc Prestige VDP 2019, Staatskellerei Zurich - Online-Shop \u2013 Klinik Hirslanden Z\u00fcrich","og_description":"La Cuv\u00e9e Compleo blanche du ma\u00eetre de chai Fabio Montalbano est un produit polyvalent aromatique mais pas du tout envahissant. C&#039;est un vin d&#039;ap\u00e9ritif id\u00e9al, mais il s&#039;harmonise \u00e9galement avec les plats l\u00e9gers. Aussi l\u00e9ger et fruit\u00e9 que le Mariage raffin\u00e9 de Pinot Gris et de Chardonnay se pr\u00e9sente, il nous laisse d\u00e9j\u00e0 r\u00eaver un [&hellip;]","og_url":"https:\/\/shop.hirslanden.ch\/klinik-hirslanden\/produkt\/compleo-cuvee-blanc-prestige-vdp-2019-staatskellerei-zurich\/?lang=fr","og_site_name":"Online-Shop \u2013 Klinik Hirslanden Z\u00fcrich","article_modified_time":"2021-10-19T07:15:06+00:00","og_image":[{"width":1501,"height":1501,"url":"https:\/\/shop.hirslanden.ch\/klinik-hirslanden\/wp-content\/uploads\/sites\/7\/2021\/07\/Compleo-Cuvee-Blanc-Prestige-VDP-2019.jpg","type":"image\/jpeg"}],"twitter_card":"summary_large_image","schema":{"@context":"https:\/\/schema.org","@graph":[{"@type":"WebPage","@id":"https:\/\/shop.hirslanden.ch\/klinik-hirslanden\/produkt\/compleo-cuvee-blanc-prestige-vdp-2019-staatskellerei-zurich\/?lang=fr","url":"https:\/\/shop.hirslanden.ch\/klinik-hirslanden\/produkt\/compleo-cuvee-blanc-prestige-vdp-2019-staatskellerei-zurich\/?lang=fr","name":"Compleo Cuv\u00e9e Blanc Prestige VDP 2019, Staatskellerei Zurich - Online-Shop \u2013 Klinik Hirslanden Z\u00fcrich","isPartOf":{"@id":"https:\/\/shop.hirslanden.ch\/klinik-hirslanden\/#website"},"primaryImageOfPage":{"@id":"https:\/\/shop.hirslanden.ch\/klinik-hirslanden\/produkt\/compleo-cuvee-blanc-prestige-vdp-2019-staatskellerei-zurich\/?lang=fr#primaryimage"},"image":{"@id":"https:\/\/shop.hirslanden.ch\/klinik-hirslanden\/produkt\/compleo-cuvee-blanc-prestige-vdp-2019-staatskellerei-zurich\/?lang=fr#primaryimage"},"thumbnailUrl":"https:\/\/shop.hirslanden.ch\/klinik-hirslanden\/wp-content\/uploads\/sites\/7\/2021\/07\/Compleo-Cuvee-Blanc-Prestige-VDP-2019.jpg","datePublished":"2021-07-28T11:51:43+00:00","dateModified":"2021-10-19T07:15:06+00:00","breadcrumb":{"@id":"https:\/\/shop.hirslanden.ch\/klinik-hirslanden\/produkt\/compleo-cuvee-blanc-prestige-vdp-2019-staatskellerei-zurich\/?lang=fr#breadcrumb"},"inLanguage":"de","potentialAction":[{"@type":"ReadAction","target":["https:\/\/shop.hirslanden.ch\/klinik-hirslanden\/produkt\/compleo-cuvee-blanc-prestige-vdp-2019-staatskellerei-zurich\/?lang=fr"]}]},{"@type":"ImageObject","inLanguage":"de","@id":"https:\/\/shop.hirslanden.ch\/klinik-hirslanden\/produkt\/compleo-cuvee-blanc-prestige-vdp-2019-staatskellerei-zurich\/?lang=fr#primaryimage","url":"https:\/\/shop.hirslanden.ch\/klinik-hirslanden\/wp-content\/uploads\/sites\/7\/2021\/07\/Compleo-Cuvee-Blanc-Prestige-VDP-2019.jpg","contentUrl":"https:\/\/shop.hirslanden.ch\/klinik-hirslanden\/wp-content\/uploads\/sites\/7\/2021\/07\/Compleo-Cuvee-Blanc-Prestige-VDP-2019.jpg","width":1501,"height":1501},{"@type":"BreadcrumbList","@id":"https:\/\/shop.hirslanden.ch\/klinik-hirslanden\/produkt\/compleo-cuvee-blanc-prestige-vdp-2019-staatskellerei-zurich\/?lang=fr#breadcrumb","itemListElement":[{"@type":"ListItem","position":1,"name":"Startseite","item":"https:\/\/shop.hirslanden.ch\/klinik-hirslanden\/"},{"@type":"ListItem","position":2,"name":"Shop","item":"https:\/\/shop.hirslanden.ch\/klinik-hirslanden\/"},{"@type":"ListItem","position":3,"name":"Compleo Cuv\u00e9e Blanc Prestige VDP 2019, Staatskellerei Zurich"}]},{"@type":"WebSite","@id":"https:\/\/shop.hirslanden.ch\/klinik-hirslanden\/#website","url":"https:\/\/shop.hirslanden.ch\/klinik-hirslanden\/","name":"Online-Shop \u2013 Klinik Hirslanden Z\u00fcrich","description":"Hirslanden-Gruppe","publisher":{"@id":"https:\/\/shop.hirslanden.ch\/klinik-hirslanden\/#organization"},"potentialAction":[{"@type":"SearchAction","target":{"@type":"EntryPoint","urlTemplate":"https:\/\/shop.hirslanden.ch\/klinik-hirslanden\/?s={search_term_string}"},"query-input":{"@type":"PropertyValueSpecification","valueRequired":true,"valueName":"search_term_string"}}],"inLanguage":"de"},{"@type":"Organization","@id":"https:\/\/shop.hirslanden.ch\/klinik-hirslanden\/#organization","name":"Online-Shop \u2013 Klinik Hirslanden Z\u00fcrich","url":"https:\/\/shop.hirslanden.ch\/klinik-hirslanden\/","logo":{"@type":"ImageObject","inLanguage":"de","@id":"https:\/\/shop.hirslanden.ch\/klinik-hirslanden\/#\/schema\/logo\/image\/","url":"https:\/\/shop.hirslanden.ch\/klinik-hirslanden\/wp-content\/uploads\/sites\/7\/2024\/03\/impark-scaled-2.jpg","contentUrl":"https:\/\/shop.hirslanden.ch\/klinik-hirslanden\/wp-content\/uploads\/sites\/7\/2024\/03\/impark-scaled-2.jpg","width":2560,"height":686,"caption":"Online-Shop \u2013 Klinik Hirslanden Z\u00fcrich"},"image":{"@id":"https:\/\/shop.hirslanden.ch\/klinik-hirslanden\/#\/schema\/logo\/image\/"}}]}},"_links":{"self":[{"href":"https:\/\/shop.hirslanden.ch\/klinik-hirslanden\/wp-json\/wp\/v2\/product\/1598","targetHints":{"allow":["GET"]}}],"collection":[{"href":"https:\/\/shop.hirslanden.ch\/klinik-hirslanden\/wp-json\/wp\/v2\/product"}],"about":[{"href":"https:\/\/shop.hirslanden.ch\/klinik-hirslanden\/wp-json\/wp\/v2\/types\/product"}],"replies":[{"embeddable":true,"href":"https:\/\/shop.hirslanden.ch\/klinik-hirslanden\/wp-json\/wp\/v2\/comments?post=1598"}],"wp:featuredmedia":[{"embeddable":true,"href":"https:\/\/shop.hirslanden.ch\/klinik-hirslanden\/wp-json\/wp\/v2\/media\/1071"}],"wp:attachment":[{"href":"https:\/\/shop.hirslanden.ch\/klinik-hirslanden\/wp-json\/wp\/v2\/media?parent=1598"}],"wp:term":[{"taxonomy":"product_brand","embeddable":true,"href":"https:\/\/shop.hirslanden.ch\/klinik-hirslanden\/wp-json\/wp\/v2\/product_brand?post=1598"},{"taxonomy":"product_cat","embeddable":true,"href":"https:\/\/shop.hirslanden.ch\/klinik-hirslanden\/wp-json\/wp\/v2\/product_cat?post=1598"},{"taxonomy":"product_tag","embeddable":true,"href":"https:\/\/shop.hirslanden.ch\/klinik-hirslanden\/wp-json\/wp\/v2\/product_tag?post=1598"}],"curies":[{"name":"wp","href":"https:\/\/api.w.org\/{rel}","templated":true}]}}