{"id":1589,"date":"2021-08-11T14:24:41","date_gmt":"2021-08-11T12:24:41","guid":{"rendered":"https:\/\/shop.hirslanden.ch\/klinik-hirslanden\/produkt\/melange-damaretti\/"},"modified":"2021-11-10T08:31:54","modified_gmt":"2021-11-10T07:31:54","slug":"melange-damaretti","status":"publish","type":"product","link":"https:\/\/shop.hirslanden.ch\/klinik-hirslanden\/produkt\/melange-damaretti\/?lang=fr","title":{"rendered":"M\u00e9lange d&#8217;amaretti de la confiserie Masaretti"},"content":{"rendered":"<p>Des amaretti exclusifs (vanille, amaretto, cerise, champagne, chocolat) de la Confiserie Masaretti de D\u00fcbendorf. Les amarettis sont joliment emball\u00e9s et livr\u00e9s dans des bo\u00eetes dor\u00e9es transparentes.<\/p>\n<p><strong>Ingr\u00e9dients et allerg\u00e8nes:<br \/>\n<\/strong><strong>Biscuits: <\/strong>Sucre, blanc d&#8217;\u0153uf, amandes, amandes am\u00e8res, sucre inverti.<br \/>\n<strong>Praline: <\/strong>Couverture ; sucre, gru\u00e9 de cacao, beurre de cacao, \u00e9mulsifiant (E322: l\u00e9cithine de soja) vanille*Madagascar, poudre de lait \u00e9cr\u00e9m\u00e9, poudre de lait demi-\u00e9cr\u00e9m\u00e9 et mati\u00e8re grasse. Peut contenir des traces de farine de bl\u00e9 (GLUTEN).<br \/>\n<strong>+Champagne: <\/strong>Margarine v\u00e9g\u00e9tale ; huile de colza, huile de colza (hydrog\u00e9n\u00e9e), eau, graisse de coco, \u00e9mulsifiant (E471), acidifiant (acide citrique), ar\u00f4me sirop de sorbitol E420 (issu de l&#8217;amidon de ma\u00efs et de bl\u00e9), Cognac Champagne.<br \/>\n<strong>+Cerise: <\/strong>cerise, cerise acide.<br \/>\n<strong>+Amaretto: <\/strong>Amaretto ; sucre, alcool, ar\u00f4mes, sirop de glucose.<br \/>\n<strong>+Chocolat: <\/strong>&#8211;<br \/>\n<strong>+Vanille:\u00a0<\/strong>margarine v\u00e9g\u00e9tale, graisse de coco enti\u00e8rement durcie, huile de colza (28%), eau, graisse de coco, huile de colza durcie (8%), \u00e9mulsifiants (E471 issu de l&#8217;huile de colza durcie, E472c issu de l&#8217;huile de tournesol), sel de table non iod\u00e9, acidifiant (acide citrique), colorant (b\u00eata carot\u00e8ne naturel), ar\u00f4mes, BEURRE, cerise, amaretto, sirop de sorbitol E420 (issu de l&#8217;amidon de ma\u00efs et de bl\u00e9), ar\u00f4me vanille.<\/p>\n","protected":false},"excerpt":{"rendered":"<p>Des amaretti exclusifs (vanille, amaretto, cerise, champagne, chocolat) de la Confiserie Masaretti de D\u00fcbendorf. Les amarettis sont joliment emball\u00e9s et livr\u00e9s dans des bo\u00eetes dor\u00e9es transparentes. Ingr\u00e9dients et allerg\u00e8nes: Biscuits: Sucre, blanc d&#8217;\u0153uf, amandes, amandes am\u00e8res, sucre inverti. Praline: Couverture ; sucre, gru\u00e9 de cacao, beurre de cacao, \u00e9mulsifiant (E322: l\u00e9cithine de soja) vanille*Madagascar, poudre [&hellip;]<\/p>\n","protected":false},"featured_media":901,"comment_status":"open","ping_status":"closed","template":"","meta":{"_acf_changed":false},"product_brand":[],"product_cat":[137],"product_tag":[],"class_list":{"0":"post-1589","1":"product","2":"type-product","3":"status-publish","4":"has-post-thumbnail","6":"product_cat-chocolats-bonbons","8":"first","9":"instock","10":"taxable","11":"shipping-taxable","12":"purchasable","13":"product-type-variable"},"acf":[],"yoast_head":"<!-- This site is optimized with the Yoast SEO plugin v27.2 - https:\/\/yoast.com\/product\/yoast-seo-wordpress\/ -->\n<title>M\u00e9lange d&#039;amaretti de la confiserie Masaretti - Online-Shop \u2013 Klinik Hirslanden Z\u00fcrich<\/title>\n<meta name=\"robots\" content=\"index, follow, max-snippet:-1, max-image-preview:large, max-video-preview:-1\" \/>\n<link rel=\"canonical\" href=\"https:\/\/shop.hirslanden.ch\/klinik-hirslanden\/produkt\/melange-damaretti\/?lang=fr\" \/>\n<meta property=\"og:locale\" content=\"de_DE\" \/>\n<meta property=\"og:type\" content=\"article\" \/>\n<meta property=\"og:title\" content=\"M\u00e9lange d&#039;amaretti de la confiserie Masaretti - Online-Shop \u2013 Klinik Hirslanden Z\u00fcrich\" \/>\n<meta property=\"og:description\" content=\"Des amaretti exclusifs (vanille, amaretto, cerise, champagne, chocolat) de la Confiserie Masaretti de D\u00fcbendorf. Les amarettis sont joliment emball\u00e9s et livr\u00e9s dans des bo\u00eetes dor\u00e9es transparentes. Ingr\u00e9dients et allerg\u00e8nes: Biscuits: Sucre, blanc d&#8217;\u0153uf, amandes, amandes am\u00e8res, sucre inverti. Praline: Couverture ; sucre, gru\u00e9 de cacao, beurre de cacao, \u00e9mulsifiant (E322: l\u00e9cithine de soja) vanille*Madagascar, poudre [&hellip;]\" \/>\n<meta property=\"og:url\" content=\"https:\/\/shop.hirslanden.ch\/klinik-hirslanden\/produkt\/melange-damaretti\/?lang=fr\" \/>\n<meta property=\"og:site_name\" content=\"Online-Shop \u2013 Klinik Hirslanden Z\u00fcrich\" \/>\n<meta property=\"article:modified_time\" content=\"2021-11-10T07:31:54+00:00\" \/>\n<meta property=\"og:image\" content=\"https:\/\/shop.hirslanden.ch\/klinik-hirslanden\/wp-content\/uploads\/sites\/7\/2021\/08\/Vanille-Amaretti-einzeln.jpg\" \/>\n\t<meta property=\"og:image:width\" content=\"800\" \/>\n\t<meta property=\"og:image:height\" content=\"800\" \/>\n\t<meta property=\"og:image:type\" content=\"image\/jpeg\" \/>\n<meta name=\"twitter:card\" content=\"summary_large_image\" \/>\n<meta name=\"twitter:label1\" content=\"Gesch\u00e4tzte Lesezeit\" \/>\n\t<meta name=\"twitter:data1\" content=\"1\u00a0Minute\" \/>\n<script type=\"application\/ld+json\" class=\"yoast-schema-graph\">{\"@context\":\"https:\/\/schema.org\",\"@graph\":[{\"@type\":\"WebPage\",\"@id\":\"https:\/\/shop.hirslanden.ch\/klinik-hirslanden\/produkt\/melange-damaretti\/?lang=fr\",\"url\":\"https:\/\/shop.hirslanden.ch\/klinik-hirslanden\/produkt\/melange-damaretti\/?lang=fr\",\"name\":\"M\u00e9lange d'amaretti de la confiserie Masaretti - Online-Shop \u2013 Klinik Hirslanden Z\u00fcrich\",\"isPartOf\":{\"@id\":\"https:\/\/shop.hirslanden.ch\/klinik-hirslanden\/#website\"},\"primaryImageOfPage\":{\"@id\":\"https:\/\/shop.hirslanden.ch\/klinik-hirslanden\/produkt\/melange-damaretti\/?lang=fr#primaryimage\"},\"image\":{\"@id\":\"https:\/\/shop.hirslanden.ch\/klinik-hirslanden\/produkt\/melange-damaretti\/?lang=fr#primaryimage\"},\"thumbnailUrl\":\"https:\/\/shop.hirslanden.ch\/klinik-hirslanden\/wp-content\/uploads\/sites\/7\/2021\/08\/Vanille-Amaretti-einzeln.jpg\",\"datePublished\":\"2021-08-11T12:24:41+00:00\",\"dateModified\":\"2021-11-10T07:31:54+00:00\",\"breadcrumb\":{\"@id\":\"https:\/\/shop.hirslanden.ch\/klinik-hirslanden\/produkt\/melange-damaretti\/?lang=fr#breadcrumb\"},\"inLanguage\":\"de\",\"potentialAction\":[{\"@type\":\"ReadAction\",\"target\":[\"https:\/\/shop.hirslanden.ch\/klinik-hirslanden\/produkt\/melange-damaretti\/?lang=fr\"]}]},{\"@type\":\"ImageObject\",\"inLanguage\":\"de\",\"@id\":\"https:\/\/shop.hirslanden.ch\/klinik-hirslanden\/produkt\/melange-damaretti\/?lang=fr#primaryimage\",\"url\":\"https:\/\/shop.hirslanden.ch\/klinik-hirslanden\/wp-content\/uploads\/sites\/7\/2021\/08\/Vanille-Amaretti-einzeln.jpg\",\"contentUrl\":\"https:\/\/shop.hirslanden.ch\/klinik-hirslanden\/wp-content\/uploads\/sites\/7\/2021\/08\/Vanille-Amaretti-einzeln.jpg\",\"width\":800,\"height\":800},{\"@type\":\"BreadcrumbList\",\"@id\":\"https:\/\/shop.hirslanden.ch\/klinik-hirslanden\/produkt\/melange-damaretti\/?lang=fr#breadcrumb\",\"itemListElement\":[{\"@type\":\"ListItem\",\"position\":1,\"name\":\"Startseite\",\"item\":\"https:\/\/shop.hirslanden.ch\/klinik-hirslanden\/\"},{\"@type\":\"ListItem\",\"position\":2,\"name\":\"Shop\",\"item\":\"https:\/\/shop.hirslanden.ch\/klinik-hirslanden\/\"},{\"@type\":\"ListItem\",\"position\":3,\"name\":\"M\u00e9lange d&#8217;amaretti de la confiserie Masaretti\"}]},{\"@type\":\"WebSite\",\"@id\":\"https:\/\/shop.hirslanden.ch\/klinik-hirslanden\/#website\",\"url\":\"https:\/\/shop.hirslanden.ch\/klinik-hirslanden\/\",\"name\":\"Online-Shop \u2013 Klinik Hirslanden Z\u00fcrich\",\"description\":\"Hirslanden-Gruppe\",\"publisher\":{\"@id\":\"https:\/\/shop.hirslanden.ch\/klinik-hirslanden\/#organization\"},\"potentialAction\":[{\"@type\":\"SearchAction\",\"target\":{\"@type\":\"EntryPoint\",\"urlTemplate\":\"https:\/\/shop.hirslanden.ch\/klinik-hirslanden\/?s={search_term_string}\"},\"query-input\":{\"@type\":\"PropertyValueSpecification\",\"valueRequired\":true,\"valueName\":\"search_term_string\"}}],\"inLanguage\":\"de\"},{\"@type\":\"Organization\",\"@id\":\"https:\/\/shop.hirslanden.ch\/klinik-hirslanden\/#organization\",\"name\":\"Online-Shop \u2013 Klinik Hirslanden Z\u00fcrich\",\"url\":\"https:\/\/shop.hirslanden.ch\/klinik-hirslanden\/\",\"logo\":{\"@type\":\"ImageObject\",\"inLanguage\":\"de\",\"@id\":\"https:\/\/shop.hirslanden.ch\/klinik-hirslanden\/#\/schema\/logo\/image\/\",\"url\":\"https:\/\/shop.hirslanden.ch\/klinik-hirslanden\/wp-content\/uploads\/sites\/7\/2024\/03\/impark-scaled-2.jpg\",\"contentUrl\":\"https:\/\/shop.hirslanden.ch\/klinik-hirslanden\/wp-content\/uploads\/sites\/7\/2024\/03\/impark-scaled-2.jpg\",\"width\":2560,\"height\":686,\"caption\":\"Online-Shop \u2013 Klinik Hirslanden Z\u00fcrich\"},\"image\":{\"@id\":\"https:\/\/shop.hirslanden.ch\/klinik-hirslanden\/#\/schema\/logo\/image\/\"}}]}<\/script>\n<!-- \/ Yoast SEO plugin. -->","yoast_head_json":{"title":"M\u00e9lange d'amaretti de la confiserie Masaretti - Online-Shop \u2013 Klinik Hirslanden Z\u00fcrich","robots":{"index":"index","follow":"follow","max-snippet":"max-snippet:-1","max-image-preview":"max-image-preview:large","max-video-preview":"max-video-preview:-1"},"canonical":"https:\/\/shop.hirslanden.ch\/klinik-hirslanden\/produkt\/melange-damaretti\/?lang=fr","og_locale":"de_DE","og_type":"article","og_title":"M\u00e9lange d'amaretti de la confiserie Masaretti - Online-Shop \u2013 Klinik Hirslanden Z\u00fcrich","og_description":"Des amaretti exclusifs (vanille, amaretto, cerise, champagne, chocolat) de la Confiserie Masaretti de D\u00fcbendorf. Les amarettis sont joliment emball\u00e9s et livr\u00e9s dans des bo\u00eetes dor\u00e9es transparentes. Ingr\u00e9dients et allerg\u00e8nes: Biscuits: Sucre, blanc d&#8217;\u0153uf, amandes, amandes am\u00e8res, sucre inverti. Praline: Couverture ; sucre, gru\u00e9 de cacao, beurre de cacao, \u00e9mulsifiant (E322: l\u00e9cithine de soja) vanille*Madagascar, poudre [&hellip;]","og_url":"https:\/\/shop.hirslanden.ch\/klinik-hirslanden\/produkt\/melange-damaretti\/?lang=fr","og_site_name":"Online-Shop \u2013 Klinik Hirslanden Z\u00fcrich","article_modified_time":"2021-11-10T07:31:54+00:00","og_image":[{"width":800,"height":800,"url":"https:\/\/shop.hirslanden.ch\/klinik-hirslanden\/wp-content\/uploads\/sites\/7\/2021\/08\/Vanille-Amaretti-einzeln.jpg","type":"image\/jpeg"}],"twitter_card":"summary_large_image","twitter_misc":{"Gesch\u00e4tzte Lesezeit":"1\u00a0Minute"},"schema":{"@context":"https:\/\/schema.org","@graph":[{"@type":"WebPage","@id":"https:\/\/shop.hirslanden.ch\/klinik-hirslanden\/produkt\/melange-damaretti\/?lang=fr","url":"https:\/\/shop.hirslanden.ch\/klinik-hirslanden\/produkt\/melange-damaretti\/?lang=fr","name":"M\u00e9lange d'amaretti de la confiserie Masaretti - Online-Shop \u2013 Klinik Hirslanden Z\u00fcrich","isPartOf":{"@id":"https:\/\/shop.hirslanden.ch\/klinik-hirslanden\/#website"},"primaryImageOfPage":{"@id":"https:\/\/shop.hirslanden.ch\/klinik-hirslanden\/produkt\/melange-damaretti\/?lang=fr#primaryimage"},"image":{"@id":"https:\/\/shop.hirslanden.ch\/klinik-hirslanden\/produkt\/melange-damaretti\/?lang=fr#primaryimage"},"thumbnailUrl":"https:\/\/shop.hirslanden.ch\/klinik-hirslanden\/wp-content\/uploads\/sites\/7\/2021\/08\/Vanille-Amaretti-einzeln.jpg","datePublished":"2021-08-11T12:24:41+00:00","dateModified":"2021-11-10T07:31:54+00:00","breadcrumb":{"@id":"https:\/\/shop.hirslanden.ch\/klinik-hirslanden\/produkt\/melange-damaretti\/?lang=fr#breadcrumb"},"inLanguage":"de","potentialAction":[{"@type":"ReadAction","target":["https:\/\/shop.hirslanden.ch\/klinik-hirslanden\/produkt\/melange-damaretti\/?lang=fr"]}]},{"@type":"ImageObject","inLanguage":"de","@id":"https:\/\/shop.hirslanden.ch\/klinik-hirslanden\/produkt\/melange-damaretti\/?lang=fr#primaryimage","url":"https:\/\/shop.hirslanden.ch\/klinik-hirslanden\/wp-content\/uploads\/sites\/7\/2021\/08\/Vanille-Amaretti-einzeln.jpg","contentUrl":"https:\/\/shop.hirslanden.ch\/klinik-hirslanden\/wp-content\/uploads\/sites\/7\/2021\/08\/Vanille-Amaretti-einzeln.jpg","width":800,"height":800},{"@type":"BreadcrumbList","@id":"https:\/\/shop.hirslanden.ch\/klinik-hirslanden\/produkt\/melange-damaretti\/?lang=fr#breadcrumb","itemListElement":[{"@type":"ListItem","position":1,"name":"Startseite","item":"https:\/\/shop.hirslanden.ch\/klinik-hirslanden\/"},{"@type":"ListItem","position":2,"name":"Shop","item":"https:\/\/shop.hirslanden.ch\/klinik-hirslanden\/"},{"@type":"ListItem","position":3,"name":"M\u00e9lange d&#8217;amaretti de la confiserie Masaretti"}]},{"@type":"WebSite","@id":"https:\/\/shop.hirslanden.ch\/klinik-hirslanden\/#website","url":"https:\/\/shop.hirslanden.ch\/klinik-hirslanden\/","name":"Online-Shop \u2013 Klinik Hirslanden Z\u00fcrich","description":"Hirslanden-Gruppe","publisher":{"@id":"https:\/\/shop.hirslanden.ch\/klinik-hirslanden\/#organization"},"potentialAction":[{"@type":"SearchAction","target":{"@type":"EntryPoint","urlTemplate":"https:\/\/shop.hirslanden.ch\/klinik-hirslanden\/?s={search_term_string}"},"query-input":{"@type":"PropertyValueSpecification","valueRequired":true,"valueName":"search_term_string"}}],"inLanguage":"de"},{"@type":"Organization","@id":"https:\/\/shop.hirslanden.ch\/klinik-hirslanden\/#organization","name":"Online-Shop \u2013 Klinik Hirslanden Z\u00fcrich","url":"https:\/\/shop.hirslanden.ch\/klinik-hirslanden\/","logo":{"@type":"ImageObject","inLanguage":"de","@id":"https:\/\/shop.hirslanden.ch\/klinik-hirslanden\/#\/schema\/logo\/image\/","url":"https:\/\/shop.hirslanden.ch\/klinik-hirslanden\/wp-content\/uploads\/sites\/7\/2024\/03\/impark-scaled-2.jpg","contentUrl":"https:\/\/shop.hirslanden.ch\/klinik-hirslanden\/wp-content\/uploads\/sites\/7\/2024\/03\/impark-scaled-2.jpg","width":2560,"height":686,"caption":"Online-Shop \u2013 Klinik Hirslanden Z\u00fcrich"},"image":{"@id":"https:\/\/shop.hirslanden.ch\/klinik-hirslanden\/#\/schema\/logo\/image\/"}}]}},"_links":{"self":[{"href":"https:\/\/shop.hirslanden.ch\/klinik-hirslanden\/wp-json\/wp\/v2\/product\/1589","targetHints":{"allow":["GET"]}}],"collection":[{"href":"https:\/\/shop.hirslanden.ch\/klinik-hirslanden\/wp-json\/wp\/v2\/product"}],"about":[{"href":"https:\/\/shop.hirslanden.ch\/klinik-hirslanden\/wp-json\/wp\/v2\/types\/product"}],"replies":[{"embeddable":true,"href":"https:\/\/shop.hirslanden.ch\/klinik-hirslanden\/wp-json\/wp\/v2\/comments?post=1589"}],"wp:featuredmedia":[{"embeddable":true,"href":"https:\/\/shop.hirslanden.ch\/klinik-hirslanden\/wp-json\/wp\/v2\/media\/901"}],"wp:attachment":[{"href":"https:\/\/shop.hirslanden.ch\/klinik-hirslanden\/wp-json\/wp\/v2\/media?parent=1589"}],"wp:term":[{"taxonomy":"product_brand","embeddable":true,"href":"https:\/\/shop.hirslanden.ch\/klinik-hirslanden\/wp-json\/wp\/v2\/product_brand?post=1589"},{"taxonomy":"product_cat","embeddable":true,"href":"https:\/\/shop.hirslanden.ch\/klinik-hirslanden\/wp-json\/wp\/v2\/product_cat?post=1589"},{"taxonomy":"product_tag","embeddable":true,"href":"https:\/\/shop.hirslanden.ch\/klinik-hirslanden\/wp-json\/wp\/v2\/product_tag?post=1589"}],"curies":[{"name":"wp","href":"https:\/\/api.w.org\/{rel}","templated":true}]}}