{"id":728,"date":"2021-11-23T16:57:59","date_gmt":"2021-11-23T15:57:59","guid":{"rendered":"https:\/\/shop.hirslanden.ch\/aarau\/?post_type=product&#038;p=728"},"modified":"2021-12-13T15:43:14","modified_gmt":"2021-12-13T14:43:14","slug":"alleskoenner-weiss","status":"publish","type":"product","link":"https:\/\/shop.hirslanden.ch\/aarau\/produkt\/alleskoenner-weiss\/","title":{"rendered":"Allesk\u00f6nner Weiss trocken 7,5 dl"},"content":{"rendered":"<p class=\"p1\">Der ALLESK\u00d6NNER\u00ae\u00a0passt zu fast allen Speisen und macht auch solo eine qute Figur. Mehrheitsf\u00e4higes Trinkvergn\u00fcgen vom Winzerehepaar Julia und Johannes Landgraf mit viel Frucht und moderater S\u00e4ure.<\/p>\n","protected":false},"excerpt":{"rendered":"<p>Der ALLESK\u00d6NNER\u00ae\u00a0passt zu fast allen Speisen und macht auch solo eine qute Figur. Mehrheitsf\u00e4higes Trinkvergn\u00fcgen vom Winzerehepaar Julia und Johannes Landgraf mit viel Frucht und moderater S\u00e4ure.<\/p>\n","protected":false},"featured_media":687,"comment_status":"open","ping_status":"closed","template":"","meta":{"_acf_changed":false},"product_brand":[],"product_cat":[75],"product_tag":[],"class_list":{"0":"post-728","1":"product","2":"type-product","3":"status-publish","4":"has-post-thumbnail","6":"product_cat-weisswein","8":"first","9":"instock","10":"taxable","11":"shipping-taxable","12":"purchasable","13":"product-type-simple"},"acf":[],"yoast_head":"<!-- This site is optimized with the Yoast SEO plugin v27.2 - https:\/\/yoast.com\/product\/yoast-seo-wordpress\/ -->\n<title>Allesk\u00f6nner Weiss trocken 7,5 dl - Hirslanden Klinik Aarau<\/title>\n<meta name=\"robots\" content=\"index, follow, max-snippet:-1, max-image-preview:large, max-video-preview:-1\" \/>\n<link rel=\"canonical\" href=\"https:\/\/shop.hirslanden.ch\/aarau\/produkt\/alleskoenner-weiss\/\" \/>\n<meta property=\"og:locale\" content=\"de_DE\" \/>\n<meta property=\"og:type\" content=\"article\" \/>\n<meta property=\"og:title\" content=\"Allesk\u00f6nner Weiss trocken 7,5 dl - Hirslanden Klinik Aarau\" \/>\n<meta property=\"og:description\" content=\"Der ALLESK\u00d6NNER\u00ae\u00a0passt zu fast allen Speisen und macht auch solo eine qute Figur. Mehrheitsf\u00e4higes Trinkvergn\u00fcgen vom Winzerehepaar Julia und Johannes Landgraf mit viel Frucht und moderater S\u00e4ure.\" \/>\n<meta property=\"og:url\" content=\"https:\/\/shop.hirslanden.ch\/aarau\/produkt\/alleskoenner-weiss\/\" \/>\n<meta property=\"og:site_name\" content=\"Hirslanden Klinik Aarau\" \/>\n<meta property=\"article:modified_time\" content=\"2021-12-13T14:43:14+00:00\" \/>\n<meta property=\"og:image\" content=\"https:\/\/shop.hirslanden.ch\/aarau\/wp-content\/uploads\/sites\/4\/2021\/02\/hirslanden-klinik-aarau-webshop-allesko\u0308nner-weiss-trocken-close.jpg\" \/>\n\t<meta property=\"og:image:width\" content=\"2000\" \/>\n\t<meta property=\"og:image:height\" content=\"2000\" \/>\n\t<meta property=\"og:image:type\" content=\"image\/jpeg\" \/>\n<meta name=\"twitter:card\" content=\"summary_large_image\" \/>\n<script type=\"application\/ld+json\" class=\"yoast-schema-graph\">{\"@context\":\"https:\/\/schema.org\",\"@graph\":[{\"@type\":\"WebPage\",\"@id\":\"https:\/\/shop.hirslanden.ch\/aarau\/produkt\/alleskoenner-weiss\/\",\"url\":\"https:\/\/shop.hirslanden.ch\/aarau\/produkt\/alleskoenner-weiss\/\",\"name\":\"Allesk\u00f6nner Weiss trocken 7,5 dl - Hirslanden Klinik Aarau\",\"isPartOf\":{\"@id\":\"https:\/\/shop.hirslanden.ch\/aarau\/#website\"},\"primaryImageOfPage\":{\"@id\":\"https:\/\/shop.hirslanden.ch\/aarau\/produkt\/alleskoenner-weiss\/#primaryimage\"},\"image\":{\"@id\":\"https:\/\/shop.hirslanden.ch\/aarau\/produkt\/alleskoenner-weiss\/#primaryimage\"},\"thumbnailUrl\":\"https:\/\/shop.hirslanden.ch\/aarau\/wp-content\/uploads\/sites\/4\/2021\/02\/hirslanden-klinik-aarau-webshop-allesko\u0308nner-weiss-trocken-close.jpg\",\"datePublished\":\"2021-11-23T15:57:59+00:00\",\"dateModified\":\"2021-12-13T14:43:14+00:00\",\"breadcrumb\":{\"@id\":\"https:\/\/shop.hirslanden.ch\/aarau\/produkt\/alleskoenner-weiss\/#breadcrumb\"},\"inLanguage\":\"de\",\"potentialAction\":[{\"@type\":\"ReadAction\",\"target\":[\"https:\/\/shop.hirslanden.ch\/aarau\/produkt\/alleskoenner-weiss\/\"]}]},{\"@type\":\"ImageObject\",\"inLanguage\":\"de\",\"@id\":\"https:\/\/shop.hirslanden.ch\/aarau\/produkt\/alleskoenner-weiss\/#primaryimage\",\"url\":\"https:\/\/shop.hirslanden.ch\/aarau\/wp-content\/uploads\/sites\/4\/2021\/02\/hirslanden-klinik-aarau-webshop-allesko\u0308nner-weiss-trocken-close.jpg\",\"contentUrl\":\"https:\/\/shop.hirslanden.ch\/aarau\/wp-content\/uploads\/sites\/4\/2021\/02\/hirslanden-klinik-aarau-webshop-allesko\u0308nner-weiss-trocken-close.jpg\",\"width\":2000,\"height\":2000},{\"@type\":\"BreadcrumbList\",\"@id\":\"https:\/\/shop.hirslanden.ch\/aarau\/produkt\/alleskoenner-weiss\/#breadcrumb\",\"itemListElement\":[{\"@type\":\"ListItem\",\"position\":1,\"name\":\"Startseite\",\"item\":\"https:\/\/shop.hirslanden.ch\/aarau\/\"},{\"@type\":\"ListItem\",\"position\":2,\"name\":\"Shop\",\"item\":\"https:\/\/shop.hirslanden.ch\/aarau\/\"},{\"@type\":\"ListItem\",\"position\":3,\"name\":\"Allesk\u00f6nner Weiss trocken 7,5 dl\"}]},{\"@type\":\"WebSite\",\"@id\":\"https:\/\/shop.hirslanden.ch\/aarau\/#website\",\"url\":\"https:\/\/shop.hirslanden.ch\/aarau\/\",\"name\":\"Hirslanden Klinik Aarau\",\"description\":\"Hirslanden Private Hospital Group\",\"publisher\":{\"@id\":\"https:\/\/shop.hirslanden.ch\/aarau\/#organization\"},\"potentialAction\":[{\"@type\":\"SearchAction\",\"target\":{\"@type\":\"EntryPoint\",\"urlTemplate\":\"https:\/\/shop.hirslanden.ch\/aarau\/?s={search_term_string}\"},\"query-input\":{\"@type\":\"PropertyValueSpecification\",\"valueRequired\":true,\"valueName\":\"search_term_string\"}}],\"inLanguage\":\"de\"},{\"@type\":\"Organization\",\"@id\":\"https:\/\/shop.hirslanden.ch\/aarau\/#organization\",\"name\":\"Hirslanden Klinik Aarau\",\"url\":\"https:\/\/shop.hirslanden.ch\/aarau\/\",\"logo\":{\"@type\":\"ImageObject\",\"inLanguage\":\"de\",\"@id\":\"https:\/\/shop.hirslanden.ch\/aarau\/#\/schema\/logo\/image\/\",\"url\":\"https:\/\/shop.hirslanden.ch\/aarau\/wp-content\/uploads\/sites\/4\/2021\/12\/hirslanden-klinik-aarau-online-shop.jpg\",\"contentUrl\":\"https:\/\/shop.hirslanden.ch\/aarau\/wp-content\/uploads\/sites\/4\/2021\/12\/hirslanden-klinik-aarau-online-shop.jpg\",\"width\":1200,\"height\":628,\"caption\":\"Hirslanden Klinik Aarau\"},\"image\":{\"@id\":\"https:\/\/shop.hirslanden.ch\/aarau\/#\/schema\/logo\/image\/\"}}]}<\/script>\n<!-- \/ Yoast SEO plugin. -->","yoast_head_json":{"title":"Allesk\u00f6nner Weiss trocken 7,5 dl - Hirslanden Klinik Aarau","robots":{"index":"index","follow":"follow","max-snippet":"max-snippet:-1","max-image-preview":"max-image-preview:large","max-video-preview":"max-video-preview:-1"},"canonical":"https:\/\/shop.hirslanden.ch\/aarau\/produkt\/alleskoenner-weiss\/","og_locale":"de_DE","og_type":"article","og_title":"Allesk\u00f6nner Weiss trocken 7,5 dl - Hirslanden Klinik Aarau","og_description":"Der ALLESK\u00d6NNER\u00ae\u00a0passt zu fast allen Speisen und macht auch solo eine qute Figur. Mehrheitsf\u00e4higes Trinkvergn\u00fcgen vom Winzerehepaar Julia und Johannes Landgraf mit viel Frucht und moderater S\u00e4ure.","og_url":"https:\/\/shop.hirslanden.ch\/aarau\/produkt\/alleskoenner-weiss\/","og_site_name":"Hirslanden Klinik Aarau","article_modified_time":"2021-12-13T14:43:14+00:00","og_image":[{"width":2000,"height":2000,"url":"https:\/\/shop.hirslanden.ch\/aarau\/wp-content\/uploads\/sites\/4\/2021\/02\/hirslanden-klinik-aarau-webshop-allesko\u0308nner-weiss-trocken-close.jpg","type":"image\/jpeg"}],"twitter_card":"summary_large_image","schema":{"@context":"https:\/\/schema.org","@graph":[{"@type":"WebPage","@id":"https:\/\/shop.hirslanden.ch\/aarau\/produkt\/alleskoenner-weiss\/","url":"https:\/\/shop.hirslanden.ch\/aarau\/produkt\/alleskoenner-weiss\/","name":"Allesk\u00f6nner Weiss trocken 7,5 dl - Hirslanden Klinik Aarau","isPartOf":{"@id":"https:\/\/shop.hirslanden.ch\/aarau\/#website"},"primaryImageOfPage":{"@id":"https:\/\/shop.hirslanden.ch\/aarau\/produkt\/alleskoenner-weiss\/#primaryimage"},"image":{"@id":"https:\/\/shop.hirslanden.ch\/aarau\/produkt\/alleskoenner-weiss\/#primaryimage"},"thumbnailUrl":"https:\/\/shop.hirslanden.ch\/aarau\/wp-content\/uploads\/sites\/4\/2021\/02\/hirslanden-klinik-aarau-webshop-allesko\u0308nner-weiss-trocken-close.jpg","datePublished":"2021-11-23T15:57:59+00:00","dateModified":"2021-12-13T14:43:14+00:00","breadcrumb":{"@id":"https:\/\/shop.hirslanden.ch\/aarau\/produkt\/alleskoenner-weiss\/#breadcrumb"},"inLanguage":"de","potentialAction":[{"@type":"ReadAction","target":["https:\/\/shop.hirslanden.ch\/aarau\/produkt\/alleskoenner-weiss\/"]}]},{"@type":"ImageObject","inLanguage":"de","@id":"https:\/\/shop.hirslanden.ch\/aarau\/produkt\/alleskoenner-weiss\/#primaryimage","url":"https:\/\/shop.hirslanden.ch\/aarau\/wp-content\/uploads\/sites\/4\/2021\/02\/hirslanden-klinik-aarau-webshop-allesko\u0308nner-weiss-trocken-close.jpg","contentUrl":"https:\/\/shop.hirslanden.ch\/aarau\/wp-content\/uploads\/sites\/4\/2021\/02\/hirslanden-klinik-aarau-webshop-allesko\u0308nner-weiss-trocken-close.jpg","width":2000,"height":2000},{"@type":"BreadcrumbList","@id":"https:\/\/shop.hirslanden.ch\/aarau\/produkt\/alleskoenner-weiss\/#breadcrumb","itemListElement":[{"@type":"ListItem","position":1,"name":"Startseite","item":"https:\/\/shop.hirslanden.ch\/aarau\/"},{"@type":"ListItem","position":2,"name":"Shop","item":"https:\/\/shop.hirslanden.ch\/aarau\/"},{"@type":"ListItem","position":3,"name":"Allesk\u00f6nner Weiss trocken 7,5 dl"}]},{"@type":"WebSite","@id":"https:\/\/shop.hirslanden.ch\/aarau\/#website","url":"https:\/\/shop.hirslanden.ch\/aarau\/","name":"Hirslanden Klinik Aarau","description":"Hirslanden Private Hospital Group","publisher":{"@id":"https:\/\/shop.hirslanden.ch\/aarau\/#organization"},"potentialAction":[{"@type":"SearchAction","target":{"@type":"EntryPoint","urlTemplate":"https:\/\/shop.hirslanden.ch\/aarau\/?s={search_term_string}"},"query-input":{"@type":"PropertyValueSpecification","valueRequired":true,"valueName":"search_term_string"}}],"inLanguage":"de"},{"@type":"Organization","@id":"https:\/\/shop.hirslanden.ch\/aarau\/#organization","name":"Hirslanden Klinik Aarau","url":"https:\/\/shop.hirslanden.ch\/aarau\/","logo":{"@type":"ImageObject","inLanguage":"de","@id":"https:\/\/shop.hirslanden.ch\/aarau\/#\/schema\/logo\/image\/","url":"https:\/\/shop.hirslanden.ch\/aarau\/wp-content\/uploads\/sites\/4\/2021\/12\/hirslanden-klinik-aarau-online-shop.jpg","contentUrl":"https:\/\/shop.hirslanden.ch\/aarau\/wp-content\/uploads\/sites\/4\/2021\/12\/hirslanden-klinik-aarau-online-shop.jpg","width":1200,"height":628,"caption":"Hirslanden Klinik Aarau"},"image":{"@id":"https:\/\/shop.hirslanden.ch\/aarau\/#\/schema\/logo\/image\/"}}]}},"_links":{"self":[{"href":"https:\/\/shop.hirslanden.ch\/aarau\/wp-json\/wp\/v2\/product\/728","targetHints":{"allow":["GET"]}}],"collection":[{"href":"https:\/\/shop.hirslanden.ch\/aarau\/wp-json\/wp\/v2\/product"}],"about":[{"href":"https:\/\/shop.hirslanden.ch\/aarau\/wp-json\/wp\/v2\/types\/product"}],"replies":[{"embeddable":true,"href":"https:\/\/shop.hirslanden.ch\/aarau\/wp-json\/wp\/v2\/comments?post=728"}],"wp:featuredmedia":[{"embeddable":true,"href":"https:\/\/shop.hirslanden.ch\/aarau\/wp-json\/wp\/v2\/media\/687"}],"wp:attachment":[{"href":"https:\/\/shop.hirslanden.ch\/aarau\/wp-json\/wp\/v2\/media?parent=728"}],"wp:term":[{"taxonomy":"product_brand","embeddable":true,"href":"https:\/\/shop.hirslanden.ch\/aarau\/wp-json\/wp\/v2\/product_brand?post=728"},{"taxonomy":"product_cat","embeddable":true,"href":"https:\/\/shop.hirslanden.ch\/aarau\/wp-json\/wp\/v2\/product_cat?post=728"},{"taxonomy":"product_tag","embeddable":true,"href":"https:\/\/shop.hirslanden.ch\/aarau\/wp-json\/wp\/v2\/product_tag?post=728"}],"curies":[{"name":"wp","href":"https:\/\/api.w.org\/{rel}","templated":true}]}}