{"id":446,"date":"2021-02-11T10:16:19","date_gmt":"2021-02-11T09:16:19","guid":{"rendered":"https:\/\/hirslanden.cyon.site\/aarau\/produkt\/sauvignon-blanc-hasenbergler\/"},"modified":"2021-02-12T15:09:12","modified_gmt":"2021-02-12T14:09:12","slug":"sauvignon-blanc-hasenbergler","status":"publish","type":"product","link":"https:\/\/shop.hirslanden.ch\/aarau\/produkt\/sauvignon-blanc-hasenbergler\/?lang=fr","title":{"rendered":"Sauvignon blanc, Hasenbergler 7,5 dl"},"content":{"rendered":"<p><strong>Peter Wehrli, K\u00fcttigen<\/strong><br \/>\nLes ar\u00f4mes de fruits de la passion, de pamplemousse, de cassis ou de sureau sont recueillis tr\u00e8s intens\u00e9ment au nez et port\u00e9s en fin de bouche. Le pr\u00e9lude est douce, soyeuse et donc filigran\u00e9e. Il est soutenu par du CO2 bien int\u00e9gr\u00e9. Une acidit\u00e9 fra\u00eeche et juteuse soutient les ar\u00f4mes et la min\u00e9ralit\u00e9 \u00e0 l&#8217;infini.<\/p>\n","protected":false},"excerpt":{"rendered":"<p>Peter Wehrli, K\u00fcttigen Les ar\u00f4mes de fruits de la passion, de pamplemousse, de cassis ou de sureau sont recueillis tr\u00e8s intens\u00e9ment au nez et port\u00e9s en fin de bouche. Le pr\u00e9lude est douce, soyeuse et donc filigran\u00e9e. Il est soutenu par du CO2 bien int\u00e9gr\u00e9. Une acidit\u00e9 fra\u00eeche et juteuse soutient les ar\u00f4mes et la [&hellip;]<\/p>\n","protected":false},"featured_media":707,"comment_status":"open","ping_status":"closed","template":"","meta":{"_acf_changed":false},"product_brand":[],"product_cat":[77],"product_tag":[],"class_list":{"0":"post-446","1":"product","2":"type-product","3":"status-publish","4":"has-post-thumbnail","6":"product_cat-vin-blanc","8":"first","9":"instock","10":"taxable","11":"shipping-taxable","12":"purchasable","13":"product-type-simple"},"acf":[],"yoast_head":"<!-- This site is optimized with the Yoast SEO plugin v27.2 - https:\/\/yoast.com\/product\/yoast-seo-wordpress\/ -->\n<title>Sauvignon blanc, Hasenbergler 7,5 dl - Hirslanden Klinik Aarau<\/title>\n<meta name=\"robots\" content=\"index, follow, max-snippet:-1, max-image-preview:large, max-video-preview:-1\" \/>\n<link rel=\"canonical\" href=\"https:\/\/shop.hirslanden.ch\/aarau\/produkt\/sauvignon-blanc-hasenbergler\/?lang=fr\" \/>\n<meta property=\"og:locale\" content=\"de_DE\" \/>\n<meta property=\"og:type\" content=\"article\" \/>\n<meta property=\"og:title\" content=\"Sauvignon blanc, Hasenbergler 7,5 dl - Hirslanden Klinik Aarau\" \/>\n<meta property=\"og:description\" content=\"Peter Wehrli, K\u00fcttigen Les ar\u00f4mes de fruits de la passion, de pamplemousse, de cassis ou de sureau sont recueillis tr\u00e8s intens\u00e9ment au nez et port\u00e9s en fin de bouche. Le pr\u00e9lude est douce, soyeuse et donc filigran\u00e9e. Il est soutenu par du CO2 bien int\u00e9gr\u00e9. Une acidit\u00e9 fra\u00eeche et juteuse soutient les ar\u00f4mes et la [&hellip;]\" \/>\n<meta property=\"og:url\" content=\"https:\/\/shop.hirslanden.ch\/aarau\/produkt\/sauvignon-blanc-hasenbergler\/?lang=fr\" \/>\n<meta property=\"og:site_name\" content=\"Hirslanden Klinik Aarau\" \/>\n<meta property=\"article:modified_time\" content=\"2021-02-12T14:09:12+00:00\" \/>\n<meta property=\"og:image\" content=\"https:\/\/shop.hirslanden.ch\/aarau\/wp-content\/uploads\/sites\/4\/2021\/02\/hirslanden-klinik-aarau-webshop-weisswein-wehrli-sauvignon-blanc-close.jpg\" \/>\n\t<meta property=\"og:image:width\" content=\"2000\" \/>\n\t<meta property=\"og:image:height\" content=\"2000\" \/>\n\t<meta property=\"og:image:type\" content=\"image\/jpeg\" \/>\n<meta name=\"twitter:card\" content=\"summary_large_image\" \/>\n<script type=\"application\/ld+json\" class=\"yoast-schema-graph\">{\"@context\":\"https:\/\/schema.org\",\"@graph\":[{\"@type\":\"WebPage\",\"@id\":\"https:\/\/shop.hirslanden.ch\/aarau\/produkt\/sauvignon-blanc-hasenbergler\/?lang=fr\",\"url\":\"https:\/\/shop.hirslanden.ch\/aarau\/produkt\/sauvignon-blanc-hasenbergler\/?lang=fr\",\"name\":\"Sauvignon blanc, Hasenbergler 7,5 dl - Hirslanden Klinik Aarau\",\"isPartOf\":{\"@id\":\"https:\/\/shop.hirslanden.ch\/aarau\/#website\"},\"primaryImageOfPage\":{\"@id\":\"https:\/\/shop.hirslanden.ch\/aarau\/produkt\/sauvignon-blanc-hasenbergler\/?lang=fr#primaryimage\"},\"image\":{\"@id\":\"https:\/\/shop.hirslanden.ch\/aarau\/produkt\/sauvignon-blanc-hasenbergler\/?lang=fr#primaryimage\"},\"thumbnailUrl\":\"https:\/\/shop.hirslanden.ch\/aarau\/wp-content\/uploads\/sites\/4\/2021\/02\/hirslanden-klinik-aarau-webshop-weisswein-wehrli-sauvignon-blanc-close.jpg\",\"datePublished\":\"2021-02-11T09:16:19+00:00\",\"dateModified\":\"2021-02-12T14:09:12+00:00\",\"breadcrumb\":{\"@id\":\"https:\/\/shop.hirslanden.ch\/aarau\/produkt\/sauvignon-blanc-hasenbergler\/?lang=fr#breadcrumb\"},\"inLanguage\":\"de\",\"potentialAction\":[{\"@type\":\"ReadAction\",\"target\":[\"https:\/\/shop.hirslanden.ch\/aarau\/produkt\/sauvignon-blanc-hasenbergler\/?lang=fr\"]}]},{\"@type\":\"ImageObject\",\"inLanguage\":\"de\",\"@id\":\"https:\/\/shop.hirslanden.ch\/aarau\/produkt\/sauvignon-blanc-hasenbergler\/?lang=fr#primaryimage\",\"url\":\"https:\/\/shop.hirslanden.ch\/aarau\/wp-content\/uploads\/sites\/4\/2021\/02\/hirslanden-klinik-aarau-webshop-weisswein-wehrli-sauvignon-blanc-close.jpg\",\"contentUrl\":\"https:\/\/shop.hirslanden.ch\/aarau\/wp-content\/uploads\/sites\/4\/2021\/02\/hirslanden-klinik-aarau-webshop-weisswein-wehrli-sauvignon-blanc-close.jpg\",\"width\":2000,\"height\":2000},{\"@type\":\"BreadcrumbList\",\"@id\":\"https:\/\/shop.hirslanden.ch\/aarau\/produkt\/sauvignon-blanc-hasenbergler\/?lang=fr#breadcrumb\",\"itemListElement\":[{\"@type\":\"ListItem\",\"position\":1,\"name\":\"Startseite\",\"item\":\"https:\/\/shop.hirslanden.ch\/aarau\/\"},{\"@type\":\"ListItem\",\"position\":2,\"name\":\"Shop\",\"item\":\"https:\/\/shop.hirslanden.ch\/aarau\/\"},{\"@type\":\"ListItem\",\"position\":3,\"name\":\"Sauvignon blanc, Hasenbergler 7,5 dl\"}]},{\"@type\":\"WebSite\",\"@id\":\"https:\/\/shop.hirslanden.ch\/aarau\/#website\",\"url\":\"https:\/\/shop.hirslanden.ch\/aarau\/\",\"name\":\"Hirslanden Klinik Aarau\",\"description\":\"Hirslanden Private Hospital Group\",\"publisher\":{\"@id\":\"https:\/\/shop.hirslanden.ch\/aarau\/#organization\"},\"potentialAction\":[{\"@type\":\"SearchAction\",\"target\":{\"@type\":\"EntryPoint\",\"urlTemplate\":\"https:\/\/shop.hirslanden.ch\/aarau\/?s={search_term_string}\"},\"query-input\":{\"@type\":\"PropertyValueSpecification\",\"valueRequired\":true,\"valueName\":\"search_term_string\"}}],\"inLanguage\":\"de\"},{\"@type\":\"Organization\",\"@id\":\"https:\/\/shop.hirslanden.ch\/aarau\/#organization\",\"name\":\"Hirslanden Klinik Aarau\",\"url\":\"https:\/\/shop.hirslanden.ch\/aarau\/\",\"logo\":{\"@type\":\"ImageObject\",\"inLanguage\":\"de\",\"@id\":\"https:\/\/shop.hirslanden.ch\/aarau\/#\/schema\/logo\/image\/\",\"url\":\"https:\/\/shop.hirslanden.ch\/aarau\/wp-content\/uploads\/sites\/4\/2021\/12\/hirslanden-klinik-aarau-online-shop.jpg\",\"contentUrl\":\"https:\/\/shop.hirslanden.ch\/aarau\/wp-content\/uploads\/sites\/4\/2021\/12\/hirslanden-klinik-aarau-online-shop.jpg\",\"width\":1200,\"height\":628,\"caption\":\"Hirslanden Klinik Aarau\"},\"image\":{\"@id\":\"https:\/\/shop.hirslanden.ch\/aarau\/#\/schema\/logo\/image\/\"}}]}<\/script>\n<!-- \/ Yoast SEO plugin. -->","yoast_head_json":{"title":"Sauvignon blanc, Hasenbergler 7,5 dl - Hirslanden Klinik Aarau","robots":{"index":"index","follow":"follow","max-snippet":"max-snippet:-1","max-image-preview":"max-image-preview:large","max-video-preview":"max-video-preview:-1"},"canonical":"https:\/\/shop.hirslanden.ch\/aarau\/produkt\/sauvignon-blanc-hasenbergler\/?lang=fr","og_locale":"de_DE","og_type":"article","og_title":"Sauvignon blanc, Hasenbergler 7,5 dl - Hirslanden Klinik Aarau","og_description":"Peter Wehrli, K\u00fcttigen Les ar\u00f4mes de fruits de la passion, de pamplemousse, de cassis ou de sureau sont recueillis tr\u00e8s intens\u00e9ment au nez et port\u00e9s en fin de bouche. Le pr\u00e9lude est douce, soyeuse et donc filigran\u00e9e. Il est soutenu par du CO2 bien int\u00e9gr\u00e9. Une acidit\u00e9 fra\u00eeche et juteuse soutient les ar\u00f4mes et la [&hellip;]","og_url":"https:\/\/shop.hirslanden.ch\/aarau\/produkt\/sauvignon-blanc-hasenbergler\/?lang=fr","og_site_name":"Hirslanden Klinik Aarau","article_modified_time":"2021-02-12T14:09:12+00:00","og_image":[{"width":2000,"height":2000,"url":"https:\/\/shop.hirslanden.ch\/aarau\/wp-content\/uploads\/sites\/4\/2021\/02\/hirslanden-klinik-aarau-webshop-weisswein-wehrli-sauvignon-blanc-close.jpg","type":"image\/jpeg"}],"twitter_card":"summary_large_image","schema":{"@context":"https:\/\/schema.org","@graph":[{"@type":"WebPage","@id":"https:\/\/shop.hirslanden.ch\/aarau\/produkt\/sauvignon-blanc-hasenbergler\/?lang=fr","url":"https:\/\/shop.hirslanden.ch\/aarau\/produkt\/sauvignon-blanc-hasenbergler\/?lang=fr","name":"Sauvignon blanc, Hasenbergler 7,5 dl - Hirslanden Klinik Aarau","isPartOf":{"@id":"https:\/\/shop.hirslanden.ch\/aarau\/#website"},"primaryImageOfPage":{"@id":"https:\/\/shop.hirslanden.ch\/aarau\/produkt\/sauvignon-blanc-hasenbergler\/?lang=fr#primaryimage"},"image":{"@id":"https:\/\/shop.hirslanden.ch\/aarau\/produkt\/sauvignon-blanc-hasenbergler\/?lang=fr#primaryimage"},"thumbnailUrl":"https:\/\/shop.hirslanden.ch\/aarau\/wp-content\/uploads\/sites\/4\/2021\/02\/hirslanden-klinik-aarau-webshop-weisswein-wehrli-sauvignon-blanc-close.jpg","datePublished":"2021-02-11T09:16:19+00:00","dateModified":"2021-02-12T14:09:12+00:00","breadcrumb":{"@id":"https:\/\/shop.hirslanden.ch\/aarau\/produkt\/sauvignon-blanc-hasenbergler\/?lang=fr#breadcrumb"},"inLanguage":"de","potentialAction":[{"@type":"ReadAction","target":["https:\/\/shop.hirslanden.ch\/aarau\/produkt\/sauvignon-blanc-hasenbergler\/?lang=fr"]}]},{"@type":"ImageObject","inLanguage":"de","@id":"https:\/\/shop.hirslanden.ch\/aarau\/produkt\/sauvignon-blanc-hasenbergler\/?lang=fr#primaryimage","url":"https:\/\/shop.hirslanden.ch\/aarau\/wp-content\/uploads\/sites\/4\/2021\/02\/hirslanden-klinik-aarau-webshop-weisswein-wehrli-sauvignon-blanc-close.jpg","contentUrl":"https:\/\/shop.hirslanden.ch\/aarau\/wp-content\/uploads\/sites\/4\/2021\/02\/hirslanden-klinik-aarau-webshop-weisswein-wehrli-sauvignon-blanc-close.jpg","width":2000,"height":2000},{"@type":"BreadcrumbList","@id":"https:\/\/shop.hirslanden.ch\/aarau\/produkt\/sauvignon-blanc-hasenbergler\/?lang=fr#breadcrumb","itemListElement":[{"@type":"ListItem","position":1,"name":"Startseite","item":"https:\/\/shop.hirslanden.ch\/aarau\/"},{"@type":"ListItem","position":2,"name":"Shop","item":"https:\/\/shop.hirslanden.ch\/aarau\/"},{"@type":"ListItem","position":3,"name":"Sauvignon blanc, Hasenbergler 7,5 dl"}]},{"@type":"WebSite","@id":"https:\/\/shop.hirslanden.ch\/aarau\/#website","url":"https:\/\/shop.hirslanden.ch\/aarau\/","name":"Hirslanden Klinik Aarau","description":"Hirslanden Private Hospital Group","publisher":{"@id":"https:\/\/shop.hirslanden.ch\/aarau\/#organization"},"potentialAction":[{"@type":"SearchAction","target":{"@type":"EntryPoint","urlTemplate":"https:\/\/shop.hirslanden.ch\/aarau\/?s={search_term_string}"},"query-input":{"@type":"PropertyValueSpecification","valueRequired":true,"valueName":"search_term_string"}}],"inLanguage":"de"},{"@type":"Organization","@id":"https:\/\/shop.hirslanden.ch\/aarau\/#organization","name":"Hirslanden Klinik Aarau","url":"https:\/\/shop.hirslanden.ch\/aarau\/","logo":{"@type":"ImageObject","inLanguage":"de","@id":"https:\/\/shop.hirslanden.ch\/aarau\/#\/schema\/logo\/image\/","url":"https:\/\/shop.hirslanden.ch\/aarau\/wp-content\/uploads\/sites\/4\/2021\/12\/hirslanden-klinik-aarau-online-shop.jpg","contentUrl":"https:\/\/shop.hirslanden.ch\/aarau\/wp-content\/uploads\/sites\/4\/2021\/12\/hirslanden-klinik-aarau-online-shop.jpg","width":1200,"height":628,"caption":"Hirslanden Klinik Aarau"},"image":{"@id":"https:\/\/shop.hirslanden.ch\/aarau\/#\/schema\/logo\/image\/"}}]}},"_links":{"self":[{"href":"https:\/\/shop.hirslanden.ch\/aarau\/wp-json\/wp\/v2\/product\/446","targetHints":{"allow":["GET"]}}],"collection":[{"href":"https:\/\/shop.hirslanden.ch\/aarau\/wp-json\/wp\/v2\/product"}],"about":[{"href":"https:\/\/shop.hirslanden.ch\/aarau\/wp-json\/wp\/v2\/types\/product"}],"replies":[{"embeddable":true,"href":"https:\/\/shop.hirslanden.ch\/aarau\/wp-json\/wp\/v2\/comments?post=446"}],"wp:featuredmedia":[{"embeddable":true,"href":"https:\/\/shop.hirslanden.ch\/aarau\/wp-json\/wp\/v2\/media\/707"}],"wp:attachment":[{"href":"https:\/\/shop.hirslanden.ch\/aarau\/wp-json\/wp\/v2\/media?parent=446"}],"wp:term":[{"taxonomy":"product_brand","embeddable":true,"href":"https:\/\/shop.hirslanden.ch\/aarau\/wp-json\/wp\/v2\/product_brand?post=446"},{"taxonomy":"product_cat","embeddable":true,"href":"https:\/\/shop.hirslanden.ch\/aarau\/wp-json\/wp\/v2\/product_cat?post=446"},{"taxonomy":"product_tag","embeddable":true,"href":"https:\/\/shop.hirslanden.ch\/aarau\/wp-json\/wp\/v2\/product_tag?post=446"}],"curies":[{"name":"wp","href":"https:\/\/api.w.org\/{rel}","templated":true}]}}