{"id":441,"date":"2021-02-05T11:42:32","date_gmt":"2021-02-05T10:42:32","guid":{"rendered":"https:\/\/hirslanden.cyon.site\/aarau\/produkt\/therass-aoc-biberstein\/"},"modified":"2021-02-05T11:42:32","modified_gmt":"2021-02-05T10:42:32","slug":"therass-aoc-biberstein","status":"publish","type":"product","link":"https:\/\/shop.hirslanden.ch\/aarau\/produkt\/therass-aoc-biberstein\/?lang=fr","title":{"rendered":"Therass AOC Biberstein 7,5 dl"},"content":{"rendered":"<p>Les ar\u00f4mes de m\u00fbre, de prune et de cerise refl\u00e8tent le caract\u00e8re tr\u00e8s fruit\u00e9 du vin. De fortes nuances de clou de girofle et de poivre soulignent le nez et laissent tout ressortir de fa\u00e7on beaucoup plus intense. Il se d\u00e9pose d\u00e9licatement sur la langue, accentuant le tanin caract\u00e9ristique. La pr\u00e9sence durable de ce vin garantit un plaisir de d\u00e9gustation complet. C\u00e9pages : Pinot noir, Malbec, Cabernet Sauvignon, Tannat<\/p>\n","protected":false},"excerpt":{"rendered":"<p>Les ar\u00f4mes de m\u00fbre, de prune et de cerise refl\u00e8tent le caract\u00e8re tr\u00e8s fruit\u00e9 du vin. De fortes nuances de clou de girofle et de poivre soulignent le nez et laissent tout ressortir de fa\u00e7on beaucoup plus intense. Il se d\u00e9pose d\u00e9licatement sur la langue, accentuant le tanin caract\u00e9ristique. La pr\u00e9sence durable de ce vin [&hellip;]<\/p>\n","protected":false},"featured_media":698,"comment_status":"open","ping_status":"closed","template":"","meta":{"_acf_changed":false},"product_brand":[],"product_cat":[74],"product_tag":[],"class_list":{"0":"post-441","1":"product","2":"type-product","3":"status-publish","4":"has-post-thumbnail","6":"product_cat-vin-rouge","8":"first","9":"instock","10":"taxable","11":"shipping-taxable","12":"purchasable","13":"product-type-simple"},"acf":[],"yoast_head":"<!-- This site is optimized with the Yoast SEO plugin v27.2 - https:\/\/yoast.com\/product\/yoast-seo-wordpress\/ -->\n<title>Therass AOC Biberstein 7,5 dl - Hirslanden Klinik Aarau<\/title>\n<meta name=\"robots\" content=\"index, follow, max-snippet:-1, max-image-preview:large, max-video-preview:-1\" \/>\n<link rel=\"canonical\" href=\"https:\/\/shop.hirslanden.ch\/aarau\/produkt\/therass-aoc-biberstein\/?lang=fr\" \/>\n<meta property=\"og:locale\" content=\"de_DE\" \/>\n<meta property=\"og:type\" content=\"article\" \/>\n<meta property=\"og:title\" content=\"Therass AOC Biberstein 7,5 dl - Hirslanden Klinik Aarau\" \/>\n<meta property=\"og:description\" content=\"Les ar\u00f4mes de m\u00fbre, de prune et de cerise refl\u00e8tent le caract\u00e8re tr\u00e8s fruit\u00e9 du vin. De fortes nuances de clou de girofle et de poivre soulignent le nez et laissent tout ressortir de fa\u00e7on beaucoup plus intense. Il se d\u00e9pose d\u00e9licatement sur la langue, accentuant le tanin caract\u00e9ristique. La pr\u00e9sence durable de ce vin [&hellip;]\" \/>\n<meta property=\"og:url\" content=\"https:\/\/shop.hirslanden.ch\/aarau\/produkt\/therass-aoc-biberstein\/?lang=fr\" \/>\n<meta property=\"og:site_name\" content=\"Hirslanden Klinik Aarau\" \/>\n<meta property=\"og:image\" content=\"https:\/\/shop.hirslanden.ch\/aarau\/wp-content\/uploads\/sites\/4\/2021\/02\/hirslanden-klinik-aarau-webshop-rotwein-wehrli-gheld-close.jpg\" \/>\n\t<meta property=\"og:image:width\" content=\"2000\" \/>\n\t<meta property=\"og:image:height\" content=\"2000\" \/>\n\t<meta property=\"og:image:type\" content=\"image\/jpeg\" \/>\n<meta name=\"twitter:card\" content=\"summary_large_image\" \/>\n<script type=\"application\/ld+json\" class=\"yoast-schema-graph\">{\"@context\":\"https:\/\/schema.org\",\"@graph\":[{\"@type\":\"WebPage\",\"@id\":\"https:\/\/shop.hirslanden.ch\/aarau\/produkt\/therass-aoc-biberstein\/?lang=fr\",\"url\":\"https:\/\/shop.hirslanden.ch\/aarau\/produkt\/therass-aoc-biberstein\/?lang=fr\",\"name\":\"Therass AOC Biberstein 7,5 dl - Hirslanden Klinik Aarau\",\"isPartOf\":{\"@id\":\"https:\/\/shop.hirslanden.ch\/aarau\/#website\"},\"primaryImageOfPage\":{\"@id\":\"https:\/\/shop.hirslanden.ch\/aarau\/produkt\/therass-aoc-biberstein\/?lang=fr#primaryimage\"},\"image\":{\"@id\":\"https:\/\/shop.hirslanden.ch\/aarau\/produkt\/therass-aoc-biberstein\/?lang=fr#primaryimage\"},\"thumbnailUrl\":\"https:\/\/shop.hirslanden.ch\/aarau\/wp-content\/uploads\/sites\/4\/2021\/02\/hirslanden-klinik-aarau-webshop-rotwein-wehrli-gheld-close.jpg\",\"datePublished\":\"2021-02-05T10:42:32+00:00\",\"breadcrumb\":{\"@id\":\"https:\/\/shop.hirslanden.ch\/aarau\/produkt\/therass-aoc-biberstein\/?lang=fr#breadcrumb\"},\"inLanguage\":\"de\",\"potentialAction\":[{\"@type\":\"ReadAction\",\"target\":[\"https:\/\/shop.hirslanden.ch\/aarau\/produkt\/therass-aoc-biberstein\/?lang=fr\"]}]},{\"@type\":\"ImageObject\",\"inLanguage\":\"de\",\"@id\":\"https:\/\/shop.hirslanden.ch\/aarau\/produkt\/therass-aoc-biberstein\/?lang=fr#primaryimage\",\"url\":\"https:\/\/shop.hirslanden.ch\/aarau\/wp-content\/uploads\/sites\/4\/2021\/02\/hirslanden-klinik-aarau-webshop-rotwein-wehrli-gheld-close.jpg\",\"contentUrl\":\"https:\/\/shop.hirslanden.ch\/aarau\/wp-content\/uploads\/sites\/4\/2021\/02\/hirslanden-klinik-aarau-webshop-rotwein-wehrli-gheld-close.jpg\",\"width\":2000,\"height\":2000},{\"@type\":\"BreadcrumbList\",\"@id\":\"https:\/\/shop.hirslanden.ch\/aarau\/produkt\/therass-aoc-biberstein\/?lang=fr#breadcrumb\",\"itemListElement\":[{\"@type\":\"ListItem\",\"position\":1,\"name\":\"Startseite\",\"item\":\"https:\/\/shop.hirslanden.ch\/aarau\/\"},{\"@type\":\"ListItem\",\"position\":2,\"name\":\"Shop\",\"item\":\"https:\/\/shop.hirslanden.ch\/aarau\/\"},{\"@type\":\"ListItem\",\"position\":3,\"name\":\"Therass AOC Biberstein 7,5 dl\"}]},{\"@type\":\"WebSite\",\"@id\":\"https:\/\/shop.hirslanden.ch\/aarau\/#website\",\"url\":\"https:\/\/shop.hirslanden.ch\/aarau\/\",\"name\":\"Hirslanden Klinik Aarau\",\"description\":\"Hirslanden Private Hospital Group\",\"publisher\":{\"@id\":\"https:\/\/shop.hirslanden.ch\/aarau\/#organization\"},\"potentialAction\":[{\"@type\":\"SearchAction\",\"target\":{\"@type\":\"EntryPoint\",\"urlTemplate\":\"https:\/\/shop.hirslanden.ch\/aarau\/?s={search_term_string}\"},\"query-input\":{\"@type\":\"PropertyValueSpecification\",\"valueRequired\":true,\"valueName\":\"search_term_string\"}}],\"inLanguage\":\"de\"},{\"@type\":\"Organization\",\"@id\":\"https:\/\/shop.hirslanden.ch\/aarau\/#organization\",\"name\":\"Hirslanden Klinik Aarau\",\"url\":\"https:\/\/shop.hirslanden.ch\/aarau\/\",\"logo\":{\"@type\":\"ImageObject\",\"inLanguage\":\"de\",\"@id\":\"https:\/\/shop.hirslanden.ch\/aarau\/#\/schema\/logo\/image\/\",\"url\":\"https:\/\/shop.hirslanden.ch\/aarau\/wp-content\/uploads\/sites\/4\/2021\/12\/hirslanden-klinik-aarau-online-shop.jpg\",\"contentUrl\":\"https:\/\/shop.hirslanden.ch\/aarau\/wp-content\/uploads\/sites\/4\/2021\/12\/hirslanden-klinik-aarau-online-shop.jpg\",\"width\":1200,\"height\":628,\"caption\":\"Hirslanden Klinik Aarau\"},\"image\":{\"@id\":\"https:\/\/shop.hirslanden.ch\/aarau\/#\/schema\/logo\/image\/\"}}]}<\/script>\n<!-- \/ Yoast SEO plugin. -->","yoast_head_json":{"title":"Therass AOC Biberstein 7,5 dl - Hirslanden Klinik Aarau","robots":{"index":"index","follow":"follow","max-snippet":"max-snippet:-1","max-image-preview":"max-image-preview:large","max-video-preview":"max-video-preview:-1"},"canonical":"https:\/\/shop.hirslanden.ch\/aarau\/produkt\/therass-aoc-biberstein\/?lang=fr","og_locale":"de_DE","og_type":"article","og_title":"Therass AOC Biberstein 7,5 dl - Hirslanden Klinik Aarau","og_description":"Les ar\u00f4mes de m\u00fbre, de prune et de cerise refl\u00e8tent le caract\u00e8re tr\u00e8s fruit\u00e9 du vin. De fortes nuances de clou de girofle et de poivre soulignent le nez et laissent tout ressortir de fa\u00e7on beaucoup plus intense. Il se d\u00e9pose d\u00e9licatement sur la langue, accentuant le tanin caract\u00e9ristique. La pr\u00e9sence durable de ce vin [&hellip;]","og_url":"https:\/\/shop.hirslanden.ch\/aarau\/produkt\/therass-aoc-biberstein\/?lang=fr","og_site_name":"Hirslanden Klinik Aarau","og_image":[{"width":2000,"height":2000,"url":"https:\/\/shop.hirslanden.ch\/aarau\/wp-content\/uploads\/sites\/4\/2021\/02\/hirslanden-klinik-aarau-webshop-rotwein-wehrli-gheld-close.jpg","type":"image\/jpeg"}],"twitter_card":"summary_large_image","schema":{"@context":"https:\/\/schema.org","@graph":[{"@type":"WebPage","@id":"https:\/\/shop.hirslanden.ch\/aarau\/produkt\/therass-aoc-biberstein\/?lang=fr","url":"https:\/\/shop.hirslanden.ch\/aarau\/produkt\/therass-aoc-biberstein\/?lang=fr","name":"Therass AOC Biberstein 7,5 dl - Hirslanden Klinik Aarau","isPartOf":{"@id":"https:\/\/shop.hirslanden.ch\/aarau\/#website"},"primaryImageOfPage":{"@id":"https:\/\/shop.hirslanden.ch\/aarau\/produkt\/therass-aoc-biberstein\/?lang=fr#primaryimage"},"image":{"@id":"https:\/\/shop.hirslanden.ch\/aarau\/produkt\/therass-aoc-biberstein\/?lang=fr#primaryimage"},"thumbnailUrl":"https:\/\/shop.hirslanden.ch\/aarau\/wp-content\/uploads\/sites\/4\/2021\/02\/hirslanden-klinik-aarau-webshop-rotwein-wehrli-gheld-close.jpg","datePublished":"2021-02-05T10:42:32+00:00","breadcrumb":{"@id":"https:\/\/shop.hirslanden.ch\/aarau\/produkt\/therass-aoc-biberstein\/?lang=fr#breadcrumb"},"inLanguage":"de","potentialAction":[{"@type":"ReadAction","target":["https:\/\/shop.hirslanden.ch\/aarau\/produkt\/therass-aoc-biberstein\/?lang=fr"]}]},{"@type":"ImageObject","inLanguage":"de","@id":"https:\/\/shop.hirslanden.ch\/aarau\/produkt\/therass-aoc-biberstein\/?lang=fr#primaryimage","url":"https:\/\/shop.hirslanden.ch\/aarau\/wp-content\/uploads\/sites\/4\/2021\/02\/hirslanden-klinik-aarau-webshop-rotwein-wehrli-gheld-close.jpg","contentUrl":"https:\/\/shop.hirslanden.ch\/aarau\/wp-content\/uploads\/sites\/4\/2021\/02\/hirslanden-klinik-aarau-webshop-rotwein-wehrli-gheld-close.jpg","width":2000,"height":2000},{"@type":"BreadcrumbList","@id":"https:\/\/shop.hirslanden.ch\/aarau\/produkt\/therass-aoc-biberstein\/?lang=fr#breadcrumb","itemListElement":[{"@type":"ListItem","position":1,"name":"Startseite","item":"https:\/\/shop.hirslanden.ch\/aarau\/"},{"@type":"ListItem","position":2,"name":"Shop","item":"https:\/\/shop.hirslanden.ch\/aarau\/"},{"@type":"ListItem","position":3,"name":"Therass AOC Biberstein 7,5 dl"}]},{"@type":"WebSite","@id":"https:\/\/shop.hirslanden.ch\/aarau\/#website","url":"https:\/\/shop.hirslanden.ch\/aarau\/","name":"Hirslanden Klinik Aarau","description":"Hirslanden Private Hospital Group","publisher":{"@id":"https:\/\/shop.hirslanden.ch\/aarau\/#organization"},"potentialAction":[{"@type":"SearchAction","target":{"@type":"EntryPoint","urlTemplate":"https:\/\/shop.hirslanden.ch\/aarau\/?s={search_term_string}"},"query-input":{"@type":"PropertyValueSpecification","valueRequired":true,"valueName":"search_term_string"}}],"inLanguage":"de"},{"@type":"Organization","@id":"https:\/\/shop.hirslanden.ch\/aarau\/#organization","name":"Hirslanden Klinik Aarau","url":"https:\/\/shop.hirslanden.ch\/aarau\/","logo":{"@type":"ImageObject","inLanguage":"de","@id":"https:\/\/shop.hirslanden.ch\/aarau\/#\/schema\/logo\/image\/","url":"https:\/\/shop.hirslanden.ch\/aarau\/wp-content\/uploads\/sites\/4\/2021\/12\/hirslanden-klinik-aarau-online-shop.jpg","contentUrl":"https:\/\/shop.hirslanden.ch\/aarau\/wp-content\/uploads\/sites\/4\/2021\/12\/hirslanden-klinik-aarau-online-shop.jpg","width":1200,"height":628,"caption":"Hirslanden Klinik Aarau"},"image":{"@id":"https:\/\/shop.hirslanden.ch\/aarau\/#\/schema\/logo\/image\/"}}]}},"_links":{"self":[{"href":"https:\/\/shop.hirslanden.ch\/aarau\/wp-json\/wp\/v2\/product\/441","targetHints":{"allow":["GET"]}}],"collection":[{"href":"https:\/\/shop.hirslanden.ch\/aarau\/wp-json\/wp\/v2\/product"}],"about":[{"href":"https:\/\/shop.hirslanden.ch\/aarau\/wp-json\/wp\/v2\/types\/product"}],"replies":[{"embeddable":true,"href":"https:\/\/shop.hirslanden.ch\/aarau\/wp-json\/wp\/v2\/comments?post=441"}],"wp:featuredmedia":[{"embeddable":true,"href":"https:\/\/shop.hirslanden.ch\/aarau\/wp-json\/wp\/v2\/media\/698"}],"wp:attachment":[{"href":"https:\/\/shop.hirslanden.ch\/aarau\/wp-json\/wp\/v2\/media?parent=441"}],"wp:term":[{"taxonomy":"product_brand","embeddable":true,"href":"https:\/\/shop.hirslanden.ch\/aarau\/wp-json\/wp\/v2\/product_brand?post=441"},{"taxonomy":"product_cat","embeddable":true,"href":"https:\/\/shop.hirslanden.ch\/aarau\/wp-json\/wp\/v2\/product_cat?post=441"},{"taxonomy":"product_tag","embeddable":true,"href":"https:\/\/shop.hirslanden.ch\/aarau\/wp-json\/wp\/v2\/product_tag?post=441"}],"curies":[{"name":"wp","href":"https:\/\/api.w.org\/{rel}","templated":true}]}}