{"id":432,"date":"2021-01-24T00:06:07","date_gmt":"2021-01-23T23:06:07","guid":{"rendered":"https:\/\/hirslanden.cyon.site\/aarau\/produkt\/bouquet-de-fleurs-02\/"},"modified":"2021-12-13T14:59:38","modified_gmt":"2021-12-13T13:59:38","slug":"bouquet-de-fleurs-02","status":"publish","type":"product","link":"https:\/\/shop.hirslanden.ch\/aarau\/produkt\/bouquet-de-fleurs-02\/?lang=fr","title":{"rendered":"Bouquet de fleurs en diff\u00e9rentes tailles"},"content":{"rendered":"<p>Surprenez vos proches avec un bouquet de fleurs de saison. Fra\u00eechement coup\u00e9s et arrang\u00e9s chez Blattform Aarau, ils sont livr\u00e9s directement dans la chambre. Les couleurs et les vari\u00e9t\u00e9s de fleurs sont choisies en fonction de la saison.<\/p>\n","protected":false},"excerpt":{"rendered":"<p>Surprenez vos proches avec un bouquet de fleurs de saison. Fra\u00eechement coup\u00e9s et arrang\u00e9s chez Blattform Aarau, ils sont livr\u00e9s directement dans la chambre. Les couleurs et les vari\u00e9t\u00e9s de fleurs sont choisies en fonction de la saison.<\/p>\n","protected":false},"featured_media":758,"comment_status":"open","ping_status":"closed","template":"","meta":{"_acf_changed":false},"product_brand":[],"product_cat":[43],"product_tag":[],"class_list":{"0":"post-432","1":"product","2":"type-product","3":"status-publish","4":"has-post-thumbnail","6":"product_cat-fleurs","8":"first","9":"instock","10":"taxable","11":"shipping-taxable","12":"purchasable","13":"product-type-variable"},"acf":[],"yoast_head":"<!-- This site is optimized with the Yoast SEO plugin v27.2 - https:\/\/yoast.com\/product\/yoast-seo-wordpress\/ -->\n<title>Bouquet de fleurs en diff\u00e9rentes tailles - Hirslanden Klinik Aarau<\/title>\n<meta name=\"robots\" content=\"index, follow, max-snippet:-1, max-image-preview:large, max-video-preview:-1\" \/>\n<link rel=\"canonical\" href=\"https:\/\/shop.hirslanden.ch\/aarau\/produkt\/bouquet-de-fleurs-02\/?lang=fr\" \/>\n<meta property=\"og:locale\" content=\"de_DE\" \/>\n<meta property=\"og:type\" content=\"article\" \/>\n<meta property=\"og:title\" content=\"Bouquet de fleurs en diff\u00e9rentes tailles - Hirslanden Klinik Aarau\" \/>\n<meta property=\"og:description\" content=\"Surprenez vos proches avec un bouquet de fleurs de saison. Fra\u00eechement coup\u00e9s et arrang\u00e9s chez Blattform Aarau, ils sont livr\u00e9s directement dans la chambre. Les couleurs et les vari\u00e9t\u00e9s de fleurs sont choisies en fonction de la saison.\" \/>\n<meta property=\"og:url\" content=\"https:\/\/shop.hirslanden.ch\/aarau\/produkt\/bouquet-de-fleurs-02\/?lang=fr\" \/>\n<meta property=\"og:site_name\" content=\"Hirslanden Klinik Aarau\" \/>\n<meta property=\"article:modified_time\" content=\"2021-12-13T13:59:38+00:00\" \/>\n<meta property=\"og:image\" content=\"https:\/\/shop.hirslanden.ch\/aarau\/wp-content\/uploads\/sites\/4\/2021\/01\/hirslanden-klinik-aarau-online-shop-blumen-80.jpg\" \/>\n\t<meta property=\"og:image:width\" content=\"1000\" \/>\n\t<meta property=\"og:image:height\" content=\"1000\" \/>\n\t<meta property=\"og:image:type\" content=\"image\/jpeg\" \/>\n<meta name=\"twitter:card\" content=\"summary_large_image\" \/>\n<script type=\"application\/ld+json\" class=\"yoast-schema-graph\">{\"@context\":\"https:\/\/schema.org\",\"@graph\":[{\"@type\":\"WebPage\",\"@id\":\"https:\/\/shop.hirslanden.ch\/aarau\/produkt\/bouquet-de-fleurs-02\/?lang=fr\",\"url\":\"https:\/\/shop.hirslanden.ch\/aarau\/produkt\/bouquet-de-fleurs-02\/?lang=fr\",\"name\":\"Bouquet de fleurs en diff\u00e9rentes tailles - Hirslanden Klinik Aarau\",\"isPartOf\":{\"@id\":\"https:\/\/shop.hirslanden.ch\/aarau\/#website\"},\"primaryImageOfPage\":{\"@id\":\"https:\/\/shop.hirslanden.ch\/aarau\/produkt\/bouquet-de-fleurs-02\/?lang=fr#primaryimage\"},\"image\":{\"@id\":\"https:\/\/shop.hirslanden.ch\/aarau\/produkt\/bouquet-de-fleurs-02\/?lang=fr#primaryimage\"},\"thumbnailUrl\":\"https:\/\/shop.hirslanden.ch\/aarau\/wp-content\/uploads\/sites\/4\/2021\/01\/hirslanden-klinik-aarau-online-shop-blumen-80.jpg\",\"datePublished\":\"2021-01-23T23:06:07+00:00\",\"dateModified\":\"2021-12-13T13:59:38+00:00\",\"breadcrumb\":{\"@id\":\"https:\/\/shop.hirslanden.ch\/aarau\/produkt\/bouquet-de-fleurs-02\/?lang=fr#breadcrumb\"},\"inLanguage\":\"de\",\"potentialAction\":[{\"@type\":\"ReadAction\",\"target\":[\"https:\/\/shop.hirslanden.ch\/aarau\/produkt\/bouquet-de-fleurs-02\/?lang=fr\"]}]},{\"@type\":\"ImageObject\",\"inLanguage\":\"de\",\"@id\":\"https:\/\/shop.hirslanden.ch\/aarau\/produkt\/bouquet-de-fleurs-02\/?lang=fr#primaryimage\",\"url\":\"https:\/\/shop.hirslanden.ch\/aarau\/wp-content\/uploads\/sites\/4\/2021\/01\/hirslanden-klinik-aarau-online-shop-blumen-80.jpg\",\"contentUrl\":\"https:\/\/shop.hirslanden.ch\/aarau\/wp-content\/uploads\/sites\/4\/2021\/01\/hirslanden-klinik-aarau-online-shop-blumen-80.jpg\",\"width\":1000,\"height\":1000},{\"@type\":\"BreadcrumbList\",\"@id\":\"https:\/\/shop.hirslanden.ch\/aarau\/produkt\/bouquet-de-fleurs-02\/?lang=fr#breadcrumb\",\"itemListElement\":[{\"@type\":\"ListItem\",\"position\":1,\"name\":\"Startseite\",\"item\":\"https:\/\/shop.hirslanden.ch\/aarau\/\"},{\"@type\":\"ListItem\",\"position\":2,\"name\":\"Shop\",\"item\":\"https:\/\/shop.hirslanden.ch\/aarau\/\"},{\"@type\":\"ListItem\",\"position\":3,\"name\":\"Bouquet de fleurs en diff\u00e9rentes tailles\"}]},{\"@type\":\"WebSite\",\"@id\":\"https:\/\/shop.hirslanden.ch\/aarau\/#website\",\"url\":\"https:\/\/shop.hirslanden.ch\/aarau\/\",\"name\":\"Hirslanden Klinik Aarau\",\"description\":\"Hirslanden Private Hospital Group\",\"publisher\":{\"@id\":\"https:\/\/shop.hirslanden.ch\/aarau\/#organization\"},\"potentialAction\":[{\"@type\":\"SearchAction\",\"target\":{\"@type\":\"EntryPoint\",\"urlTemplate\":\"https:\/\/shop.hirslanden.ch\/aarau\/?s={search_term_string}\"},\"query-input\":{\"@type\":\"PropertyValueSpecification\",\"valueRequired\":true,\"valueName\":\"search_term_string\"}}],\"inLanguage\":\"de\"},{\"@type\":\"Organization\",\"@id\":\"https:\/\/shop.hirslanden.ch\/aarau\/#organization\",\"name\":\"Hirslanden Klinik Aarau\",\"url\":\"https:\/\/shop.hirslanden.ch\/aarau\/\",\"logo\":{\"@type\":\"ImageObject\",\"inLanguage\":\"de\",\"@id\":\"https:\/\/shop.hirslanden.ch\/aarau\/#\/schema\/logo\/image\/\",\"url\":\"https:\/\/shop.hirslanden.ch\/aarau\/wp-content\/uploads\/sites\/4\/2021\/12\/hirslanden-klinik-aarau-online-shop.jpg\",\"contentUrl\":\"https:\/\/shop.hirslanden.ch\/aarau\/wp-content\/uploads\/sites\/4\/2021\/12\/hirslanden-klinik-aarau-online-shop.jpg\",\"width\":1200,\"height\":628,\"caption\":\"Hirslanden Klinik Aarau\"},\"image\":{\"@id\":\"https:\/\/shop.hirslanden.ch\/aarau\/#\/schema\/logo\/image\/\"}}]}<\/script>\n<!-- \/ Yoast SEO plugin. -->","yoast_head_json":{"title":"Bouquet de fleurs en diff\u00e9rentes tailles - Hirslanden Klinik Aarau","robots":{"index":"index","follow":"follow","max-snippet":"max-snippet:-1","max-image-preview":"max-image-preview:large","max-video-preview":"max-video-preview:-1"},"canonical":"https:\/\/shop.hirslanden.ch\/aarau\/produkt\/bouquet-de-fleurs-02\/?lang=fr","og_locale":"de_DE","og_type":"article","og_title":"Bouquet de fleurs en diff\u00e9rentes tailles - Hirslanden Klinik Aarau","og_description":"Surprenez vos proches avec un bouquet de fleurs de saison. Fra\u00eechement coup\u00e9s et arrang\u00e9s chez Blattform Aarau, ils sont livr\u00e9s directement dans la chambre. Les couleurs et les vari\u00e9t\u00e9s de fleurs sont choisies en fonction de la saison.","og_url":"https:\/\/shop.hirslanden.ch\/aarau\/produkt\/bouquet-de-fleurs-02\/?lang=fr","og_site_name":"Hirslanden Klinik Aarau","article_modified_time":"2021-12-13T13:59:38+00:00","og_image":[{"width":1000,"height":1000,"url":"https:\/\/shop.hirslanden.ch\/aarau\/wp-content\/uploads\/sites\/4\/2021\/01\/hirslanden-klinik-aarau-online-shop-blumen-80.jpg","type":"image\/jpeg"}],"twitter_card":"summary_large_image","schema":{"@context":"https:\/\/schema.org","@graph":[{"@type":"WebPage","@id":"https:\/\/shop.hirslanden.ch\/aarau\/produkt\/bouquet-de-fleurs-02\/?lang=fr","url":"https:\/\/shop.hirslanden.ch\/aarau\/produkt\/bouquet-de-fleurs-02\/?lang=fr","name":"Bouquet de fleurs en diff\u00e9rentes tailles - Hirslanden Klinik Aarau","isPartOf":{"@id":"https:\/\/shop.hirslanden.ch\/aarau\/#website"},"primaryImageOfPage":{"@id":"https:\/\/shop.hirslanden.ch\/aarau\/produkt\/bouquet-de-fleurs-02\/?lang=fr#primaryimage"},"image":{"@id":"https:\/\/shop.hirslanden.ch\/aarau\/produkt\/bouquet-de-fleurs-02\/?lang=fr#primaryimage"},"thumbnailUrl":"https:\/\/shop.hirslanden.ch\/aarau\/wp-content\/uploads\/sites\/4\/2021\/01\/hirslanden-klinik-aarau-online-shop-blumen-80.jpg","datePublished":"2021-01-23T23:06:07+00:00","dateModified":"2021-12-13T13:59:38+00:00","breadcrumb":{"@id":"https:\/\/shop.hirslanden.ch\/aarau\/produkt\/bouquet-de-fleurs-02\/?lang=fr#breadcrumb"},"inLanguage":"de","potentialAction":[{"@type":"ReadAction","target":["https:\/\/shop.hirslanden.ch\/aarau\/produkt\/bouquet-de-fleurs-02\/?lang=fr"]}]},{"@type":"ImageObject","inLanguage":"de","@id":"https:\/\/shop.hirslanden.ch\/aarau\/produkt\/bouquet-de-fleurs-02\/?lang=fr#primaryimage","url":"https:\/\/shop.hirslanden.ch\/aarau\/wp-content\/uploads\/sites\/4\/2021\/01\/hirslanden-klinik-aarau-online-shop-blumen-80.jpg","contentUrl":"https:\/\/shop.hirslanden.ch\/aarau\/wp-content\/uploads\/sites\/4\/2021\/01\/hirslanden-klinik-aarau-online-shop-blumen-80.jpg","width":1000,"height":1000},{"@type":"BreadcrumbList","@id":"https:\/\/shop.hirslanden.ch\/aarau\/produkt\/bouquet-de-fleurs-02\/?lang=fr#breadcrumb","itemListElement":[{"@type":"ListItem","position":1,"name":"Startseite","item":"https:\/\/shop.hirslanden.ch\/aarau\/"},{"@type":"ListItem","position":2,"name":"Shop","item":"https:\/\/shop.hirslanden.ch\/aarau\/"},{"@type":"ListItem","position":3,"name":"Bouquet de fleurs en diff\u00e9rentes tailles"}]},{"@type":"WebSite","@id":"https:\/\/shop.hirslanden.ch\/aarau\/#website","url":"https:\/\/shop.hirslanden.ch\/aarau\/","name":"Hirslanden Klinik Aarau","description":"Hirslanden Private Hospital Group","publisher":{"@id":"https:\/\/shop.hirslanden.ch\/aarau\/#organization"},"potentialAction":[{"@type":"SearchAction","target":{"@type":"EntryPoint","urlTemplate":"https:\/\/shop.hirslanden.ch\/aarau\/?s={search_term_string}"},"query-input":{"@type":"PropertyValueSpecification","valueRequired":true,"valueName":"search_term_string"}}],"inLanguage":"de"},{"@type":"Organization","@id":"https:\/\/shop.hirslanden.ch\/aarau\/#organization","name":"Hirslanden Klinik Aarau","url":"https:\/\/shop.hirslanden.ch\/aarau\/","logo":{"@type":"ImageObject","inLanguage":"de","@id":"https:\/\/shop.hirslanden.ch\/aarau\/#\/schema\/logo\/image\/","url":"https:\/\/shop.hirslanden.ch\/aarau\/wp-content\/uploads\/sites\/4\/2021\/12\/hirslanden-klinik-aarau-online-shop.jpg","contentUrl":"https:\/\/shop.hirslanden.ch\/aarau\/wp-content\/uploads\/sites\/4\/2021\/12\/hirslanden-klinik-aarau-online-shop.jpg","width":1200,"height":628,"caption":"Hirslanden Klinik Aarau"},"image":{"@id":"https:\/\/shop.hirslanden.ch\/aarau\/#\/schema\/logo\/image\/"}}]}},"_links":{"self":[{"href":"https:\/\/shop.hirslanden.ch\/aarau\/wp-json\/wp\/v2\/product\/432","targetHints":{"allow":["GET"]}}],"collection":[{"href":"https:\/\/shop.hirslanden.ch\/aarau\/wp-json\/wp\/v2\/product"}],"about":[{"href":"https:\/\/shop.hirslanden.ch\/aarau\/wp-json\/wp\/v2\/types\/product"}],"replies":[{"embeddable":true,"href":"https:\/\/shop.hirslanden.ch\/aarau\/wp-json\/wp\/v2\/comments?post=432"}],"wp:featuredmedia":[{"embeddable":true,"href":"https:\/\/shop.hirslanden.ch\/aarau\/wp-json\/wp\/v2\/media\/758"}],"wp:attachment":[{"href":"https:\/\/shop.hirslanden.ch\/aarau\/wp-json\/wp\/v2\/media?parent=432"}],"wp:term":[{"taxonomy":"product_brand","embeddable":true,"href":"https:\/\/shop.hirslanden.ch\/aarau\/wp-json\/wp\/v2\/product_brand?post=432"},{"taxonomy":"product_cat","embeddable":true,"href":"https:\/\/shop.hirslanden.ch\/aarau\/wp-json\/wp\/v2\/product_cat?post=432"},{"taxonomy":"product_tag","embeddable":true,"href":"https:\/\/shop.hirslanden.ch\/aarau\/wp-json\/wp\/v2\/product_tag?post=432"}],"curies":[{"name":"wp","href":"https:\/\/api.w.org\/{rel}","templated":true}]}}